{"id":1889,"date":"2017-12-30T21:00:50","date_gmt":"2017-12-30T21:00:50","guid":{"rendered":"http:\/\/biblian.is\/biblian\/s%c2%92_ari-sam%c2%9celsb%c2%97k-5-kafli\/"},"modified":"2024-02-06T18:29:27","modified_gmt":"2024-02-06T18:29:27","slug":"sidari-samuelsbok-5-kafli","status":"publish","type":"page","link":"https:\/\/biblian.is\/biblian\/sidari-samuelsbok-5-kafli\/","title":{"rendered":"S\u00ed\u00f0ari Sam\u00faelsb\u00f3k 5. kafli"},"content":{"rendered":"<h3 class=\"millifyrirsogn_2007\"> Dav\u00ed\u00f0 ver\u00f0ur konungur J\u00fada og \u00cdsraels<\/h3>\n<p><a name=\"1\"><span class=\"versanumer_2007\">1<\/span><\/a> Allir \u00e6ttb\u00e1lkar \u00cdsraels komu til Dav\u00ed\u00f0s \u00ed Hebron og s\u00f6g\u00f0u: \u201eVi\u00f0 erum hold \u00feitt og bein. <a name=\"2\"><span class=\"versanumer_2007\">2<\/span><\/a> \u00c1\u00f0ur fyrr, \u00e1 me\u00f0an S\u00e1l var konungur okkar, varst \u00fea\u00f0 \u00fe\u00fa sem leiddir \u00cdsrael \u00ed herna\u00f0 og heim aftur. Auk \u00feess hefur Drottinn sagt vi\u00f0 \u00feig: \u00de\u00fa skalt vera hir\u00f0ir \u00fej\u00f3\u00f0ar minnar, \u00cdsraels. \u00de\u00fa skalt vera lei\u00f0togi \u00cdsraels.\u201c<br \/> <a name=\"3\"><span class=\"versanumer_2007\">3<\/span><\/a> \u00deegar allir \u00f6ldungar \u00cdsraels voru komnir til konungsins \u00ed Hebron ger\u00f0i Dav\u00ed\u00f0 konungur s\u00e1ttm\u00e1la vi\u00f0 \u00fe\u00e1 frammi fyrir augliti Drottins \u00ed Hebron. \u00dev\u00ed n\u00e6st smur\u00f0u \u00feeir Dav\u00ed\u00f0 til konungs yfir \u00cdsrael.<br \/> <a name=\"4\"><span class=\"versanumer_2007\">4<\/span><\/a> Dav\u00ed\u00f0 var \u00ferj\u00e1t\u00edu \u00e1ra \u00feegar hann var\u00f0 konungur og r\u00edkti fj\u00f6rut\u00edu \u00e1r. <a name=\"5\"><span class=\"versanumer_2007\">5<\/span><\/a> \u00cd Hebron r\u00edkti hann sj\u00f6 \u00e1r og sex m\u00e1nu\u00f0i yfir J\u00fada og \u00ed Jer\u00fasalem \u00ferj\u00e1t\u00edu og \u00ferj\u00fa \u00e1r yfir \u00f6llum \u00cdsrael og J\u00fada.<\/p>\n<h3 class=\"millifyrirsogn_2007\">Dav\u00ed\u00f0 tekur Jer\u00fasalem<\/h3>\n<p><a name=\"6\"><span class=\"versanumer_2007\">6<\/span><\/a> Konungurinn h\u00e9lt n\u00fa \u00e1samt m\u00f6nnum s\u00ednum til Jer\u00fasalem til a\u00f0 r\u00e1\u00f0ast gegn Jeb\u00fas\u00edtunum sem bjuggu \u00ed h\u00e9ra\u00f0inu. \u00deeir tilkynntu Dav\u00ed\u00f0: \u201e\u00de\u00fa kemst ekki hinga\u00f0 inn, jafnvel blindir og lama\u00f0ir geta varist \u00fe\u00e9r,\u201c og \u00e1ttu \u00fe\u00e1 vi\u00f0: \u201eDav\u00ed\u00f0 kemst ekki hinga\u00f0 inn.\u201c <a name=\"7\"><span class=\"versanumer_2007\">7<\/span><\/a> Samt t\u00f3k Dav\u00ed\u00f0 klettavirki\u00f0 S\u00edon sem var\u00f0 borg Dav\u00ed\u00f0s. <a name=\"8\"><span class=\"versanumer_2007\">8<\/span><\/a> \u00c1 \u00feeim degi sag\u00f0i Dav\u00ed\u00f0: \u201eS\u00e9rhver, sem \u00e6tlar a\u00f0 vinna Jeb\u00fas\u00edta, ver\u00f0ur a\u00f0 taka undirg\u00f6ngin til a\u00f0 n\u00e1 til \u00feeirra blindu og l\u00f6mu\u00f0u sem Dav\u00ed\u00f0 hatar.\u201c \u00dea\u00f0an er komi\u00f0 or\u00f0taki\u00f0: \u201eBlindir og lama\u00f0ir skulu ekki komast inn \u00ed h\u00fasi\u00f0.\u201c<br \/> <a name=\"9\"><span class=\"versanumer_2007\">9<\/span><\/a> Dav\u00ed\u00f0 settist n\u00fa a\u00f0 \u00ed virkinu, nefndi \u00fea\u00f0 Dav\u00ed\u00f0sborg og l\u00e9t s\u00ed\u00f0an reisa v\u00edggir\u00f0ingu allt umhverfis virki\u00f0 fr\u00e1 Mill\u00f3 og \u00fea\u00f0an inn \u00e1 vi\u00f0.<br \/> <a name=\"10\"><span class=\"versanumer_2007\">10<\/span><\/a> Hann var\u00f0 s\u00edfellt voldugri og Drottinn, Gu\u00f0 hersveitanna, var me\u00f0 honum.<br \/> <a name=\"11\"><span class=\"versanumer_2007\">11<\/span><\/a> H\u00edram, konungur \u00ed T\u00fdrus, sendi menn til Dav\u00ed\u00f0s me\u00f0 sedrusvi\u00f0, einnig sendi hann tr\u00e9smi\u00f0i og steinsmi\u00f0i. \u00deeir bygg\u00f0u h\u00fas handa Dav\u00ed\u00f0. <a name=\"12\"><span class=\"versanumer_2007\">12<\/span><\/a> \u00de\u00e1 skildi Dav\u00ed\u00f0 a\u00f0 Drottinn haf\u00f0i fest hann \u00ed sessi sem konung yfir \u00cdsrael og hafi\u00f0 konungd\u00f3m hans til vegs vegna \u00fej\u00f3\u00f0ar sinnar, \u00cdsraels.<\/p>\n<h3 class=\"millifyrirsogn_2007\">Synir Dav\u00ed\u00f0s \u00ed Jer\u00fasalem<\/h3>\n<p><a name=\"13\"><span class=\"versanumer_2007\">13<\/span><\/a> Eftir a\u00f0 Dav\u00ed\u00f0 var farinn fr\u00e1 Hebron t\u00f3k hann s\u00e9r hj\u00e1konur og eiginkonur sem voru fr\u00e1 Jer\u00fasalem. <a name=\"14\"><span class=\"versanumer_2007\">14<\/span><\/a> Honum f\u00e6ddust \u00fev\u00ed fleiri synir og d\u00e6tur. \u00deetta eru n\u00f6fn sonanna sem f\u00e6ddust honum \u00ed Jer\u00fasalem: Samm\u00faa, S\u00f3bab, Natan, Sal\u00f3mon, <a name=\"15\"><span class=\"versanumer_2007\">15<\/span><\/a> J\u00edbhar, El\u00eds\u00faa, Nefeg, Jaf\u00eda, <a name=\"16\"><span class=\"versanumer_2007\">16<\/span><\/a> El\u00edsama, Eljada og El\u00edfelet.<\/p>\n<h3 class=\"millifyrirsogn_2007\">Dav\u00ed\u00f0 sigrar Filistea<\/h3>\n<p><a name=\"17\"><span class=\"versanumer_2007\">17<\/span><\/a> \u00deegar Filistear fr\u00e9ttu a\u00f0 Dav\u00ed\u00f0 haf\u00f0i veri\u00f0 smur\u00f0ur til konungs yfir \u00cdsrael h\u00e9ldu \u00feeir allir nor\u00f0ur \u00e1 b\u00f3ginn til \u00feess a\u00f0 taka Dav\u00ed\u00f0 til fanga. \u00deegar Dav\u00ed\u00f0 barst fregn af \u00fev\u00ed f\u00f3r hann ni\u00f0ur \u00ed klettavirki\u00f0. <a name=\"18\"><span class=\"versanumer_2007\">18<\/span><\/a> Filistear voru \u00fe\u00e1 komnir og h\u00f6f\u00f0u dreift s\u00e9r um Refa\u00edmsl\u00e9ttu.<br \/> <a name=\"19\"><span class=\"versanumer_2007\">19<\/span><\/a> \u00de\u00e1 leita\u00f0i Dav\u00ed\u00f0 svara hj\u00e1 Drottni og spur\u00f0i: \u201e\u00c1 \u00e9g a\u00f0 fara gegn Filisteum? Muntu selja \u00fe\u00e1 m\u00e9r \u00ed hendur?\u201c Drottinn svara\u00f0i Dav\u00ed\u00f0: \u201eFar\u00f0u nor\u00f0ur eftir \u00fev\u00ed a\u00f0 \u00e9g mun vissulega selja Filistea \u00fe\u00e9r \u00ed hendur.\u201c <a name=\"20\"><span class=\"versanumer_2007\">20<\/span><\/a> \u00de\u00e1 f\u00f3r Dav\u00ed\u00f0 til Baal Peras\u00edm, sigra\u00f0i \u00fe\u00e1 \u00fear og sag\u00f0i: \u201eDrottinn hefur rofi\u00f0 fylkingar fjandmanna minna frammi fyrir m\u00e9r l\u00edkt og vatn sem br\u00fdtur s\u00e9r lei\u00f0.\u201c \u00deess vegna er \u00feessi sta\u00f0ur nefndur Baal Peras\u00edm,<span class=\"nedan_mal\" title=\" H\u00e9r er or\u00f0aleikur \u00ed frumtexta, Baal Peras\u00edm merkir \u201e(Baal) Gu\u00f0 br\u00fdtur s\u00e9r lei\u00f0\u201c.\">[<\/span> \u00fea\u00f0 er Herra rofsins. <a name=\"21\"><span class=\"versanumer_2007\">21<\/span><\/a> Filistearnir skildu skur\u00f0go\u00f0 s\u00edn eftir \u00fearna og Dav\u00ed\u00f0 og menn hans t\u00f3ku \u00feau me\u00f0 s\u00e9r.<br \/> <a name=\"22\"><span class=\"versanumer_2007\">22<\/span><\/a> En Filistearnir h\u00e9ldu aftur nor\u00f0ur og dreif\u00f0u s\u00e9r um Refa\u00edmsl\u00e9ttu.<br \/> <a name=\"23\"><span class=\"versanumer_2007\">23<\/span><\/a> Dav\u00ed\u00f0 leita\u00f0i \u00fe\u00e1 aftur svara hj\u00e1 Drottni og hann svara\u00f0i: \u201e\u00de\u00fa skalt ekki fara beint \u00e1 m\u00f3ti \u00feeim, far\u00f0u \u00e1 svig vi\u00f0 \u00fe\u00e1 og aftur fyrir \u00fe\u00e1 og ger\u00f0u \u00e1r\u00e1s \u00e1 \u00fe\u00e1 fr\u00e1 Bakatrj\u00e1num. <a name=\"24\"><span class=\"versanumer_2007\">24<\/span><\/a> \u00deegar \u00fe\u00fa heyrir \u00ferusk, sk\u00f3hlj\u00f3\u00f0i l\u00edkast, \u00ed h\u00e6stu greinum Bakatrj\u00e1nna skaltu breg\u00f0a skj\u00f3tt vi\u00f0 \u00fev\u00ed a\u00f0 \u00fe\u00e1 fer Drottinn fyrir \u00fe\u00e9r til \u00feess a\u00f0 sigra her Filistea.\u201c<br \/> <a name=\"25\"><span class=\"versanumer_2007\">25<\/span><\/a> Dav\u00ed\u00f0 ger\u00f0i \u00fea\u00f0 sem Drottinn haf\u00f0i fyrir hann lagt og sigra\u00f0i Filistea \u00e1 \u00f6llu sv\u00e6\u00f0inu fr\u00e1 Geba til Geser.<\/p>\n","protected":false},"excerpt":{"rendered":"<p>Dav\u00ed\u00f0 ver\u00f0ur konungur J\u00fada og \u00cdsraels 1 Allir \u00e6ttb\u00e1lkar \u00cdsraels komu til Dav\u00ed\u00f0s \u00ed Hebron og s\u00f6g\u00f0u: \u201eVi\u00f0 erum hold \u00feitt og bein. 2 \u00c1\u00f0ur fyrr, \u00e1 me\u00f0an S\u00e1l var konungur okkar, varst \u00fea\u00f0 \u00fe\u00fa sem leiddir \u00cdsrael \u00ed herna\u00f0 og heim aftur. Auk \u00feess hefur Drottinn sagt vi\u00f0 \u00feig: \u00de\u00fa skalt vera hir\u00f0ir \u00fej\u00f3\u00f0ar minnar, \u00cdsraels. \u00de\u00fa skalt vera lei\u00f0togi \u00cdsraels.\u201c 3 \u00deegar allir \u00f6ldungar \u00cdsraels voru komnir til konungsins \u00ed Hebron ger\u00f0i Dav\u00ed\u00f0 konungur s\u00e1ttm\u00e1la vi\u00f0 \u00fe\u00e1 frammi fyrir augliti Drottins \u00ed Hebron. \u00dev\u00ed n\u00e6st smur\u00f0u \u00feeir Dav\u00ed\u00f0 til konungs yfir \u00cdsrael. 4 Dav\u00ed\u00f0 var \u00ferj\u00e1t\u00edu \u00e1ra \u00feegar <a href=\"https:\/\/biblian.is\/biblian\/sidari-samuelsbok-5-kafli\/\"> [&#8230;]<\/a><\/p>\n","protected":false},"author":1,"featured_media":0,"parent":0,"menu_order":0,"comment_status":"open","ping_status":"open","template":"bibliukaflar_NT.php","meta":{"footnotes":""},"class_list":["post-1889","page","type-page","status-publish","hentry"],"_links":{"self":[{"href":"https:\/\/biblian.is\/biblian\/wp-json\/wp\/v2\/pages\/1889","targetHints":{"allow":["GET"]}}],"collection":[{"href":"https:\/\/biblian.is\/biblian\/wp-json\/wp\/v2\/pages"}],"about":[{"href":"https:\/\/biblian.is\/biblian\/wp-json\/wp\/v2\/types\/page"}],"author":[{"embeddable":true,"href":"https:\/\/biblian.is\/biblian\/wp-json\/wp\/v2\/users\/1"}],"replies":[{"embeddable":true,"href":"https:\/\/biblian.is\/biblian\/wp-json\/wp\/v2\/comments?post=1889"}],"version-history":[{"count":0,"href":"https:\/\/biblian.is\/biblian\/wp-json\/wp\/v2\/pages\/1889\/revisions"}],"wp:attachment":[{"href":"https:\/\/biblian.is\/biblian\/wp-json\/wp\/v2\/media?parent=1889"}],"curies":[{"name":"wp","href":"https:\/\/api.w.org\/{rel}","templated":true}]}}