{"id":1888,"date":"2017-12-30T21:00:50","date_gmt":"2017-12-30T21:00:50","guid":{"rendered":"http:\/\/biblian.is\/biblian\/s%c2%92_ari-sam%c2%9celsb%c2%97k-4-kafli\/"},"modified":"2024-02-06T18:29:27","modified_gmt":"2024-02-06T18:29:27","slug":"sidari-samuelsbok-4-kafli","status":"publish","type":"page","link":"https:\/\/biblian.is\/biblian\/sidari-samuelsbok-4-kafli\/","title":{"rendered":"S\u00ed\u00f0ari Sam\u00faelsb\u00f3k 4. kafli"},"content":{"rendered":"<h3 class=\"millifyrirsogn_2007\"> Dau\u00f0i \u00cdsb\u00f3sets<\/h3>\n<p><a name=\"1\"><span class=\"versanumer_2007\">1<\/span><\/a> \u00deegar sonur S\u00e1ls fr\u00e9tti a\u00f0 Abner v\u00e6ri l\u00e1tinn \u00ed Hebron f\u00e9llust honum hendur og allur \u00cdsrael var\u00f0 skelfingu lostinn.<br \/> <a name=\"2\"><span class=\"versanumer_2007\">2<\/span><\/a> Sonur S\u00e1ls haf\u00f0i tvo menn \u00ed \u00fej\u00f3nustu sinni og voru \u00feeir foringjar r\u00e1nsflokka. H\u00e9t annar Baana en hinn Rekab. \u00deeir voru synir Rimm\u00f3ns fr\u00e1 Beer\u00f3t af \u00e6ttb\u00e1lki Benjam\u00edns, \u00fev\u00ed a\u00f0 Beer\u00f3t var einnig tali\u00f0 til Benjam\u00edns <a name=\"3\"><span class=\"versanumer_2007\">3<\/span><\/a> vegna \u00feess a\u00f0 \u00edb\u00faarnir \u00ed Beer\u00f3t h\u00f6f\u00f0u fl\u00fai\u00f0 til Gitta\u00edm. Allt til \u00feessa dags hafa \u00feeir b\u00fai\u00f0 \u00fear a\u00f0komumenn.<br \/> <a name=\"4\"><span class=\"versanumer_2007\">4<\/span><\/a> J\u00f3natan, sonur S\u00e1ls, \u00e1tti son sem var lama\u00f0ur \u00e1 b\u00e1\u00f0um f\u00f3tum. Hann var fimm \u00e1ra \u00feegar fr\u00e9ttin um fall S\u00e1ls og J\u00f3natans barst fr\u00e1 Jesreel. F\u00f3stra hans t\u00f3k hann og fl\u00fd\u00f0i en \u00ed \u00f3\u00f0agotinu \u00e1 fl\u00f3ttanum missti h\u00fan hann og vi\u00f0 \u00fea\u00f0 lama\u00f0ist hann. Hann h\u00e9t Mef\u00edb\u00f3set.<br \/> <a name=\"5\"><span class=\"versanumer_2007\">5<\/span><\/a> Einhverju sinni h\u00e9ldu \u00feeir Rekab og Baana, synir Rimm\u00f3ns fr\u00e1 Beer\u00f3t, a\u00f0 heiman og komu til h\u00fass \u00cdsb\u00f3sets \u00feegar heitast var dags og hann l\u00e1 fyrir um h\u00e1degi\u00f0. <a name=\"6\"><span class=\"versanumer_2007\">6<\/span><\/a> Konan sem g\u00e6tti dyranna haf\u00f0i veri\u00f0 a\u00f0 hreinsa hveiti. Henni haf\u00f0i runni\u00f0 \u00ed brj\u00f3st og var h\u00fan sofandi. <a name=\"7\"><span class=\"versanumer_2007\">7<\/span><\/a> Rekab og Baana, br\u00f3\u00f0ir hans, g\u00e1tu \u00fev\u00ed laumast inn \u00ed h\u00fasi\u00f0. \u00cdsb\u00f3set l\u00e1 \u00ed r\u00fami s\u00ednu \u00ed svefnherberginu. \u00deeir veittu honum banas\u00e1r, hjuggu af honum h\u00f6fu\u00f0i\u00f0 og t\u00f3ku \u00fea\u00f0 me\u00f0 s\u00e9r. S\u00ed\u00f0an gengu \u00feeir eftir J\u00f3rdanardalnum alla n\u00f3ttina, <a name=\"8\"><span class=\"versanumer_2007\">8<\/span><\/a> f\u00e6r\u00f0u Dav\u00ed\u00f0 h\u00f6fu\u00f0i\u00f0 \u00ed Hebron og s\u00f6g\u00f0u vi\u00f0 konung: \u201eH\u00e9r f\u00e6r\u00f0u h\u00f6fu\u00f0 \u00cdsb\u00f3sets fjandmanns \u00fe\u00edns, sonar S\u00e1ls, sem s\u00f3ttist eftir l\u00edfi \u00fe\u00ednu. Drottinn hefur \u00ed dag veitt herra m\u00ednum, konunginum, hefnd \u00e1 S\u00e1l og afkomendum hans.\u201c<br \/> <a name=\"9\"><span class=\"versanumer_2007\">9<\/span><\/a> Dav\u00ed\u00f0 svara\u00f0i Rekab og Baana, br\u00f3\u00f0ur hans, sonum Rimm\u00f3ns fr\u00e1 Beer\u00f3t, og sag\u00f0i vi\u00f0 \u00fe\u00e1: \u201eSvo sannarlega sem Drottinn lifir, s\u00e1 sem hefur bjarga\u00f0 m\u00e9r \u00far hverri ney\u00f0, <a name=\"10\"><span class=\"versanumer_2007\">10<\/span><\/a> \u00fe\u00e1 l\u00e9t \u00e9g gr\u00edpa \u00feann mann og vega \u00ed Siklag sem f\u00e6r\u00f0i m\u00e9r fregnina um a\u00f0 S\u00e1l v\u00e6ri fallinn og h\u00e9lt a\u00f0 hann f\u00e6r\u00f0i m\u00e9r gle\u00f0it\u00ed\u00f0indi. \u00dea\u00f0 voru honum h\u00e6fileg s\u00f6gulaun. <a name=\"11\"><span class=\"versanumer_2007\">11<\/span><\/a> Hversu miklu frekar \u00e6tti \u00e9g \u00fe\u00e1 ekki n\u00fa, \u00feegar l\u00f6gbrj\u00f3tar hafa myrt r\u00e9ttl\u00e1tan mann \u00e1 heimili hans \u00ed eigin r\u00fami, a\u00f0 krefjast bl\u00f3\u00f0s hans af ykkur og afm\u00e1 ykkur af j\u00f6r\u00f0inni?\u201c <a name=\"12\"><span class=\"versanumer_2007\">12<\/span><\/a> Dav\u00ed\u00f0 gaf m\u00f6nnum s\u00ednum \u00fev\u00ed n\u00e6st skipun um a\u00f0 vega \u00fe\u00e1 og \u00feeir hjuggu af \u00feeim hendur og f\u00e6tur og festu upp vi\u00f0 tj\u00f6rnina \u00ed Hebron. En h\u00f6fu\u00f0 \u00cdsb\u00f3sets t\u00f3ku \u00feeir og l\u00f6g\u00f0u \u00ed gr\u00f6f Abners \u00ed Hebron.<\/p>\n","protected":false},"excerpt":{"rendered":"<p>Dau\u00f0i \u00cdsb\u00f3sets 1 \u00deegar sonur S\u00e1ls fr\u00e9tti a\u00f0 Abner v\u00e6ri l\u00e1tinn \u00ed Hebron f\u00e9llust honum hendur og allur \u00cdsrael var\u00f0 skelfingu lostinn. 2 Sonur S\u00e1ls haf\u00f0i tvo menn \u00ed \u00fej\u00f3nustu sinni og voru \u00feeir foringjar r\u00e1nsflokka. H\u00e9t annar Baana en hinn Rekab. \u00deeir voru synir Rimm\u00f3ns fr\u00e1 Beer\u00f3t af \u00e6ttb\u00e1lki Benjam\u00edns, \u00fev\u00ed a\u00f0 Beer\u00f3t var einnig tali\u00f0 til Benjam\u00edns 3 vegna \u00feess a\u00f0 \u00edb\u00faarnir \u00ed Beer\u00f3t h\u00f6f\u00f0u fl\u00fai\u00f0 til Gitta\u00edm. Allt til \u00feessa dags hafa \u00feeir b\u00fai\u00f0 \u00fear a\u00f0komumenn. 4 J\u00f3natan, sonur S\u00e1ls, \u00e1tti son sem var lama\u00f0ur \u00e1 b\u00e1\u00f0um f\u00f3tum. Hann var fimm \u00e1ra \u00feegar fr\u00e9ttin um fall S\u00e1ls <a href=\"https:\/\/biblian.is\/biblian\/sidari-samuelsbok-4-kafli\/\"> [&#8230;]<\/a><\/p>\n","protected":false},"author":1,"featured_media":0,"parent":0,"menu_order":0,"comment_status":"open","ping_status":"open","template":"bibliukaflar_NT.php","meta":{"footnotes":""},"class_list":["post-1888","page","type-page","status-publish","hentry"],"_links":{"self":[{"href":"https:\/\/biblian.is\/biblian\/wp-json\/wp\/v2\/pages\/1888","targetHints":{"allow":["GET"]}}],"collection":[{"href":"https:\/\/biblian.is\/biblian\/wp-json\/wp\/v2\/pages"}],"about":[{"href":"https:\/\/biblian.is\/biblian\/wp-json\/wp\/v2\/types\/page"}],"author":[{"embeddable":true,"href":"https:\/\/biblian.is\/biblian\/wp-json\/wp\/v2\/users\/1"}],"replies":[{"embeddable":true,"href":"https:\/\/biblian.is\/biblian\/wp-json\/wp\/v2\/comments?post=1888"}],"version-history":[{"count":0,"href":"https:\/\/biblian.is\/biblian\/wp-json\/wp\/v2\/pages\/1888\/revisions"}],"wp:attachment":[{"href":"https:\/\/biblian.is\/biblian\/wp-json\/wp\/v2\/media?parent=1888"}],"curies":[{"name":"wp","href":"https:\/\/api.w.org\/{rel}","templated":true}]}}