{"id":1885,"date":"2017-12-30T21:00:50","date_gmt":"2017-12-30T21:00:50","guid":{"rendered":"http:\/\/biblian.is\/biblian\/s%c2%92_ari-sam%c2%9celsb%c2%97k-1-kafli\/"},"modified":"2024-02-06T18:29:15","modified_gmt":"2024-02-06T18:29:15","slug":"sidari-samuelsbok-1-kafli","status":"publish","type":"page","link":"https:\/\/biblian.is\/biblian\/sidari-samuelsbok-1-kafli\/","title":{"rendered":"S\u00ed\u00f0ari Sam\u00faelsb\u00f3k 1. kafli"},"content":{"rendered":"<h3 class=\"millifyrirsogn_2007\"> Dav\u00ed\u00f0 fr\u00e9ttir dau\u00f0a S\u00e1ls<\/h3>\n<p><a name=\"1\"><span class=\"versanumer_2007\">1<\/span><\/a> \u00deegar S\u00e1l var allur sneri Dav\u00ed\u00f0 heim og haf\u00f0i \u00fe\u00e1 unni\u00f0 sigur \u00e1 Amalek\u00edtum. Hann var tvo daga \u00ed S\u00edklag. <a name=\"2\"><span class=\"versanumer_2007\">2<\/span><\/a> \u00c1 \u00feri\u00f0ja degi kom ma\u00f0ur fr\u00e1 herb\u00fa\u00f0um S\u00e1ls. Hann var \u00ed rifnum f\u00f6tum og me\u00f0 mold \u00e1 h\u00f6f\u00f0i. \u00deegar hann kom til Dav\u00ed\u00f0s fleyg\u00f0i hann s\u00e9r fl\u00f6tum og s\u00fdndi honum lotningu. <a name=\"3\"><span class=\"versanumer_2007\">3<\/span><\/a> \u201eHva\u00f0an kemur \u00fe\u00fa?\u201c spur\u00f0i Dav\u00ed\u00f0. Hann svara\u00f0i: \u201e\u00c9g slapp \u00far herb\u00fa\u00f0um \u00cdsraels.\u201c <a name=\"4\"><span class=\"versanumer_2007\">4<\/span><\/a> \u201eHva\u00f0 ger\u00f0ist?\u201c spur\u00f0i Dav\u00ed\u00f0. \u201eSeg\u00f0u m\u00e9r fr\u00e1.\u201c Ma\u00f0urinn svara\u00f0i: \u201eHerinn fl\u00fd\u00f0i \u00far bardaganum \u00feegar margir voru fallnir. S\u00e1l og J\u00f3natan, sonur hans, eru l\u00edka fallnir.\u201c <a name=\"5\"><span class=\"versanumer_2007\">5<\/span><\/a> \u00de\u00e1 spur\u00f0i Dav\u00ed\u00f0 unga manninn sem flutti fr\u00e9ttirnar: \u201eHvernig veistu a\u00f0 S\u00e1l og J\u00f3natan, sonur hans, eru fallnir?\u201c <a name=\"6\"><span class=\"versanumer_2007\">6<\/span><\/a> Sendibo\u00f0inn ungi sag\u00f0i: \u201e\u00c9g \u00e1tti lei\u00f0 um Gilb\u00f3ah\u00e1lendi\u00f0. \u00dear s\u00e1 \u00e9g S\u00e1l sty\u00f0jast vi\u00f0 spj\u00f3t sitt og \u00ferengdu str\u00ed\u00f0svagnar og riddarar a\u00f0 honum. <a name=\"7\"><span class=\"versanumer_2007\">7<\/span><\/a> \u00deegar hann sneri s\u00e9r vi\u00f0 kom hann auga \u00e1 mig, kalla\u00f0i til m\u00edn og \u00e9g svara\u00f0i. <a name=\"8\"><span class=\"versanumer_2007\">8<\/span><\/a> Hann spur\u00f0i: Hver ert \u00fe\u00fa? Og \u00e9g svara\u00f0i: \u00c9g er Amalek\u00edti. <a name=\"9\"><span class=\"versanumer_2007\">9<\/span><\/a> \u00de\u00e1 sag\u00f0i hann vi\u00f0 mig: Komdu hinga\u00f0 og bana\u00f0u m\u00e9r. \u00c9g er enn \u00e1 l\u00edfi en m\u00e9r sortnar fyrir augum. <a name=\"10\"><span class=\"versanumer_2007\">10<\/span><\/a> \u00c9g gekk \u00fe\u00e1 til hans og vann \u00e1 honum \u00fev\u00ed a\u00f0 \u00e9g vissi a\u00f0 hann gat ekki lifa\u00f0 eftir \u00f3sigur sinn. S\u00ed\u00f0an t\u00f3k \u00e9g k\u00f3r\u00f3nuna, sem hann bar \u00e1 h\u00f6f\u00f0i, og armbandi\u00f0, sem hann haf\u00f0i um handlegg s\u00e9r, og n\u00fa f\u00e6ri \u00e9g \u00fe\u00e9r, herra minn, \u00feessa gripi.\u201c<br \/> <a name=\"11\"><span class=\"versanumer_2007\">11<\/span><\/a> \u00de\u00e1 \u00fereif Dav\u00ed\u00f0 \u00ed kl\u00e6\u00f0i s\u00edn og reif \u00feau og allir, sem hj\u00e1 honum voru, f\u00f3ru eins a\u00f0. <a name=\"12\"><span class=\"versanumer_2007\">12<\/span><\/a> \u00deeir syrg\u00f0u, gr\u00e9tu og f\u00f6stu\u00f0u til kv\u00f6lds vegna S\u00e1ls og J\u00f3natans, sonar hans, og vegna l\u00fd\u00f0s Drottins og konungs\u00e6ttar \u00cdsraels sem var fallin fyrir sver\u00f0i.<br \/> <a name=\"13\"><span class=\"versanumer_2007\">13<\/span><\/a> Dav\u00ed\u00f0 spur\u00f0i unga manninn sem flutti honum fr\u00e9ttirnar: \u201eHva\u00f0an ert \u00fe\u00fa?\u201c Hann svara\u00f0i: \u201e\u00c9g er sonur Amalek\u00edta sem b\u00fdr h\u00e9r og er a\u00f0komuma\u00f0ur.\u201c <a name=\"14\"><span class=\"versanumer_2007\">14<\/span><\/a> \u00de\u00e1 sag\u00f0i Dav\u00ed\u00f0 vi\u00f0 hann: \u201eHvernig dirf\u00f0istu a\u00f0 lyfta hendi til a\u00f0 dey\u00f0a Drottins smur\u00f0a?\u201c <a name=\"15\"><span class=\"versanumer_2007\">15<\/span><\/a> S\u00ed\u00f0an kalla\u00f0i Dav\u00ed\u00f0 \u00e1 einn af m\u00f6nnum s\u00ednum og sag\u00f0i: \u201eKomdu og veittu honum banah\u00f6gg,\u201c og hann hj\u00f3 hann til bana. <a name=\"16\"><span class=\"versanumer_2007\">16<\/span><\/a> Dav\u00ed\u00f0 haf\u00f0i sagt vi\u00f0 sendibo\u00f0ann: \u201eBl\u00f3\u00f0sekt \u00fe\u00edn kemur yfir sj\u00e1lfan \u00feig \u00fev\u00ed a\u00f0 \u00fe\u00fa vitna\u00f0ir me\u00f0 eigin or\u00f0um gegn \u00fe\u00e9r \u00feegar \u00fe\u00fa sag\u00f0ir: \u00c9g hef fellt Drottins smur\u00f0a.\u201c<\/p>\n<h3 class=\"millifyrirsogn_2007\">Harmlj\u00f3\u00f0 Dav\u00ed\u00f0s um S\u00e1l og J\u00f3natan<\/h3>\n<p><a name=\"17\"><span class=\"versanumer_2007\">17<\/span><\/a> \u00deetta harmlj\u00f3\u00f0 flutti Dav\u00ed\u00f0 eftir S\u00e1l og J\u00f3natan, son hans, <a name=\"18\"><span class=\"versanumer_2007\">18<\/span><\/a> og bau\u00f0 a\u00f0 bogakv\u00e6\u00f0i\u00f0 skyldi kennt J\u00fadam\u00f6nnum. \u00dea\u00f0 er skr\u00e1\u00f0 \u00ed B\u00f3k hins r\u00e9ttl\u00e1ta.<br \/> <span class=\"ljodatexti\"> <a name=\"19\"><span class=\"versanumer_ljod\">19<\/span><\/a>S\u00e6md \u00fe\u00edn, \u00cdsrael,<br \/>liggur vegin \u00e1 h\u00e6\u00f0um \u00fe\u00ednum.<br \/>Hetjurnar eru fallnar.<br \/> <\/span> <span class=\"ljodatexti\"> <a name=\"20\"><span class=\"versanumer_ljod\">20<\/span><\/a>Sk\u00fdri\u00f0 ekki fr\u00e1 \u00fev\u00ed \u00ed Gat,<br \/>bo\u00f0i\u00f0 \u00fea\u00f0 ekki \u00e1 g\u00f6tum Askalon<br \/>svo a\u00f0 d\u00e6tur Filistea fagni ekki,<br \/>d\u00e6tur \u00f3umskorinna gle\u00f0jist ekki.<br \/> <\/span> <span class=\"ljodatexti\"> <a name=\"21\"><span class=\"versanumer_ljod\">21<\/span><\/a>\u00de\u00e9r Gilb\u00f3afj\u00f6ll,<br \/>hvorki drj\u00fapi \u00e1 ykkur d\u00f6gg n\u00e9 regn,<br \/>\u00fe\u00e9r fj\u00f6ll dau\u00f0ans.<br \/>\u00dev\u00ed a\u00f0 \u00fear f\u00e9ll skj\u00f6ldur kappanna,<br \/>skj\u00f6ldur S\u00e1ls sem ekki<br \/>mun framar f\u00e6g\u00f0ur me\u00f0 ol\u00edu.<br \/> <\/span> <span class=\"ljodatexti\"> <a name=\"22\"><span class=\"versanumer_ljod\">22<\/span><\/a> Bogi J\u00f3natans sneri aldrei heim<br \/>nema stokkinn bl\u00f3\u00f0i fallinna,<br \/>ata\u00f0ur feiti kappa,<br \/>og sver\u00f0 S\u00e1ls geiga\u00f0i aldrei.<br \/> <\/span> <span class=\"ljodatexti\"> <a name=\"23\"><span class=\"versanumer_ljod\">23<\/span><\/a> S\u00e1l og J\u00f3natan,<br \/>d\u00e1\u00f0ir og elska\u00f0ir \u00ed l\u00edfi s\u00ednu,<br \/>ur\u00f0u ekki a\u00f0skildir \u00ed dau\u00f0anum.<br \/>\u00deeir voru skj\u00f3tari en ernir,<br \/>sterkari en lj\u00f3n.<br \/> <\/span> <span class=\"ljodatexti\"> <a name=\"24\"><span class=\"versanumer_ljod\">24<\/span><\/a> \u00cdsraelsd\u00e6tur, gr\u00e1ti\u00f0 S\u00e1l.<br \/>Hann skr\u00fdddi y\u00f0ur fegursta purpura,<br \/>hengdi gullskart \u00e1 kl\u00e6\u00f0i y\u00f0ar.<br \/> <\/span> <span class=\"ljodatexti\"> <a name=\"25\"><span class=\"versanumer_ljod\">25<\/span><\/a> Hetjurnar eru fallnar<br \/>mitt \u00ed orrustunni,<br \/>J\u00f3natan veginn \u00e1 h\u00e6\u00f0unum.<br \/> <\/span> <span class=\"ljodatexti\"> <a name=\"26\"><span class=\"versanumer_ljod\">26<\/span><\/a> \u00c9g harma \u00feig,<br \/>J\u00f3natan, br\u00f3\u00f0ir minn.<br \/>\u00de\u00fa varst m\u00e9r mj\u00f6g k\u00e6r,<br \/>\u00e1st \u00fe\u00edn var m\u00e9r undursamlegri<br \/>en \u00e1stir kvenna.<br \/> <\/span> <span class=\"ljodatexti\"> <a name=\"27\"><span class=\"versanumer_ljod\">27<\/span><\/a> Hetjurnar eru fallnar,<br \/>hervopnin gl\u00f6tu\u00f0. <\/span> <\/p>\n","protected":false},"excerpt":{"rendered":"<p>Dav\u00ed\u00f0 fr\u00e9ttir dau\u00f0a S\u00e1ls 1 \u00deegar S\u00e1l var allur sneri Dav\u00ed\u00f0 heim og haf\u00f0i \u00fe\u00e1 unni\u00f0 sigur \u00e1 Amalek\u00edtum. Hann var tvo daga \u00ed S\u00edklag. 2 \u00c1 \u00feri\u00f0ja degi kom ma\u00f0ur fr\u00e1 herb\u00fa\u00f0um S\u00e1ls. Hann var \u00ed rifnum f\u00f6tum og me\u00f0 mold \u00e1 h\u00f6f\u00f0i. \u00deegar hann kom til Dav\u00ed\u00f0s fleyg\u00f0i hann s\u00e9r fl\u00f6tum og s\u00fdndi honum lotningu. 3 \u201eHva\u00f0an kemur \u00fe\u00fa?\u201c spur\u00f0i Dav\u00ed\u00f0. Hann svara\u00f0i: \u201e\u00c9g slapp \u00far herb\u00fa\u00f0um \u00cdsraels.\u201c 4 \u201eHva\u00f0 ger\u00f0ist?\u201c spur\u00f0i Dav\u00ed\u00f0. \u201eSeg\u00f0u m\u00e9r fr\u00e1.\u201c Ma\u00f0urinn svara\u00f0i: \u201eHerinn fl\u00fd\u00f0i \u00far bardaganum \u00feegar margir voru fallnir. S\u00e1l og J\u00f3natan, sonur hans, eru l\u00edka fallnir.\u201c 5 \u00de\u00e1 spur\u00f0i Dav\u00ed\u00f0 <a href=\"https:\/\/biblian.is\/biblian\/sidari-samuelsbok-1-kafli\/\"> [&#8230;]<\/a><\/p>\n","protected":false},"author":1,"featured_media":0,"parent":0,"menu_order":0,"comment_status":"open","ping_status":"open","template":"bibliukaflar_NT.php","meta":{"footnotes":""},"class_list":["post-1885","page","type-page","status-publish","hentry"],"_links":{"self":[{"href":"https:\/\/biblian.is\/biblian\/wp-json\/wp\/v2\/pages\/1885","targetHints":{"allow":["GET"]}}],"collection":[{"href":"https:\/\/biblian.is\/biblian\/wp-json\/wp\/v2\/pages"}],"about":[{"href":"https:\/\/biblian.is\/biblian\/wp-json\/wp\/v2\/types\/page"}],"author":[{"embeddable":true,"href":"https:\/\/biblian.is\/biblian\/wp-json\/wp\/v2\/users\/1"}],"replies":[{"embeddable":true,"href":"https:\/\/biblian.is\/biblian\/wp-json\/wp\/v2\/comments?post=1885"}],"version-history":[{"count":0,"href":"https:\/\/biblian.is\/biblian\/wp-json\/wp\/v2\/pages\/1885\/revisions"}],"wp:attachment":[{"href":"https:\/\/biblian.is\/biblian\/wp-json\/wp\/v2\/media?parent=1885"}],"curies":[{"name":"wp","href":"https:\/\/api.w.org\/{rel}","templated":true}]}}