{"id":1884,"date":"2017-12-30T21:00:50","date_gmt":"2017-12-30T21:00:50","guid":{"rendered":"http:\/\/biblian.is\/biblian\/fyrri-sam%c2%9celsb%c2%97k-31-kafli\/"},"modified":"2024-02-06T18:29:11","modified_gmt":"2024-02-06T18:29:11","slug":"fyrri-samuelsbok-31-kafli","status":"publish","type":"page","link":"https:\/\/biblian.is\/biblian\/fyrri-samuelsbok-31-kafli\/","title":{"rendered":"Fyrri Sam\u00faelsb\u00f3k 31. kafli"},"content":{"rendered":"<h3 class=\"millifyrirsogn_2007\"> Dau\u00f0i S\u00e1ls og sona hans<\/h3>\n<p><a name=\"1\"><span class=\"versanumer_2007\">1<\/span><\/a> Filistear r\u00e9\u00f0ust n\u00fa \u00e1 \u00cdsrael og fl\u00fd\u00f0u \u00cdsraelsmenn undan \u00feeim en margir l\u00e1gu fallnir \u00e1 Gilb\u00f3afjalli. <a name=\"2\"><span class=\"versanumer_2007\">2<\/span><\/a> Filistear \u00ferengdu mj\u00f6g a\u00f0 S\u00e1l og felldu J\u00f3natan, Ab\u00ednadab og Malk\u00eds\u00faa, syni hans. <a name=\"3\"><span class=\"versanumer_2007\">3<\/span><\/a> Var n\u00fa ger\u00f0 h\u00f6r\u00f0 atlaga a\u00f0 S\u00e1l. Nokkrar bogaskyttur h\u00f6f\u00f0u komi\u00f0 auga \u00e1 hann, h\u00e6ft hann og var hann miki\u00f0 s\u00e6r\u00f0ur.<br \/> <a name=\"4\"><span class=\"versanumer_2007\">4<\/span><\/a> \u00de\u00e1 sag\u00f0i S\u00e1l vi\u00f0 skjaldsvein sinn: \u201eDrag\u00f0u sver\u00f0 \u00feitt \u00far sl\u00ed\u00f0rum og rektu mig \u00ed gegn. Annars koma \u00feeir \u00f3umskornu, reka mig \u00ed gegn og fara h\u00e1\u00f0ulega me\u00f0 mig.\u201c En skjaldsveinninn vildi ekki gera \u00feetta \u00fev\u00ed a\u00f0 hann var mj\u00f6g hr\u00e6ddur. \u00de\u00e1 t\u00f3k S\u00e1l sver\u00f0 sitt og l\u00e9t fallast \u00e1 \u00fea\u00f0. <a name=\"5\"><span class=\"versanumer_2007\">5<\/span><\/a> \u00deegar skjaldsveinninn s\u00e1 a\u00f0 S\u00e1l var l\u00e1tinn l\u00e9t hann sig einnig falla \u00e1 sver\u00f0 sitt og d\u00f3 me\u00f0 S\u00e1l. <a name=\"6\"><span class=\"versanumer_2007\">6<\/span><\/a> \u00deannig l\u00e9t S\u00e1l l\u00edfi\u00f0 og synir hans \u00fer\u00edr, skjaldsveinn hans og menn hans, allir saman \u00e1 einum degi. <br \/> <a name=\"7\"><span class=\"versanumer_2007\">7<\/span><\/a> \u00deegar \u00feeir \u00cdsraelsmenn, sem bjuggu handan vi\u00f0 sl\u00e9ttuna og austan vi\u00f0 J\u00f3rdan, ger\u00f0u s\u00e9r grein fyrir a\u00f0 \u00cdsraelsmenn voru fl\u00fanir og S\u00e1l og synir hans fallnir yfirg\u00e1fu \u00feeir borgir s\u00ednar og fl\u00fd\u00f0u. S\u00ed\u00f0an komu Filistear og settust a\u00f0 \u00ed \u00feeim.<br \/> <a name=\"8\"><span class=\"versanumer_2007\">8<\/span><\/a> Daginn eftir, \u00feegar Filistear komu til a\u00f0 r\u00e6na valinn, fundu \u00feeir S\u00e1l og syni hans \u00ferj\u00e1 fallna \u00e1 Gilb\u00f3afjalli. <a name=\"9\"><span class=\"versanumer_2007\">9<\/span><\/a> \u00deeir hjuggu af honum h\u00f6fu\u00f0i\u00f0 og r\u00e6ndu vopnum hans. S\u00ed\u00f0an sendu \u00feeir menn um land Filistea til a\u00f0 tilkynna f\u00f3lkinu sigurinn og kunngj\u00f6ra hann \u00ed h\u00fasi gu\u00f0a sinna. <a name=\"10\"><span class=\"versanumer_2007\">10<\/span><\/a> Vopnum S\u00e1ls komu \u00feeir fyrir \u00ed hofi Astarte en l\u00edk hans festu \u00feeir \u00e1 borgarm\u00farinn \u00ed Bet San.<br \/> <a name=\"11\"><span class=\"versanumer_2007\">11<\/span><\/a> \u00deegar \u00edb\u00faarnir \u00ed Jabes \u00ed G\u00edlea\u00f0 fr\u00e9ttu hvernig Filistear h\u00f6f\u00f0u fari\u00f0 me\u00f0 S\u00e1l <a name=\"12\"><span class=\"versanumer_2007\">12<\/span><\/a> h\u00e9ldu allir vopnf\u00e6rir menn af sta\u00f0 og gengu alla n\u00f3ttina. \u00deeir t\u00f3ku s\u00ed\u00f0an l\u00edk S\u00e1ls og sona hans ni\u00f0ur af borgarm\u00farnum \u00ed Bet San og \u00feegar \u00feeir komu heim til Jabes brenndu \u00feeir l\u00edkin \u00fear. <a name=\"13\"><span class=\"versanumer_2007\">13<\/span><\/a> \u00dev\u00ed n\u00e6st t\u00f3ku \u00feeir bein \u00feeirra og gr\u00f3fu \u00feau undir eikinni \u00ed Jabes og f\u00f6stu\u00f0u \u00ed sj\u00f6 daga.<\/p>\n","protected":false},"excerpt":{"rendered":"<p>Dau\u00f0i S\u00e1ls og sona hans 1 Filistear r\u00e9\u00f0ust n\u00fa \u00e1 \u00cdsrael og fl\u00fd\u00f0u \u00cdsraelsmenn undan \u00feeim en margir l\u00e1gu fallnir \u00e1 Gilb\u00f3afjalli. 2 Filistear \u00ferengdu mj\u00f6g a\u00f0 S\u00e1l og felldu J\u00f3natan, Ab\u00ednadab og Malk\u00eds\u00faa, syni hans. 3 Var n\u00fa ger\u00f0 h\u00f6r\u00f0 atlaga a\u00f0 S\u00e1l. Nokkrar bogaskyttur h\u00f6f\u00f0u komi\u00f0 auga \u00e1 hann, h\u00e6ft hann og var hann miki\u00f0 s\u00e6r\u00f0ur. 4 \u00de\u00e1 sag\u00f0i S\u00e1l vi\u00f0 skjaldsvein sinn: \u201eDrag\u00f0u sver\u00f0 \u00feitt \u00far sl\u00ed\u00f0rum og rektu mig \u00ed gegn. Annars koma \u00feeir \u00f3umskornu, reka mig \u00ed gegn og fara h\u00e1\u00f0ulega me\u00f0 mig.\u201c En skjaldsveinninn vildi ekki gera \u00feetta \u00fev\u00ed a\u00f0 hann var mj\u00f6g hr\u00e6ddur. <a href=\"https:\/\/biblian.is\/biblian\/fyrri-samuelsbok-31-kafli\/\"> [&#8230;]<\/a><\/p>\n","protected":false},"author":1,"featured_media":0,"parent":0,"menu_order":0,"comment_status":"open","ping_status":"open","template":"bibliukaflar_NT.php","meta":{"footnotes":""},"class_list":["post-1884","page","type-page","status-publish","hentry"],"_links":{"self":[{"href":"https:\/\/biblian.is\/biblian\/wp-json\/wp\/v2\/pages\/1884","targetHints":{"allow":["GET"]}}],"collection":[{"href":"https:\/\/biblian.is\/biblian\/wp-json\/wp\/v2\/pages"}],"about":[{"href":"https:\/\/biblian.is\/biblian\/wp-json\/wp\/v2\/types\/page"}],"author":[{"embeddable":true,"href":"https:\/\/biblian.is\/biblian\/wp-json\/wp\/v2\/users\/1"}],"replies":[{"embeddable":true,"href":"https:\/\/biblian.is\/biblian\/wp-json\/wp\/v2\/comments?post=1884"}],"version-history":[{"count":0,"href":"https:\/\/biblian.is\/biblian\/wp-json\/wp\/v2\/pages\/1884\/revisions"}],"wp:attachment":[{"href":"https:\/\/biblian.is\/biblian\/wp-json\/wp\/v2\/media?parent=1884"}],"curies":[{"name":"wp","href":"https:\/\/api.w.org\/{rel}","templated":true}]}}