{"id":1883,"date":"2017-12-30T21:00:50","date_gmt":"2017-12-30T21:00:50","guid":{"rendered":"http:\/\/biblian.is\/biblian\/fyrri-sam%c2%9celsb%c2%97k-30-kafli\/"},"modified":"2024-02-06T18:29:11","modified_gmt":"2024-02-06T18:29:11","slug":"fyrri-samuelsbok-30-kafli","status":"publish","type":"page","link":"https:\/\/biblian.is\/biblian\/fyrri-samuelsbok-30-kafli\/","title":{"rendered":"Fyrri Sam\u00faelsb\u00f3k 30. kafli"},"content":{"rendered":"<h3 class=\"millifyrirsogn_2007\"> Dav\u00ed\u00f0 berst vi\u00f0 Amalek\u00edta<\/h3>\n<p><a name=\"1\"><span class=\"versanumer_2007\">1<\/span><\/a> \u00deegar Dav\u00ed\u00f0 og menn hans komu til Siklag \u00e1 \u00feri\u00f0ja degi h\u00f6f\u00f0u Amalek\u00edtar fari\u00f0 \u00ed r\u00e1nsfer\u00f0 inn \u00ed Negeb og til Siklag. \u00deeir h\u00f6f\u00f0u teki\u00f0 borgina og brennt hana. <a name=\"2\"><span class=\"versanumer_2007\">2<\/span><\/a> Konurnar h\u00f6f\u00f0u \u00feeir teki\u00f0 til fanga og a\u00f0ra sem \u00fear voru, b\u00e6\u00f0i unga og gamla, en engan drepi\u00f0. \u00deeir h\u00f6f\u00f0u alla me\u00f0 s\u00e9r \u00fea\u00f0an og f\u00f3ru lei\u00f0ar sinnar. <a name=\"3\"><span class=\"versanumer_2007\">3<\/span><\/a> \u00deegar Dav\u00ed\u00f0 og menn hans komu til borgarinnar s\u00e1u \u00feeir a\u00f0 borgin var brunnin og a\u00f0 konum \u00feeirra, sonum og d\u00e6trum haf\u00f0i veri\u00f0 r\u00e6nt. <a name=\"4\"><span class=\"versanumer_2007\">4<\/span><\/a> \u00de\u00e1 t\u00f3k Dav\u00ed\u00f0 og herinn, sem me\u00f0 honum var, a\u00f0 gr\u00e1ta h\u00e1st\u00f6fum. \u00deeir gr\u00e9tu \u00feanga\u00f0 til \u00feeir megnu\u00f0u ekki a\u00f0 gr\u00e1ta lengur. <a name=\"5\"><span class=\"versanumer_2007\">5<\/span><\/a> B\u00e1\u00f0um konum Dav\u00ed\u00f0s, Ak\u00edn\u00f3am fr\u00e1 Jesreel og Ab\u00edgail, sem veri\u00f0 haf\u00f0i kona Nabals fr\u00e1 Karmel, haf\u00f0i veri\u00f0 r\u00e6nt.<br \/> <a name=\"6\"><span class=\"versanumer_2007\">6<\/span><\/a> Dav\u00ed\u00f0 \u00e1tti n\u00fa \u00ed v\u00f6k a\u00f0 verjast. Li\u00f0smenn hans vildu gr\u00fdta hann, svo bitrir voru \u00feeir vegna sona sinna og d\u00e6tra. En Dav\u00ed\u00f0 leita\u00f0i styrks hj\u00e1 Drottni, Gu\u00f0i s\u00ednum, <a name=\"7\"><span class=\"versanumer_2007\">7<\/span><\/a> og sag\u00f0i vi\u00f0 Abjatar prest, son Ah\u00edmeleks: \u201eF\u00e6r\u00f0u m\u00e9r h\u00f6kulinn.\u201c Abjatar f\u00e6r\u00f0i Dav\u00ed\u00f0 \u00fe\u00e1 h\u00f6kulinn. <a name=\"8\"><span class=\"versanumer_2007\">8<\/span><\/a> Dav\u00ed\u00f0 leita\u00f0i s\u00ed\u00f0an svara hj\u00e1 Drottni og spur\u00f0i: \u201e\u00c1 \u00e9g a\u00f0 elta \u00feennan r\u00e6ningjaflokk? Mun \u00e9g n\u00e1 honum?\u201c Drottinn svara\u00f0i: \u201eEltu \u00fe\u00e1. \u00de\u00fa n\u00e6r\u00f0 \u00feeim \u00f6rugglega og frelsar \u00fe\u00e1 sem teknir voru til fanga.\u201c<br \/> <a name=\"9\"><span class=\"versanumer_2007\">9<\/span><\/a> Dav\u00ed\u00f0 h\u00e9lt \u00fe\u00e1 af sta\u00f0 \u00e1samt \u00feeim sex hundru\u00f0 m\u00f6nnum sem fylgdu honum. \u00deegar \u00feeir komu a\u00f0 Bes\u00f3rl\u00e6k n\u00e1mu \u00feeir sta\u00f0ar sem \u00e1ttu a\u00f0 b\u00ed\u00f0a \u00fear. <a name=\"10\"><span class=\"versanumer_2007\">10<\/span><\/a> Dav\u00ed\u00f0 h\u00e9lt eftirf\u00f6rinni \u00e1fram me\u00f0 fj\u00f6gur hundru\u00f0 manns. En tv\u00f6 hundru\u00f0 menn, sem h\u00f6f\u00f0u ekki \u00ferek til a\u00f0 fara yfir Bes\u00f3rl\u00e6k, ur\u00f0u eftir.<br \/> <a name=\"11\"><span class=\"versanumer_2007\">11<\/span><\/a> \u00dati \u00e1 sl\u00e9ttunni fundu \u00feeir egypskan mann og f\u00f3ru me\u00f0 hann til Dav\u00ed\u00f0s. \u00deeir g\u00e1fu honum brau\u00f0 a\u00f0 eta og vatn a\u00f0 drekka, <a name=\"12\"><span class=\"versanumer_2007\">12<\/span><\/a> einnig f\u00edkjuk\u00f6ku og tv\u00e6r r\u00fas\u00ednuk\u00f6kur. \u00deegar hann haf\u00f0i matast hresstist hann en hann haf\u00f0i hvorki fengi\u00f0 vott n\u00e9 \u00feurrt \u00ed \u00ferj\u00e1 s\u00f3larhringa. <a name=\"13\"><span class=\"versanumer_2007\">13<\/span><\/a> N\u00fa spur\u00f0i Dav\u00ed\u00f0 hann: \u201eHver er h\u00fasb\u00f3ndi \u00feinn og hva\u00f0an kemur \u00fe\u00fa?\u201c Hann svara\u00f0i: \u201e\u00c9g er Egypti, \u00fer\u00e6ll Amalek\u00edta nokkurs. H\u00fasb\u00f3ndi minn skildi mig h\u00e9r eftir af \u00fev\u00ed a\u00f0 \u00e9g veiktist fyrir \u00feremur d\u00f6gum. <a name=\"14\"><span class=\"versanumer_2007\">14<\/span><\/a> Vi\u00f0 h\u00f6fum fari\u00f0 \u00ed r\u00e1nsf\u00f6r inn \u00ed su\u00f0urh\u00e9ru\u00f0in, sem eru eign Kreta og J\u00fada, einnig inn \u00ed su\u00f0urh\u00e9ru\u00f0 Kalebs. Og vi\u00f0 brenndum Siklag.\u201c <a name=\"15\"><span class=\"versanumer_2007\">15<\/span><\/a> \u00de\u00e1 spur\u00f0i Dav\u00ed\u00f0: \u201eGetur\u00f0u v\u00edsa\u00f0 okkur \u00e1 \u00feennan r\u00e6ningjaflokk?\u201c Hann svara\u00f0i: \u201eSver\u00f0u vi\u00f0 Gu\u00f0 a\u00f0 \u00fe\u00fa munir ekki drepa mig og ekki selja mig \u00ed hendur h\u00fasb\u00f3nda m\u00ednum. Ef \u00fe\u00fa gerir \u00fea\u00f0 skal \u00e9g v\u00edsa \u00fe\u00e9r \u00e1 r\u00e6ningjaflokkinn.\u201c<br \/> <a name=\"16\"><span class=\"versanumer_2007\">16<\/span><\/a> \u00deegar hann haf\u00f0i v\u00edsa\u00f0 \u00feeim \u00feanga\u00f0 s\u00e1u \u00feeir a\u00f0 r\u00e6ningjarnir voru dreif\u00f0ir um allar jar\u00f0ir, \u00e1tu og drukku og ger\u00f0u s\u00e9r gla\u00f0an dag vegna hins mikla r\u00e1nsfengs sem \u00feeir h\u00f6f\u00f0u teki\u00f0 \u00ed landi Filistea og J\u00fada. <a name=\"17\"><span class=\"versanumer_2007\">17<\/span><\/a> Daginn eftir hj\u00f3 Dav\u00ed\u00f0 \u00fe\u00e1 ni\u00f0ur fr\u00e1 \u00fev\u00ed a\u00f0 gr\u00e1na\u00f0i af degi og til kv\u00f6lds. Enginn \u00feeirra komst undan nema fj\u00f6gur hundru\u00f0 ungir menn sem komust \u00e1 bak \u00falf\u00f6ldum s\u00ednum og fl\u00fd\u00f0u.<br \/> <a name=\"18\"><span class=\"versanumer_2007\">18<\/span><\/a> Dav\u00ed\u00f0 frelsa\u00f0i alla sem Amalek\u00edtarnir h\u00f6f\u00f0u r\u00e6nt. Hann bjarga\u00f0i einnig b\u00e1\u00f0um konum s\u00ednum. <a name=\"19\"><span class=\"versanumer_2007\">19<\/span><\/a> Allt n\u00e1\u00f0ist aftur, sm\u00e1tt og st\u00f3rt, synir og d\u00e6tur, herfangi\u00f0 allt eins og \u00fea\u00f0 lag\u00f0i sig. Og Dav\u00ed\u00f0 flutti allt heim aftur. <a name=\"20\"><span class=\"versanumer_2007\">20<\/span><\/a> Hann t\u00f3k einnig me\u00f0 s\u00e9r allt sau\u00f0f\u00e9 \u00feeirra og nautgripi og menn hans r\u00e1ku hjar\u00f0irnar \u00e1 undan eigin hj\u00f6r\u00f0um og s\u00f6g\u00f0u: \u201e\u00deetta er herfang Dav\u00ed\u00f0s.\u201c <br \/> <a name=\"21\"><span class=\"versanumer_2007\">21<\/span><\/a> \u00deegar Dav\u00ed\u00f0 kom aftur til \u00feeirra tv\u00f6 hundru\u00f0 manna, sem h\u00f6f\u00f0u veri\u00f0 of m\u00e1ttfarnir til a\u00f0 fylgja honum og voru skildir eftir vi\u00f0 Bes\u00f3rl\u00e6k, gengu \u00feeir \u00e1 m\u00f3ti Dav\u00ed\u00f0 og flokknum sem me\u00f0 honum var. \u00deegar Dav\u00ed\u00f0 og menn hans voru komnir til \u00feeirra heilsa\u00f0i hann \u00feeim. <a name=\"22\"><span class=\"versanumer_2007\">22<\/span><\/a> En allir \u00f3drengir og illmenni, sem voru \u00ed h\u00f3pi \u00feeirra sem fylgt h\u00f6f\u00f0u Dav\u00ed\u00f0, s\u00f6g\u00f0u: \u201eAf \u00fev\u00ed a\u00f0 \u00feeir f\u00f3ru ekki me\u00f0 okkur l\u00e1tum vi\u00f0 \u00fe\u00e1 ekki f\u00e1 neitt af herfanginu sem vi\u00f0 h\u00f6fum teki\u00f0. Samt m\u00e1 hver \u00feeirra f\u00e1 konu s\u00edna og b\u00f6rn og fara s\u00edna lei\u00f0.\u201c <a name=\"23\"><span class=\"versanumer_2007\">23<\/span><\/a> En Dav\u00ed\u00f0 sag\u00f0i: \u201eBr\u00e6\u00f0ur m\u00ednir, svona megi\u00f0 \u00fei\u00f0 ekki fara me\u00f0 \u00fea\u00f0 sem Drottinn hefur gefi\u00f0 okkur. Hann hefur vernda\u00f0 okkur og selt r\u00e6ningjaflokkinn, sem r\u00e9\u00f0st \u00e1 okkur, okkur \u00ed hendur. <a name=\"24\"><span class=\"versanumer_2007\">24<\/span><\/a> Hvernig getur nokkur ma\u00f0ur hlusta\u00f0 \u00e1 \u00fea\u00f0 sem \u00fei\u00f0 segi\u00f0 um \u00feetta m\u00e1l? Nei, hlutur \u00feess sem f\u00f3r til orrustunnar skal vera jafn hlut \u00feess sem g\u00e6tti farangursins. Herfanginu skal skipta jafnt.\u201c <a name=\"25\"><span class=\"versanumer_2007\">25<\/span><\/a> \u00deannig hefur \u00feetta veri\u00f0 upp fr\u00e1 \u00feessu \u00fev\u00ed a\u00f0 Dav\u00ed\u00f0 ger\u00f0i \u00feetta a\u00f0 reglu og laga\u00e1kv\u00e6\u00f0i \u00ed \u00cdsrael og \u00fea\u00f0 hefur haldist allt til \u00feessa dags.<br \/> <a name=\"26\"><span class=\"versanumer_2007\">26<\/span><\/a> \u00deegar Dav\u00ed\u00f0 kom heim til Siklag sendi hann hluta af herfanginu til \u00f6ldunganna \u00ed J\u00fada, sem voru vinir hans, og l\u00e9t skila til \u00feeirra: \u201e\u00deetta er gj\u00f6f til ykkar, hluti af herfangi sem \u00e9g hef teki\u00f0 af fjandm\u00f6nnum Drottins.\u201c <a name=\"27\"><span class=\"versanumer_2007\">27<\/span><\/a> Hann sendi \u00feessar gjafir til \u00f6ldunganna \u00ed Betel, Ramat Negeb, Jatt\u00edr <a name=\"28\"><span class=\"versanumer_2007\">28<\/span><\/a> og einnig til \u00f6ldunganna \u00ed Ar\u00f3er, S\u00edfm\u00f3t, Estm\u00f3a, <a name=\"29\"><span class=\"versanumer_2007\">29<\/span><\/a> Rakal, \u00ed borgum Jerahmeel\u00edta og borgum Ken\u00edta, <a name=\"30\"><span class=\"versanumer_2007\">30<\/span><\/a> \u00f6ldunganna \u00ed Horma, Bor Asan, A\u00feak <a name=\"31\"><span class=\"versanumer_2007\">31<\/span><\/a> og Hebron og enn fremur til allra \u00feeirra sta\u00f0a sem Dav\u00ed\u00f0 og menn hans h\u00f6f\u00f0u komi\u00f0 til \u00e1 fer\u00f0um s\u00ednum.<\/p>\n","protected":false},"excerpt":{"rendered":"<p>Dav\u00ed\u00f0 berst vi\u00f0 Amalek\u00edta 1 \u00deegar Dav\u00ed\u00f0 og menn hans komu til Siklag \u00e1 \u00feri\u00f0ja degi h\u00f6f\u00f0u Amalek\u00edtar fari\u00f0 \u00ed r\u00e1nsfer\u00f0 inn \u00ed Negeb og til Siklag. \u00deeir h\u00f6f\u00f0u teki\u00f0 borgina og brennt hana. 2 Konurnar h\u00f6f\u00f0u \u00feeir teki\u00f0 til fanga og a\u00f0ra sem \u00fear voru, b\u00e6\u00f0i unga og gamla, en engan drepi\u00f0. \u00deeir h\u00f6f\u00f0u alla me\u00f0 s\u00e9r \u00fea\u00f0an og f\u00f3ru lei\u00f0ar sinnar. 3 \u00deegar Dav\u00ed\u00f0 og menn hans komu til borgarinnar s\u00e1u \u00feeir a\u00f0 borgin var brunnin og a\u00f0 konum \u00feeirra, sonum og d\u00e6trum haf\u00f0i veri\u00f0 r\u00e6nt. 4 \u00de\u00e1 t\u00f3k Dav\u00ed\u00f0 og herinn, sem me\u00f0 honum var, a\u00f0 gr\u00e1ta <a href=\"https:\/\/biblian.is\/biblian\/fyrri-samuelsbok-30-kafli\/\"> [&#8230;]<\/a><\/p>\n","protected":false},"author":1,"featured_media":0,"parent":0,"menu_order":0,"comment_status":"open","ping_status":"open","template":"bibliukaflar_NT.php","meta":{"footnotes":""},"class_list":["post-1883","page","type-page","status-publish","hentry"],"_links":{"self":[{"href":"https:\/\/biblian.is\/biblian\/wp-json\/wp\/v2\/pages\/1883","targetHints":{"allow":["GET"]}}],"collection":[{"href":"https:\/\/biblian.is\/biblian\/wp-json\/wp\/v2\/pages"}],"about":[{"href":"https:\/\/biblian.is\/biblian\/wp-json\/wp\/v2\/types\/page"}],"author":[{"embeddable":true,"href":"https:\/\/biblian.is\/biblian\/wp-json\/wp\/v2\/users\/1"}],"replies":[{"embeddable":true,"href":"https:\/\/biblian.is\/biblian\/wp-json\/wp\/v2\/comments?post=1883"}],"version-history":[{"count":0,"href":"https:\/\/biblian.is\/biblian\/wp-json\/wp\/v2\/pages\/1883\/revisions"}],"wp:attachment":[{"href":"https:\/\/biblian.is\/biblian\/wp-json\/wp\/v2\/media?parent=1883"}],"curies":[{"name":"wp","href":"https:\/\/api.w.org\/{rel}","templated":true}]}}