{"id":1882,"date":"2017-12-30T21:00:50","date_gmt":"2017-12-30T21:00:50","guid":{"rendered":"http:\/\/biblian.is\/biblian\/fyrri-sam%c2%9celsb%c2%97k-29-kafli\/"},"modified":"2024-02-06T18:29:10","modified_gmt":"2024-02-06T18:29:10","slug":"fyrri-samuelsbok-29-kafli","status":"publish","type":"page","link":"https:\/\/biblian.is\/biblian\/fyrri-samuelsbok-29-kafli\/","title":{"rendered":"Fyrri Sam\u00faelsb\u00f3k 29. kafli"},"content":{"rendered":"<h3 class=\"millifyrirsogn_2007\"> Dav\u00ed\u00f0 fer \u00far her Filistea<\/h3>\n<p><a name=\"1\"><span class=\"versanumer_2007\">1<\/span><\/a> Filistear dr\u00f3gu n\u00fa saman allan her sinn \u00ed Afek en \u00cdsraelsmenn h\u00f6f\u00f0u herb\u00fa\u00f0ir s\u00ednar vi\u00f0 lindina \u00ed Jesreeldalnum. <a name=\"2\"><span class=\"versanumer_2007\">2<\/span><\/a> \u00deegar h\u00f6f\u00f0ingjar Filistea voru \u00e1 herg\u00f6ngu me\u00f0 \u00fe\u00fasund manna li\u00f0 og hundra\u00f0 manna flokka r\u00e1ku Dav\u00ed\u00f0 og menn hans lestina \u00e1samt Ak\u00eds. <a name=\"3\"><span class=\"versanumer_2007\">3<\/span><\/a> \u00de\u00e1 spur\u00f0u h\u00f6f\u00f0ingjar Filistea: \u201eHva\u00f0 eru \u00feessir Hebrear a\u00f0 gera h\u00e9r?\u201c Ak\u00eds svara\u00f0i h\u00f6f\u00f0ingjum Filistea: \u201e\u00deetta er au\u00f0vita\u00f0 Dav\u00ed\u00f0 sem var \u00ed \u00fej\u00f3nustu S\u00e1ls \u00cdsraelskonungs. Hann hefur veri\u00f0 me\u00f0 m\u00e9r \u00e1rum saman og \u00e9g hef ekki haft \u00fat \u00e1 neitt a\u00f0 setja \u00ed fari hans fr\u00e1 \u00fev\u00ed a\u00f0 hann fl\u00fd\u00f0i til m\u00edn og \u00fear til n\u00fa.\u201c <a name=\"4\"><span class=\"versanumer_2007\">4<\/span><\/a> En h\u00f6f\u00f0ingjar Filistea reiddust og s\u00f6g\u00f0u vi\u00f0 hann: \u201eSendu \u00feennan mann aftur heim til s\u00edn, til sta\u00f0arins sem \u00fe\u00fa \u00fathluta\u00f0ir honum. Hann skal ekki fara me\u00f0 okkur \u00ed orrustuna og sn\u00faast gegn okkur \u00ed bardaganum. Me\u00f0 hverju g\u00e6ti hann fremur komi\u00f0 s\u00e9r \u00ed mj\u00fakinn hj\u00e1 h\u00fasb\u00f3nda s\u00ednum en h\u00f6f\u00f0um \u00feessara manna h\u00e9rna? <a name=\"5\"><span class=\"versanumer_2007\">5<\/span><\/a> Er \u00fea\u00f0 ekki \u00feessi Dav\u00ed\u00f0 sem sungi\u00f0 var um undir dansi:<br \/> <span class=\"ljodatexti\"> S\u00e1l felldi s\u00edn \u00fe\u00fasund<br \/>en Dav\u00ed\u00f0 s\u00edn t\u00edu \u00fe\u00fasund?\u201c <\/span> <br \/> <a name=\"6\"><span class=\"versanumer_2007\">6<\/span><\/a> \u00de\u00e1 kalla\u00f0i Ak\u00eds Dav\u00ed\u00f0 fyrir sig og sag\u00f0i vi\u00f0 hann: \u201eSvo sannarlega sem Drottinn lifir \u00fe\u00e1 ert \u00fe\u00fa hei\u00f0arlegur ma\u00f0ur. \u00c9g vil gjarnan halda til orrustu me\u00f0 \u00fe\u00e9r og sn\u00faa s\u00ed\u00f0an heim me\u00f0 \u00fe\u00e9r \u00fev\u00ed a\u00f0 \u00e9g hef hinga\u00f0 til ekki haft neitt \u00fat \u00e1 \u00feig a\u00f0 setja fr\u00e1 \u00fev\u00ed a\u00f0 \u00fe\u00fa komst til m\u00edn. En h\u00f6f\u00f0ingjunum fellur ekki vi\u00f0 \u00feig. <a name=\"7\"><span class=\"versanumer_2007\">7<\/span><\/a> \u00deess vegna skaltu sn\u00faa aftur. Far \u00fe\u00fa \u00ed fri\u00f0i svo a\u00f0 \u00fe\u00fa gerir ekkert sem h\u00f6f\u00f0ingjum Filistea misl\u00edki.\u201c<br \/> <a name=\"8\"><span class=\"versanumer_2007\">8<\/span><\/a> \u201eHva\u00f0 hef \u00e9g gert?\u201c spur\u00f0i Dav\u00ed\u00f0 Ak\u00eds. \u201eHva\u00f0 hefur\u00f0u geta\u00f0 fundi\u00f0 a\u00f0 \u00fej\u00f3ni \u00fe\u00ednum fr\u00e1 \u00fev\u00ed a\u00f0 \u00e9g gekk \u00ed \u00fej\u00f3nustu \u00fe\u00edna og \u00fear til n\u00fa? Hvers vegna m\u00e1 \u00e9g ekki koma me\u00f0 \u00fe\u00e9r og berjast gegn fjandm\u00f6nnum herra m\u00edns, konungsins?\u201c <a name=\"9\"><span class=\"versanumer_2007\">9<\/span><\/a> Ak\u00eds svara\u00f0i og sag\u00f0i vi\u00f0 Dav\u00ed\u00f0: \u201e\u00c9g veit \u00feetta. \u00cd m\u00ednum augum ertu jafn engli Gu\u00f0s en eigi a\u00f0 s\u00ed\u00f0ur hafa h\u00f6f\u00f0ingjar Filistea sagt: Hann skal ekki fylgja okkur \u00ed orrustuna. <a name=\"10\"><span class=\"versanumer_2007\">10<\/span><\/a> B\u00fa\u00f0u \u00feig \u00feess vegna snemma \u00ed fyrram\u00e1li\u00f0 \u00e1samt \u00feeim m\u00f6nnum herra \u00fe\u00edns sem hafa fylgt \u00fe\u00e9r og fari\u00f0 \u00fei\u00f0 strax og ratlj\u00f3st er or\u00f0i\u00f0 \u00e1 morgun og haldi\u00f0 heim.\u201c<br \/> <a name=\"11\"><span class=\"versanumer_2007\">11<\/span><\/a> \u00cd b\u00edti\u00f0 morguninn eftir h\u00e9lt Dav\u00ed\u00f0 af sta\u00f0 \u00e1samt m\u00f6nnum s\u00ednum og sneri aftur til lands Filistea. En Filistear f\u00f3ru upp til Jesreel.<\/p>\n","protected":false},"excerpt":{"rendered":"<p>Dav\u00ed\u00f0 fer \u00far her Filistea 1 Filistear dr\u00f3gu n\u00fa saman allan her sinn \u00ed Afek en \u00cdsraelsmenn h\u00f6f\u00f0u herb\u00fa\u00f0ir s\u00ednar vi\u00f0 lindina \u00ed Jesreeldalnum. 2 \u00deegar h\u00f6f\u00f0ingjar Filistea voru \u00e1 herg\u00f6ngu me\u00f0 \u00fe\u00fasund manna li\u00f0 og hundra\u00f0 manna flokka r\u00e1ku Dav\u00ed\u00f0 og menn hans lestina \u00e1samt Ak\u00eds. 3 \u00de\u00e1 spur\u00f0u h\u00f6f\u00f0ingjar Filistea: \u201eHva\u00f0 eru \u00feessir Hebrear a\u00f0 gera h\u00e9r?\u201c Ak\u00eds svara\u00f0i h\u00f6f\u00f0ingjum Filistea: \u201e\u00deetta er au\u00f0vita\u00f0 Dav\u00ed\u00f0 sem var \u00ed \u00fej\u00f3nustu S\u00e1ls \u00cdsraelskonungs. Hann hefur veri\u00f0 me\u00f0 m\u00e9r \u00e1rum saman og \u00e9g hef ekki haft \u00fat \u00e1 neitt a\u00f0 setja \u00ed fari hans fr\u00e1 \u00fev\u00ed a\u00f0 hann fl\u00fd\u00f0i til m\u00edn <a href=\"https:\/\/biblian.is\/biblian\/fyrri-samuelsbok-29-kafli\/\"> [&#8230;]<\/a><\/p>\n","protected":false},"author":1,"featured_media":0,"parent":0,"menu_order":0,"comment_status":"open","ping_status":"open","template":"bibliukaflar_NT.php","meta":{"footnotes":""},"class_list":["post-1882","page","type-page","status-publish","hentry"],"_links":{"self":[{"href":"https:\/\/biblian.is\/biblian\/wp-json\/wp\/v2\/pages\/1882","targetHints":{"allow":["GET"]}}],"collection":[{"href":"https:\/\/biblian.is\/biblian\/wp-json\/wp\/v2\/pages"}],"about":[{"href":"https:\/\/biblian.is\/biblian\/wp-json\/wp\/v2\/types\/page"}],"author":[{"embeddable":true,"href":"https:\/\/biblian.is\/biblian\/wp-json\/wp\/v2\/users\/1"}],"replies":[{"embeddable":true,"href":"https:\/\/biblian.is\/biblian\/wp-json\/wp\/v2\/comments?post=1882"}],"version-history":[{"count":0,"href":"https:\/\/biblian.is\/biblian\/wp-json\/wp\/v2\/pages\/1882\/revisions"}],"wp:attachment":[{"href":"https:\/\/biblian.is\/biblian\/wp-json\/wp\/v2\/media?parent=1882"}],"curies":[{"name":"wp","href":"https:\/\/api.w.org\/{rel}","templated":true}]}}