{"id":1880,"date":"2017-12-30T21:00:50","date_gmt":"2017-12-30T21:00:50","guid":{"rendered":"http:\/\/biblian.is\/biblian\/fyrri-sam%c2%9celsb%c2%97k-27-kafli\/"},"modified":"2024-02-06T18:29:09","modified_gmt":"2024-02-06T18:29:09","slug":"fyrri-samuelsbok-27-kafli","status":"publish","type":"page","link":"https:\/\/biblian.is\/biblian\/fyrri-samuelsbok-27-kafli\/","title":{"rendered":"Fyrri Sam\u00faelsb\u00f3k 27. kafli"},"content":{"rendered":"<h3 class=\"millifyrirsogn_2007\"> Dav\u00ed\u00f0 \u00ed landi Filistea<\/h3>\n<p><a name=\"1\"><span class=\"versanumer_2007\">1<\/span><\/a> Dav\u00ed\u00f0 hugsa\u00f0i m\u00e9r s\u00e9r: \u201eS\u00e1 dagur kemur a\u00f0 \u00e9g fell fyrir hendi S\u00e1ls. \u00c9g s\u00e9 ekki anna\u00f0 v\u00e6nna en leita h\u00e6lis \u00ed landi Filistea. \u00de\u00e1 h\u00e6ttir S\u00e1l a\u00f0 leita m\u00edn um allt land \u00cdsraels og \u00feannig geng \u00e9g honum \u00far greipum, heill \u00e1 h\u00fafi.\u201c<br \/> <a name=\"2\"><span class=\"versanumer_2007\">2<\/span><\/a> Dav\u00ed\u00f0 h\u00e9lt \u00fev\u00ed n\u00e6st af sta\u00f0 og f\u00f3r til Ak\u00edss Ma\u00f3kssonar, konungs \u00ed Gat. Honum fylgdu sex hundru\u00f0 menn. <a name=\"3\"><span class=\"versanumer_2007\">3<\/span><\/a> Dav\u00ed\u00f0 settist a\u00f0 hj\u00e1 Ak\u00eds \u00ed Gat \u00e1samt m\u00f6nnum s\u00ednum. H\u00f6f\u00f0u \u00feeir allir fj\u00f6lskyldur s\u00ednar me\u00f0 s\u00e9r og Dav\u00ed\u00f0 b\u00e1\u00f0ar konur s\u00ednar, Ak\u00edn\u00f3am fr\u00e1 Jesreel og Ab\u00edgail fr\u00e1 Karmel, sem veri\u00f0 haf\u00f0i eiginkona Nabals. <a name=\"4\"><span class=\"versanumer_2007\">4<\/span><\/a> \u00deegar S\u00e1l fr\u00e9tti a\u00f0 Dav\u00ed\u00f0 v\u00e6ri fl\u00fainn til Gat h\u00e6tti hann a\u00f0 leita hans.<br \/> <a name=\"5\"><span class=\"versanumer_2007\">5<\/span><\/a> Einhverju sinni sag\u00f0i Dav\u00ed\u00f0 vi\u00f0 Ak\u00eds: \u201eEf \u00fe\u00fa vilt m\u00e9r vel, f\u00e1\u00f0u m\u00e9r \u00fe\u00e1 b\u00fasta\u00f0 \u00ed einhverri af borgunum \u00e1 sl\u00e9ttunni svo a\u00f0 \u00e9g geti sest \u00fear a\u00f0. Hvers vegna \u00e6tti \u00fej\u00f3nn \u00feinn a\u00f0 b\u00faa hj\u00e1 \u00fe\u00e9r \u00ed konungsborginni?\u201c <a name=\"6\"><span class=\"versanumer_2007\">6<\/span><\/a> Ak\u00eds f\u00e9kk honum \u00feegar \u00ed sta\u00f0 Siklag. \u00deess vegna \u00e1 konungurinn \u00ed J\u00fada Siklag enn \u00feann dag \u00ed dag. <a name=\"7\"><span class=\"versanumer_2007\">7<\/span><\/a> Dav\u00ed\u00f0 bj\u00f3 s\u00ed\u00f0an \u00e1 Filisteasl\u00e9ttunni eitt \u00e1r og fj\u00f3ra m\u00e1nu\u00f0i.<br \/> <a name=\"8\"><span class=\"versanumer_2007\">8<\/span><\/a> Dav\u00ed\u00f0 og menn hans f\u00f3ru \u00ed r\u00e1nsfer\u00f0ir gegn Ges\u00farm\u00f6nnum, Girs\u00edtum og Amalek\u00edtum en \u00feessar \u00fej\u00f3\u00f0ir hafa fr\u00e1 alda \u00f6\u00f0li b\u00fai\u00f0 \u00ed landinu sem veit a\u00f0 S\u00far og Egyptalandi. <a name=\"9\"><span class=\"versanumer_2007\">9<\/span><\/a> \u00deegar Dav\u00ed\u00f0 r\u00e9\u00f0st \u00e1 \u00feetta land \u00feyrmdi hann hvorki l\u00edfi karla n\u00e9 kvenna en sau\u00f0f\u00e9, naut, asna, \u00falfalda og fatna\u00f0 t\u00f3k hann me\u00f0 s\u00e9r. \u00deegar hann sneri heim og kom aftur til Ak\u00edss <a name=\"10\"><span class=\"versanumer_2007\">10<\/span><\/a> spur\u00f0i hann: \u201eHvert f\u00f3ru\u00f0 \u00fei\u00f0 \u00ed r\u00e1nsfer\u00f0 \u00ed dag?\u201c \u00de\u00e1 svara\u00f0i Dav\u00ed\u00f0: \u201eTil su\u00f0urh\u00e9ra\u00f0a J\u00fada,\u201c e\u00f0a: \u201eSu\u00f0urh\u00e9ra\u00f0a Jerakmel\u00edta,\u201c e\u00f0a: \u201eSu\u00f0urh\u00e9ra\u00f0a Ken\u00edta.\u201c <a name=\"11\"><span class=\"versanumer_2007\">11<\/span><\/a> Dav\u00ed\u00f0 l\u00e9t hvorki karla n\u00e9 konur komast lifandi til Gat \u00fev\u00ed a\u00f0 hann hugsa\u00f0i me\u00f0 s\u00e9r: \u201eEnginn skal geta sagt: \u00deetta er verk Dav\u00ed\u00f0s.\u201c \u00deetta var h\u00e1ttur hans allan t\u00edmann sem hann bj\u00f3 \u00e1 Filisteasl\u00e9ttunni.<br \/> <a name=\"12\"><span class=\"versanumer_2007\">12<\/span><\/a> Ak\u00eds treysti Dav\u00ed\u00f0 og hugsa\u00f0i me\u00f0 s\u00e9r: \u201eHann hefur vaki\u00f0 \u00fev\u00edl\u00edkt hatur hj\u00e1 \u00fej\u00f3\u00f0 sinni, \u00cdsrael, a\u00f0 hann ver\u00f0ur \u00e6vinlega \u00ed minni \u00fej\u00f3nustu.\u201c<\/p>\n","protected":false},"excerpt":{"rendered":"<p>Dav\u00ed\u00f0 \u00ed landi Filistea 1 Dav\u00ed\u00f0 hugsa\u00f0i m\u00e9r s\u00e9r: \u201eS\u00e1 dagur kemur a\u00f0 \u00e9g fell fyrir hendi S\u00e1ls. \u00c9g s\u00e9 ekki anna\u00f0 v\u00e6nna en leita h\u00e6lis \u00ed landi Filistea. \u00de\u00e1 h\u00e6ttir S\u00e1l a\u00f0 leita m\u00edn um allt land \u00cdsraels og \u00feannig geng \u00e9g honum \u00far greipum, heill \u00e1 h\u00fafi.\u201c 2 Dav\u00ed\u00f0 h\u00e9lt \u00fev\u00ed n\u00e6st af sta\u00f0 og f\u00f3r til Ak\u00edss Ma\u00f3kssonar, konungs \u00ed Gat. Honum fylgdu sex hundru\u00f0 menn. 3 Dav\u00ed\u00f0 settist a\u00f0 hj\u00e1 Ak\u00eds \u00ed Gat \u00e1samt m\u00f6nnum s\u00ednum. H\u00f6f\u00f0u \u00feeir allir fj\u00f6lskyldur s\u00ednar me\u00f0 s\u00e9r og Dav\u00ed\u00f0 b\u00e1\u00f0ar konur s\u00ednar, Ak\u00edn\u00f3am fr\u00e1 Jesreel og Ab\u00edgail fr\u00e1 Karmel, sem <a href=\"https:\/\/biblian.is\/biblian\/fyrri-samuelsbok-27-kafli\/\"> [&#8230;]<\/a><\/p>\n","protected":false},"author":1,"featured_media":0,"parent":0,"menu_order":0,"comment_status":"open","ping_status":"open","template":"bibliukaflar_NT.php","meta":{"footnotes":""},"class_list":["post-1880","page","type-page","status-publish","hentry"],"_links":{"self":[{"href":"https:\/\/biblian.is\/biblian\/wp-json\/wp\/v2\/pages\/1880","targetHints":{"allow":["GET"]}}],"collection":[{"href":"https:\/\/biblian.is\/biblian\/wp-json\/wp\/v2\/pages"}],"about":[{"href":"https:\/\/biblian.is\/biblian\/wp-json\/wp\/v2\/types\/page"}],"author":[{"embeddable":true,"href":"https:\/\/biblian.is\/biblian\/wp-json\/wp\/v2\/users\/1"}],"replies":[{"embeddable":true,"href":"https:\/\/biblian.is\/biblian\/wp-json\/wp\/v2\/comments?post=1880"}],"version-history":[{"count":0,"href":"https:\/\/biblian.is\/biblian\/wp-json\/wp\/v2\/pages\/1880\/revisions"}],"wp:attachment":[{"href":"https:\/\/biblian.is\/biblian\/wp-json\/wp\/v2\/media?parent=1880"}],"curies":[{"name":"wp","href":"https:\/\/api.w.org\/{rel}","templated":true}]}}