{"id":1879,"date":"2017-12-30T21:00:50","date_gmt":"2017-12-30T21:00:50","guid":{"rendered":"http:\/\/biblian.is\/biblian\/fyrri-sam%c2%9celsb%c2%97k-26-kafli\/"},"modified":"2024-02-06T18:29:08","modified_gmt":"2024-02-06T18:29:08","slug":"fyrri-samuelsbok-26-kafli","status":"publish","type":"page","link":"https:\/\/biblian.is\/biblian\/fyrri-samuelsbok-26-kafli\/","title":{"rendered":"Fyrri Sam\u00faelsb\u00f3k 26. kafli"},"content":{"rendered":"<h3 class=\"millifyrirsogn_2007\"> Dav\u00ed\u00f0 \u00feyrmir l\u00edfi S\u00e1ls \u00f6\u00f0ru sinni<\/h3>\n<p><a name=\"1\"><span class=\"versanumer_2007\">1<\/span><\/a> Einhverju sinni komu nokkrir menn fr\u00e1 S\u00edf til S\u00e1ls \u00ed G\u00edbeu og s\u00f6g\u00f0u: \u201eVeistu ekki a\u00f0 Dav\u00ed\u00f0 er \u00ed felum \u00e1 Hak\u00edlah\u00e6\u00f0 gegnt Jes\u00edmon?\u201c<br \/> <a name=\"2\"><span class=\"versanumer_2007\">2<\/span><\/a> S\u00e1l h\u00e9lt \u00feegar af sta\u00f0 og f\u00f3r ni\u00f0ur til S\u00edfey\u00f0imerkur. Me\u00f0 honum f\u00f3ru \u00ferj\u00fa \u00fe\u00fasund menn, \u00farvalsli\u00f0 \u00cdsraels, til \u00feess a\u00f0 leita a\u00f0 Dav\u00ed\u00f0 \u00ed S\u00edfey\u00f0im\u00f6rk. <a name=\"3\"><span class=\"versanumer_2007\">3<\/span><\/a> S\u00e1l setti upp herb\u00fa\u00f0ir \u00e1 Hak\u00edlah\u00e6\u00f0, sem er vi\u00f0 veginn gegnt Jes\u00edmon, en Dav\u00ed\u00f0 h\u00e9lt kyrru fyrir \u00ed ey\u00f0im\u00f6rkinni. \u00deegar hann komst a\u00f0 \u00fev\u00ed a\u00f0 S\u00e1l haf\u00f0i elt hann inn \u00ed ey\u00f0im\u00f6rkina <a name=\"4\"><span class=\"versanumer_2007\">4<\/span><\/a> sendi hann nj\u00f3snara \u00e1 vettvang og komst \u00fe\u00e1 a\u00f0 \u00fev\u00ed hvar S\u00e1l h\u00e9lt sig. <a name=\"5\"><span class=\"versanumer_2007\">5<\/span><\/a> S\u00ed\u00f0an h\u00e9lt Dav\u00ed\u00f0 af sta\u00f0 og f\u00f3r \u00feanga\u00f0 sem S\u00e1l haf\u00f0i sett herb\u00fa\u00f0ir s\u00ednar. \u00de\u00e1 s\u00e1 Dav\u00ed\u00f0 hvar S\u00e1l haf\u00f0i lagst til svefns \u00e1samt Abner Nerssyni, hersh\u00f6f\u00f0ingja s\u00ednum. S\u00e1l svaf \u00ed mi\u00f0jum herb\u00fa\u00f0unum en hermennirnir l\u00e1gu umhverfis hann. <a name=\"6\"><span class=\"versanumer_2007\">6<\/span><\/a> \u00de\u00e1 sneri Dav\u00ed\u00f0 s\u00e9r a\u00f0 Het\u00edtanum Ah\u00edmelek og Ab\u00edsa\u00ed Ser\u00fajusyni, br\u00f3\u00f0ur J\u00f3abs, og sag\u00f0i: \u201eHver vill koma me\u00f0 m\u00e9r ni\u00f0ur \u00ed herb\u00fa\u00f0irnar til S\u00e1ls?\u201c \u201e\u00c9g skal koma me\u00f0 \u00fe\u00e9r,\u201c svara\u00f0i Ab\u00edsa\u00ed.<br \/> <a name=\"7\"><span class=\"versanumer_2007\">7<\/span><\/a> \u00deegar Dav\u00ed\u00f0 og Ab\u00edsa\u00ed komu til hersins um n\u00f3ttina fundu \u00feeir S\u00e1l, \u00fear sem hann l\u00e1 sofandi \u00ed herb\u00fa\u00f0unum, og var spj\u00f3t hans reki\u00f0 \u00ed j\u00f6r\u00f0u vi\u00f0 h\u00f6f\u00f0alag hans. Umhverfis hann l\u00e1gu Abner og hermennirnir. <a name=\"8\"><span class=\"versanumer_2007\">8<\/span><\/a> \u00de\u00e1 sag\u00f0i Ab\u00edsa\u00ed vi\u00f0 Dav\u00ed\u00f0: \u201e\u00cd dag hefur Gu\u00f0 selt \u00f3vin \u00feinn \u00ed hendur \u00fe\u00e9r. N\u00fa festi \u00e9g hann vi\u00f0 j\u00f6r\u00f0ina me\u00f0 einu spj\u00f3tslagi, meira \u00fearf ekki.\u201c <a name=\"9\"><span class=\"versanumer_2007\">9<\/span><\/a> Dav\u00ed\u00f0 svara\u00f0i Ab\u00edsa\u00ed: \u201eDreptu hann ekki. Hver getur lagt h\u00f6nd \u00e1 Drottins smur\u00f0a og komist hj\u00e1 refsingu? <a name=\"10\"><span class=\"versanumer_2007\">10<\/span><\/a> Svo sannarlega sem Drottinn lifir,\u201c h\u00e9lt Dav\u00ed\u00f0 \u00e1fram, \u201emun Drottinn sj\u00e1lfur lj\u00f3sta hann, hvort heldur hann deyr, \u00feegar hans t\u00edmi er kominn e\u00f0a hann fellur \u00ed orrustu. <a name=\"11\"><span class=\"versanumer_2007\">11<\/span><\/a> Drottinn for\u00f0i m\u00e9r fr\u00e1 \u00fev\u00ed a\u00f0 leggja h\u00f6nd \u00e1 Drottins smur\u00f0a. Taktu spj\u00f3ti\u00f0 vi\u00f0 h\u00f6f\u00f0alag hans og vatnskrukkuna. Vi\u00f0 skulum fara h\u00e9\u00f0an.\u201c <a name=\"12\"><span class=\"versanumer_2007\">12<\/span><\/a> \u00deegar Dav\u00ed\u00f0 haf\u00f0i teki\u00f0 spj\u00f3ti\u00f0 og vatnskrukkuna vi\u00f0 h\u00f6f\u00f0alag S\u00e1ls h\u00e9ldu \u00feeir lei\u00f0ar sinnar. Enginn s\u00e1 neitt n\u00e9 var\u00f0 neins var og enginn vakna\u00f0i heldur sv\u00e1fu allir \u00fev\u00ed a\u00f0 \u00feungur svefn fr\u00e1 Drottni haf\u00f0i sigi\u00f0 \u00e1 \u00fe\u00e1.<br \/> <a name=\"13\"><span class=\"versanumer_2007\">13<\/span><\/a> \u00deegar Dav\u00ed\u00f0 var kominn yfir um dalinn t\u00f3k hann s\u00e9r st\u00f6\u00f0u \u00e1 fjallstindi \u00feannig a\u00f0 langt var \u00e1 milli \u00feeirra. <a name=\"14\"><span class=\"versanumer_2007\">14<\/span><\/a> S\u00ed\u00f0an hr\u00f3pa\u00f0i Dav\u00ed\u00f0 til hersins og Abners Nerssonar: \u201eAbner, svara\u00f0u m\u00e9r.\u201c Abner svara\u00f0i: \u201eHver er \u00fea\u00f0 sem hr\u00f3par \u00e1 konunginn?\u201c <a name=\"15\"><span class=\"versanumer_2007\">15<\/span><\/a> \u00de\u00e1 hr\u00f3pa\u00f0i Dav\u00ed\u00f0 til Abners: \u201e\u00c1tt \u00fe\u00fa nokkurn jafningja \u00ed \u00cdsrael? Hvers vegna g\u00e6ttir \u00fe\u00fa ekki herra \u00fe\u00edns, konungsins? Ma\u00f0ur nokkur komst inn \u00ed herb\u00fa\u00f0irnar og \u00e6tla\u00f0i a\u00f0 drepa konunginn, herra \u00feinn. <a name=\"16\"><span class=\"versanumer_2007\">16<\/span><\/a> \u00de\u00e9r hefur farist illa. Svo sannarlega sem Drottinn lifir eigi\u00f0 \u00fei\u00f0 skili\u00f0 a\u00f0 ver\u00f0a drepnir fyrir a\u00f0 g\u00e6ta ekki herra ykkar, Drottins smur\u00f0a. G\u00e6ttu n\u00fa a\u00f0. Hvar er spj\u00f3t konungsins og vatnskrukkan sem voru vi\u00f0 h\u00f6f\u00f0alag hans?\u201c<br \/> <a name=\"17\"><span class=\"versanumer_2007\">17<\/span><\/a> S\u00e1l \u00feekkti r\u00f6dd Dav\u00ed\u00f0s og sag\u00f0i: \u201eEr \u00feetta r\u00f6dd \u00fe\u00edn, Dav\u00ed\u00f0, sonur minn?\u201c Dav\u00ed\u00f0 svara\u00f0i: \u201eJ\u00e1, herra minn og konungur.\u201c <a name=\"18\"><span class=\"versanumer_2007\">18<\/span><\/a> Og hann b\u00e6tti vi\u00f0: \u201eHvers vegna ofs\u00e6kir \u00fe\u00fa, herra minn, \u00fej\u00f3n \u00feinn? Hva\u00f0 hef \u00e9g gert? Hva\u00f0 illt hef \u00e9g \u00ed huga? <a name=\"19\"><span class=\"versanumer_2007\">19<\/span><\/a> N\u00fa \u00e6ttir \u00fe\u00fa, herra minn og konungur, a\u00f0 hlusta \u00e1 \u00fea\u00f0 sem \u00fej\u00f3nn \u00feinn segir: Hafi Drottinn \u00e6st \u00feig upp gegn m\u00e9r fengi hann a\u00f0 finna f\u00f3rnarilm. En ef \u00fea\u00f0 eru menn, \u00fe\u00e1 s\u00e9u \u00feeir b\u00f6lva\u00f0ir fyrir augliti Drottins. \u00dev\u00ed a\u00f0 \u00feeir hafa n\u00fa hraki\u00f0 mig \u00ed burtu svo a\u00f0 \u00e9g \u00e1 ekki lengur hlut \u00ed arfleif\u00f0 Drottins. \u00deeir segja: Far\u00f0u og \u00fej\u00f3na\u00f0u \u00f6\u00f0rum gu\u00f0um. <a name=\"20\"><span class=\"versanumer_2007\">20<\/span><\/a> En bl\u00f3\u00f0 mitt skal ekki renna til jar\u00f0ar fjarri augliti Drottins. Konungur \u00cdsraels er kominn til a\u00f0 leita a\u00f0 einni fl\u00f3 eins og \u00feegar akurh\u00e6na er elt uppi \u00ed fj\u00f6llunum.\u201c<br \/> <a name=\"21\"><span class=\"versanumer_2007\">21<\/span><\/a> \u00de\u00e1 svara\u00f0i S\u00e1l: \u201e\u00c9g hef broti\u00f0 af m\u00e9r. Komdu aftur, Dav\u00ed\u00f0, sonur minn. \u00c9g skal aldrei framar gera \u00fe\u00e9r neitt illt fyrst \u00fe\u00fa virtir l\u00edf mitt svo mikils \u00ed dag. \u00c9g hef heg\u00f0a\u00f0 m\u00e9r heimskulega og m\u00e9r hafa or\u00f0i\u00f0 \u00e1 mikil mist\u00f6k.\u201c <a name=\"22\"><span class=\"versanumer_2007\">22<\/span><\/a> En Dav\u00ed\u00f0 svara\u00f0i: \u201eH\u00e9r er spj\u00f3t \u00feitt, konungur. Einhver \u00fej\u00f3na \u00feinna getur komi\u00f0 hinga\u00f0 yfir og s\u00f3tt \u00fea\u00f0. <a name=\"23\"><span class=\"versanumer_2007\">23<\/span><\/a> Drottinn endurgeldur hverjum manni r\u00e9ttl\u00e6ti hans og tr\u00fafesti. \u00de\u00f3 a\u00f0 Drottinn hafi \u00ed dag selt \u00feig m\u00e9r \u00ed hendur vildi \u00e9g ekki leggja h\u00f6nd \u00e1 Drottins smur\u00f0a. <a name=\"24\"><span class=\"versanumer_2007\">24<\/span><\/a> Svo d\u00fdrm\u00e6tt sem l\u00edf \u00feitt var \u00ed augum m\u00ednum n\u00fa \u00ed dag ver\u00f0ur l\u00edf mitt \u00ed augum Drottins \u00feegar hann bjargar m\u00e9r \u00far \u00f6llum nau\u00f0um.\u201c <a name=\"25\"><span class=\"versanumer_2007\">25<\/span><\/a> \u00de\u00e1 sag\u00f0i S\u00e1l vi\u00f0 Dav\u00ed\u00f0: \u201eBlessa\u00f0ur s\u00e9rt \u00fe\u00fa, Dav\u00ed\u00f0, sonur minn. \u00de\u00e9r mun l\u00e1nast allt sem \u00fe\u00fa tekur \u00fe\u00e9r fyrir hendur.\u201c<br \/>Dav\u00ed\u00f0 h\u00e9lt s\u00ed\u00f0an lei\u00f0ar sinnar en S\u00e1l sneri aftur heim.<\/p>\n","protected":false},"excerpt":{"rendered":"<p>Dav\u00ed\u00f0 \u00feyrmir l\u00edfi S\u00e1ls \u00f6\u00f0ru sinni 1 Einhverju sinni komu nokkrir menn fr\u00e1 S\u00edf til S\u00e1ls \u00ed G\u00edbeu og s\u00f6g\u00f0u: \u201eVeistu ekki a\u00f0 Dav\u00ed\u00f0 er \u00ed felum \u00e1 Hak\u00edlah\u00e6\u00f0 gegnt Jes\u00edmon?\u201c 2 S\u00e1l h\u00e9lt \u00feegar af sta\u00f0 og f\u00f3r ni\u00f0ur til S\u00edfey\u00f0imerkur. Me\u00f0 honum f\u00f3ru \u00ferj\u00fa \u00fe\u00fasund menn, \u00farvalsli\u00f0 \u00cdsraels, til \u00feess a\u00f0 leita a\u00f0 Dav\u00ed\u00f0 \u00ed S\u00edfey\u00f0im\u00f6rk. 3 S\u00e1l setti upp herb\u00fa\u00f0ir \u00e1 Hak\u00edlah\u00e6\u00f0, sem er vi\u00f0 veginn gegnt Jes\u00edmon, en Dav\u00ed\u00f0 h\u00e9lt kyrru fyrir \u00ed ey\u00f0im\u00f6rkinni. \u00deegar hann komst a\u00f0 \u00fev\u00ed a\u00f0 S\u00e1l haf\u00f0i elt hann inn \u00ed ey\u00f0im\u00f6rkina 4 sendi hann nj\u00f3snara \u00e1 vettvang og komst \u00fe\u00e1 <a href=\"https:\/\/biblian.is\/biblian\/fyrri-samuelsbok-26-kafli\/\"> [&#8230;]<\/a><\/p>\n","protected":false},"author":1,"featured_media":0,"parent":0,"menu_order":0,"comment_status":"open","ping_status":"open","template":"bibliukaflar_NT.php","meta":{"footnotes":""},"class_list":["post-1879","page","type-page","status-publish","hentry"],"_links":{"self":[{"href":"https:\/\/biblian.is\/biblian\/wp-json\/wp\/v2\/pages\/1879","targetHints":{"allow":["GET"]}}],"collection":[{"href":"https:\/\/biblian.is\/biblian\/wp-json\/wp\/v2\/pages"}],"about":[{"href":"https:\/\/biblian.is\/biblian\/wp-json\/wp\/v2\/types\/page"}],"author":[{"embeddable":true,"href":"https:\/\/biblian.is\/biblian\/wp-json\/wp\/v2\/users\/1"}],"replies":[{"embeddable":true,"href":"https:\/\/biblian.is\/biblian\/wp-json\/wp\/v2\/comments?post=1879"}],"version-history":[{"count":0,"href":"https:\/\/biblian.is\/biblian\/wp-json\/wp\/v2\/pages\/1879\/revisions"}],"wp:attachment":[{"href":"https:\/\/biblian.is\/biblian\/wp-json\/wp\/v2\/media?parent=1879"}],"curies":[{"name":"wp","href":"https:\/\/api.w.org\/{rel}","templated":true}]}}