{"id":1877,"date":"2017-12-30T21:00:45","date_gmt":"2017-12-30T21:00:45","guid":{"rendered":"http:\/\/biblian.is\/biblian\/fyrri-sam%c2%9celsb%c2%97k-24-kafli\/"},"modified":"2024-02-06T18:29:06","modified_gmt":"2024-02-06T18:29:06","slug":"fyrri-samuelsbok-24-kafli","status":"publish","type":"page","link":"https:\/\/biblian.is\/biblian\/fyrri-samuelsbok-24-kafli\/","title":{"rendered":"Fyrri Sam\u00faelsb\u00f3k 24. kafli"},"content":{"rendered":"<h3 class=\"millifyrirsogn_2007\"> Dav\u00ed\u00f0 \u00feyrmir l\u00edfi S\u00e1ls<\/h3>\n<p><a name=\"1\"><span class=\"versanumer_2007\">1<\/span><\/a> \u00dea\u00f0an h\u00e9lt Dav\u00ed\u00f0 upp til fjallavirkjanna \u00ed Enged\u00ed og var \u00fear um kyrrt.<br \/> <a name=\"2\"><span class=\"versanumer_2007\">2<\/span><\/a> S\u00e1l sneri n\u00fa heim \u00far herf\u00f6rinni gegn Filisteum og var honum sagt: \u201eDav\u00ed\u00f0 er \u00ed Enged\u00edey\u00f0im\u00f6rk.\u201c <a name=\"3\"><span class=\"versanumer_2007\">3<\/span><\/a> S\u00e1l f\u00f3r \u00fe\u00e1 me\u00f0 \u00ferj\u00fa \u00fe\u00fasund manna einvalali\u00f0 \u00far \u00f6llum \u00cdsrael til \u00feess a\u00f0 leita a\u00f0 Dav\u00ed\u00f0 og m\u00f6nnum hans austan vi\u00f0 Steingeitarhamra <a name=\"4\"><span class=\"versanumer_2007\">4<\/span><\/a> og kom a\u00f0 fj\u00e1rr\u00e9ttinni sem er vi\u00f0 veginn. \u00dear var hellir og gekk S\u00e1l inn \u00ed hann erinda sinna. En innst \u00ed hellinum voru Dav\u00ed\u00f0 og menn hans.<br \/> <a name=\"5\"><span class=\"versanumer_2007\">5<\/span><\/a> \u00de\u00e1 s\u00f6g\u00f0u menn Dav\u00ed\u00f0s vi\u00f0 hann: \u201eN\u00fa er dagurinn kominn sem Drottinn tala\u00f0i um \u00feegar hann sag\u00f0i vi\u00f0 \u00feig: \u00c9g mun selja fjandmann \u00feinn \u00ed hendur \u00fe\u00e9r svo a\u00f0 \u00fe\u00fa getir gert vi\u00f0 hann \u00fea\u00f0 sem \u00fe\u00e9r \u00fe\u00f3knast.\u201c Dav\u00ed\u00f0 reis \u00e1 f\u00e6tur og skar b\u00fat af skikkjunni sem S\u00e1l bar, \u00e1n \u00feess a\u00f0 nokkur yr\u00f0i \u00feess var. <a name=\"6\"><span class=\"versanumer_2007\">6<\/span><\/a> \u00c1 eftir angra\u00f0i samviskan Dav\u00ed\u00f0 vegna \u00feess a\u00f0 hann haf\u00f0i skori\u00f0 b\u00fat af skikkju S\u00e1ls <a name=\"7\"><span class=\"versanumer_2007\">7<\/span><\/a> og sag\u00f0i hann vi\u00f0 menn s\u00edna: \u201eDrottinn for\u00f0i m\u00e9r fr\u00e1 \u00fev\u00ed a\u00f0 gera anna\u00f0 eins og \u00feetta gegn herra m\u00ednum, Drottins smur\u00f0a. Drottinn for\u00f0i m\u00e9r fr\u00e1 \u00fev\u00ed a\u00f0 leggja hendur \u00e1 hann \u00fev\u00ed a\u00f0 hann er Drottins smur\u00f0i.\u201c <a name=\"8\"><span class=\"versanumer_2007\">8<\/span><\/a> \u00de\u00e1 \u00e1v\u00edta\u00f0i Dav\u00ed\u00f0 menn s\u00edna har\u00f0lega og leyf\u00f0i \u00feeim ekki a\u00f0 r\u00e1\u00f0ast \u00e1 S\u00e1l.<br \/>S\u00e1l h\u00e9lt s\u00ed\u00f0an \u00e1 brott \u00far hellinum og f\u00f3r lei\u00f0ar sinnar. <a name=\"9\"><span class=\"versanumer_2007\">9<\/span><\/a> \u00de\u00e1 reis Dav\u00ed\u00f0 \u00e1 f\u00e6tur, gekk \u00fat \u00far hellinum og kalla\u00f0i \u00e1 eftir S\u00e1l: \u201eHerra minn, konungur.\u201c \u00deegar S\u00e1l leit vi\u00f0 hneig\u00f0i Dav\u00ed\u00f0 sig til jar\u00f0ar, varpa\u00f0i s\u00e9r ni\u00f0ur fyrir honum <a name=\"10\"><span class=\"versanumer_2007\">10<\/span><\/a> og sag\u00f0i: \u201eHvers vegna hlustar \u00fe\u00fa \u00e1 m\u00e1l \u00feeirra manna sem segja: G\u00e6ttu \u00fe\u00edn, Dav\u00ed\u00f0 vill \u00fe\u00e9r illt. <a name=\"11\"><span class=\"versanumer_2007\">11<\/span><\/a> \u00de\u00fa hefur n\u00fa s\u00e9\u00f0 me\u00f0 eigin augum a\u00f0 Drottinn seldi \u00feig \u00ed hendur m\u00ednar \u00ed hellinum \u00ed dag. \u00c9g var hvattur til a\u00f0 drepa \u00feig en \u00e9g \u00feyrmdi \u00fe\u00e9r og sag\u00f0i: \u00c9g legg ekki hendur \u00e1 h\u00fasb\u00f3nda minn \u00fev\u00ed a\u00f0 hann er Drottins smur\u00f0i. <a name=\"12\"><span class=\"versanumer_2007\">12<\/span><\/a> Sj\u00e1\u00f0u, fa\u00f0ir minn, l\u00edttu \u00e1. \u00c9g held \u00e1 b\u00fat af skikkju \u00feinni \u00ed hendi m\u00e9r. Af \u00fev\u00ed a\u00f0 \u00e9g skar b\u00fat af skikkju \u00feinni en drap \u00feig ekki getur \u00fe\u00fa s\u00e9\u00f0 og skili\u00f0 a\u00f0 \u00e9g hef hvorki uppreisn \u00ed huga n\u00e9 neitt illt og a\u00f0 \u00e9g hef ekki gerst brotlegur gegn \u00fe\u00e9r. \u00dea\u00f0 ert \u00fe\u00fa sem s\u00e6kist eftir l\u00edfi m\u00ednu. <a name=\"13\"><span class=\"versanumer_2007\">13<\/span><\/a> Drottinn skal vera d\u00f3mari og d\u00e6ma milli m\u00edn og \u00fe\u00edn. Drottinn hefni m\u00edn \u00e1 \u00fe\u00e9r en ekki skal \u00e9g leggja hendur \u00e1 \u00feig <a name=\"14\"><span class=\"versanumer_2007\">14<\/span><\/a> eins og segir \u00ed hinu gamla m\u00e1lt\u00e6ki: Ills er af illum von, en \u00e9g legg ekki hendur \u00e1 \u00feig. <a name=\"15\"><span class=\"versanumer_2007\">15<\/span><\/a> Hvern eltir konungur \u00cdsraels? Hvern ofs\u00e6kir \u00fe\u00fa? Dau\u00f0an hund, eina fl\u00f3. <a name=\"16\"><span class=\"versanumer_2007\">16<\/span><\/a> Drottinn s\u00e9 d\u00f3mari og d\u00e6mi milli m\u00edn og \u00fe\u00edn. Hann s\u00e9r \u00feetta og hann mun reka r\u00e9ttar m\u00edns og d\u00e6ma m\u00e9r \u00ed vil.\u201c <br \/> <a name=\"17\"><span class=\"versanumer_2007\">17<\/span><\/a> \u00deegar Dav\u00ed\u00f0 haf\u00f0i sagt \u00feetta vi\u00f0 S\u00e1l svara\u00f0i hann: \u201eEr \u00feetta r\u00f6dd \u00fe\u00edn, Dav\u00ed\u00f0, sonur minn?\u201c S\u00ed\u00f0an brast S\u00e1l \u00ed gr\u00e1t <a name=\"18\"><span class=\"versanumer_2007\">18<\/span><\/a> og sag\u00f0i vi\u00f0 Dav\u00ed\u00f0: \u201e\u00de\u00fa ert r\u00e9ttl\u00e1tari en \u00e9g. \u00de\u00fa hefur reynst m\u00e9r vel en \u00e9g hef reynst \u00fe\u00e9r illa. <a name=\"19\"><span class=\"versanumer_2007\">19<\/span><\/a> \u00cd dag s\u00fdndir \u00fe\u00fa a\u00f0 \u00fe\u00fa vilt m\u00e9r vel \u00feegar Drottinn seldi mig \u00ed hendur \u00fe\u00e9r en \u00fe\u00fa deyddir mig ekki. <a name=\"20\"><span class=\"versanumer_2007\">20<\/span><\/a> L\u00e6tur nokkur andst\u00e6\u00f0ing sinn fara \u00f3\u00e1reittan lei\u00f0ar sinnar ef hann ver\u00f0ur \u00e1 vegi hans? Drottinn launi \u00fe\u00e9r \u00fea\u00f0 me\u00f0 g\u00f3\u00f0u sem \u00fe\u00fa hefur gert m\u00e9r \u00ed dag. <a name=\"21\"><span class=\"versanumer_2007\">21<\/span><\/a> N\u00fa veit \u00e9g a\u00f0 \u00fe\u00fa ver\u00f0ur konungur og a\u00f0 konungd\u00f3murinn yfir \u00cdsrael ver\u00f0ur st\u00f6\u00f0ugur \u00ed hendi \u00fe\u00e9r. <a name=\"22\"><span class=\"versanumer_2007\">22<\/span><\/a> Vinn m\u00e9r \u00fev\u00ed \u00feann ei\u00f0 vi\u00f0 Drottin a\u00f0 \u00fe\u00fa munir ekki tort\u00edma ni\u00f0jum m\u00ednum og ekki afm\u00e1 nafn mitt \u00far \u00e6tt minni.\u201c <a name=\"23\"><span class=\"versanumer_2007\">23<\/span><\/a> Dav\u00ed\u00f0 vann S\u00e1l ei\u00f0 a\u00f0 \u00feessu og f\u00f3r S\u00e1l heim en Dav\u00ed\u00f0 og menn hans upp \u00ed fjallav\u00edgi\u00f0.<\/p>\n","protected":false},"excerpt":{"rendered":"<p>Dav\u00ed\u00f0 \u00feyrmir l\u00edfi S\u00e1ls 1 \u00dea\u00f0an h\u00e9lt Dav\u00ed\u00f0 upp til fjallavirkjanna \u00ed Enged\u00ed og var \u00fear um kyrrt. 2 S\u00e1l sneri n\u00fa heim \u00far herf\u00f6rinni gegn Filisteum og var honum sagt: \u201eDav\u00ed\u00f0 er \u00ed Enged\u00edey\u00f0im\u00f6rk.\u201c 3 S\u00e1l f\u00f3r \u00fe\u00e1 me\u00f0 \u00ferj\u00fa \u00fe\u00fasund manna einvalali\u00f0 \u00far \u00f6llum \u00cdsrael til \u00feess a\u00f0 leita a\u00f0 Dav\u00ed\u00f0 og m\u00f6nnum hans austan vi\u00f0 Steingeitarhamra 4 og kom a\u00f0 fj\u00e1rr\u00e9ttinni sem er vi\u00f0 veginn. \u00dear var hellir og gekk S\u00e1l inn \u00ed hann erinda sinna. En innst \u00ed hellinum voru Dav\u00ed\u00f0 og menn hans. 5 \u00de\u00e1 s\u00f6g\u00f0u menn Dav\u00ed\u00f0s vi\u00f0 hann: \u201eN\u00fa er dagurinn kominn sem <a href=\"https:\/\/biblian.is\/biblian\/fyrri-samuelsbok-24-kafli\/\"> [&#8230;]<\/a><\/p>\n","protected":false},"author":1,"featured_media":0,"parent":0,"menu_order":0,"comment_status":"open","ping_status":"open","template":"bibliukaflar_NT.php","meta":{"footnotes":""},"class_list":["post-1877","page","type-page","status-publish","hentry"],"_links":{"self":[{"href":"https:\/\/biblian.is\/biblian\/wp-json\/wp\/v2\/pages\/1877","targetHints":{"allow":["GET"]}}],"collection":[{"href":"https:\/\/biblian.is\/biblian\/wp-json\/wp\/v2\/pages"}],"about":[{"href":"https:\/\/biblian.is\/biblian\/wp-json\/wp\/v2\/types\/page"}],"author":[{"embeddable":true,"href":"https:\/\/biblian.is\/biblian\/wp-json\/wp\/v2\/users\/1"}],"replies":[{"embeddable":true,"href":"https:\/\/biblian.is\/biblian\/wp-json\/wp\/v2\/comments?post=1877"}],"version-history":[{"count":0,"href":"https:\/\/biblian.is\/biblian\/wp-json\/wp\/v2\/pages\/1877\/revisions"}],"wp:attachment":[{"href":"https:\/\/biblian.is\/biblian\/wp-json\/wp\/v2\/media?parent=1877"}],"curies":[{"name":"wp","href":"https:\/\/api.w.org\/{rel}","templated":true}]}}