{"id":1876,"date":"2017-12-30T21:00:45","date_gmt":"2017-12-30T21:00:45","guid":{"rendered":"http:\/\/biblian.is\/biblian\/fyrri-sam%c2%9celsb%c2%97k-23-kafli\/"},"modified":"2024-02-06T18:29:06","modified_gmt":"2024-02-06T18:29:06","slug":"fyrri-samuelsbok-23-kafli","status":"publish","type":"page","link":"https:\/\/biblian.is\/biblian\/fyrri-samuelsbok-23-kafli\/","title":{"rendered":"Fyrri Sam\u00faelsb\u00f3k 23. kafli"},"content":{"rendered":"<h3 class=\"millifyrirsogn_2007\"> Dav\u00ed\u00f0 frelsar Keg\u00edluborg<\/h3>\n<p><a name=\"1\"><span class=\"versanumer_2007\">1<\/span><\/a> Dav\u00ed\u00f0 voru flutt \u00feessi t\u00ed\u00f0indi: \u201eFilistear eru a\u00f0 herja \u00e1 Keg\u00edlu og r\u00e6na \u00fereskivellina.\u201c <a name=\"2\"><span class=\"versanumer_2007\">2<\/span><\/a> \u00de\u00e1 leita\u00f0i Dav\u00ed\u00f0 svara hj\u00e1 Drottni og spur\u00f0i: \u201e\u00c1 \u00e9g a\u00f0 fara og r\u00e1\u00f0ast \u00e1 Filisteana?\u201c Drottinn svara\u00f0i honum: \u201eFar\u00f0u og herja\u00f0u \u00e1 Filisteana og bjarga\u00f0u Keg\u00edlu.\u201c <a name=\"3\"><span class=\"versanumer_2007\">3<\/span><\/a> En menn Dav\u00ed\u00f0s s\u00f6g\u00f0u vi\u00f0 hann: \u201eMeira a\u00f0 segja h\u00e9r \u00ed J\u00fada erum vi\u00f0 st\u00f6\u00f0ugt hr\u00e6ddir, hva\u00f0 \u00fe\u00e1 ef vi\u00f0 eigum a\u00f0 fara ni\u00f0ur til Keg\u00edlu og gegn fylkingum Filistea.\u201c <a name=\"4\"><span class=\"versanumer_2007\">4<\/span><\/a> \u00de\u00e1 leita\u00f0i Dav\u00ed\u00f0 aftur svara hj\u00e1 Drottni. Drottinn svara\u00f0i honum og sag\u00f0i: \u201eHaltu af sta\u00f0 og far\u00f0u ni\u00f0ur til Keg\u00edlu. \u00c9g mun selja Filistea \u00ed hendur \u00fe\u00e9r.\u201c<br \/> <a name=\"5\"><span class=\"versanumer_2007\">5<\/span><\/a> \u00de\u00e1 f\u00f3r Dav\u00ed\u00f0 \u00e1samt m\u00f6nnum s\u00ednum til Keg\u00edlu, r\u00e9\u00f0st \u00e1 Filistea, sem bi\u00f0u mikinn \u00f3sigur, og rak b\u00faf\u00e9 \u00feeirra burt. \u00deannig bjarga\u00f0i Dav\u00ed\u00f0 \u00edb\u00faum Keg\u00edluborgar.<br \/> <a name=\"6\"><span class=\"versanumer_2007\">6<\/span><\/a> \u00deegar Abjatar, sonur Ah\u00edmeleks, fl\u00fd\u00f0i til Dav\u00ed\u00f0s \u00ed Keg\u00edlu haf\u00f0i hann me\u00f0 s\u00e9r h\u00f6kul. <a name=\"7\"><span class=\"versanumer_2007\">7<\/span><\/a> S\u00e1l var tilkynnt a\u00f0 Dav\u00ed\u00f0 v\u00e6ri kominn til Keg\u00edlu og sag\u00f0i: \u201eGu\u00f0 hefur selt hann m\u00e9r \u00ed hendur. Hann er or\u00f0inn fangi sj\u00e1lfs s\u00edn me\u00f0 \u00fev\u00ed a\u00f0 loka sig inni \u00ed borg me\u00f0 hli\u00f0um og slagbr\u00f6ndum.\u201c <a name=\"8\"><span class=\"versanumer_2007\">8<\/span><\/a> S\u00ed\u00f0an kvaddi S\u00e1l allan herinn \u00ed herf\u00f6r gegn Keg\u00edlu til a\u00f0 setjast um Dav\u00ed\u00f0 og menn hans.<br \/> <a name=\"9\"><span class=\"versanumer_2007\">9<\/span><\/a> \u00deegar Dav\u00ed\u00f0 var\u00f0 lj\u00f3st a\u00f0 S\u00e1l haf\u00f0i illt \u00ed huga gegn honum sag\u00f0i hann vi\u00f0 Abjatar prest: \u201eKomdu me\u00f0 h\u00f6kulinn.\u201c <a name=\"10\"><span class=\"versanumer_2007\">10<\/span><\/a> S\u00ed\u00f0an ba\u00f0 hann: \u201eDrottinn, Gu\u00f0 \u00cdsraels. \u00dej\u00f3nn \u00feinn hefur heyrt a\u00f0 S\u00e1l \u00e6tli a\u00f0 koma til Keg\u00edlu og ey\u00f0a borgina vegna m\u00edn. <a name=\"11\"><span class=\"versanumer_2007\">11<\/span><\/a> Munu r\u00e1\u00f0amenn Keg\u00edluborgar selja mig og menn m\u00edna \u00ed hendur honum? Kemur S\u00e1l hinga\u00f0 ni\u00f0ur eftir eins og \u00fej\u00f3nn \u00feinn hefur fregna\u00f0? Drottinn, Gu\u00f0 \u00cdsraels, svara \u00fe\u00fa \u00fej\u00f3ni \u00fe\u00ednum.\u201c Drottinn svara\u00f0i: \u201eHann kemur.\u201c <a name=\"12\"><span class=\"versanumer_2007\">12<\/span><\/a> \u00de\u00e1 spur\u00f0i Dav\u00ed\u00f0: \u201eMunu r\u00e1\u00f0amenn Keg\u00edluborgar selja mig og menn m\u00edna \u00ed hendur S\u00e1l?\u201c Drottinn svara\u00f0i: \u201eJ\u00e1, \u00fea\u00f0 munu \u00feeir gera.\u201c <a name=\"13\"><span class=\"versanumer_2007\">13<\/span><\/a> Dav\u00ed\u00f0 f\u00f3r \u00fev\u00ed af sta\u00f0 \u00e1samt m\u00f6nnum s\u00ednum, um sex hundru\u00f0 talsins. \u00deeir h\u00e9ldu fr\u00e1 Keg\u00edlu og f\u00f3ru stefnulaust um landi\u00f0. \u00deegar S\u00e1l fr\u00e9tti a\u00f0 Dav\u00ed\u00f0 hef\u00f0i sloppi\u00f0 heill \u00e1 h\u00fafi fr\u00e1 Keg\u00edlu h\u00e6tti hann vi\u00f0 herf\u00f6rina. <\/p>\n<h3 class=\"millifyrirsogn_2007\">Dav\u00ed\u00f0 \u00ed S\u00edfey\u00f0im\u00f6rk<\/h3>\n<p><a name=\"14\"><span class=\"versanumer_2007\">14<\/span><\/a> Dav\u00ed\u00f0 haf\u00f0ist n\u00fa vi\u00f0 \u00ed klettavirkjum \u00ed ey\u00f0im\u00f6rkinni. Hann bj\u00f3 um sig \u00ed fj\u00f6llunum \u00ed S\u00edfey\u00f0im\u00f6rk. S\u00e1l leita\u00f0i hans \u00e1n afl\u00e1ts en Gu\u00f0 seldi hann ekki \u00ed hendur honum. <a name=\"15\"><span class=\"versanumer_2007\">15<\/span><\/a> Dav\u00ed\u00f0 \u00f3tta\u00f0ist um sig vegna \u00feess a\u00f0 S\u00e1l var lag\u00f0ur af sta\u00f0 og s\u00f3ttist eftir l\u00edfi hans.<br \/>\u00c1 me\u00f0an Dav\u00ed\u00f0 var \u00ed H\u00f3res \u00ed S\u00edfey\u00f0im\u00f6rk <a name=\"16\"><span class=\"versanumer_2007\">16<\/span><\/a> kom J\u00f3natan, sonur S\u00e1ls, til Dav\u00ed\u00f0s \u00ed H\u00f3res. J\u00f3natan taldi \u00ed hann kjark \u00ed nafni Gu\u00f0s<span class=\"nedan_mal\" title=\" Or\u00f0r\u00e9tt: styrkti h\u00f6nd hans me\u00f0 Gu\u00f0i. \">[<\/span> <a name=\"17\"><span class=\"versanumer_2007\">17<\/span><\/a> og sag\u00f0i: \u201eVertu \u00f3hr\u00e6ddur \u00fev\u00ed a\u00f0 h\u00f6nd S\u00e1ls, f\u00f6\u00f0ur m\u00edns, mun ekki n\u00e1 \u00fe\u00e9r. \u00de\u00fa ver\u00f0ur konungur yfir \u00cdsrael og \u00e9g mun ganga n\u00e6st \u00fe\u00e9r. \u00deetta veit S\u00e1l, fa\u00f0ir minn.\u201c <a name=\"18\"><span class=\"versanumer_2007\">18<\/span><\/a> S\u00ed\u00f0an ger\u00f0u \u00feeir me\u00f0 s\u00e9r s\u00e1ttm\u00e1la frammi fyrir augliti Drottins. Dav\u00ed\u00f0 var \u00e1fram um kyrrt \u00ed H\u00f3res en J\u00f3natan f\u00f3r aftur heim.<br \/> <a name=\"19\"><span class=\"versanumer_2007\">19<\/span><\/a> N\u00fa f\u00f3ru nokkrir menn fr\u00e1 S\u00edf upp til S\u00e1ls \u00ed G\u00edbeu og s\u00f6g\u00f0u: \u201eVeistu ekki a\u00f0 Dav\u00ed\u00f0 hefur fali\u00f0 sig hj\u00e1 okkur \u00ed klettavirkjunum \u00ed H\u00f3res, \u00e1 Hak\u00edlah\u00e6\u00f0, sunnan vi\u00f0 Jes\u00edmon? <a name=\"20\"><span class=\"versanumer_2007\">20<\/span><\/a> \u00de\u00f3knist \u00fe\u00e9r, konungur, a\u00f0 koma ni\u00f0ur eftir, komdu \u00fe\u00e1 og vi\u00f0 munum sj\u00e1 um a\u00f0 selja Dav\u00ed\u00f0 \u00ed hendur konungi.\u201c<br \/> <a name=\"21\"><span class=\"versanumer_2007\">21<\/span><\/a> S\u00e1l svara\u00f0i: \u201eDrottinn blessi ykkur fyrir a\u00f0 standa me\u00f0 m\u00e9r. <a name=\"22\"><span class=\"versanumer_2007\">22<\/span><\/a> Fari\u00f0 n\u00fa og undirb\u00fai\u00f0 \u00feetta frekar. Haldi\u00f0 uppi nj\u00f3snum og komist a\u00f0 \u00fev\u00ed hvar Dav\u00ed\u00f0 heldur sig og hver hafi s\u00e9\u00f0 hann. M\u00e9r er sagt a\u00f0 hann s\u00e9 mj\u00f6g sl\u00e6gur. <a name=\"23\"><span class=\"versanumer_2007\">23<\/span><\/a> Finni\u00f0 alla sta\u00f0i \u00fear sem hann hef\u00f0i geta\u00f0 fali\u00f0 sig, kanni\u00f0 \u00fe\u00e1 og komi\u00f0 aftur til m\u00edn me\u00f0 \u00f6ruggar uppl\u00fdsingar. \u00de\u00e1 fer \u00e9g me\u00f0 ykkur. Ef hann er \u00ed landinu skal \u00e9g leita hans me\u00f0al allra \u00e6ttb\u00e1lka J\u00fada.\u201c <a name=\"24\"><span class=\"versanumer_2007\">24<\/span><\/a> \u00deeir h\u00e9ldu s\u00ed\u00f0an af sta\u00f0 og f\u00f3ru \u00e1 undan S\u00e1l til S\u00edf.<br \/>Dav\u00ed\u00f0 og menn hans voru \u00fe\u00e1 \u00ed Maoney\u00f0im\u00f6rk \u00ed Araba, sunnan vi\u00f0 Jes\u00edmon. <a name=\"25\"><span class=\"versanumer_2007\">25<\/span><\/a> S\u00e1l og menn hans h\u00e9ldu af sta\u00f0 til a\u00f0 leita hans og \u00feegar Dav\u00ed\u00f0 var sk\u00fdrt fr\u00e1 \u00fev\u00ed h\u00e9lt hann ni\u00f0ur a\u00f0 kletti einum og var um kyrrt \u00ed Maoney\u00f0im\u00f6rk. \u00deegar S\u00e1l fr\u00e9tti \u00fea\u00f0 veitti hann Dav\u00ed\u00f0 eftirf\u00f6r inn \u00ed ey\u00f0im\u00f6rkina. <a name=\"26\"><span class=\"versanumer_2007\">26<\/span><\/a> S\u00e1l f\u00f3r \u00f6\u00f0rum megin vi\u00f0 fjalli\u00f0 en Dav\u00ed\u00f0 og menn hans hinum megin. Dav\u00ed\u00f0 fl\u00fdtti s\u00e9r \u00fe\u00e1 sem mest hann m\u00e1tti til a\u00f0 komast undan S\u00e1l. \u00deegar vi\u00f0 l\u00e1 a\u00f0 S\u00e1l og menn hans hef\u00f0u umkringt Dav\u00ed\u00f0 og menn hans og gripi\u00f0 \u00fe\u00e1 <a name=\"27\"><span class=\"versanumer_2007\">27<\/span><\/a> kom sendibo\u00f0i til S\u00e1ls og sag\u00f0i: \u201eKomdu sem skj\u00f3tast \u00fev\u00ed a\u00f0 Filistear hafa r\u00e1\u00f0ist inn \u00ed landi\u00f0.\u201c <a name=\"28\"><span class=\"versanumer_2007\">28<\/span><\/a> \u00de\u00e1 sneri S\u00e1l vi\u00f0 og l\u00e9t af eftirf\u00f6rinni en h\u00e9lt gegn Filisteum. \u00deess vegna er \u00feessi sta\u00f0ur nefndur Undankomuklettur. <\/p>\n","protected":false},"excerpt":{"rendered":"<p>Dav\u00ed\u00f0 frelsar Keg\u00edluborg 1 Dav\u00ed\u00f0 voru flutt \u00feessi t\u00ed\u00f0indi: \u201eFilistear eru a\u00f0 herja \u00e1 Keg\u00edlu og r\u00e6na \u00fereskivellina.\u201c 2 \u00de\u00e1 leita\u00f0i Dav\u00ed\u00f0 svara hj\u00e1 Drottni og spur\u00f0i: \u201e\u00c1 \u00e9g a\u00f0 fara og r\u00e1\u00f0ast \u00e1 Filisteana?\u201c Drottinn svara\u00f0i honum: \u201eFar\u00f0u og herja\u00f0u \u00e1 Filisteana og bjarga\u00f0u Keg\u00edlu.\u201c 3 En menn Dav\u00ed\u00f0s s\u00f6g\u00f0u vi\u00f0 hann: \u201eMeira a\u00f0 segja h\u00e9r \u00ed J\u00fada erum vi\u00f0 st\u00f6\u00f0ugt hr\u00e6ddir, hva\u00f0 \u00fe\u00e1 ef vi\u00f0 eigum a\u00f0 fara ni\u00f0ur til Keg\u00edlu og gegn fylkingum Filistea.\u201c 4 \u00de\u00e1 leita\u00f0i Dav\u00ed\u00f0 aftur svara hj\u00e1 Drottni. Drottinn svara\u00f0i honum og sag\u00f0i: \u201eHaltu af sta\u00f0 og far\u00f0u ni\u00f0ur til Keg\u00edlu. \u00c9g mun <a href=\"https:\/\/biblian.is\/biblian\/fyrri-samuelsbok-23-kafli\/\"> [&#8230;]<\/a><\/p>\n","protected":false},"author":1,"featured_media":0,"parent":0,"menu_order":0,"comment_status":"open","ping_status":"open","template":"bibliukaflar_NT.php","meta":{"footnotes":""},"class_list":["post-1876","page","type-page","status-publish","hentry"],"_links":{"self":[{"href":"https:\/\/biblian.is\/biblian\/wp-json\/wp\/v2\/pages\/1876","targetHints":{"allow":["GET"]}}],"collection":[{"href":"https:\/\/biblian.is\/biblian\/wp-json\/wp\/v2\/pages"}],"about":[{"href":"https:\/\/biblian.is\/biblian\/wp-json\/wp\/v2\/types\/page"}],"author":[{"embeddable":true,"href":"https:\/\/biblian.is\/biblian\/wp-json\/wp\/v2\/users\/1"}],"replies":[{"embeddable":true,"href":"https:\/\/biblian.is\/biblian\/wp-json\/wp\/v2\/comments?post=1876"}],"version-history":[{"count":0,"href":"https:\/\/biblian.is\/biblian\/wp-json\/wp\/v2\/pages\/1876\/revisions"}],"wp:attachment":[{"href":"https:\/\/biblian.is\/biblian\/wp-json\/wp\/v2\/media?parent=1876"}],"curies":[{"name":"wp","href":"https:\/\/api.w.org\/{rel}","templated":true}]}}