{"id":1875,"date":"2017-12-30T21:00:45","date_gmt":"2017-12-30T21:00:45","guid":{"rendered":"http:\/\/biblian.is\/biblian\/fyrri-sam%c2%9celsb%c2%97k-22-kafli\/"},"modified":"2024-02-06T18:29:05","modified_gmt":"2024-02-06T18:29:05","slug":"fyrri-samuelsbok-22-kafli","status":"publish","type":"page","link":"https:\/\/biblian.is\/biblian\/fyrri-samuelsbok-22-kafli\/","title":{"rendered":"Fyrri Sam\u00faelsb\u00f3k 22. kafli"},"content":{"rendered":"<h3 class=\"millifyrirsogn_2007\"> Dav\u00ed\u00f0 stofnar \u00fatlagasveit<\/h3>\n<p><a name=\"1\"><span class=\"versanumer_2007\">1<\/span><\/a> \u00dev\u00ed n\u00e6st h\u00e9lt Dav\u00ed\u00f0 \u00fea\u00f0an og komst heill \u00e1 h\u00fafi \u00ed hellinn vi\u00f0 Ad\u00fallam. \u00deegar br\u00e6\u00f0ur hans og fj\u00f6lskylda fr\u00e9ttu \u00fea\u00f0 komu \u00feau \u00feanga\u00f0 til hans. <a name=\"2\"><span class=\"versanumer_2007\">2<\/span><\/a> \u00dear safna\u00f0ist a\u00f0 honum alls konar f\u00f3lk sem haf\u00f0i veri\u00f0 beitt \u00f3r\u00e9tti, var skuldugt e\u00f0a \u00f3\u00e1n\u00e6gt. Ger\u00f0ist hann foringi \u00feess. Voru n\u00fa me\u00f0 honum um fj\u00f6gur hundru\u00f0 manns.<br \/> <a name=\"3\"><span class=\"versanumer_2007\">3<\/span><\/a> Dav\u00ed\u00f0 f\u00f3r \u00fea\u00f0an til Mispe \u00ed M\u00f3ab og sag\u00f0i vi\u00f0 konunginn \u00ed M\u00f3ab: \u201eLeyf\u00f0u f\u00f6\u00f0ur m\u00ednum og m\u00f3\u00f0ur a\u00f0 koma og dveljast hj\u00e1 ykkur \u00feanga\u00f0 til \u00e9g veit hva\u00f0 Gu\u00f0 hyggst fyrir me\u00f0 mig.\u201c <a name=\"4\"><span class=\"versanumer_2007\">4<\/span><\/a> S\u00ed\u00f0an fylgdi hann \u00feeim til M\u00f3abskonungs og bjuggu \u00feau hj\u00e1 honum \u00e1 me\u00f0an Dav\u00ed\u00f0 var \u00ed fjallavirkinu.<br \/> <a name=\"5\"><span class=\"versanumer_2007\">5<\/span><\/a> Gat sp\u00e1ma\u00f0ur sag\u00f0i vi\u00f0 Dav\u00ed\u00f0: \u201e\u00de\u00fa skalt ekki vera um kyrrt \u00ed fjallavirkinu. Far\u00f0u \u00fea\u00f0an og haltu heim til J\u00fada.\u201c Dav\u00ed\u00f0 f\u00f3r og h\u00e9lt til Heretsk\u00f3gar.<\/p>\n<h3 class=\"millifyrirsogn_2007\">S\u00e1l hefnir s\u00edn \u00e1 prestunum \u00ed N\u00f3b<\/h3>\n<p><a name=\"6\"><span class=\"versanumer_2007\">6<\/span><\/a> S\u00e1l fr\u00e9tti a\u00f0 Dav\u00ed\u00f0 og menn hans v\u00e6ru fundnir. Einhverju sinni sat S\u00e1l undir eikinni \u00e1 h\u00e6\u00f0inni me\u00f0 spj\u00f3t sitt \u00ed hendi og st\u00f3\u00f0u allir hir\u00f0menn hans umhverfis hann. <a name=\"7\"><span class=\"versanumer_2007\">7<\/span><\/a> S\u00e1l sag\u00f0i \u00fe\u00e1 vi\u00f0 hir\u00f0mennina sem voru hj\u00e1 honum: \u201eHlusti\u00f0 n\u00fa \u00e1 mig, ni\u00f0jar Benjam\u00edns. N\u00fa \u00e6tlar sonur \u00cdsa\u00ed sj\u00e1lfsagt a\u00f0 gefa ykkur \u00f6llum beitil\u00f6nd og v\u00edngar\u00f0a og gera ykkur alla a\u00f0 foringjum yfir \u00fe\u00fasund e\u00f0a hundra\u00f0 manna li\u00f0i <a name=\"8\"><span class=\"versanumer_2007\">8<\/span><\/a> af \u00fev\u00ed a\u00f0 \u00fei\u00f0 hafi\u00f0 allir gert sams\u00e6ri gegn m\u00e9r. Enginn sag\u00f0i m\u00e9r a\u00f0 sonur minn hef\u00f0i gert s\u00e1ttm\u00e1la vi\u00f0 son \u00cdsa\u00ed. Enginn ykkar fann til me\u00f0 m\u00e9r og enginn tr\u00fa\u00f0i m\u00e9r fyrir \u00fev\u00ed a\u00f0 sonur minn hef\u00f0i fengi\u00f0 \u00fej\u00f3n minn til a\u00f0 sitja fyrir m\u00e9r eins og n\u00fa er or\u00f0i\u00f0.\u201c<br \/> <a name=\"9\"><span class=\"versanumer_2007\">9<\/span><\/a> D\u00f3eg fr\u00e1 Ed\u00f3m, sem var \u00e1 me\u00f0al hir\u00f0manna S\u00e1ls, svara\u00f0i: \u201e\u00c9g s\u00e1 \u00feegar sonur \u00cdsa\u00ed kom til Ah\u00edmeleks Ah\u00edt\u00fabssonar \u00ed N\u00f3b. <a name=\"10\"><span class=\"versanumer_2007\">10<\/span><\/a> Ah\u00edmelek leita\u00f0i svara hj\u00e1 Drottni fyrir hann og f\u00e9kk honum b\u00e6\u00f0i vistir og sver\u00f0 Filisteans Gol\u00edats.\u201c <br \/> <a name=\"11\"><span class=\"versanumer_2007\">11<\/span><\/a> Konungur sendi \u00fe\u00e1 eftir Ah\u00edmelek Ah\u00edt\u00fabssyni presti og \u00f6llum \u00e6ttmennum hans sem voru prestar \u00ed N\u00f3b. \u00deegar \u00feeir voru allir komnir til konungs <a name=\"12\"><span class=\"versanumer_2007\">12<\/span><\/a> sag\u00f0i S\u00e1l: \u201eHlusta\u00f0u n\u00fa, sonur Ah\u00edt\u00fabs.\u201c Hann svara\u00f0i: \u201eJ\u00e1, herra.\u201c <a name=\"13\"><span class=\"versanumer_2007\">13<\/span><\/a> \u00de\u00e1 sag\u00f0i S\u00e1l vi\u00f0 hann: \u201eHvers vegna hafi\u00f0 \u00fei\u00f0 sonur \u00cdsa\u00ed gert sams\u00e6ri gegn m\u00e9r? \u00de\u00fa gafst honum brau\u00f0 og sver\u00f0 og leita\u00f0ir fyrir hann svara hj\u00e1 Gu\u00f0i svo a\u00f0 hann g\u00e6ti risi\u00f0 gegn m\u00e9r og sest um mig eins og komi\u00f0 er \u00e1 daginn.\u201c<br \/> <a name=\"14\"><span class=\"versanumer_2007\">14<\/span><\/a> Ah\u00edmelek svara\u00f0i konungi og sag\u00f0i: \u201eHver hir\u00f0manna \u00feinna hefur reynst jafntraustur og Dav\u00ed\u00f0? Hann er tengdasonur konungs, foringi l\u00edfvar\u00f0ar \u00fe\u00edns og \u00ed miklum metum \u00ed fj\u00f6lskyldu \u00feinni. <a name=\"15\"><span class=\"versanumer_2007\">15<\/span><\/a> Var \u00fea\u00f0 fyrst n\u00fa \u00ed dag a\u00f0 \u00e9g leita\u00f0i svara hj\u00e1 Gu\u00f0i fyrir hann? \u00dev\u00ed fer v\u00ed\u00f0s fjarri. Konungur \u00e6tti ekki a\u00f0 \u00e1k\u00e6ra mig, \u00fej\u00f3n sinn, og alla \u00e6tt m\u00edna \u00fev\u00ed a\u00f0 \u00e9g, \u00fej\u00f3nn \u00feinn, haf\u00f0i alls enga hugmynd um \u00feetta m\u00e1l.\u201c<br \/> <a name=\"16\"><span class=\"versanumer_2007\">16<\/span><\/a> \u00de\u00e1 sag\u00f0i konungur: \u201e\u00de\u00fa skalt l\u00e1ta l\u00edfi\u00f0, Ah\u00edmelek, \u00fe\u00fa og \u00f6ll \u00fe\u00edn \u00e6tt.\u201c <a name=\"17\"><span class=\"versanumer_2007\">17<\/span><\/a> \u00dev\u00ed n\u00e6st sag\u00f0i konungurinn vi\u00f0 l\u00edfver\u00f0ina sem st\u00f3\u00f0u umhverfis hann: \u201eUmkringi\u00f0 presta Drottins og drepi\u00f0 \u00fe\u00e1 \u00fev\u00ed a\u00f0 \u00feeir hafa hj\u00e1lpa\u00f0 Dav\u00ed\u00f0. \u00deeir vissu a\u00f0 hann var \u00e1 fl\u00f3tta en s\u00f6g\u00f0u ekki til hans.\u201c En menn konungs vildu ekki lyfta hendi til a\u00f0 h\u00f6ggva presta Drottins. <a name=\"18\"><span class=\"versanumer_2007\">18<\/span><\/a> \u00de\u00e1 sag\u00f0i konungurinn D\u00f3eg a\u00f0 fara og h\u00f6ggva prestana. \u00de\u00e1 gekk D\u00f3eg fr\u00e1 Ed\u00f3m fram og hj\u00f3 prestana. \u00deennan dag felldi hann \u00e1ttat\u00edu og fimm menn sem b\u00e1ru l\u00ednh\u00f6kla. <a name=\"19\"><span class=\"versanumer_2007\">19<\/span><\/a> Hann eyddi einnig prestaborgina N\u00f3b og l\u00e9t h\u00f6ggva ni\u00f0ur me\u00f0 sver\u00f0um b\u00e6\u00f0i karla og konur, b\u00f6rn og brj\u00f3stmylkinga, naut, asna og sau\u00f0f\u00e9.<br \/> <a name=\"20\"><span class=\"versanumer_2007\">20<\/span><\/a> Einn af sonum Ah\u00edmeleks Ah\u00edt\u00fabssonar komst undan. Hann h\u00e9t Abjatar og honum t\u00f3kst a\u00f0 fl\u00fdja til Dav\u00ed\u00f0s. <a name=\"21\"><span class=\"versanumer_2007\">21<\/span><\/a> \u00deegar Abjatar sag\u00f0i Dav\u00ed\u00f0 a\u00f0 S\u00e1l hef\u00f0i drepi\u00f0 presta Drottins <a name=\"22\"><span class=\"versanumer_2007\">22<\/span><\/a> sag\u00f0i Dav\u00ed\u00f0 vi\u00f0 hann: \u201e\u00c9g vissi \u00fea\u00f0 \u00fe\u00e1 \u00feegar, \u00far \u00fev\u00ed a\u00f0 D\u00f3eg fr\u00e1 Ed\u00f3m var \u00fear, a\u00f0 hann mundi segja S\u00e1l fr\u00e1 \u00fev\u00ed. \u00dea\u00f0 er m\u00edn s\u00f6k a\u00f0 \u00f6ll \u00e6tt f\u00f6\u00f0ur \u00fe\u00edns er d\u00e1in. <a name=\"23\"><span class=\"versanumer_2007\">23<\/span><\/a> Vertu kyrr hj\u00e1 m\u00e9r. Vertu \u00f3hr\u00e6ddur. S\u00e1 sem s\u00e6kist eftir m\u00ednu l\u00edfi s\u00e6kist einnig eftir \u00fe\u00ednu. \u00deess vegna ertu \u00f6ruggur hj\u00e1 m\u00e9r.\u201c<\/p>\n","protected":false},"excerpt":{"rendered":"<p>Dav\u00ed\u00f0 stofnar \u00fatlagasveit 1 \u00dev\u00ed n\u00e6st h\u00e9lt Dav\u00ed\u00f0 \u00fea\u00f0an og komst heill \u00e1 h\u00fafi \u00ed hellinn vi\u00f0 Ad\u00fallam. \u00deegar br\u00e6\u00f0ur hans og fj\u00f6lskylda fr\u00e9ttu \u00fea\u00f0 komu \u00feau \u00feanga\u00f0 til hans. 2 \u00dear safna\u00f0ist a\u00f0 honum alls konar f\u00f3lk sem haf\u00f0i veri\u00f0 beitt \u00f3r\u00e9tti, var skuldugt e\u00f0a \u00f3\u00e1n\u00e6gt. Ger\u00f0ist hann foringi \u00feess. Voru n\u00fa me\u00f0 honum um fj\u00f6gur hundru\u00f0 manns. 3 Dav\u00ed\u00f0 f\u00f3r \u00fea\u00f0an til Mispe \u00ed M\u00f3ab og sag\u00f0i vi\u00f0 konunginn \u00ed M\u00f3ab: \u201eLeyf\u00f0u f\u00f6\u00f0ur m\u00ednum og m\u00f3\u00f0ur a\u00f0 koma og dveljast hj\u00e1 ykkur \u00feanga\u00f0 til \u00e9g veit hva\u00f0 Gu\u00f0 hyggst fyrir me\u00f0 mig.\u201c 4 S\u00ed\u00f0an fylgdi hann \u00feeim til <a href=\"https:\/\/biblian.is\/biblian\/fyrri-samuelsbok-22-kafli\/\"> [&#8230;]<\/a><\/p>\n","protected":false},"author":1,"featured_media":0,"parent":0,"menu_order":0,"comment_status":"open","ping_status":"open","template":"bibliukaflar_NT.php","meta":{"footnotes":""},"class_list":["post-1875","page","type-page","status-publish","hentry"],"_links":{"self":[{"href":"https:\/\/biblian.is\/biblian\/wp-json\/wp\/v2\/pages\/1875","targetHints":{"allow":["GET"]}}],"collection":[{"href":"https:\/\/biblian.is\/biblian\/wp-json\/wp\/v2\/pages"}],"about":[{"href":"https:\/\/biblian.is\/biblian\/wp-json\/wp\/v2\/types\/page"}],"author":[{"embeddable":true,"href":"https:\/\/biblian.is\/biblian\/wp-json\/wp\/v2\/users\/1"}],"replies":[{"embeddable":true,"href":"https:\/\/biblian.is\/biblian\/wp-json\/wp\/v2\/comments?post=1875"}],"version-history":[{"count":0,"href":"https:\/\/biblian.is\/biblian\/wp-json\/wp\/v2\/pages\/1875\/revisions"}],"wp:attachment":[{"href":"https:\/\/biblian.is\/biblian\/wp-json\/wp\/v2\/media?parent=1875"}],"curies":[{"name":"wp","href":"https:\/\/api.w.org\/{rel}","templated":true}]}}