{"id":1874,"date":"2017-12-30T21:00:45","date_gmt":"2017-12-30T21:00:45","guid":{"rendered":"http:\/\/biblian.is\/biblian\/fyrri-sam%c2%9celsb%c2%97k-21-kafli\/"},"modified":"2024-02-06T18:29:05","modified_gmt":"2024-02-06T18:29:05","slug":"fyrri-samuelsbok-21-kafli","status":"publish","type":"page","link":"https:\/\/biblian.is\/biblian\/fyrri-samuelsbok-21-kafli\/","title":{"rendered":"Fyrri Sam\u00faelsb\u00f3k 21. kafli"},"content":{"rendered":"<h3 class=\"millifyrirsogn_2007\"> Dav\u00ed\u00f0 \u00ed helgid\u00f3minum \u00ed N\u00f3b<\/h3>\n<p><a name=\"1\"><span class=\"versanumer_2007\">1<\/span><\/a> Dav\u00ed\u00f0 gekk s\u00ed\u00f0an lei\u00f0ar sinnar en J\u00f3natan sneri aftur til borgarinnar.<br \/> <a name=\"2\"><span class=\"versanumer_2007\">2<\/span><\/a> Dav\u00ed\u00f0 h\u00e9lt til N\u00f3b til Ah\u00edmeleks prests. Ah\u00edmelek gekk skj\u00e1lfandi af hr\u00e6\u00f0slu \u00e1 m\u00f3ti honum og spur\u00f0i: \u201eHvers vegna ert \u00fe\u00fa einn \u00e1 fer\u00f0 og enginn me\u00f0 \u00fe\u00e9r?\u201c <a name=\"3\"><span class=\"versanumer_2007\">3<\/span><\/a> Dav\u00ed\u00f0 svara\u00f0i Ah\u00edmelek presti: \u201eKonungur f\u00f3l m\u00e9r \u00e1kve\u00f0i\u00f0 erindi og bau\u00f0 a\u00f0 enginn m\u00e6tti vita neitt um sendif\u00f6r m\u00edna e\u00f0a erindi\u00f0 sem hann f\u00f3l m\u00e9r. \u00deess vegna hef \u00e9g stefnt m\u00f6nnum m\u00ednum saman \u00e1 \u00e1kve\u00f0inn sta\u00f0. <a name=\"4\"><span class=\"versanumer_2007\">4<\/span><\/a> En hva\u00f0 ertu me\u00f0, ef til vill fimm brau\u00f0? Gef\u00f0u m\u00e9r \u00feau e\u00f0a eitthva\u00f0 anna\u00f0.\u201c<br \/> <a name=\"5\"><span class=\"versanumer_2007\">5<\/span><\/a> Presturinn svara\u00f0i Dav\u00ed\u00f0 og sag\u00f0i: \u201e\u00c9g hef ekkert venjulegt brau\u00f0 tilt\u00e6kt, a\u00f0eins heilagt brau\u00f0. En hafa fylgdarmenn \u00fe\u00ednir haldi\u00f0 sig fr\u00e1 konum?\u201c <a name=\"6\"><span class=\"versanumer_2007\">6<\/span><\/a> Dav\u00ed\u00f0 svara\u00f0i prestinum og sag\u00f0i: \u201eOkkur hefur veri\u00f0 meina\u00f0 a\u00f0 hafa samneyti vi\u00f0 konur undanfari\u00f0. \u00deegar \u00e9g h\u00e9lt af sta\u00f0 voru vopn fylgdarmanna minna \u00e1rei\u00f0anlega heil\u00f6g \u00fe\u00f3 a\u00f0 \u00feetta s\u00e9 a\u00f0eins venjuleg fer\u00f0. Hversu miklu fremur ver\u00f0a \u00feeir \u00fe\u00e1 helga\u00f0ir \u00ed dag \u00e1samt vopnum s\u00ednum?\u201c <a name=\"7\"><span class=\"versanumer_2007\">7<\/span><\/a> \u00de\u00e1 gaf presturinn honum heilagt brau\u00f0 \u00fev\u00ed a\u00f0 \u00fearna voru a\u00f0eins til sko\u00f0unarbrau\u00f0, sem h\u00f6f\u00f0u veri\u00f0 tekin fr\u00e1 augliti Drottins, en volg brau\u00f0 l\u00f6g\u00f0 fram \u00ed \u00feeirra sta\u00f0.<br \/> <a name=\"8\"><span class=\"versanumer_2007\">8<\/span><\/a> \u00deennan dag var einn af \u00fej\u00f3num S\u00e1ls loka\u00f0ur \u00fearna inni frammi fyrir augliti Drottins. Hann h\u00e9t D\u00f3eg og var fr\u00e1 Ed\u00f3m og var yfir fj\u00e1rhir\u00f0um S\u00e1ls.<br \/> <a name=\"9\"><span class=\"versanumer_2007\">9<\/span><\/a> S\u00ed\u00f0an spur\u00f0i Dav\u00ed\u00f0 Ah\u00edmelek: \u201eHefur\u00f0u ekki spj\u00f3t e\u00f0a sver\u00f0 vi\u00f0 h\u00f6ndina? \u00c9g gat hvorki teki\u00f0 sver\u00f0 mitt n\u00e9 anna\u00f0 vopn me\u00f0 m\u00e9r \u00fev\u00ed a\u00f0 erindi konungs bar svo br\u00e1tt a\u00f0.\u201c <a name=\"10\"><span class=\"versanumer_2007\">10<\/span><\/a> Presturinn svara\u00f0i: \u201eSver\u00f0 Filisteans Gol\u00edats, sem \u00fe\u00fa felldir \u00ed Eikadalnum, er h\u00e9r. \u00dea\u00f0 er vafi\u00f0 \u00ed kl\u00e6\u00f0i \u00e1 bak vi\u00f0 h\u00f6kulinn. Ef \u00fe\u00fa vilt nota \u00fea\u00f0 skaltu taka \u00fea\u00f0. H\u00e9r er ekkert anna\u00f0 a\u00f0 hafa.\u201c Dav\u00ed\u00f0 sag\u00f0i: \u201e\u00dea\u00f0 er sver\u00f0a best. F\u00e1 \u00fe\u00fa m\u00e9r \u00fea\u00f0.\u201c<\/p>\n<h3 class=\"millifyrirsogn_2007\">Dav\u00ed\u00f0 hj\u00e1 Filisteum<\/h3>\n<p><a name=\"11\"><span class=\"versanumer_2007\">11<\/span><\/a> Sama dag lag\u00f0i Dav\u00ed\u00f0 \u00e1 fl\u00f3tta undan S\u00e1l og f\u00f3r til Ak\u00edss, konungs \u00ed Gat. <a name=\"12\"><span class=\"versanumer_2007\">12<\/span><\/a> \u00de\u00e1 spur\u00f0u hir\u00f0menn Ak\u00edss: \u201eEr \u00feetta ekki Dav\u00ed\u00f0, konungur landsins? Er \u00fea\u00f0 ekki hann sem sungi\u00f0 var um \u00ed dansinum:<br \/> <span class=\"ljodatexti\"> S\u00e1l felldi s\u00edn \u00fe\u00fasund<br \/>en Dav\u00ed\u00f0 s\u00edn t\u00edu \u00fe\u00fasund?\u201c <\/span> <br \/> <a name=\"13\"><span class=\"versanumer_2007\">13<\/span><\/a> Dav\u00ed\u00f0 lag\u00f0i \u00feessi or\u00f0 \u00e1 minni\u00f0 en var\u00f0 mj\u00f6g hr\u00e6ddur vi\u00f0 Ak\u00eds, konung \u00ed Gat. <a name=\"14\"><span class=\"versanumer_2007\">14<\/span><\/a> Hann ger\u00f0i s\u00e9r \u00fev\u00ed upp vitfirringu frammi fyrir m\u00f6nnum hans og l\u00e9t sem \u00f3\u00f0ur v\u00e6ri \u00feegar \u00feeir reyndu a\u00f0 hemja hann, lamdi \u00e1 hur\u00f0ir borgarhli\u00f0sins og slefa\u00f0i \u00ed skegg s\u00e9r. <a name=\"15\"><span class=\"versanumer_2007\">15<\/span><\/a> \u00de\u00e1 sag\u00f0i Ak\u00eds vi\u00f0 menn s\u00edna: \u201e\u00dei\u00f0 sj\u00e1i\u00f0 a\u00f0 ma\u00f0urinn er vitstola. Hvers vegna komi\u00f0 \u00fei\u00f0 me\u00f0 hann til m\u00edn? Er ekki n\u00f3g af vitfirringum h\u00e9r \u00fe\u00f3 a\u00f0 \u00fei\u00f0 komi\u00f0 ekki me\u00f0 hann til a\u00f0 angra mig me\u00f0 \u00e6\u00f0i s\u00ednu? Hva\u00f0 hefur hann a\u00f0 gera \u00ed mitt h\u00fas?\u201c<\/p>\n","protected":false},"excerpt":{"rendered":"<p>Dav\u00ed\u00f0 \u00ed helgid\u00f3minum \u00ed N\u00f3b 1 Dav\u00ed\u00f0 gekk s\u00ed\u00f0an lei\u00f0ar sinnar en J\u00f3natan sneri aftur til borgarinnar. 2 Dav\u00ed\u00f0 h\u00e9lt til N\u00f3b til Ah\u00edmeleks prests. Ah\u00edmelek gekk skj\u00e1lfandi af hr\u00e6\u00f0slu \u00e1 m\u00f3ti honum og spur\u00f0i: \u201eHvers vegna ert \u00fe\u00fa einn \u00e1 fer\u00f0 og enginn me\u00f0 \u00fe\u00e9r?\u201c 3 Dav\u00ed\u00f0 svara\u00f0i Ah\u00edmelek presti: \u201eKonungur f\u00f3l m\u00e9r \u00e1kve\u00f0i\u00f0 erindi og bau\u00f0 a\u00f0 enginn m\u00e6tti vita neitt um sendif\u00f6r m\u00edna e\u00f0a erindi\u00f0 sem hann f\u00f3l m\u00e9r. \u00deess vegna hef \u00e9g stefnt m\u00f6nnum m\u00ednum saman \u00e1 \u00e1kve\u00f0inn sta\u00f0. 4 En hva\u00f0 ertu me\u00f0, ef til vill fimm brau\u00f0? Gef\u00f0u m\u00e9r \u00feau e\u00f0a eitthva\u00f0 anna\u00f0.\u201c 5 <a href=\"https:\/\/biblian.is\/biblian\/fyrri-samuelsbok-21-kafli\/\"> [&#8230;]<\/a><\/p>\n","protected":false},"author":1,"featured_media":0,"parent":0,"menu_order":0,"comment_status":"open","ping_status":"open","template":"bibliukaflar_NT.php","meta":{"footnotes":""},"class_list":["post-1874","page","type-page","status-publish","hentry"],"_links":{"self":[{"href":"https:\/\/biblian.is\/biblian\/wp-json\/wp\/v2\/pages\/1874","targetHints":{"allow":["GET"]}}],"collection":[{"href":"https:\/\/biblian.is\/biblian\/wp-json\/wp\/v2\/pages"}],"about":[{"href":"https:\/\/biblian.is\/biblian\/wp-json\/wp\/v2\/types\/page"}],"author":[{"embeddable":true,"href":"https:\/\/biblian.is\/biblian\/wp-json\/wp\/v2\/users\/1"}],"replies":[{"embeddable":true,"href":"https:\/\/biblian.is\/biblian\/wp-json\/wp\/v2\/comments?post=1874"}],"version-history":[{"count":0,"href":"https:\/\/biblian.is\/biblian\/wp-json\/wp\/v2\/pages\/1874\/revisions"}],"wp:attachment":[{"href":"https:\/\/biblian.is\/biblian\/wp-json\/wp\/v2\/media?parent=1874"}],"curies":[{"name":"wp","href":"https:\/\/api.w.org\/{rel}","templated":true}]}}