{"id":1872,"date":"2017-12-30T21:00:45","date_gmt":"2017-12-30T21:00:45","guid":{"rendered":"http:\/\/biblian.is\/biblian\/fyrri-sam%c2%9celsb%c2%97k-19-kafli\/"},"modified":"2024-02-06T18:29:02","modified_gmt":"2024-02-06T18:29:02","slug":"fyrri-samuelsbok-19-kafli","status":"publish","type":"page","link":"https:\/\/biblian.is\/biblian\/fyrri-samuelsbok-19-kafli\/","title":{"rendered":"Fyrri Sam\u00faelsb\u00f3k 19. kafli"},"content":{"rendered":"<h3 class=\"millifyrirsogn_2007\"> S\u00e1l ofs\u00e6kir Dav\u00ed\u00f0<\/h3>\n<p><a name=\"1\"><span class=\"versanumer_2007\">1<\/span><\/a> S\u00e1l tala\u00f0i vi\u00f0 J\u00f3natan, son sinn, og alla \u00fej\u00f3na s\u00edna um a\u00f0 drepa Dav\u00ed\u00f0. En J\u00f3natan, syni S\u00e1ls, \u00fe\u00f3tti mj\u00f6g v\u00e6nt um Dav\u00ed\u00f0. <a name=\"2\"><span class=\"versanumer_2007\">2<\/span><\/a> J\u00f3natan sk\u00fdr\u00f0i \u00fev\u00ed Dav\u00ed\u00f0 fr\u00e1 \u00feessu og sag\u00f0i: \u201eS\u00e1l, fa\u00f0ir minn, \u00e6tlar a\u00f0 drepa \u00feig. G\u00e6ttu \u00fe\u00edn vel \u00ed fyrram\u00e1li\u00f0. Feldu \u00feig og haltu kyrru fyrir. <a name=\"3\"><span class=\"versanumer_2007\">3<\/span><\/a> Sj\u00e1lfur \u00e6tla \u00e9g a\u00f0 fara \u00fat og vera hj\u00e1 f\u00f6\u00f0ur m\u00ednum \u00e1 akrinum \u00fear sem \u00fe\u00fa ert. \u00c9g mun tala um \u00feig vi\u00f0 f\u00f6\u00f0ur minn og ver\u00f0i \u00e9g nokkurs v\u00edsari segi \u00e9g \u00fe\u00e9r fr\u00e1 \u00fev\u00ed.\u201c<br \/> <a name=\"4\"><span class=\"versanumer_2007\">4<\/span><\/a> J\u00f3natan tala\u00f0i s\u00ed\u00f0an m\u00e1li Dav\u00ed\u00f0s vi\u00f0 S\u00e1l, f\u00f6\u00f0ur sinn, og sag\u00f0i vi\u00f0 hann: \u201eKonungurinn \u00e6tti ekki a\u00f0 dr\u00fdgja sl\u00edkan gl\u00e6p \u00e1 Dav\u00ed\u00f0, \u00fej\u00f3ni s\u00ednum. Hann hefur ekkert illt gert \u00fe\u00e9r, heldur hafa verk hans reynst \u00fe\u00e9r mj\u00f6g gagnleg. <a name=\"5\"><span class=\"versanumer_2007\">5<\/span><\/a> Hann h\u00e6tti l\u00edfi s\u00ednu \u00feegar hann drap Filisteann og me\u00f0 \u00fev\u00ed veitti Drottinn \u00f6llum \u00cdsrael mikinn sigur. \u00de\u00fa s\u00e1st \u00fea\u00f0 sj\u00e1lfur og gladdist. Hvers vegna viltu dr\u00fdgja gl\u00e6p og \u00fathella saklausu bl\u00f3\u00f0i me\u00f0 \u00fev\u00ed a\u00f0 drepa Dav\u00ed\u00f0 a\u00f0 \u00e1st\u00e6\u00f0ulausu?\u201c<br \/> <a name=\"6\"><span class=\"versanumer_2007\">6<\/span><\/a> S\u00e1l hlusta\u00f0i \u00e1 \u00fea\u00f0 sem J\u00f3natan sag\u00f0i og s\u00f3r s\u00ed\u00f0an: \u201eSvo sannarlega sem Drottinn lifir ver\u00f0ur Dav\u00ed\u00f0 ekki drepinn!\u201c <a name=\"7\"><span class=\"versanumer_2007\">7<\/span><\/a> \u00de\u00e1 kalla\u00f0i J\u00f3natan \u00e1 Dav\u00ed\u00f0 og sag\u00f0i honum allt af l\u00e9tta. S\u00ed\u00f0an f\u00f3r J\u00f3natan me\u00f0 Dav\u00ed\u00f0 til S\u00e1ls og \u00fej\u00f3na\u00f0i hann konungi eins og \u00e1\u00f0ur.<br \/> <a name=\"8\"><span class=\"versanumer_2007\">8<\/span><\/a> Str\u00ed\u00f0i\u00f0 h\u00e9lt \u00e1fram og Dav\u00ed\u00f0 f\u00f3r aftur a\u00f0 heiman \u00ed lei\u00f0angur og bar\u00f0ist vi\u00f0 Filisteana. \u00deeir guldu miki\u00f0 afhro\u00f0 fyrir honum og fl\u00fd\u00f0u undan honum. <br \/> <a name=\"9\"><span class=\"versanumer_2007\">9<\/span><\/a> Einhverju sinni kom illur andi fr\u00e1 Gu\u00f0i \u00e1 n\u00fd yfir S\u00e1l \u00feegar hann sat \u00ed h\u00fasi s\u00ednu me\u00f0 spj\u00f3t \u00ed hendi en Dav\u00ed\u00f0 l\u00e9k \u00e1 h\u00f6rpuna. <a name=\"10\"><span class=\"versanumer_2007\">10<\/span><\/a> S\u00e1l reyndi a\u00f0 reka Dav\u00ed\u00f0 \u00ed gegn og festa hann vi\u00f0 vegginn me\u00f0 spj\u00f3ti s\u00ednu en hann gat viki\u00f0 s\u00e9r undan svo a\u00f0 S\u00e1l lag\u00f0i spj\u00f3tinu \u00ed vegginn. \u00de\u00e1 fl\u00fd\u00f0i Dav\u00ed\u00f0 og t\u00f3kst a\u00f0 komast undan \u00feessa s\u00f6mu n\u00f3tt. <a name=\"11\"><span class=\"versanumer_2007\">11<\/span><\/a> \u00de\u00e1 sendi S\u00e1l menn til h\u00fass Dav\u00ed\u00f0s til a\u00f0 sitja um hann og drepa morguninn eftir. En M\u00edkal, kona Dav\u00ed\u00f0s, vara\u00f0i hann vi\u00f0 og sag\u00f0i: \u201eEf \u00fe\u00fa bjargar ekki l\u00edfi \u00fe\u00ednu \u00ed n\u00f3tt ver\u00f0ur \u00fe\u00fa drepinn \u00ed fyrram\u00e1li\u00f0.\u201c <a name=\"12\"><span class=\"versanumer_2007\">12<\/span><\/a> S\u00ed\u00f0an l\u00e9t M\u00edkal Dav\u00ed\u00f0 s\u00edga \u00fat um glugga og komst hann \u00feannig undan \u00e1 fl\u00f3tta. <a name=\"13\"><span class=\"versanumer_2007\">13<\/span><\/a> M\u00edkal t\u00f3k \u00fev\u00ed n\u00e6st h\u00fasgo\u00f0i\u00f0 og lag\u00f0i \u00fea\u00f0 \u00ed r\u00fami\u00f0. \u00c1 h\u00f6fu\u00f0 \u00feess setti h\u00fan geitarh\u00e1rsfl\u00f3ka og breiddi \u00e1brei\u00f0u yfir. <a name=\"14\"><span class=\"versanumer_2007\">14<\/span><\/a> \u00deegar S\u00e1l sendi s\u00ed\u00f0an menn til a\u00f0 gr\u00edpa Dav\u00ed\u00f0 sag\u00f0i h\u00fan: \u201eHann er veikur.\u201c <a name=\"15\"><span class=\"versanumer_2007\">15<\/span><\/a> \u00de\u00e1 sendi S\u00e1l menn a\u00f0 n\u00fdju til a\u00f0 vitja Dav\u00ed\u00f0s og skipa\u00f0i \u00feeim: \u201eF\u00e6ri\u00f0 m\u00e9r hann \u00ed r\u00faminu svo a\u00f0 \u00e9g geti drepi\u00f0 hann.\u201c<br \/> <a name=\"16\"><span class=\"versanumer_2007\">16<\/span><\/a> \u00deegar sendimennirnir komu fundu \u00feeir h\u00fasgo\u00f0i\u00f0 \u00ed r\u00faminu me\u00f0 geitarh\u00e1rsfl\u00f3ka \u00e1 h\u00f6f\u00f0i. <a name=\"17\"><span class=\"versanumer_2007\">17<\/span><\/a> \u00de\u00e1 sag\u00f0i S\u00e1l vi\u00f0 M\u00edkal: \u201eHvers vegna hefur \u00fe\u00fa blekkt mig svona og hj\u00e1lpa\u00f0 fjandmanni m\u00ednum a\u00f0 komast undan?\u201c M\u00edkal svara\u00f0i: \u201eHann sag\u00f0i vi\u00f0 mig: Komdu m\u00e9r undan, annars drep \u00e9g \u00feig.\u201c<br \/> <a name=\"18\"><span class=\"versanumer_2007\">18<\/span><\/a> \u00deegar Dav\u00ed\u00f0 haf\u00f0i fl\u00fai\u00f0 og komist undan f\u00f3r hann til Sam\u00faels \u00ed Rama og sag\u00f0i honum fr\u00e1 \u00f6llu sem S\u00e1l haf\u00f0i gert honum. S\u00ed\u00f0an f\u00f3ru \u00feeir Sam\u00fael og voru um kyrrt \u00ed Naj\u00f3t. <a name=\"19\"><span class=\"versanumer_2007\">19<\/span><\/a> S\u00e1l var sk\u00fdrt fr\u00e1 \u00fev\u00ed a\u00f0 Dav\u00ed\u00f0 v\u00e6ri \u00ed Naj\u00f3t \u00ed Rama. <a name=\"20\"><span class=\"versanumer_2007\">20<\/span><\/a> Hann sendi \u00fe\u00e1 menn til a\u00f0 gr\u00edpa Dav\u00ed\u00f0. \u00deegar \u00feeir s\u00e1u sp\u00e1mannah\u00f3p \u00ed sp\u00e1mannlegri lei\u00f0slu me\u00f0 Sam\u00fael \u00ed broddi fylkingar kom andi Gu\u00f0s yfir sendimenn S\u00e1ls svo a\u00f0 \u00feeir komust einnig \u00ed sp\u00e1mannlega lei\u00f0slu. <a name=\"21\"><span class=\"versanumer_2007\">21<\/span><\/a> \u00deegar S\u00e1l var tilkynnt \u00feetta sendi hann a\u00f0ra menn sem f\u00e9llu l\u00edka \u00ed lei\u00f0slu. \u00de\u00e1 sendi S\u00e1l menn \u00ed \u00feri\u00f0ja skipti\u00f0 en \u00feeir f\u00e9llu einnig \u00ed lei\u00f0slu. <a name=\"22\"><span class=\"versanumer_2007\">22<\/span><\/a> \u00de\u00e1 h\u00e9lt hann sj\u00e1lfur til Rama. \u00deegar hann kom a\u00f0 st\u00f3ra brunninum \u00ed Sek\u00f3 spur\u00f0i hann: \u201eHvar eru Sam\u00fael og Dav\u00ed\u00f0?\u201c \u201e\u00cd h\u00fasi sp\u00e1mannanna \u00ed Rama,\u201c var honum sagt. <a name=\"23\"><span class=\"versanumer_2007\">23<\/span><\/a> \u00c1 lei\u00f0inni \u00feanga\u00f0 kom andi Gu\u00f0s einnig yfir hann og var hann \u00ed sp\u00e1mannlegri lei\u00f0slu alla lei\u00f0ina til Naj\u00f3t \u00ed Rama. <a name=\"24\"><span class=\"versanumer_2007\">24<\/span><\/a> Hann reif meira a\u00f0 segja af s\u00e9r f\u00f6tin og var \u00ed sp\u00e1mannlegri lei\u00f0slu frammi fyrir Sam\u00fael. Hann l\u00e1 nakinn allan \u00feann dag og alla n\u00f3ttina. \u00deess vegna er sagt: \u201eEr S\u00e1l einnig \u00ed h\u00f3pi sp\u00e1mannanna?\u201c<\/p>\n","protected":false},"excerpt":{"rendered":"<p>S\u00e1l ofs\u00e6kir Dav\u00ed\u00f0 1 S\u00e1l tala\u00f0i vi\u00f0 J\u00f3natan, son sinn, og alla \u00fej\u00f3na s\u00edna um a\u00f0 drepa Dav\u00ed\u00f0. En J\u00f3natan, syni S\u00e1ls, \u00fe\u00f3tti mj\u00f6g v\u00e6nt um Dav\u00ed\u00f0. 2 J\u00f3natan sk\u00fdr\u00f0i \u00fev\u00ed Dav\u00ed\u00f0 fr\u00e1 \u00feessu og sag\u00f0i: \u201eS\u00e1l, fa\u00f0ir minn, \u00e6tlar a\u00f0 drepa \u00feig. G\u00e6ttu \u00fe\u00edn vel \u00ed fyrram\u00e1li\u00f0. Feldu \u00feig og haltu kyrru fyrir. 3 Sj\u00e1lfur \u00e6tla \u00e9g a\u00f0 fara \u00fat og vera hj\u00e1 f\u00f6\u00f0ur m\u00ednum \u00e1 akrinum \u00fear sem \u00fe\u00fa ert. \u00c9g mun tala um \u00feig vi\u00f0 f\u00f6\u00f0ur minn og ver\u00f0i \u00e9g nokkurs v\u00edsari segi \u00e9g \u00fe\u00e9r fr\u00e1 \u00fev\u00ed.\u201c 4 J\u00f3natan tala\u00f0i s\u00ed\u00f0an m\u00e1li Dav\u00ed\u00f0s vi\u00f0 S\u00e1l, f\u00f6\u00f0ur sinn, <a href=\"https:\/\/biblian.is\/biblian\/fyrri-samuelsbok-19-kafli\/\"> [&#8230;]<\/a><\/p>\n","protected":false},"author":1,"featured_media":0,"parent":0,"menu_order":0,"comment_status":"open","ping_status":"open","template":"bibliukaflar_NT.php","meta":{"footnotes":""},"class_list":["post-1872","page","type-page","status-publish","hentry"],"_links":{"self":[{"href":"https:\/\/biblian.is\/biblian\/wp-json\/wp\/v2\/pages\/1872","targetHints":{"allow":["GET"]}}],"collection":[{"href":"https:\/\/biblian.is\/biblian\/wp-json\/wp\/v2\/pages"}],"about":[{"href":"https:\/\/biblian.is\/biblian\/wp-json\/wp\/v2\/types\/page"}],"author":[{"embeddable":true,"href":"https:\/\/biblian.is\/biblian\/wp-json\/wp\/v2\/users\/1"}],"replies":[{"embeddable":true,"href":"https:\/\/biblian.is\/biblian\/wp-json\/wp\/v2\/comments?post=1872"}],"version-history":[{"count":0,"href":"https:\/\/biblian.is\/biblian\/wp-json\/wp\/v2\/pages\/1872\/revisions"}],"wp:attachment":[{"href":"https:\/\/biblian.is\/biblian\/wp-json\/wp\/v2\/media?parent=1872"}],"curies":[{"name":"wp","href":"https:\/\/api.w.org\/{rel}","templated":true}]}}