{"id":1871,"date":"2017-12-30T21:00:45","date_gmt":"2017-12-30T21:00:45","guid":{"rendered":"http:\/\/biblian.is\/biblian\/fyrri-sam%c2%9celsb%c2%97k-18-kafli\/"},"modified":"2024-02-06T18:29:02","modified_gmt":"2024-02-06T18:29:02","slug":"fyrri-samuelsbok-18-kafli","status":"publish","type":"page","link":"https:\/\/biblian.is\/biblian\/fyrri-samuelsbok-18-kafli\/","title":{"rendered":"Fyrri Sam\u00faelsb\u00f3k 18. kafli"},"content":{"rendered":"<h3 class=\"millifyrirsogn_2007\"> Dav\u00ed\u00f0 og J\u00f3natan<\/h3>\n<p><a name=\"1\"><span class=\"versanumer_2007\">1<\/span><\/a> \u00deegar samtali Dav\u00ed\u00f0s og S\u00e1ls lauk vinga\u00f0ist J\u00f3natan vi\u00f0 Dav\u00ed\u00f0. J\u00f3natan elska\u00f0i hann eins og sj\u00e1lfan sig. <a name=\"2\"><span class=\"versanumer_2007\">2<\/span><\/a> Fr\u00e1 \u00feeim degi t\u00f3k S\u00e1l Dav\u00ed\u00f0 til s\u00edn og meina\u00f0i honum a\u00f0 fara heim til f\u00f6\u00f0ur s\u00edns.<br \/> <a name=\"3\"><span class=\"versanumer_2007\">3<\/span><\/a> J\u00f3natan ger\u00f0i s\u00e1ttm\u00e1la vi\u00f0 Dav\u00ed\u00f0 af \u00fev\u00ed a\u00f0 hann elska\u00f0i hann eins og sj\u00e1lfan sig. <a name=\"4\"><span class=\"versanumer_2007\">4<\/span><\/a> J\u00f3natan t\u00f3k af s\u00e9r yfirh\u00f6fnina sem hann bar og gaf Dav\u00ed\u00f0 hana. Hann gaf honum einnig herkl\u00e6\u00f0i s\u00edn, jafnvel sver\u00f0 sitt, boga og belti.<br \/> <a name=\"5\"><span class=\"versanumer_2007\">5<\/span><\/a> Dav\u00ed\u00f0 f\u00f3r \u00ed herna\u00f0 og hvar sem hann f\u00f3r a\u00f0 bo\u00f0i S\u00e1ls gekk honum vel. S\u00e1l setti hann \u00fev\u00ed yfir hermenn s\u00edna. \u00d6ll \u00fej\u00f3\u00f0in d\u00e1\u00f0i hann, einnig hir\u00f0menn S\u00e1ls.<\/p>\n<h3 class=\"millifyrirsogn_2007\">Fjandskapur S\u00e1ls gegn Dav\u00ed\u00f0<\/h3>\n<p><a name=\"6\"><span class=\"versanumer_2007\">6<\/span><\/a> \u00deegar herinn sneri heim, eftir a\u00f0 Dav\u00ed\u00f0 haf\u00f0i fellt Filisteann, f\u00f3ru konur \u00far \u00f6llum borgum \u00cdsraels \u00e1 m\u00f3ti S\u00e1l konungi. \u00de\u00e6r sungu og d\u00f6nsu\u00f0u fagnandi og l\u00e9ku \u00e1 bumbur og symbala. <a name=\"7\"><span class=\"versanumer_2007\">7<\/span><\/a> Konurnar l\u00e9ku og sungu:<br \/> <span class=\"ljodatexti\"> S\u00e1l felldi s\u00edn \u00fe\u00fasund<br \/>en Dav\u00ed\u00f0 s\u00edn t\u00edu \u00fe\u00fasund. <\/span> <br \/> <a name=\"8\"><span class=\"versanumer_2007\">8<\/span><\/a> S\u00e1l misl\u00edka\u00f0i \u00feetta kv\u00e6\u00f0i, reiddist mj\u00f6g og sag\u00f0i: \u201e\u00de\u00e6r eigna Dav\u00ed\u00f0 t\u00edu \u00fe\u00fasund en m\u00e9r a\u00f0eins eitt \u00fe\u00fasund. N\u00fa vantar hann a\u00f0eins konungd\u00f3minn.\u201c <a name=\"9\"><span class=\"versanumer_2007\">9<\/span><\/a> Upp fr\u00e1 \u00feessu leit S\u00e1l Dav\u00ed\u00f0 jafnan \u00f6fundaraugum.<br \/> <a name=\"10\"><span class=\"versanumer_2007\">10<\/span><\/a> Daginn eftir hlj\u00f3p illur andi fr\u00e1 Gu\u00f0i \u00ed S\u00e1l. Rann \u00e1 hann \u00e6\u00f0i inni \u00ed h\u00fasinu \u00e1 me\u00f0an Dav\u00ed\u00f0 l\u00e9k \u00e1 h\u00f6rpuna eins og hann ger\u00f0i dag hvern. S\u00e1l haf\u00f0i spj\u00f3t \u00ed hendi <a name=\"11\"><span class=\"versanumer_2007\">11<\/span><\/a> og kasta\u00f0i \u00fev\u00ed. Hann hugsa\u00f0i me\u00f0 s\u00e9r: \u201eN\u00fa rek \u00e9g Dav\u00ed\u00f0 \u00ed gegn og festi hann vi\u00f0 vegginn,\u201c en Dav\u00ed\u00f0 t\u00f3kst tv\u00edvegis a\u00f0 v\u00edkja s\u00e9r undan.<br \/> <a name=\"12\"><span class=\"versanumer_2007\">12<\/span><\/a> S\u00e1l t\u00f3k n\u00fa a\u00f0 \u00f3ttast Dav\u00ed\u00f0 af \u00fev\u00ed a\u00f0 Drottinn var me\u00f0 honum en haf\u00f0i yfirgefi\u00f0 hann sj\u00e1lfan. <a name=\"13\"><span class=\"versanumer_2007\">13<\/span><\/a> Hann sendi \u00fev\u00ed Dav\u00ed\u00f0 fr\u00e1 s\u00e9r og ger\u00f0i hann a\u00f0 foringja yfir \u00fe\u00fasund manna herli\u00f0i. F\u00f3r Dav\u00ed\u00f0 fyrir li\u00f0inu \u00feegar \u00fea\u00f0 h\u00e9lt a\u00f0 heiman og \u00feegar \u00fea\u00f0 sneri aftur heim.<br \/> <a name=\"14\"><span class=\"versanumer_2007\">14<\/span><\/a> Dav\u00ed\u00f0 vegna\u00f0i vel hvar sem hann f\u00f3r \u00fev\u00ed a\u00f0 Drottinn var me\u00f0 honum. <a name=\"15\"><span class=\"versanumer_2007\">15<\/span><\/a> \u00deegar S\u00e1l s\u00e1 hve vel honum vegna\u00f0i var\u00f0 hann hr\u00e6ddur vi\u00f0 hann. <a name=\"16\"><span class=\"versanumer_2007\">16<\/span><\/a> En allur \u00cdsrael og J\u00fada elska\u00f0i Dav\u00ed\u00f0 af \u00fev\u00ed a\u00f0 hann f\u00f3r fyrir \u00feeim til orrustu og heim aftur. <\/p>\n<h3 class=\"millifyrirsogn_2007\">Dav\u00ed\u00f0 m\u00e6gist vi\u00f0 konung<\/h3>\n<p><a name=\"17\"><span class=\"versanumer_2007\">17<\/span><\/a> Einhverju sinni sag\u00f0i S\u00e1l vi\u00f0 Dav\u00ed\u00f0: \u201eH\u00e9r er Merab, elsta d\u00f3ttir m\u00edn. \u00c9g skal gefa \u00fe\u00e9r hana a\u00f0 konu ef \u00fe\u00fa reynist m\u00e9r hraustur ma\u00f0ur og berst \u00ed bard\u00f6gum Drottins.\u201c En S\u00e1l hugsa\u00f0i me\u00f0 s\u00e9r: \u201e\u00c9g skal ekki leggja hendur \u00e1 hann heldur skulu Filistear ver\u00f0a til \u00feess.\u201c <a name=\"18\"><span class=\"versanumer_2007\">18<\/span><\/a> Dav\u00ed\u00f0 svara\u00f0i S\u00e1l: \u201eHver er \u00e9g og hver \u00e6ttkv\u00edsl m\u00edn og hver er \u00e6tt f\u00f6\u00f0ur m\u00edns \u00ed \u00cdsrael a\u00f0 \u00e9g geti or\u00f0i\u00f0 tengdasonur konungs?\u201c <a name=\"19\"><span class=\"versanumer_2007\">19<\/span><\/a> En \u00feegar s\u00e1 t\u00edmi kom a\u00f0 Merab, d\u00f3ttir S\u00e1ls, skyldi gefin Dav\u00ed\u00f0, \u00fe\u00e1 haf\u00f0i h\u00fan \u00feegar veri\u00f0 gefin Adr\u00edel fr\u00e1 Meh\u00f3la a\u00f0 eiginkonu.<br \/> <a name=\"20\"><span class=\"versanumer_2007\">20<\/span><\/a> M\u00edkal, d\u00f3ttir S\u00e1ls, elska\u00f0i Dav\u00ed\u00f0 og S\u00e1l var sk\u00fdrt fr\u00e1 \u00fev\u00ed. Honum f\u00e9ll \u00fea\u00f0 vel <a name=\"21\"><span class=\"versanumer_2007\">21<\/span><\/a> \u00fev\u00ed a\u00f0 hann hugsa\u00f0i me\u00f0 s\u00e9r: \u201e\u00c9g skal gefa honum hana svo a\u00f0 h\u00fan ver\u00f0i honum a\u00f0 t\u00e1lsn\u00f6ru og Filistear n\u00e1i honum \u00e1 sitt vald.\u201c S\u00e1l sag\u00f0i \u00fev\u00ed \u00f6\u00f0ru sinni vi\u00f0 Dav\u00ed\u00f0: \u201eN\u00fa getur \u00fe\u00fa or\u00f0i\u00f0 tengdasonur minn.\u201c<br \/> <a name=\"22\"><span class=\"versanumer_2007\">22<\/span><\/a> En S\u00e1l bau\u00f0 \u00fej\u00f3num s\u00ednum a\u00f0 tala vi\u00f0 Dav\u00ed\u00f0 svo a\u00f0 l\u00edti\u00f0 b\u00e6ri \u00e1 og segja vi\u00f0 hann: \u201eKonunginum fellur vel vi\u00f0 \u00feig og \u00fe\u00fa ert vins\u00e6ll me\u00f0al allra \u00fej\u00f3na hans. N\u00fa getur \u00fe\u00fa or\u00f0i\u00f0 tengdasonur konungs.\u201c <a name=\"23\"><span class=\"versanumer_2007\">23<\/span><\/a> \u00dej\u00f3nar S\u00e1ls fluttu Dav\u00ed\u00f0 \u00feessi skilabo\u00f0 og hann svara\u00f0i: \u201eFinnst ykkur \u00fea\u00f0 l\u00edtils vir\u00f0i a\u00f0 ver\u00f0a tengdasonur konungsins? \u00c9g er f\u00e1t\u00e6kur ma\u00f0ur og l\u00edtils h\u00e1ttar.\u201c<br \/> <a name=\"24\"><span class=\"versanumer_2007\">24<\/span><\/a> \u00dej\u00f3nar S\u00e1ls s\u00f6g\u00f0u honum \u00fe\u00e1 hva\u00f0 Dav\u00ed\u00f0 hef\u00f0i sagt. <a name=\"25\"><span class=\"versanumer_2007\">25<\/span><\/a> En S\u00e1l svara\u00f0i: \u201e\u00deetta skulu\u00f0 \u00fei\u00f0 segja Dav\u00ed\u00f0: Konungur k\u00e6rir sig ekki um anna\u00f0 br\u00fa\u00f0arver\u00f0 en forh\u00fa\u00f0ir hundra\u00f0 Filistea. Me\u00f0 \u00fev\u00ed vill hann hefna s\u00edn \u00e1 fjandm\u00f6nnum s\u00ednum.\u201c \u00deannig ger\u00f0i S\u00e1l r\u00e1\u00f0 fyrir a\u00f0 Dav\u00ed\u00f0 f\u00e9lli \u00ed hendur Filisteum.<br \/> <a name=\"26\"><span class=\"versanumer_2007\">26<\/span><\/a> \u00dej\u00f3nar S\u00e1ls fluttu Dav\u00ed\u00f0 \u00feessa or\u00f0sendingu og Dav\u00ed\u00f0 l\u00e9t s\u00e9r vel l\u00edka a\u00f0 m\u00e6gjast vi\u00f0 konung. \u00c1\u00f0ur en tilskilinn t\u00edmi var li\u00f0inn <a name=\"27\"><span class=\"versanumer_2007\">27<\/span><\/a> bj\u00f3 Dav\u00ed\u00f0 sig, f\u00f3r \u00e1samt m\u00f6nnum s\u00ednum og felldi tv\u00f6 hundru\u00f0 menn \u00far li\u00f0i Filistea. Dav\u00ed\u00f0 f\u00e6r\u00f0i konunginum s\u00ed\u00f0an forh\u00fa\u00f0ir \u00feeirra, allar me\u00f0 t\u00f6lu, svo a\u00f0 hann g\u00e6ti or\u00f0i\u00f0 tengdasonur hans. S\u00e1l gaf honum \u00fe\u00e1 M\u00edkal, d\u00f3ttur s\u00edna, fyrir eiginkonu.<br \/> <a name=\"28\"><span class=\"versanumer_2007\">28<\/span><\/a> S\u00e1l var\u00f0 \u00fea\u00f0 \u00e6 lj\u00f3sara a\u00f0 Drottinn var me\u00f0 Dav\u00ed\u00f0 og a\u00f0 M\u00edkal, d\u00f3ttir S\u00e1ls, elska\u00f0i hann.<span class=\"nedan_mal\" title=\" \u00cd sta\u00f0 M\u00edkal hefur gr\u00edska sj\u00f6t\u00edumanna\u00fe\u00fd\u00f0ingin \u201eallur \u00cdsrael\u201c.\">[<\/span> <a name=\"29\"><span class=\"versanumer_2007\">29<\/span><\/a> Var\u00f0 S\u00e1l \u00fev\u00ed enn hr\u00e6ddari vi\u00f0 Dav\u00ed\u00f0 og ger\u00f0ist fjandma\u00f0ur hans \u00e6vilangt.<br \/> <a name=\"30\"><span class=\"versanumer_2007\">30<\/span><\/a> H\u00f6f\u00f0ingjar Filistea h\u00e9ldu \u00e1fram a\u00f0 gera \u00e1r\u00e1sir. En \u00ed hvert skipti sem \u00feeir f\u00f3ru \u00ed lei\u00f0angur gekk Dav\u00ed\u00f0 betur en nokkrum \u00f6\u00f0rum li\u00f0smanni S\u00e1ls. Nafn hans var\u00f0 \u00fev\u00ed v\u00ed\u00f0fr\u00e6gt.<\/p>\n","protected":false},"excerpt":{"rendered":"<p>Dav\u00ed\u00f0 og J\u00f3natan 1 \u00deegar samtali Dav\u00ed\u00f0s og S\u00e1ls lauk vinga\u00f0ist J\u00f3natan vi\u00f0 Dav\u00ed\u00f0. J\u00f3natan elska\u00f0i hann eins og sj\u00e1lfan sig. 2 Fr\u00e1 \u00feeim degi t\u00f3k S\u00e1l Dav\u00ed\u00f0 til s\u00edn og meina\u00f0i honum a\u00f0 fara heim til f\u00f6\u00f0ur s\u00edns. 3 J\u00f3natan ger\u00f0i s\u00e1ttm\u00e1la vi\u00f0 Dav\u00ed\u00f0 af \u00fev\u00ed a\u00f0 hann elska\u00f0i hann eins og sj\u00e1lfan sig. 4 J\u00f3natan t\u00f3k af s\u00e9r yfirh\u00f6fnina sem hann bar og gaf Dav\u00ed\u00f0 hana. Hann gaf honum einnig herkl\u00e6\u00f0i s\u00edn, jafnvel sver\u00f0 sitt, boga og belti. 5 Dav\u00ed\u00f0 f\u00f3r \u00ed herna\u00f0 og hvar sem hann f\u00f3r a\u00f0 bo\u00f0i S\u00e1ls gekk honum vel. S\u00e1l setti hann \u00fev\u00ed <a href=\"https:\/\/biblian.is\/biblian\/fyrri-samuelsbok-18-kafli\/\"> [&#8230;]<\/a><\/p>\n","protected":false},"author":1,"featured_media":0,"parent":0,"menu_order":0,"comment_status":"open","ping_status":"open","template":"bibliukaflar_NT.php","meta":{"footnotes":""},"class_list":["post-1871","page","type-page","status-publish","hentry"],"_links":{"self":[{"href":"https:\/\/biblian.is\/biblian\/wp-json\/wp\/v2\/pages\/1871","targetHints":{"allow":["GET"]}}],"collection":[{"href":"https:\/\/biblian.is\/biblian\/wp-json\/wp\/v2\/pages"}],"about":[{"href":"https:\/\/biblian.is\/biblian\/wp-json\/wp\/v2\/types\/page"}],"author":[{"embeddable":true,"href":"https:\/\/biblian.is\/biblian\/wp-json\/wp\/v2\/users\/1"}],"replies":[{"embeddable":true,"href":"https:\/\/biblian.is\/biblian\/wp-json\/wp\/v2\/comments?post=1871"}],"version-history":[{"count":0,"href":"https:\/\/biblian.is\/biblian\/wp-json\/wp\/v2\/pages\/1871\/revisions"}],"wp:attachment":[{"href":"https:\/\/biblian.is\/biblian\/wp-json\/wp\/v2\/media?parent=1871"}],"curies":[{"name":"wp","href":"https:\/\/api.w.org\/{rel}","templated":true}]}}