{"id":1867,"date":"2017-12-30T21:00:45","date_gmt":"2017-12-30T21:00:45","guid":{"rendered":"http:\/\/biblian.is\/biblian\/fyrri-sam%c2%9celsb%c2%97k-14-kafli\/"},"modified":"2024-02-06T18:28:59","modified_gmt":"2024-02-06T18:28:59","slug":"fyrri-samuelsbok-14-kafli","status":"publish","type":"page","link":"https:\/\/biblian.is\/biblian\/fyrri-samuelsbok-14-kafli\/","title":{"rendered":"Fyrri Sam\u00faelsb\u00f3k 14. kafli"},"content":{"rendered":"<h3 class=\"millifyrirsogn_2007\"> \u00derekvirki J\u00f3natans<\/h3>\n<p><a name=\"1\"><span class=\"versanumer_2007\">1<\/span><\/a> Dag nokkurn sag\u00f0i J\u00f3natan, sonur S\u00e1ls, vi\u00f0 skjaldsvein sinn: \u201eKomdu, vi\u00f0 skulum fara yfir til framvar\u00f0arsveitar Filistea sem er \u00fearna hinum megin.\u201c En hann sag\u00f0i f\u00f6\u00f0ur s\u00ednum ekki fr\u00e1 \u00feessu.<br \/> <a name=\"2\"><span class=\"versanumer_2007\">2<\/span><\/a> \u00deegar \u00feetta var haf\u00f0ist S\u00e1l vi\u00f0 \u00ed \u00fatja\u00f0ri G\u00edbeu undir granateplatr\u00e9nu \u00ed Migron. Hann haf\u00f0i um sex hundru\u00f0 manna li\u00f0 me\u00f0 s\u00e9r. <a name=\"3\"><span class=\"versanumer_2007\">3<\/span><\/a> Ak\u00eda bar \u00fe\u00e1 h\u00f6kulinn. Hann var sonur Ak\u00edt\u00fabs, br\u00f3\u00f0ur \u00cdkab\u00f3\u00f0s, sem var sonur P\u00ednehasar El\u00edsonar sem var prestur Drottins \u00ed S\u00edl\u00f3. Enginn t\u00f3k eftir a\u00f0 J\u00f3natan var farinn.<br \/> <a name=\"4\"><span class=\"versanumer_2007\">4<\/span><\/a> Tveir klettadrangar voru beggja vegna klifsins sem J\u00f3natan reyndi a\u00f0 fara til a\u00f0 r\u00e1\u00f0ast \u00e1 framvar\u00f0arsveit Filistea. H\u00e9t annar B\u00f3ses en hinn Sene. <a name=\"5\"><span class=\"versanumer_2007\">5<\/span><\/a> Annar drangurinn gn\u00e6f\u00f0i nor\u00f0an megin eins og s\u00fala gegnt Mikmas, hinn a\u00f0 sunnanver\u00f0u gegnt Geba.<br \/> <a name=\"6\"><span class=\"versanumer_2007\">6<\/span><\/a> J\u00f3natan sag\u00f0i n\u00fa vi\u00f0 skjaldsvein sinn: \u201eKomdu, vi\u00f0 skulum fara yfir til framvar\u00f0a \u00feeirra \u00f3umskornu. Ef til vill hj\u00e1lpar Drottinn okkur. Ekkert getur hindra\u00f0 a\u00f0 Drottinn veiti sigur, hvort heldur \u00fea\u00f0 er me\u00f0 m\u00f6rgum m\u00f6nnum e\u00f0a f\u00e1um.\u201c <a name=\"7\"><span class=\"versanumer_2007\">7<\/span><\/a> Skjaldsveinninn sag\u00f0i: \u201eGer\u00f0u \u00fea\u00f0 sem \u00fe\u00fa hefur \u00ed huga. \u00c9g stend me\u00f0 \u00fe\u00e9r \u00ed einu og \u00f6llu.\u201c <a name=\"8\"><span class=\"versanumer_2007\">8<\/span><\/a> J\u00f3natan sag\u00f0i: \u201eF\u00f6rum yfir til mannanna og l\u00e1tum \u00fe\u00e1 sj\u00e1 okkur. <a name=\"9\"><span class=\"versanumer_2007\">9<\/span><\/a> Ef \u00feeir segja vi\u00f0 okkur: B\u00ed\u00f0i\u00f0 \u00feanga\u00f0 til vi\u00f0 komum til ykkar, \u00fe\u00e1 st\u00f6ndum vi\u00f0 kyrrir \u00fear sem vi\u00f0 erum og f\u00f6rum ekki upp til \u00feeirra. <a name=\"10\"><span class=\"versanumer_2007\">10<\/span><\/a> En ef \u00feeir segja: Komi\u00f0 til okkar, \u00fe\u00e1 f\u00f6rum vi\u00f0 upp \u00fev\u00ed a\u00f0 \u00fea\u00f0 ver\u00f0ur okkur t\u00e1kn \u00feess a\u00f0 Drottinn hefur gefi\u00f0 \u00fe\u00e1 okkur \u00e1 vald.\u201c<br \/> <a name=\"11\"><span class=\"versanumer_2007\">11<\/span><\/a> \u00deegar framvar\u00f0arsveit Filistea kom auga \u00e1 \u00fe\u00e1 s\u00f6g\u00f0u Filistearnir: \u201eSj\u00e1i\u00f0, Hebrearnir eru skri\u00f0nir \u00far holunum sem \u00feeir f\u00f6ldu sig \u00ed.\u201c <a name=\"12\"><span class=\"versanumer_2007\">12<\/span><\/a> S\u00ed\u00f0an hr\u00f3pu\u00f0u var\u00f0mennirnir til J\u00f3natans og skjaldsveinsins og s\u00f6g\u00f0u: \u201eKomi\u00f0 upp til okkar. Vi\u00f0 \u00e6tlum a\u00f0 segja ykkur svol\u00edti\u00f0.\u201c \u00de\u00e1 sag\u00f0i J\u00f3natan vi\u00f0 skjaldsvein sinn: \u201eKomdu upp \u00e1 eftir m\u00e9r. Drottinn hefur framselt \u00fe\u00e1 \u00ed hendur \u00cdsraels.\u201c<br \/> <a name=\"13\"><span class=\"versanumer_2007\">13<\/span><\/a> J\u00f3natan klifra\u00f0i s\u00ed\u00f0an upp \u00e1 h\u00f6ndum og f\u00f3tum og skjaldsveinninn \u00e1 eftir honum. J\u00f3natan felldi Filisteana til jar\u00f0ar og skjaldsveinninn, sem fylgdi honum, hj\u00f3 \u00fe\u00e1 til bana. <a name=\"14\"><span class=\"versanumer_2007\">14<\/span><\/a> \u00cd \u00feessu fyrsta \u00e1hlaupi J\u00f3natans og skjaldsveinsins f\u00e9llu um tuttugu menn \u00e1 bletti sem var um \u00fea\u00f0 bil h\u00e1lft pl\u00f3gfar \u00e1 lengd, ein dagsl\u00e1tta.<br \/> <a name=\"15\"><span class=\"versanumer_2007\">15<\/span><\/a> Vi\u00f0 \u00feetta greip um sig mikil skelfing \u00ed herb\u00fa\u00f0unum ni\u00f0ri \u00e1 v\u00f6llunum. Allur herinn skalf af \u00f3tta, b\u00e6\u00f0i framvar\u00f0arsveitir og r\u00e1nsflokkarnir. Og j\u00f6r\u00f0in n\u00f6tra\u00f0i \u00fev\u00ed a\u00f0 \u00feessi skelfing var send af Gu\u00f0i. <\/p>\n<h3 class=\"millifyrirsogn_2007\"> Filistear sigra\u00f0ir<\/h3>\n<p><a name=\"16\"><span class=\"versanumer_2007\">16<\/span><\/a> Var\u00f0menn S\u00e1ls \u00ed G\u00edbeu \u00ed Benjam\u00edn s\u00e1u a\u00f0 miki\u00f0 uppn\u00e1m og ringulrei\u00f0 var\u00f0 \u00ed herb\u00fa\u00f0unum. <a name=\"17\"><span class=\"versanumer_2007\">17<\/span><\/a> \u00de\u00e1 sag\u00f0i S\u00e1l vi\u00f0 \u00fe\u00e1 sem me\u00f0 honum voru: \u201eKanni\u00f0 li\u00f0i\u00f0 og athugi\u00f0 hver af okkar m\u00f6nnum hefur fari\u00f0 fr\u00e1 okkur.\u201c \u00deeir k\u00f6nnu\u00f0u li\u00f0i\u00f0 og \u00fe\u00e1 kom \u00ed lj\u00f3s a\u00f0 J\u00f3natan og skjaldsvein hans vanta\u00f0i. <a name=\"18\"><span class=\"versanumer_2007\">18<\/span><\/a> \u00de\u00e1 sag\u00f0i S\u00e1l vi\u00f0 Ak\u00eda: \u201eKomdu me\u00f0 \u00f6rk Gu\u00f0s,\u201c en \u00fe\u00e1 var \u00f6rk Gu\u00f0s hj\u00e1 \u00cdsraelsm\u00f6nnum. <a name=\"19\"><span class=\"versanumer_2007\">19<\/span><\/a> \u00c1 me\u00f0an S\u00e1l var a\u00f0 tala vi\u00f0 prestinn j\u00f3kst uppn\u00e1mi\u00f0 \u00ed herb\u00fa\u00f0um Filistea s\u00edfellt. \u00de\u00e1 sag\u00f0i S\u00e1l vi\u00f0 prestinn: \u201eH\u00e6ttu vi\u00f0 \u00fea\u00f0.\u201c<br \/> <a name=\"20\"><span class=\"versanumer_2007\">20<\/span><\/a> S\u00e1l og allir li\u00f0smenn hans sameinu\u00f0ust n\u00fa og h\u00e9ldu \u00e1 v\u00edgv\u00f6llinn. \u00dear s\u00e1u \u00feeir a\u00f0 miki\u00f0 uppn\u00e1m var me\u00f0al Filistea og a\u00f0 \u00feeir hjuggu hver annan me\u00f0 sver\u00f0um. <a name=\"21\"><span class=\"versanumer_2007\">21<\/span><\/a> \u00deeir Hebrear, sem \u00e1\u00f0ur h\u00f6f\u00f0u fylgt Filisteum og haldi\u00f0 me\u00f0 \u00feeim til bardaga, yfirg\u00e1fu \u00fe\u00e1 og gengu \u00ed li\u00f0 me\u00f0 \u00cdsraelsm\u00f6nnum sem voru \u00ed li\u00f0i S\u00e1ls og J\u00f3natans. <a name=\"22\"><span class=\"versanumer_2007\">22<\/span><\/a> \u00deegar \u00cdsraelsmennirnir, sem h\u00f6f\u00f0u fali\u00f0 sig \u00ed fjalllendi Efra\u00edms, fr\u00e9ttu a\u00f0 Filistear v\u00e6ru lag\u00f0ir \u00e1 fl\u00f3tta eltu \u00feeir \u00fe\u00e1 uppi og b\u00f6r\u00f0ust vi\u00f0 \u00fe\u00e1. <a name=\"23\"><span class=\"versanumer_2007\">23<\/span><\/a> \u00deannig bjarga\u00f0i Drottinn \u00cdsrael \u00e1 \u00feeim degi.<br \/>Bardaginn barst fram hj\u00e1 Betaven <a name=\"24\"><span class=\"versanumer_2007\">24<\/span><\/a> og \u00e1ttu \u00cdsraelsmenn \u00ed v\u00f6k a\u00f0 verjast \u00feann dag. \u00deess vegna l\u00e9t S\u00e1l li\u00f0i\u00f0 sverja ei\u00f0 sama dag. Hann sag\u00f0i: \u201eB\u00f6lva\u00f0ur s\u00e9 hver s\u00e1 ma\u00f0ur sem neytir einhvers \u00e1\u00f0ur en kv\u00f6ldar og \u00e1\u00f0ur en \u00e9g hef hefnt m\u00edn \u00e1 fjandm\u00f6nnum m\u00ednum.\u201c Og enginn hermannanna neytti neins. <br \/> <a name=\"25\"><span class=\"versanumer_2007\">25<\/span><\/a> B\u00fdflugnab\u00fa voru v\u00ed\u00f0a \u00e1 landsv\u00e6\u00f0inu svo a\u00f0 \u00fear var hunang a\u00f0 hafa. <a name=\"26\"><span class=\"versanumer_2007\">26<\/span><\/a> \u00deegar li\u00f0i\u00f0 kom a\u00f0 b\u00fdflugnab\u00faunum s\u00e1 \u00fea\u00f0 a\u00f0 hunang rann \u00far \u00feeim en enginn lag\u00f0i s\u00e9r \u00fea\u00f0 til munns af \u00f3tta vi\u00f0 ei\u00f0inn.<br \/> <a name=\"27\"><span class=\"versanumer_2007\">27<\/span><\/a> En J\u00f3natan haf\u00f0i ekki heyrt a\u00f0 fa\u00f0ir hans haf\u00f0i l\u00e1ti\u00f0 li\u00f0i\u00f0 vinna ei\u00f0. Hann stakk \u00fe\u00e1 endanum \u00e1 stafnum, sem hann h\u00e9lt \u00e1, inn \u00ed eitt b\u00fdflugnab\u00fai\u00f0 og d\u00fdf\u00f0i honum \u00ed hunangsk\u00f6kuna, t\u00f3k hunangi\u00f0, stakk \u00fev\u00ed \u00ed munn s\u00e9r me\u00f0 hendinni og lj\u00f3mu\u00f0u \u00fe\u00e1 augu hans aftur. <a name=\"28\"><span class=\"versanumer_2007\">28<\/span><\/a> \u00de\u00e1 sag\u00f0i ma\u00f0ur nokkur \u00far li\u00f0inu: \u201eFa\u00f0ir \u00feinn l\u00e9t li\u00f0i\u00f0 sverja og sag\u00f0i: B\u00f6lva\u00f0ur s\u00e9 s\u00e1 ma\u00f0ur sem neytir einhvers \u00ed dag. \u00deess vegna er li\u00f0i\u00f0 dau\u00f0\u00fereytt.\u201c <a name=\"29\"><span class=\"versanumer_2007\">29<\/span><\/a> J\u00f3natan svara\u00f0i: \u201eFa\u00f0ir minn lei\u00f0ir \u00f3g\u00e6fu yfir landi\u00f0. Sj\u00e1i\u00f0 hve augu m\u00edn lj\u00f3ma af \u00fev\u00ed a\u00f0 \u00e9g brag\u00f0a\u00f0i a\u00f0eins \u00e1 hunanginu. <a name=\"30\"><span class=\"versanumer_2007\">30<\/span><\/a> Vissulega hef\u00f0i \u00f3sigur Filistea or\u00f0i\u00f0 enn meiri ef li\u00f0i\u00f0 hef\u00f0i eti\u00f0 af herfanginu sem \u00fea\u00f0 t\u00f3k af fjandm\u00f6nnum s\u00ednum.\u201c<br \/> <a name=\"31\"><span class=\"versanumer_2007\">31<\/span><\/a> \u00deennan dag sigru\u00f0u \u00cdsraelsmenn Filistea \u00e1 sv\u00e6\u00f0inu milli Mikmas og Ajalon. Var \u00fe\u00e1 mj\u00f6g af li\u00f0inu dregi\u00f0 <a name=\"32\"><span class=\"versanumer_2007\">32<\/span><\/a> og k\u00f6stu\u00f0u menn s\u00e9r yfir herfangi\u00f0. \u00deeir t\u00f3ku b\u00e6\u00f0i sau\u00f0f\u00e9, naut og k\u00e1lfa, sl\u00e1tru\u00f0u \u00feeim \u00e1 j\u00f6r\u00f0inni og neyttu kj\u00f6tsins me\u00f0 bl\u00f3\u00f0inu \u00ed.<br \/> <a name=\"33\"><span class=\"versanumer_2007\">33<\/span><\/a> \u00de\u00e1 var S\u00e1l sagt svo fr\u00e1: \u201eF\u00f3lki\u00f0 syndgar gegn Drottni. \u00dea\u00f0 neytir kj\u00f6tsins me\u00f0 bl\u00f3\u00f0inu \u00ed.\u201c Hann svara\u00f0i: \u201e\u00dei\u00f0 hafi\u00f0 broti\u00f0 af ykkur. Velti\u00f0 \u00feegar \u00ed sta\u00f0 st\u00f3rum steini hinga\u00f0 til m\u00edn.\u201c <a name=\"34\"><span class=\"versanumer_2007\">34<\/span><\/a> S\u00ed\u00f0an gaf S\u00e1l \u00feessi fyrirm\u00e6li: \u201eFari\u00f0 \u00fat me\u00f0al f\u00f3lksins og segi\u00f0: Hver og einn skal koma hinga\u00f0 me\u00f0 naut s\u00edn og l\u00f6mb. Sl\u00e1tri\u00f0 \u00feeim h\u00e9r og eti\u00f0 svo a\u00f0 \u00fei\u00f0 syndgi\u00f0 ekki gegn Drottni me\u00f0 \u00fev\u00ed a\u00f0 neyta kj\u00f6ts me\u00f0 bl\u00f3\u00f0inu \u00ed.\u201c Um n\u00f3ttina kom allt li\u00f0i\u00f0 me\u00f0 \u00fea\u00f0 b\u00faf\u00e9 sem \u00fea\u00f0 haf\u00f0i og sl\u00e1tra\u00f0i \u00fev\u00ed \u00fear. <a name=\"35\"><span class=\"versanumer_2007\">35<\/span><\/a> Og S\u00e1l reisti Drottni altari. \u00dea\u00f0 var fyrsta altari\u00f0 sem hann reisti Drottni. <br \/> <a name=\"36\"><span class=\"versanumer_2007\">36<\/span><\/a> S\u00ed\u00f0an sag\u00f0i S\u00e1l: \u201eVi\u00f0 skulum veita Filisteum eftirf\u00f6r \u00ed n\u00f3tt og r\u00e6na \u00fe\u00e1 \u00fear til birtir. Enginn \u00feeirra skal sleppa.\u201c Allir sv\u00f6ru\u00f0u: \u201eGer\u00f0u \u00fea\u00f0 sem \u00fe\u00fa telur r\u00e9tt.\u201c En presturinn sag\u00f0i: \u201eFyrst skulum vi\u00f0 ganga fram fyrir Gu\u00f0.\u201c<br \/> <a name=\"37\"><span class=\"versanumer_2007\">37<\/span><\/a> \u00de\u00e1 leita\u00f0i S\u00e1l svara hj\u00e1 Gu\u00f0i og spur\u00f0i: \u201e\u00c1 \u00e9g a\u00f0 veita Filisteum eftirf\u00f6r? Muntu framselja \u00fe\u00e1 \u00cdsrael \u00ed hendur?\u201c En Gu\u00f0 svara\u00f0i honum ekki \u00feann dag. <a name=\"38\"><span class=\"versanumer_2007\">38<\/span><\/a> \u00de\u00e1 sag\u00f0i S\u00e1l: \u201eKomi\u00f0 hinga\u00f0, allir lei\u00f0togar \u00fej\u00f3\u00f0arinnar, og komist a\u00f0 \u00fev\u00ed hver hefur dr\u00fdgt synd \u00ed dag. <a name=\"39\"><span class=\"versanumer_2007\">39<\/span><\/a> \u00dev\u00ed a\u00f0 svo sannarlega sem Drottinn, frelsari \u00cdsraels, lifir \u00fe\u00e1 skal s\u00e1 seki deyja, jafnvel \u00fe\u00f3tt \u00fea\u00f0 s\u00e9 J\u00f3natan, sonur minn.\u201c En enginn svara\u00f0i honum. <a name=\"40\"><span class=\"versanumer_2007\">40<\/span><\/a> S\u00ed\u00f0an \u00e1varpa\u00f0i hann allan \u00cdsrael: \u201e\u00dei\u00f0 skulu\u00f0 standa \u00f6\u00f0rum megin en vi\u00f0 J\u00f3natan, sonur minn, hinum megin.\u201c F\u00f3lki\u00f0 svara\u00f0i S\u00e1l: \u201eGer\u00f0u \u00fea\u00f0 sem \u00fe\u00fa telur r\u00e9tt.\u201c<br \/> <a name=\"41\"><span class=\"versanumer_2007\">41<\/span><\/a> \u00de\u00e1 sag\u00f0i S\u00e1l vi\u00f0 Drottin, Gu\u00f0 \u00cdsraels: \u201eVeittu okkur fullvissu.\u201c Kom \u00fe\u00e1 upp hlutur J\u00f3natans og S\u00e1ls en f\u00f3lki\u00f0 gekk lei\u00f0ar sinnar. <a name=\"42\"><span class=\"versanumer_2007\">42<\/span><\/a> S\u00e1l sag\u00f0i: \u201eKasti\u00f0 n\u00fa hlutkesti milli m\u00edn og J\u00f3natans, sonar m\u00edns.\u201c Hlutur J\u00f3natans kom upp. <a name=\"43\"><span class=\"versanumer_2007\">43<\/span><\/a> \u00de\u00e1 sag\u00f0i S\u00e1l vi\u00f0 J\u00f3natan: \u201eSeg\u00f0u m\u00e9r hva\u00f0 \u00fe\u00fa hefur gert.\u201c J\u00f3natan svara\u00f0i honum og sag\u00f0i: \u201e\u00c9g brag\u00f0a\u00f0i a\u00f0eins \u00e1 hunanginu \u00e1 enda stafsins sem \u00e9g h\u00e9lt \u00e1. \u00c9g er rei\u00f0ub\u00fainn a\u00f0 deyja.\u201c <a name=\"44\"><span class=\"versanumer_2007\">44<\/span><\/a> S\u00e1l sag\u00f0i: \u201eDrottinn geri vi\u00f0 mig \u00fea\u00f0 sem hann vill: J\u00f3natan, \u00fe\u00fa ver\u00f0ur a\u00f0 deyja.\u201c <a name=\"45\"><span class=\"versanumer_2007\">45<\/span><\/a> \u00de\u00e1 sag\u00f0i f\u00f3lki\u00f0 vi\u00f0 hann: \u201e\u00c1 J\u00f3natan a\u00f0 l\u00e1ta l\u00edfi\u00f0, hann sem hefur unni\u00f0 sl\u00edkan sigur fyrir \u00cdsrael? \u00dea\u00f0 skal aldrei ver\u00f0a. Svo sannarlega sem Drottinn lifir \u00fe\u00e1 skal ekki h\u00e1r skert \u00e1 h\u00f6f\u00f0i hans \u00fev\u00ed a\u00f0 \u00ed dag sigra\u00f0i hann me\u00f0 hj\u00e1lp Gu\u00f0s.\u201c \u00deannig leysti f\u00f3lki\u00f0 l\u00edf J\u00f3natans. <a name=\"46\"><span class=\"versanumer_2007\">46<\/span><\/a> S\u00e1l h\u00e9lt n\u00fa heim og h\u00e6tti a\u00f0 elta Filistea sem f\u00f3ru til landsv\u00e6\u00f0a sinna. <\/p>\n<h3 class=\"millifyrirsogn_2007\">Konungd\u00f3mur S\u00e1ls og \u00e6ttf\u00f3lk hans<\/h3>\n<p><a name=\"47\"><span class=\"versanumer_2007\">47<\/span><\/a> \u00deegar S\u00e1l haf\u00f0i teki\u00f0 vi\u00f0 konungd\u00f3mi yfir \u00cdsrael t\u00f3k hann a\u00f0 berjast gegn \u00f6llum fjandm\u00f6nnum s\u00ednum umhverfis: gegn M\u00f3ab, Amm\u00f3n\u00edtum, Ed\u00f3m, konungunum \u00ed S\u00f3ba og Filisteum. Hann sigra\u00f0i alla \u00fe\u00e1 sem hann \u00e1tti \u00ed h\u00f6ggi vi\u00f0. <a name=\"48\"><span class=\"versanumer_2007\">48<\/span><\/a> Hann dr\u00fdg\u00f0i hetjud\u00e1\u00f0ir, sigra\u00f0i Amalek og frelsa\u00f0i \u00cdsrael \u00far hendi r\u00e1nsmanna.<br \/> <a name=\"49\"><span class=\"versanumer_2007\">49<\/span><\/a> Synir S\u00e1ls voru J\u00f3natan, Jisv\u00ed og Malk\u00eds\u00faa. Hann \u00e1tti tv\u00e6r d\u00e6tur og h\u00e9t s\u00fa eldri Merab en s\u00fa yngri M\u00edkal. <a name=\"50\"><span class=\"versanumer_2007\">50<\/span><\/a> Kona S\u00e1ls h\u00e9t Ah\u00edn\u00f3am Ah\u00edmasd\u00f3ttir. Hersh\u00f6f\u00f0ingi hans h\u00e9t Abner, sonur Ners, f\u00f6\u00f0urbr\u00f3\u00f0ur S\u00e1ls. <a name=\"51\"><span class=\"versanumer_2007\">51<\/span><\/a> K\u00eds, fa\u00f0ir S\u00e1ls, og Ner, fa\u00f0ir Abners, voru synir Ab\u00edels.<br \/> <a name=\"52\"><span class=\"versanumer_2007\">52<\/span><\/a> Hi\u00f0 har\u00f0a str\u00ed\u00f0 gegn Filisteum st\u00f3\u00f0 \u00e1 me\u00f0an S\u00e1l lif\u00f0i. S\u00e1l t\u00f3k \u00ed \u00fej\u00f3nustu s\u00edna hvern kappa e\u00f0a hraustmenni sem hann s\u00e1.<\/p>\n","protected":false},"excerpt":{"rendered":"<p>\u00derekvirki J\u00f3natans 1 Dag nokkurn sag\u00f0i J\u00f3natan, sonur S\u00e1ls, vi\u00f0 skjaldsvein sinn: \u201eKomdu, vi\u00f0 skulum fara yfir til framvar\u00f0arsveitar Filistea sem er \u00fearna hinum megin.\u201c En hann sag\u00f0i f\u00f6\u00f0ur s\u00ednum ekki fr\u00e1 \u00feessu. 2 \u00deegar \u00feetta var haf\u00f0ist S\u00e1l vi\u00f0 \u00ed \u00fatja\u00f0ri G\u00edbeu undir granateplatr\u00e9nu \u00ed Migron. Hann haf\u00f0i um sex hundru\u00f0 manna li\u00f0 me\u00f0 s\u00e9r. 3 Ak\u00eda bar \u00fe\u00e1 h\u00f6kulinn. Hann var sonur Ak\u00edt\u00fabs, br\u00f3\u00f0ur \u00cdkab\u00f3\u00f0s, sem var sonur P\u00ednehasar El\u00edsonar sem var prestur Drottins \u00ed S\u00edl\u00f3. Enginn t\u00f3k eftir a\u00f0 J\u00f3natan var farinn. 4 Tveir klettadrangar voru beggja vegna klifsins sem J\u00f3natan reyndi a\u00f0 fara til a\u00f0 r\u00e1\u00f0ast <a href=\"https:\/\/biblian.is\/biblian\/fyrri-samuelsbok-14-kafli\/\"> [&#8230;]<\/a><\/p>\n","protected":false},"author":1,"featured_media":0,"parent":0,"menu_order":0,"comment_status":"open","ping_status":"open","template":"bibliukaflar_NT.php","meta":{"footnotes":""},"class_list":["post-1867","page","type-page","status-publish","hentry"],"_links":{"self":[{"href":"https:\/\/biblian.is\/biblian\/wp-json\/wp\/v2\/pages\/1867","targetHints":{"allow":["GET"]}}],"collection":[{"href":"https:\/\/biblian.is\/biblian\/wp-json\/wp\/v2\/pages"}],"about":[{"href":"https:\/\/biblian.is\/biblian\/wp-json\/wp\/v2\/types\/page"}],"author":[{"embeddable":true,"href":"https:\/\/biblian.is\/biblian\/wp-json\/wp\/v2\/users\/1"}],"replies":[{"embeddable":true,"href":"https:\/\/biblian.is\/biblian\/wp-json\/wp\/v2\/comments?post=1867"}],"version-history":[{"count":0,"href":"https:\/\/biblian.is\/biblian\/wp-json\/wp\/v2\/pages\/1867\/revisions"}],"wp:attachment":[{"href":"https:\/\/biblian.is\/biblian\/wp-json\/wp\/v2\/media?parent=1867"}],"curies":[{"name":"wp","href":"https:\/\/api.w.org\/{rel}","templated":true}]}}