{"id":1866,"date":"2017-12-30T21:00:45","date_gmt":"2017-12-30T21:00:45","guid":{"rendered":"http:\/\/biblian.is\/biblian\/fyrri-sam%c2%9celsb%c2%97k-13-kafli\/"},"modified":"2024-02-06T18:28:59","modified_gmt":"2024-02-06T18:28:59","slug":"fyrri-samuelsbok-13-kafli","status":"publish","type":"page","link":"https:\/\/biblian.is\/biblian\/fyrri-samuelsbok-13-kafli\/","title":{"rendered":"Fyrri Sam\u00faelsb\u00f3k 13. kafli"},"content":{"rendered":"<h3 class=\"millifyrirsogn_2007\"> \u00c1t\u00f6k vi\u00f0 Filistea<\/h3>\n<p><a name=\"1\"><span class=\"versanumer_2007\">1<\/span><\/a> S\u00e1l var \u2026 \u00e1ra \u00feegar hann var\u00f0 konungur og hann r\u00edkti yfir \u00cdsrael \u2026<span class=\"nedan_mal\" title=\" T\u00f6lurnar vantar \u00ed textann. \u00dear er hvorki geti\u00f0 um aldur S\u00e1ls n\u00e9 hversu lengi hann r\u00edkti. \">[<\/span> <a name=\"2\"><span class=\"versanumer_2007\">2<\/span><\/a> S\u00e1l valdi s\u00e9r \u00ferj\u00fa \u00fe\u00fasund \u00cdsraelsmenn. Voru tv\u00f6 \u00fe\u00fasund me\u00f0 S\u00e1l \u00ed Mikmas og \u00ed fjalllendinu vi\u00f0 Betel en \u00fe\u00fasund voru me\u00f0 J\u00f3natan \u00ed G\u00edbeu \u00ed Benjam\u00edn. Alla a\u00f0ra sendi hann fr\u00e1 s\u00e9r til tjalda sinna.<br \/> <a name=\"3\"><span class=\"versanumer_2007\">3<\/span><\/a> J\u00f3natan drap landstj\u00f3ra Filistea, sem haf\u00f0i a\u00f0setur \u00ed Geba, og fr\u00e9ttu Filistear \u00fea\u00f0 en S\u00e1l l\u00e9t \u00feeyta hafurshorn um allt landi\u00f0 og tilkynna: \u201eHebrear skulu heyra \u00feetta.\u201c <a name=\"4\"><span class=\"versanumer_2007\">4<\/span><\/a> \u00deannig barst \u00f6llum \u00cdsrael fr\u00e9ttin: \u201eS\u00e1l hefur drepi\u00f0 landstj\u00f3ra Filistea og \u00feess vegna leggja Filistear hatur \u00e1 \u00cdsraelsmenn.\u201c \u00de\u00e1 var herinn kalla\u00f0ur saman til fylgdar vi\u00f0 S\u00e1l \u00ed Gilgal. <a name=\"5\"><span class=\"versanumer_2007\">5<\/span><\/a> Samt\u00edmis s\u00f6fnu\u00f0ust Filistear saman til a\u00f0 berjast vi\u00f0 \u00cdsrael. \u00deeir h\u00f6f\u00f0u \u00ferj\u00fa \u00fe\u00fasund str\u00ed\u00f0svagna, sex \u00fe\u00fasund vagnli\u00f0a og fj\u00f6lmennan her sem var sem sandur \u00e1 sj\u00e1varstr\u00f6nd. \u00deeir h\u00e9ldu n\u00fa af sta\u00f0 og settu b\u00fa\u00f0ir vi\u00f0 Mikmas, austan vi\u00f0 Betaven. <a name=\"6\"><span class=\"versanumer_2007\">6<\/span><\/a> \u00deegar \u00cdsraelsmenn s\u00e1u a\u00f0 \u00feeir voru \u00ed h\u00e6ttu, \u00fev\u00ed a\u00f0 \u00ferengt var a\u00f0 hernum, f\u00f6ldu \u00feeir sig \u00ed gj\u00f3tum, hellum, klettaskorum, holum og brunnum. <a name=\"7\"><span class=\"versanumer_2007\">7<\/span><\/a> En sumir f\u00f3ru yfir J\u00f3rdan \u00ed land Ga\u00f0s og G\u00edlea\u00f0s. <\/p>\n<h3 class=\"millifyrirsogn_2007\">Deila Sam\u00faels og S\u00e1ls<\/h3>\n<p>S\u00e1l var um kyrrt \u00ed Gilgal og allur herinn sem fylgdi honum skalf af \u00f3tta. <a name=\"8\"><span class=\"versanumer_2007\">8<\/span><\/a> Hann bei\u00f0 \u00fe\u00e1 sj\u00f6 daga sem Sam\u00fael haf\u00f0i tilteki\u00f0. En Sam\u00fael kom ekki til Gilgal svo a\u00f0 f\u00f3lki\u00f0 t\u00f3k a\u00f0 yfirgefa S\u00e1l og tv\u00edstrast.<br \/> <a name=\"9\"><span class=\"versanumer_2007\">9<\/span><\/a> \u00de\u00e1 sag\u00f0i S\u00e1l: \u201eKomi\u00f0 me\u00f0 brennif\u00f3rnina og heillaf\u00f3rnina.\u201c S\u00ed\u00f0an f\u00e6r\u00f0i hann brennif\u00f3rn. <a name=\"10\"><span class=\"versanumer_2007\">10<\/span><\/a> En einmitt \u00feegar hann haf\u00f0i loki\u00f0 vi\u00f0 a\u00f0 f\u00e6ra brennif\u00f3rnina birtist Sam\u00fael. S\u00e1l gekk \u00fe\u00e1 \u00e1 m\u00f3ti honum til \u00feess a\u00f0 heilsa honum. <a name=\"11\"><span class=\"versanumer_2007\">11<\/span><\/a> \u00de\u00e1 spur\u00f0i Sam\u00fael: \u201eHva\u00f0 hefur \u00fe\u00fa gert?\u201c S\u00e1l svara\u00f0i: \u201e\u00deegar \u00e9g s\u00e1 a\u00f0 f\u00f3lki\u00f0 var teki\u00f0 a\u00f0 tv\u00edstrast fr\u00e1 m\u00e9r og \u00fe\u00fa komst ekki \u00e1 tilteknum t\u00edma og Filistear h\u00f6f\u00f0u safnast saman vi\u00f0 Mikmas <a name=\"12\"><span class=\"versanumer_2007\">12<\/span><\/a> hugsa\u00f0i \u00e9g me\u00f0 m\u00e9r: N\u00fa halda Filistear gegn m\u00e9r \u00ed Gilgal \u00e1n \u00feess a\u00f0 \u00e9g hafi geta\u00f0 milda\u00f0 Drottin. \u00deess vegna voga\u00f0i \u00e9g m\u00e9r a\u00f0 f\u00e6ra brennif\u00f3rnina sj\u00e1lfur.\u201c<br \/> <a name=\"13\"><span class=\"versanumer_2007\">13<\/span><\/a> \u00de\u00e1 sag\u00f0i Sam\u00fael: \u201e\u00de\u00fa hefur heg\u00f0a\u00f0 \u00fe\u00e9r heimskulega. Hef\u00f0ir \u00fe\u00fa fylgt \u00feeim fyrirm\u00e6lum sem Drottinn, Gu\u00f0 \u00feinn, gaf \u00fe\u00e9r hef\u00f0i Drottinn fest konungd\u00f3m \u00feinn yfir \u00cdsrael \u00ed sessi svo a\u00f0 hann hef\u00f0i sta\u00f0i\u00f0 um aldur og \u00e6vi. <a name=\"14\"><span class=\"versanumer_2007\">14<\/span><\/a> En n\u00fa skal konungd\u00f3mur \u00feinn ekki standa. Drottinn hefur leita\u00f0 a\u00f0 manni s\u00e9r a\u00f0 skapi og \u00e6tla\u00f0 honum a\u00f0 vera h\u00f6f\u00f0ingi yfir \u00fej\u00f3\u00f0 sinni \u00fev\u00ed a\u00f0 \u00fe\u00fa hefur ekki fari\u00f0 eftir \u00fev\u00ed sem hann hefur bo\u00f0i\u00f0 \u00fe\u00e9r.\u201c <a name=\"15\"><span class=\"versanumer_2007\">15<\/span><\/a> Sam\u00fael h\u00e9lt \u00fev\u00ed n\u00e6st af sta\u00f0 og f\u00f3r fr\u00e1 Gilgal upp til G\u00edbeu \u00ed Benjam\u00edn. En S\u00e1l kanna\u00f0i li\u00f0i\u00f0, sem enn var hj\u00e1 honum, og var \u00fea\u00f0 h\u00e9r um bil sex hundru\u00f0 manns.<br \/> <a name=\"16\"><span class=\"versanumer_2007\">16<\/span><\/a> S\u00e1l og J\u00f3natan, sonur hans, og li\u00f0i\u00f0, sem var me\u00f0 \u00feeim, h\u00e9ldu kyrru fyrir \u00ed Geba \u00ed Benjam\u00edn en Filistear h\u00f6f\u00f0u sett b\u00fa\u00f0ir s\u00ednar vi\u00f0 Mikmas. <a name=\"17\"><span class=\"versanumer_2007\">17<\/span><\/a> \u00de\u00e1 h\u00e9ldu r\u00e1nssveitir \u00fat \u00far herb\u00fa\u00f0um Filistea \u00ed \u00feremur fylkingum. Ein fylkingin h\u00e9lt \u00ed \u00e1ttina til Ofra \u00ed Sj\u00faallandi, <a name=\"18\"><span class=\"versanumer_2007\">18<\/span><\/a> \u00f6nnur fylking f\u00f3r \u00ed \u00e1ttina til Bet H\u00f3ron og s\u00fa \u00feri\u00f0ja \u00ed \u00e1tt til h\u00e6\u00f0arinnar \u00fear sem sj\u00e1 m\u00e1 ey\u00f0im\u00f6rkina handan vi\u00f0 Seb\u00f3\u00edmdalinn.<br \/> <a name=\"19\"><span class=\"versanumer_2007\">19<\/span><\/a> Engan j\u00e1rnsmi\u00f0 var \u00fe\u00e1 a\u00f0 finna \u00ed \u00cdsrael \u00fev\u00ed a\u00f0 Filistear hugsu\u00f0u me\u00f0 s\u00e9r: \u201eEf svo v\u00e6ri mundu Hebrearnir sm\u00ed\u00f0a sver\u00f0 og spj\u00f3t.\u201c <a name=\"20\"><span class=\"versanumer_2007\">20<\/span><\/a> Ur\u00f0u \u00cdsraelsmenn \u00fev\u00ed a\u00f0 fara til Filistea til \u00feess a\u00f0 l\u00e1ta sm\u00ed\u00f0a pl\u00f3gj\u00e1rn, haka, \u00f6xi e\u00f0a sig\u00f0. <a name=\"21\"><span class=\"versanumer_2007\">21<\/span><\/a> Ver\u00f0i\u00f0 var eitt pim fyrir pl\u00f3gj\u00e1rn, haka, \u00fer\u00edfork og \u00f6xi og einnig fyrir a\u00f0 setja odd \u00e1 broddstaf.<br \/> <a name=\"22\"><span class=\"versanumer_2007\">22<\/span><\/a> \u00dev\u00ed var \u00fea\u00f0 a\u00f0 daginn sem kom til bardaga haf\u00f0i enginn \u00ed li\u00f0i S\u00e1ls e\u00f0a J\u00f3natans sver\u00f0 e\u00f0a spj\u00f3t \u00ed hendi. A\u00f0eins S\u00e1l og J\u00f3natan, sonur hans, h\u00f6f\u00f0u sl\u00edk vopn.<br \/> <a name=\"23\"><span class=\"versanumer_2007\">23<\/span><\/a> Framvar\u00f0arsveit Filistea s\u00f3tti fram \u00ed skar\u00f0i\u00f0 vi\u00f0 Mikmas.<\/p>\n","protected":false},"excerpt":{"rendered":"<p>\u00c1t\u00f6k vi\u00f0 Filistea 1 S\u00e1l var \u2026 \u00e1ra \u00feegar hann var\u00f0 konungur og hann r\u00edkti yfir \u00cdsrael \u2026[ 2 S\u00e1l valdi s\u00e9r \u00ferj\u00fa \u00fe\u00fasund \u00cdsraelsmenn. Voru tv\u00f6 \u00fe\u00fasund me\u00f0 S\u00e1l \u00ed Mikmas og \u00ed fjalllendinu vi\u00f0 Betel en \u00fe\u00fasund voru me\u00f0 J\u00f3natan \u00ed G\u00edbeu \u00ed Benjam\u00edn. Alla a\u00f0ra sendi hann fr\u00e1 s\u00e9r til tjalda sinna. 3 J\u00f3natan drap landstj\u00f3ra Filistea, sem haf\u00f0i a\u00f0setur \u00ed Geba, og fr\u00e9ttu Filistear \u00fea\u00f0 en S\u00e1l l\u00e9t \u00feeyta hafurshorn um allt landi\u00f0 og tilkynna: \u201eHebrear skulu heyra \u00feetta.\u201c 4 \u00deannig barst \u00f6llum \u00cdsrael fr\u00e9ttin: \u201eS\u00e1l hefur drepi\u00f0 landstj\u00f3ra Filistea og \u00feess vegna leggja Filistear hatur <a href=\"https:\/\/biblian.is\/biblian\/fyrri-samuelsbok-13-kafli\/\"> [&#8230;]<\/a><\/p>\n","protected":false},"author":1,"featured_media":0,"parent":0,"menu_order":0,"comment_status":"open","ping_status":"open","template":"bibliukaflar_NT.php","meta":{"footnotes":""},"class_list":["post-1866","page","type-page","status-publish","hentry"],"_links":{"self":[{"href":"https:\/\/biblian.is\/biblian\/wp-json\/wp\/v2\/pages\/1866","targetHints":{"allow":["GET"]}}],"collection":[{"href":"https:\/\/biblian.is\/biblian\/wp-json\/wp\/v2\/pages"}],"about":[{"href":"https:\/\/biblian.is\/biblian\/wp-json\/wp\/v2\/types\/page"}],"author":[{"embeddable":true,"href":"https:\/\/biblian.is\/biblian\/wp-json\/wp\/v2\/users\/1"}],"replies":[{"embeddable":true,"href":"https:\/\/biblian.is\/biblian\/wp-json\/wp\/v2\/comments?post=1866"}],"version-history":[{"count":0,"href":"https:\/\/biblian.is\/biblian\/wp-json\/wp\/v2\/pages\/1866\/revisions"}],"wp:attachment":[{"href":"https:\/\/biblian.is\/biblian\/wp-json\/wp\/v2\/media?parent=1866"}],"curies":[{"name":"wp","href":"https:\/\/api.w.org\/{rel}","templated":true}]}}