{"id":1865,"date":"2017-12-30T21:00:45","date_gmt":"2017-12-30T21:00:45","guid":{"rendered":"http:\/\/biblian.is\/biblian\/fyrri-sam%c2%9celsb%c2%97k-12-kafli\/"},"modified":"2024-02-06T18:28:58","modified_gmt":"2024-02-06T18:28:58","slug":"fyrri-samuelsbok-12-kafli","status":"publish","type":"page","link":"https:\/\/biblian.is\/biblian\/fyrri-samuelsbok-12-kafli\/","title":{"rendered":"Fyrri Sam\u00faelsb\u00f3k 12. kafli"},"content":{"rendered":"<h3 class=\"millifyrirsogn_2007\"> Kve\u00f0jur\u00e6\u00f0a Sam\u00faels<\/h3>\n<p><a name=\"1\"><span class=\"versanumer_2007\">1<\/span><\/a> Sam\u00fael sag\u00f0i vi\u00f0 alla \u00cdsraelsmenn: <br \/>\u201e\u00c9g hef \u00ed einu og \u00f6llu or\u00f0i\u00f0 vi\u00f0 \u00fev\u00ed sem \u00fei\u00f0 kr\u00f6f\u00f0u\u00f0 mig um og sett yfir ykkur konung. <a name=\"2\"><span class=\"versanumer_2007\">2<\/span><\/a> N\u00fa er konungurinn lei\u00f0togi ykkar. \u00c9g er sj\u00e1lfur or\u00f0inn gamall og gr\u00e1r fyrir h\u00e6rum og syni m\u00edna hafi\u00f0 \u00fei\u00f0 hj\u00e1 ykkur. Allt fr\u00e1 \u00e6sku\u00e1rum og fram \u00e1 \u00feennan dag hef \u00e9g veri\u00f0 lei\u00f0togi ykkar. <a name=\"3\"><span class=\"versanumer_2007\">3<\/span><\/a> N\u00fa stend \u00e9g h\u00e9r. Svari\u00f0 m\u00e9r frammi fyrir Drottni og hans smur\u00f0a. Hef \u00e9g teki\u00f0 naut fr\u00e1 einhverjum? Hef \u00e9g teki\u00f0 asna fr\u00e1 einhverjum? Hef \u00e9g f\u00e9flett einhvern? Hef \u00e9g beitt einhvern ofr\u00edki? Hef \u00e9g \u00feegi\u00f0 lausnargjald fyrir mor\u00f0 af einhverjum og loka\u00f0 augunum fyrir sekt hans? Hafi \u00e9g gert eitthva\u00f0 af \u00feessu vil \u00e9g n\u00fa b\u00e6ta fyrir \u00fea\u00f0.\u201c<br \/> <a name=\"4\"><span class=\"versanumer_2007\">4<\/span><\/a> \u00deeir sv\u00f6ru\u00f0u: \u201e\u00de\u00fa hefur ekki f\u00e9flett okkur, \u00fe\u00fa hefur ekki beitt okkur ofr\u00edki, \u00fe\u00fa hefur ekki teki\u00f0 neitt fr\u00e1 neinum.\u201c<br \/> <a name=\"5\"><span class=\"versanumer_2007\">5<\/span><\/a> Hann sag\u00f0i vi\u00f0 \u00fe\u00e1: \u201eN\u00fa eru Drottinn og hans smur\u00f0i vitni \u00feess a\u00f0 \u00fei\u00f0 hafi\u00f0 ekki fundi\u00f0 mig sekan um neitt.\u201c \u201eJ\u00e1,\u201c sv\u00f6ru\u00f0u \u00feeir.<br \/> <a name=\"6\"><span class=\"versanumer_2007\">6<\/span><\/a> S\u00ed\u00f0an sag\u00f0i Sam\u00fael vi\u00f0 f\u00f3lki\u00f0: <br \/>\u201eDrottinn er vitni \u00feessa, hann sem ger\u00f0i M\u00f3se og Aron a\u00f0 \u00fej\u00f3num s\u00ednum og leiddi fe\u00f0ur ykkar \u00fat \u00far Egyptalandi. <a name=\"7\"><span class=\"versanumer_2007\">7<\/span><\/a> Gangi\u00f0 n\u00fa fram. H\u00e9r frammi fyrir augliti Drottins \u00e6tla \u00e9g a\u00f0 setja r\u00e9tt \u00ed m\u00e1lum ykkar og minna ykkur \u00e1 \u00f6ll hj\u00e1lpr\u00e6\u00f0isverk Drottins sem hann hefur unni\u00f0 fyrir ykkur og forfe\u00f0ur ykkar. <a name=\"8\"><span class=\"versanumer_2007\">8<\/span><\/a> \u00deegar Jakob var kominn til Egyptalands og forfe\u00f0ur ykkar hr\u00f3pu\u00f0u til Drottins sendi Drottinn M\u00f3se og Aron. \u00deeir leiddu forfe\u00f0ur ykkar \u00fat \u00far Egyptalandi og l\u00e9tu \u00fe\u00e1 setjast h\u00e9r a\u00f0. <a name=\"9\"><span class=\"versanumer_2007\">9<\/span><\/a> En \u00feeir gleymdu Drottni, Gu\u00f0i s\u00ednum, svo hann seldi \u00fe\u00e1 \u00ed hendur S\u00edsera, hersh\u00f6f\u00f0ingja fr\u00e1 Has\u00f3r, og \u00ed hendur Filistea og \u00ed hendur M\u00f3abskonungs og \u00feeir r\u00e9\u00f0ust \u00e1 \u00fe\u00e1. <a name=\"10\"><span class=\"versanumer_2007\">10<\/span><\/a> En \u00feeir hr\u00f3pu\u00f0u til Drottins og s\u00f6g\u00f0u: Vi\u00f0 h\u00f6fum syndga\u00f0 \u00fev\u00ed a\u00f0 vi\u00f0 yfirg\u00e1fum Drottin og d\u00fdrku\u00f0um Baalana og Ast\u00f6rturnar. Bjarga\u00f0u okkur n\u00fa \u00far h\u00f6ndum fjandmanna okkar, \u00fe\u00e1 skulum vi\u00f0 \u00fej\u00f3na \u00fe\u00e9r. <a name=\"11\"><span class=\"versanumer_2007\">11<\/span><\/a> \u00de\u00e1 sendi Drottinn Jer\u00fabbaal, Bedan, Jefta og Sam\u00fael og bjarga\u00f0i ykkur \u00far h\u00f6ndum allra fjandmanna umhverfis ykkur svo a\u00f0 \u00fei\u00f0 g\u00e1tu\u00f0 b\u00fai\u00f0 \u00f3hultir. <a name=\"12\"><span class=\"versanumer_2007\">12<\/span><\/a> En \u00feegar \u00fei\u00f0 s\u00e1u\u00f0 a\u00f0 Nahas, konungur Amm\u00f3n\u00edta, r\u00e9\u00f0st \u00e1 ykkur s\u00f6g\u00f0u\u00f0 \u00fei\u00f0 vi\u00f0 mig: Nei, konungur skal r\u00edkja yfir okkur. \u00deetta ger\u00f0u\u00f0 \u00fei\u00f0 enda \u00fe\u00f3tt Drottinn, Gu\u00f0 ykkar, s\u00e9 konungur ykkar. <a name=\"13\"><span class=\"versanumer_2007\">13<\/span><\/a> Sj\u00e1i\u00f0, h\u00e9rna er konungur ykkar sem \u00fei\u00f0 hafi\u00f0 vali\u00f0 og be\u00f0i\u00f0 um. N\u00fa hefur Drottinn sett konung yfir ykkur. <a name=\"14\"><span class=\"versanumer_2007\">14<\/span><\/a> Ef \u00fei\u00f0 vir\u00f0i\u00f0 Drottin og \u00fej\u00f3ni\u00f0 honum, ef \u00fei\u00f0 hl\u00fd\u00f0i\u00f0 bo\u00f0um hans og setji\u00f0 ykkur ekki \u00e1 m\u00f3ti skipunum hans og ef \u00fei\u00f0 og konungurinn, sem r\u00edkir yfir ykkur, fylgi\u00f0 Drottni mun ykkur vegna vel. <a name=\"15\"><span class=\"versanumer_2007\">15<\/span><\/a> En hl\u00fd\u00f0i\u00f0 \u00fei\u00f0 ekki bo\u00f0um Drottins og setji\u00f0 ykkur \u00e1 m\u00f3ti skipunum hans, \u00fe\u00e1 ver\u00f0ur h\u00f6nd Drottins reidd gegn ykkur og konungi ykkar.<span class=\"nedan_mal\" title=\" \u00d6nnur hugsanleg \u00fe\u00fd\u00f0ing: gegn ykkur l\u00edkt og fe\u00f0rum ykkar. \">[<\/span> <br \/> <a name=\"16\"><span class=\"versanumer_2007\">16<\/span><\/a> Gangi\u00f0 n\u00fa fram og sj\u00e1i\u00f0 me\u00f0 eigin augum \u00fea\u00f0 st\u00f3rvirki sem Drottinn er \u00ed \u00feann veginn a\u00f0 vinna. <a name=\"17\"><span class=\"versanumer_2007\">17<\/span><\/a> Stendur ekki hveitiuppskeran yfir n\u00fana? \u00c9g \u00e6tla a\u00f0 hr\u00f3pa til Drottins, \u00fe\u00e1 mun hann senda \u00ferumur og rigningu. \u00de\u00e1 skilji\u00f0 \u00fei\u00f0 hve rangt \u00fea\u00f0 var af ykkur \u00ed augum Drottins a\u00f0 krefjast konungs.\u201c<br \/> <a name=\"18\"><span class=\"versanumer_2007\">18<\/span><\/a> S\u00ed\u00f0an hr\u00f3pa\u00f0i Sam\u00fael til Drottins og Drottinn sendi jafnskj\u00f3tt \u00ferumur og rigningu. Allt f\u00f3lki\u00f0 skelfdist Drottin og Sam\u00fael <a name=\"19\"><span class=\"versanumer_2007\">19<\/span><\/a> og \u00fea\u00f0 sag\u00f0i vi\u00f0 Sam\u00fael: \u201eBi\u00f0 fyrir \u00fej\u00f3num \u00fe\u00ednum til Drottins, Gu\u00f0s \u00fe\u00edns, svo a\u00f0 vi\u00f0 deyjum ekki af \u00fev\u00ed a\u00f0 vi\u00f0 h\u00f6fum b\u00e6tt \u00feeirri misgj\u00f6r\u00f0 ofan \u00e1 allar okkar fyrri syndir a\u00f0 krefjast konungs.\u201c <a name=\"20\"><span class=\"versanumer_2007\">20<\/span><\/a> Sam\u00fael svara\u00f0i \u00fe\u00e1 f\u00f3lkinu: \u201e\u00d3ttist ekki. \u00dei\u00f0 hafi\u00f0 a\u00f0 v\u00edsu unni\u00f0 \u00feetta illvirki en l\u00e1ti\u00f0 samt ekki af a\u00f0 fylgja Drottni. \u00dej\u00f3ni\u00f0 honum heils hugar. <a name=\"21\"><span class=\"versanumer_2007\">21<\/span><\/a> V\u00edki\u00f0 ekki fr\u00e1 honum til \u00feess a\u00f0 elta f\u00e1n\u00fdta hj\u00e1gu\u00f0i, sem hvorki veita neinum li\u00f0 n\u00e9 frelsa nokkurn mann, \u00fev\u00ed a\u00f0 \u00feeir eru einskis n\u00fdtir. <a name=\"22\"><span class=\"versanumer_2007\">22<\/span><\/a> Drottinn hefur \u00e1kve\u00f0i\u00f0 a\u00f0 gera ykkur a\u00f0 l\u00fd\u00f0 s\u00ednum og vegna s\u00edns mikla nafns mun hann ekki hafna l\u00fd\u00f0 s\u00ednum. <a name=\"23\"><span class=\"versanumer_2007\">23<\/span><\/a> \u00dea\u00f0 s\u00e9 fjarri m\u00e9r a\u00f0 syndga gegn Drottni me\u00f0 \u00fev\u00ed a\u00f0 h\u00e6tta a\u00f0 bi\u00f0ja fyrir ykkur. \u00c9g mun s\u00fdna ykkur hinn g\u00f3\u00f0a og r\u00e9tta veg. <a name=\"24\"><span class=\"versanumer_2007\">24<\/span><\/a> \u00d3ttist Drottin og \u00fej\u00f3ni\u00f0 honum af tr\u00fafesti og heils hugar \u00fev\u00ed a\u00f0 \u00fei\u00f0 sj\u00e1i\u00f0 \u00feau st\u00f3rvirki sem hann hefur unni\u00f0 fyrir ykkur. <a name=\"25\"><span class=\"versanumer_2007\">25<\/span><\/a> En ef \u00fei\u00f0 haldi\u00f0 \u00e1fram illri breytni ykkar skal b\u00e6\u00f0i ykkur og konungi ykkar ver\u00f0a svipt \u00ed burtu.\u201c<\/p>\n","protected":false},"excerpt":{"rendered":"<p>Kve\u00f0jur\u00e6\u00f0a Sam\u00faels 1 Sam\u00fael sag\u00f0i vi\u00f0 alla \u00cdsraelsmenn: \u201e\u00c9g hef \u00ed einu og \u00f6llu or\u00f0i\u00f0 vi\u00f0 \u00fev\u00ed sem \u00fei\u00f0 kr\u00f6f\u00f0u\u00f0 mig um og sett yfir ykkur konung. 2 N\u00fa er konungurinn lei\u00f0togi ykkar. \u00c9g er sj\u00e1lfur or\u00f0inn gamall og gr\u00e1r fyrir h\u00e6rum og syni m\u00edna hafi\u00f0 \u00fei\u00f0 hj\u00e1 ykkur. Allt fr\u00e1 \u00e6sku\u00e1rum og fram \u00e1 \u00feennan dag hef \u00e9g veri\u00f0 lei\u00f0togi ykkar. 3 N\u00fa stend \u00e9g h\u00e9r. Svari\u00f0 m\u00e9r frammi fyrir Drottni og hans smur\u00f0a. Hef \u00e9g teki\u00f0 naut fr\u00e1 einhverjum? Hef \u00e9g teki\u00f0 asna fr\u00e1 einhverjum? Hef \u00e9g f\u00e9flett einhvern? Hef \u00e9g beitt einhvern ofr\u00edki? Hef \u00e9g \u00feegi\u00f0 lausnargjald <a href=\"https:\/\/biblian.is\/biblian\/fyrri-samuelsbok-12-kafli\/\"> [&#8230;]<\/a><\/p>\n","protected":false},"author":1,"featured_media":0,"parent":0,"menu_order":0,"comment_status":"open","ping_status":"open","template":"bibliukaflar_NT.php","meta":{"footnotes":""},"class_list":["post-1865","page","type-page","status-publish","hentry"],"_links":{"self":[{"href":"https:\/\/biblian.is\/biblian\/wp-json\/wp\/v2\/pages\/1865","targetHints":{"allow":["GET"]}}],"collection":[{"href":"https:\/\/biblian.is\/biblian\/wp-json\/wp\/v2\/pages"}],"about":[{"href":"https:\/\/biblian.is\/biblian\/wp-json\/wp\/v2\/types\/page"}],"author":[{"embeddable":true,"href":"https:\/\/biblian.is\/biblian\/wp-json\/wp\/v2\/users\/1"}],"replies":[{"embeddable":true,"href":"https:\/\/biblian.is\/biblian\/wp-json\/wp\/v2\/comments?post=1865"}],"version-history":[{"count":0,"href":"https:\/\/biblian.is\/biblian\/wp-json\/wp\/v2\/pages\/1865\/revisions"}],"wp:attachment":[{"href":"https:\/\/biblian.is\/biblian\/wp-json\/wp\/v2\/media?parent=1865"}],"curies":[{"name":"wp","href":"https:\/\/api.w.org\/{rel}","templated":true}]}}