{"id":1864,"date":"2017-12-30T21:00:45","date_gmt":"2017-12-30T21:00:45","guid":{"rendered":"http:\/\/biblian.is\/biblian\/fyrri-sam%c2%9celsb%c2%97k-11-kafli\/"},"modified":"2024-02-06T18:28:58","modified_gmt":"2024-02-06T18:28:58","slug":"fyrri-samuelsbok-11-kafli","status":"publish","type":"page","link":"https:\/\/biblian.is\/biblian\/fyrri-samuelsbok-11-kafli\/","title":{"rendered":"Fyrri Sam\u00faelsb\u00f3k 11. kafli"},"content":{"rendered":"<h3 class=\"millifyrirsogn_2007\"> Sigur yfir Amm\u00f3n\u00edtum<\/h3>\n<p><a name=\"1\"><span class=\"versanumer_2007\">1<\/span><\/a> Nahas fr\u00e1 Amm\u00f3n h\u00e9lt \u00ed herf\u00f6r og settist um Jabes \u00ed G\u00edlea\u00f0. \u00de\u00e1 s\u00f6g\u00f0u Jabesb\u00faar vi\u00f0 Nahas: \u201eGer\u00f0u s\u00e1ttm\u00e1la vi\u00f0 okkur, \u00fe\u00e1 ver\u00f0um vi\u00f0 \u00fe\u00e9r undirgefnir.\u201c <a name=\"2\"><span class=\"versanumer_2007\">2<\/span><\/a> Amm\u00f3n\u00edtinn Nahas svara\u00f0i \u00feeim: \u201e\u00c9g skal gera s\u00e1ttm\u00e1la vi\u00f0 ykkur me\u00f0 \u00fev\u00ed skilyr\u00f0i a\u00f0 \u00e9g f\u00e1i a\u00f0 stinga h\u00e6gra auga\u00f0 \u00far ykkur \u00f6llum og h\u00e6\u00f0a \u00feannig allan \u00cdsrael.\u201c<br \/> <a name=\"3\"><span class=\"versanumer_2007\">3<\/span><\/a> \u00d6ldungar Jabesborgar sv\u00f6ru\u00f0u honum: \u201eGef\u00f0u okkur sj\u00f6 daga frest svo a\u00f0 vi\u00f0 getum sent bo\u00f0bera um allt land \u00cdsraels. S\u00e9 \u00fear enginn sem getur bjarga\u00f0 okkur gefumst vi\u00f0 upp fyrir \u00fe\u00e9r.\u201c<br \/> <a name=\"4\"><span class=\"versanumer_2007\">4<\/span><\/a> \u00deegar sendimennirnir komu til G\u00edbeu S\u00e1ls og b\u00e1ru upp erindi sitt vi\u00f0 \u00edb\u00faana t\u00f3ku allir a\u00f0 gr\u00e1ta h\u00e1st\u00f6fum. <a name=\"5\"><span class=\"versanumer_2007\">5<\/span><\/a> En r\u00e9tt \u00ed \u00fev\u00ed kom S\u00e1l \u00e1 eftir nautum s\u00ednum \u00far haganum og spur\u00f0i: \u201eHva\u00f0 er a\u00f0 f\u00f3lkinu, af hverju gr\u00e6tur \u00fea\u00f0?\u201c Honum var \u00fe\u00e1 sagt fr\u00e1 erindi mannanna fr\u00e1 Jabes. <a name=\"6\"><span class=\"versanumer_2007\">6<\/span><\/a> \u00deegar S\u00e1l heyr\u00f0i \u00fea\u00f0 kom andi Gu\u00f0s yfir hann og rei\u00f0i hans blossa\u00f0i upp. <a name=\"7\"><span class=\"versanumer_2007\">7<\/span><\/a> Hann t\u00f3k tv\u00f6 naut, hj\u00f3 \u00feau \u00ed sm\u00e1tt og sendi hlutana me\u00f0 sendibo\u00f0unum um allt land \u00cdsraels og l\u00e9t \u00feessa or\u00f0sendingu fylgja: \u201e\u00deannig fer fyrir nautum hvers \u00feess manns sem ekki fylgir Sam\u00fael og S\u00e1l.\u201c \u00de\u00e1 kom \u00f3tti Drottins yfir f\u00f3lki\u00f0 og \u00fea\u00f0 h\u00e9lt \u00fat \u00ed str\u00ed\u00f0i\u00f0 sem einn ma\u00f0ur. <a name=\"8\"><span class=\"versanumer_2007\">8<\/span><\/a> \u00deegar S\u00e1l kanna\u00f0i li\u00f0i\u00f0 \u00ed Besek reyndust \u00cdsraelsmenn \u00ferj\u00fa hundru\u00f0 \u00fe\u00fasund og J\u00fadamenn \u00ferj\u00e1t\u00edu \u00fe\u00fasund.<br \/> <a name=\"9\"><span class=\"versanumer_2007\">9<\/span><\/a> \u00de\u00e1 sag\u00f0i hann vi\u00f0 sendibo\u00f0ana sem komnir voru: \u201eSkili\u00f0 \u00feessu til Jabesb\u00faa \u00ed G\u00edlea\u00f0: \u00c1 morgun, \u00e1\u00f0ur en s\u00f3l er h\u00e6st \u00e1 lofti, berst ykkur hj\u00e1lp.\u201c<br \/>Jabesb\u00faar gl\u00f6ddust er sendibo\u00f0arnir fluttu \u00feeim \u00feessi bo\u00f0 <a name=\"10\"><span class=\"versanumer_2007\">10<\/span><\/a> og s\u00f6g\u00f0u vi\u00f0 Amm\u00f3n\u00edtana: \u201e\u00c1 morgun gefumst vi\u00f0 upp fyrir ykkur. \u00de\u00e1 geti\u00f0 \u00fei\u00f0 gert vi\u00f0 okkur \u00fea\u00f0 sem ykkur s\u00fdnist.\u201c<br \/> <a name=\"11\"><span class=\"versanumer_2007\">11<\/span><\/a> Morguninn eftir skipti S\u00e1l li\u00f0inu \u00ed \u00ferj\u00e1r fylkingar. Um morgunv\u00f6kuna brutust li\u00f0smenn hans inn \u00ed herb\u00fa\u00f0ir Amm\u00f3n\u00edta og er s\u00f3l var h\u00e6st \u00e1 lofti h\u00f6f\u00f0u \u00feeir gengi\u00f0 milli bols og h\u00f6fu\u00f0s \u00e1 \u00feeim. \u00deeim sem sluppu lifandi var tv\u00edstra\u00f0 svo a\u00f0 hvergi voru tveir saman sem komist h\u00f6f\u00f0u l\u00edfs af.<br \/> <a name=\"12\"><span class=\"versanumer_2007\">12<\/span><\/a> \u00de\u00e1 sag\u00f0i f\u00f3lki\u00f0 vi\u00f0 Sam\u00fael: \u201eHver var \u00fea\u00f0 sem spur\u00f0i: \u00c1 S\u00e1l a\u00f0 r\u00edkja yfir okkur? Lei\u00f0i\u00f0 mennina fram svo a\u00f0 vi\u00f0 getum drepi\u00f0 \u00fe\u00e1.\u201c <a name=\"13\"><span class=\"versanumer_2007\">13<\/span><\/a> En S\u00e1l sag\u00f0i: \u201e\u00cd dag ver\u00f0ur enginn tekinn af l\u00edfi \u00fev\u00ed a\u00f0 \u00e1 \u00feessum degi hefur Drottinn bjarga\u00f0 \u00cdsrael.\u201c <br \/> <a name=\"14\"><span class=\"versanumer_2007\">14<\/span><\/a> En Sam\u00fael sag\u00f0i vi\u00f0 f\u00f3lki\u00f0: \u201eKomi\u00f0, vi\u00f0 skulum fara til Gilgal og endurn\u00fdja \u00fear konungd\u00f3minn.\u201c <a name=\"15\"><span class=\"versanumer_2007\">15<\/span><\/a> \u00dev\u00ed n\u00e6st gekk allt f\u00f3lki\u00f0 \u00feanga\u00f0 og ger\u00f0i S\u00e1l a\u00f0 konungi fyrir augliti Drottins \u00ed Gilgal. \u00dea\u00f0 sl\u00e1tra\u00f0i heillaf\u00f3rnum fyrir augliti Drottins. S\u00e1l og allir \u00cdsraelsmenn gl\u00f6ddust mj\u00f6g. <\/p>\n","protected":false},"excerpt":{"rendered":"<p>Sigur yfir Amm\u00f3n\u00edtum 1 Nahas fr\u00e1 Amm\u00f3n h\u00e9lt \u00ed herf\u00f6r og settist um Jabes \u00ed G\u00edlea\u00f0. \u00de\u00e1 s\u00f6g\u00f0u Jabesb\u00faar vi\u00f0 Nahas: \u201eGer\u00f0u s\u00e1ttm\u00e1la vi\u00f0 okkur, \u00fe\u00e1 ver\u00f0um vi\u00f0 \u00fe\u00e9r undirgefnir.\u201c 2 Amm\u00f3n\u00edtinn Nahas svara\u00f0i \u00feeim: \u201e\u00c9g skal gera s\u00e1ttm\u00e1la vi\u00f0 ykkur me\u00f0 \u00fev\u00ed skilyr\u00f0i a\u00f0 \u00e9g f\u00e1i a\u00f0 stinga h\u00e6gra auga\u00f0 \u00far ykkur \u00f6llum og h\u00e6\u00f0a \u00feannig allan \u00cdsrael.\u201c 3 \u00d6ldungar Jabesborgar sv\u00f6ru\u00f0u honum: \u201eGef\u00f0u okkur sj\u00f6 daga frest svo a\u00f0 vi\u00f0 getum sent bo\u00f0bera um allt land \u00cdsraels. S\u00e9 \u00fear enginn sem getur bjarga\u00f0 okkur gefumst vi\u00f0 upp fyrir \u00fe\u00e9r.\u201c 4 \u00deegar sendimennirnir komu til G\u00edbeu S\u00e1ls og b\u00e1ru <a href=\"https:\/\/biblian.is\/biblian\/fyrri-samuelsbok-11-kafli\/\"> [&#8230;]<\/a><\/p>\n","protected":false},"author":1,"featured_media":0,"parent":0,"menu_order":0,"comment_status":"open","ping_status":"open","template":"bibliukaflar_NT.php","meta":{"footnotes":""},"class_list":["post-1864","page","type-page","status-publish","hentry"],"_links":{"self":[{"href":"https:\/\/biblian.is\/biblian\/wp-json\/wp\/v2\/pages\/1864","targetHints":{"allow":["GET"]}}],"collection":[{"href":"https:\/\/biblian.is\/biblian\/wp-json\/wp\/v2\/pages"}],"about":[{"href":"https:\/\/biblian.is\/biblian\/wp-json\/wp\/v2\/types\/page"}],"author":[{"embeddable":true,"href":"https:\/\/biblian.is\/biblian\/wp-json\/wp\/v2\/users\/1"}],"replies":[{"embeddable":true,"href":"https:\/\/biblian.is\/biblian\/wp-json\/wp\/v2\/comments?post=1864"}],"version-history":[{"count":0,"href":"https:\/\/biblian.is\/biblian\/wp-json\/wp\/v2\/pages\/1864\/revisions"}],"wp:attachment":[{"href":"https:\/\/biblian.is\/biblian\/wp-json\/wp\/v2\/media?parent=1864"}],"curies":[{"name":"wp","href":"https:\/\/api.w.org\/{rel}","templated":true}]}}