{"id":1862,"date":"2017-12-30T21:00:45","date_gmt":"2017-12-30T21:00:45","guid":{"rendered":"http:\/\/biblian.is\/biblian\/fyrri-sam%c2%9celsb%c2%97k-9-kafli\/"},"modified":"2024-02-06T18:29:14","modified_gmt":"2024-02-06T18:29:14","slug":"fyrri-samuelsbok-9-kafli","status":"publish","type":"page","link":"https:\/\/biblian.is\/biblian\/fyrri-samuelsbok-9-kafli\/","title":{"rendered":"Fyrri Sam\u00faelsb\u00f3k 9. kafli"},"content":{"rendered":"<h3 class=\"millifyrirsogn_2007\"> S\u00e1l hittir Sam\u00fael<\/h3>\n<p><a name=\"1\"><span class=\"versanumer_2007\">1<\/span><\/a> Einu sinni var au\u00f0ugur ma\u00f0ur af Benjam\u00edns \u00e6tt. Hann h\u00e9t K\u00eds og var sonur Ab\u00edels Ser\u00f3rssonar, Bek\u00f3ratssonar, Af\u00edasonar af \u00e6ttb\u00e1lki Benjam\u00edns. <a name=\"2\"><span class=\"versanumer_2007\">2<\/span><\/a> Hann \u00e1tti son sem h\u00e9t S\u00e1l. Hann var ungur a\u00f0 aldri og \u00f6\u00f0rum \u00cdsraelsm\u00f6nnum gl\u00e6silegri. Hann var h\u00f6f\u00f0inu h\u00e6rri en \u00feeir allir.<br \/> <a name=\"3\"><span class=\"versanumer_2007\">3<\/span><\/a> Einhverju sinni t\u00fdndust \u00f6snur K\u00edss, f\u00f6\u00f0ur S\u00e1ls. Hann sag\u00f0i \u00fe\u00e1 vi\u00f0 S\u00e1l, son sinn: \u201eTaktu me\u00f0 \u00fe\u00e9r einhvern af vinnum\u00f6nnunum og b\u00fa\u00f0u \u00feig, far\u00f0u s\u00ed\u00f0an og leita\u00f0u a\u00f0 \u00f6snunum.\u201c<br \/> <a name=\"4\"><span class=\"versanumer_2007\">4<\/span><\/a> \u00deeir f\u00f3ru um fjalllendi Efra\u00edms og Sal\u00edsaland en fundu \u00fe\u00e6r ekki. S\u00ed\u00f0an f\u00f3ru \u00feeir um Saal\u00edmlandsv\u00e6\u00f0i\u00f0 en ur\u00f0u \u00feeirra ekki varir og loks um land Benjam\u00edns \u00e1n \u00feess a\u00f0 finna \u00fe\u00e6r.<br \/> <a name=\"5\"><span class=\"versanumer_2007\">5<\/span><\/a> \u00deegar \u00feeir voru komnir inn \u00ed S\u00fafh\u00e9ra\u00f0 sag\u00f0i S\u00e1l vi\u00f0 vinnumanninn sem me\u00f0 honum var: \u201eKomdu, vi\u00f0 skulum sn\u00faa vi\u00f0 svo a\u00f0 fa\u00f0ir minn hafi ekki meiri \u00e1hyggjur af okkur en \u00f6snunum.\u201c <a name=\"6\"><span class=\"versanumer_2007\">6<\/span><\/a> En vinnuma\u00f0urinn svara\u00f0i: \u201eSj\u00e1, \u00ed \u00feessari borg b\u00fdr gu\u00f0sma\u00f0ur. Hann er mikils virtur \u00fev\u00ed a\u00f0 allt sem hann segir fyrir um kemur fram. Vi\u00f0 skulum fara \u00feanga\u00f0. Ef til vill getur hann sagt okkur til vegar.\u201c <a name=\"7\"><span class=\"versanumer_2007\">7<\/span><\/a> S\u00e1l sag\u00f0i vi\u00f0 vinnumanninn: \u201eJ\u00e1, vi\u00f0 skulum fara en hva\u00f0 eigum vi\u00f0 a\u00f0 f\u00e6ra manninum? Vi\u00f0 eigum ekkert brau\u00f0 eftir \u00ed t\u00f6skunum og enga gj\u00f6f til a\u00f0 f\u00e6ra gu\u00f0smanninum, e\u00f0a er \u00fea\u00f0?\u201c <a name=\"8\"><span class=\"versanumer_2007\">8<\/span><\/a> Vinnuma\u00f0urinn svara\u00f0i S\u00e1l og sag\u00f0i: \u201eJ\u00fa, \u00e9g er me\u00f0 fj\u00f3r\u00f0ung \u00far silfursikli me\u00f0 m\u00e9r. \u00c9g skal gefa gu\u00f0smanninum hann svo a\u00f0 hann segi okkur til vegar.\u201c<br \/> <a name=\"9\"><span class=\"versanumer_2007\">9<\/span><\/a> \u00c1\u00f0ur fyrr, \u00feegar einhver \u00ed \u00cdsrael \u00e6tla\u00f0i a\u00f0 leita \u00farskur\u00f0ar Drottins, sag\u00f0i hann jafnan: \u201eKomum, vi\u00f0 skulum fara til sj\u00e1andans.\u201c \u00dev\u00ed a\u00f0 s\u00e1 sem n\u00fa er nefndur sp\u00e1ma\u00f0ur var fyrrum nefndur sj\u00e1andi.<br \/> <a name=\"10\"><span class=\"versanumer_2007\">10<\/span><\/a> S\u00e1l sag\u00f0i vi\u00f0 vinnumanninn: \u201e\u00de\u00fa hefur r\u00e9tt a\u00f0 m\u00e6la. Komdu, vi\u00f0 skulum fara \u00feanga\u00f0.\u201c S\u00ed\u00f0an h\u00e9ldu \u00feeir til borgarinnar \u00fear sem gu\u00f0sma\u00f0urinn bj\u00f3. <a name=\"11\"><span class=\"versanumer_2007\">11<\/span><\/a> \u00c1 lei\u00f0 sinni upp brekkuna til borgarinnar m\u00e6ttu \u00feeir nokkrum st\u00falkum, sem voru a\u00f0 s\u00e6kja vatn, og \u00feeir spur\u00f0u \u00fe\u00e6r: \u201eHvar er sj\u00e1andinn?\u201c <a name=\"12\"><span class=\"versanumer_2007\">12<\/span><\/a> \u00de\u00e6r sv\u00f6ru\u00f0u: \u201eHann er \u00fearna r\u00e9tt \u00e1 undan ykkur. Fl\u00fdti\u00f0 ykkur. Hann var a\u00f0 koma til borgarinnar \u00fev\u00ed a\u00f0 \u00ed dag \u00e6tlar f\u00f3lki\u00f0 a\u00f0 f\u00e6ra sl\u00e1turf\u00f3rn \u00e1 f\u00f3rnarh\u00e6\u00f0inni. <a name=\"13\"><span class=\"versanumer_2007\">13<\/span><\/a> \u00dei\u00f0 m\u00e6ti\u00f0 honum um lei\u00f0 og \u00fei\u00f0 komi\u00f0 inn \u00ed borgina \u00e1\u00f0ur en hann fer upp \u00e1 f\u00f3rnarh\u00e6\u00f0ina til a\u00f0 taka \u00fe\u00e1tt \u00ed m\u00e1lt\u00ed\u00f0inni. F\u00f3lki\u00f0 byrjar ekki a\u00f0 bor\u00f0a fyrr en hann kemur \u00fev\u00ed a\u00f0 hann \u00e1 a\u00f0 blessa sl\u00e1turf\u00f3rnina. A\u00f0 \u00fev\u00ed loknu byrja gestirnir a\u00f0 bor\u00f0a. Fari\u00f0 \u00fei\u00f0 n\u00fa upp eftir. \u00de\u00e1 munu\u00f0 \u00fei\u00f0 finna hann undireins.\u201c <a name=\"14\"><span class=\"versanumer_2007\">14<\/span><\/a> \u00deeir h\u00e9ldu \u00fe\u00e1 \u00e1fram til borgarinnar og er \u00feeir gengu inn \u00ed borgina m\u00e6ttu \u00feeir Sam\u00fael sem var \u00e1 lei\u00f0 upp \u00e1 f\u00f3rnarh\u00e6\u00f0ina.<br \/> <a name=\"15\"><span class=\"versanumer_2007\">15<\/span><\/a> Daginn \u00e1\u00f0ur en S\u00e1l kom haf\u00f0i Drottinn tala\u00f0 til Sam\u00faels og sagt: <a name=\"16\"><span class=\"versanumer_2007\">16<\/span><\/a> \u201eUm \u00feetta leyti \u00e1 morgun sendi \u00e9g til \u00fe\u00edn mann fr\u00e1 landi Benjam\u00edns. \u00de\u00fa skalt smyrja hann til h\u00f6f\u00f0ingja yfir \u00fej\u00f3\u00f0 m\u00edna, \u00cdsrael. Hann mun frelsa \u00fej\u00f3\u00f0 m\u00edna \u00far h\u00f6ndum Filistea. \u00c9g hef s\u00e9\u00f0 ney\u00f0 \u00fej\u00f3\u00f0ar minnar og hr\u00f3p hennar \u00e1 hj\u00e1lp hefur borist til m\u00edn.\u201c <a name=\"17\"><span class=\"versanumer_2007\">17<\/span><\/a> Um lei\u00f0 og Sam\u00fael kom auga \u00e1 S\u00e1l sag\u00f0i Drottinn vi\u00f0 hann: \u201e\u00deetta er ma\u00f0urinn sem \u00e9g sag\u00f0i \u00fe\u00e9r fr\u00e1. Hann skal stj\u00f3rna \u00fej\u00f3\u00f0 minni.\u201c<br \/> <a name=\"18\"><span class=\"versanumer_2007\">18<\/span><\/a> S\u00e1l sneri s\u00e9r a\u00f0 Sam\u00fael mitt \u00ed borgarhli\u00f0inu og spur\u00f0i hann: \u201eGetur\u00f0u sagt m\u00e9r hvar sj\u00e1andinn b\u00fdr?\u201c <a name=\"19\"><span class=\"versanumer_2007\">19<\/span><\/a> Sam\u00fael svara\u00f0i og sag\u00f0i: \u201e\u00c9g er sj\u00e1andinn. Far\u00f0u \u00e1 undan m\u00e9r upp \u00e1 f\u00f3rnarh\u00e6\u00f0ina. \u00dei\u00f0 skulu\u00f0 bor\u00f0a me\u00f0 m\u00e9r \u00ed dag. En \u00ed fyrram\u00e1li\u00f0 fylgi \u00e9g \u00fe\u00e9r \u00e1lei\u00f0is eftir a\u00f0 hafa veitt \u00fe\u00e9r sv\u00f6r vi\u00f0 \u00f6llu sem \u00fe\u00e9r b\u00fdr \u00ed brj\u00f3sti. <a name=\"20\"><span class=\"versanumer_2007\">20<\/span><\/a> Hugsa\u00f0u ekki meira um \u00f6snurnar, sem villtust fr\u00e1 \u00fe\u00e9r fyrir \u00feremur d\u00f6gum, \u00fev\u00ed a\u00f0 \u00fe\u00e6r eru fundnar. En hverjum mun hlotnast allt hi\u00f0 eftirs\u00f3knarver\u00f0asta \u00ed \u00cdsrael nema \u00fe\u00e9r og fj\u00f6lskyldu \u00feinni?\u201c <a name=\"21\"><span class=\"versanumer_2007\">21<\/span><\/a> S\u00e1l svara\u00f0i og sag\u00f0i: \u201eEr \u00e9g ekki a\u00f0eins Benjam\u00edn\u00edti, af minnsta \u00e6ttb\u00e1lki \u00cdsraels? Er \u00e6tt m\u00edn ekki s\u00fa l\u00edtilm\u00f3tlegasta me\u00f0al allra \u00e6ttanna \u00ed Benjam\u00edn? Hvernig getur \u00fe\u00fa sagt anna\u00f0 eins og \u00feetta vi\u00f0 mig?\u201c<br \/> <a name=\"22\"><span class=\"versanumer_2007\">22<\/span><\/a> Sam\u00fael t\u00f3k S\u00e1l og vinnumann hans me\u00f0 s\u00e9r og leiddi \u00fe\u00e1 inn \u00ed matsalinn. Hann skipa\u00f0i \u00feeim til s\u00e6tis efst me\u00f0al gestanna sem voru um \u00fea\u00f0 bil \u00ferj\u00e1t\u00edu. <a name=\"23\"><span class=\"versanumer_2007\">23<\/span><\/a> S\u00ed\u00f0an sag\u00f0i Sam\u00fael vi\u00f0 matsveininn: \u201eKomdu n\u00fa me\u00f0 lambi\u00f0 sem \u00e9g f\u00e9kk \u00fe\u00e9r og ba\u00f0 \u00feig a\u00f0 taka fr\u00e1.\u201c <a name=\"24\"><span class=\"versanumer_2007\">24<\/span><\/a> Matsveinninn s\u00f3tti \u00fe\u00e1 l\u00e6ri\u00f0, lyfti \u00fev\u00ed upp og setti \u00fea\u00f0 fyrir S\u00e1l. En Sam\u00fael sag\u00f0i: \u201eH\u00e9r er \u00fea\u00f0 sem \u00fe\u00e9r var \u00e6tla\u00f0. Taktu n\u00fa til matar \u00fe\u00edns og sn\u00e6ddu \u00fev\u00ed a\u00f0 \u00feetta var geymt handa \u00fe\u00e9r til \u00feessarar stundar fr\u00e1 \u00fev\u00ed a\u00f0 \u00e9g sag\u00f0i: \u00c9g hef bo\u00f0i\u00f0 gestunum.\u201c \u00deennan dag sn\u00e6ddi S\u00e1l me\u00f0 Sam\u00fael. <a name=\"25\"><span class=\"versanumer_2007\">25<\/span><\/a> S\u00ed\u00f0an gengu \u00feeir ni\u00f0ur af f\u00f3rnarh\u00e6\u00f0inni inn \u00ed borgina. \u00deegar b\u00fai\u00f0 haf\u00f0i veri\u00f0 um S\u00e1l \u00e1 \u00feakinu <a name=\"26\"><span class=\"versanumer_2007\">26<\/span><\/a> lag\u00f0ist hann til svefns. <br \/>Vi\u00f0 s\u00f3laruppr\u00e1s kalla\u00f0i Sam\u00fael til S\u00e1ls uppi \u00e1 \u00feakinu og sag\u00f0i: \u201eFar\u00f0u \u00e1 f\u00e6tur. \u00c9g \u00e6tla a\u00f0 fylgja \u00fe\u00e9r \u00e1 lei\u00f0.\u201c S\u00e1l f\u00f3r \u00e1 f\u00e6tur og \u00feeir gengu saman \u00fat, hann og Sam\u00fael. <a name=\"27\"><span class=\"versanumer_2007\">27<\/span><\/a> \u00deegar \u00feeir komu a\u00f0 borgarm\u00f6rkunum sag\u00f0i Sam\u00fael vi\u00f0 S\u00e1l: \u201eSeg\u00f0u vinnumanninum a\u00f0 fara \u00e1 undan okkur en staldra\u00f0u vi\u00f0 stundarkorn, \u00e9g \u00e6tla a\u00f0 flytja \u00fe\u00e9r or\u00f0 Gu\u00f0s.\u201c <\/p>\n","protected":false},"excerpt":{"rendered":"<p>S\u00e1l hittir Sam\u00fael 1 Einu sinni var au\u00f0ugur ma\u00f0ur af Benjam\u00edns \u00e6tt. Hann h\u00e9t K\u00eds og var sonur Ab\u00edels Ser\u00f3rssonar, Bek\u00f3ratssonar, Af\u00edasonar af \u00e6ttb\u00e1lki Benjam\u00edns. 2 Hann \u00e1tti son sem h\u00e9t S\u00e1l. Hann var ungur a\u00f0 aldri og \u00f6\u00f0rum \u00cdsraelsm\u00f6nnum gl\u00e6silegri. Hann var h\u00f6f\u00f0inu h\u00e6rri en \u00feeir allir. 3 Einhverju sinni t\u00fdndust \u00f6snur K\u00edss, f\u00f6\u00f0ur S\u00e1ls. Hann sag\u00f0i \u00fe\u00e1 vi\u00f0 S\u00e1l, son sinn: \u201eTaktu me\u00f0 \u00fe\u00e9r einhvern af vinnum\u00f6nnunum og b\u00fa\u00f0u \u00feig, far\u00f0u s\u00ed\u00f0an og leita\u00f0u a\u00f0 \u00f6snunum.\u201c 4 \u00deeir f\u00f3ru um fjalllendi Efra\u00edms og Sal\u00edsaland en fundu \u00fe\u00e6r ekki. S\u00ed\u00f0an f\u00f3ru \u00feeir um Saal\u00edmlandsv\u00e6\u00f0i\u00f0 en ur\u00f0u \u00feeirra ekki varir <a href=\"https:\/\/biblian.is\/biblian\/fyrri-samuelsbok-9-kafli\/\"> [&#8230;]<\/a><\/p>\n","protected":false},"author":1,"featured_media":0,"parent":0,"menu_order":0,"comment_status":"open","ping_status":"open","template":"bibliukaflar_NT.php","meta":{"footnotes":""},"class_list":["post-1862","page","type-page","status-publish","hentry"],"_links":{"self":[{"href":"https:\/\/biblian.is\/biblian\/wp-json\/wp\/v2\/pages\/1862","targetHints":{"allow":["GET"]}}],"collection":[{"href":"https:\/\/biblian.is\/biblian\/wp-json\/wp\/v2\/pages"}],"about":[{"href":"https:\/\/biblian.is\/biblian\/wp-json\/wp\/v2\/types\/page"}],"author":[{"embeddable":true,"href":"https:\/\/biblian.is\/biblian\/wp-json\/wp\/v2\/users\/1"}],"replies":[{"embeddable":true,"href":"https:\/\/biblian.is\/biblian\/wp-json\/wp\/v2\/comments?post=1862"}],"version-history":[{"count":0,"href":"https:\/\/biblian.is\/biblian\/wp-json\/wp\/v2\/pages\/1862\/revisions"}],"wp:attachment":[{"href":"https:\/\/biblian.is\/biblian\/wp-json\/wp\/v2\/media?parent=1862"}],"curies":[{"name":"wp","href":"https:\/\/api.w.org\/{rel}","templated":true}]}}