{"id":1860,"date":"2017-12-30T21:00:45","date_gmt":"2017-12-30T21:00:45","guid":{"rendered":"http:\/\/biblian.is\/biblian\/fyrri-sam%c2%9celsb%c2%97k-7-kafli\/"},"modified":"2024-02-06T18:29:13","modified_gmt":"2024-02-06T18:29:13","slug":"fyrri-samuelsbok-7-kafli","status":"publish","type":"page","link":"https:\/\/biblian.is\/biblian\/fyrri-samuelsbok-7-kafli\/","title":{"rendered":"Fyrri Sam\u00faelsb\u00f3k 7. kafli"},"content":{"rendered":"<p><a name=\"1\"><span class=\"versanumer_2007\">1<\/span><\/a> \u00cdb\u00faar Kirjat Jear\u00edm komu og s\u00f3ttu \u00f6rk Drottins. \u00deeir fluttu hana \u00ed h\u00fas Ab\u00ednadabs \u00e1 h\u00e6\u00f0inni og v\u00edg\u00f0u Eleasar, son hans, til a\u00f0 g\u00e6ta arkar Drottins.<\/p>\n<h3 class=\"millifyrirsogn_2007\">Sam\u00fael d\u00f3mari \u00ed \u00cdsrael<\/h3>\n<p><a name=\"2\"><span class=\"versanumer_2007\">2<\/span><\/a> N\u00fa lei\u00f0 langur t\u00edmi. Tuttugu \u00e1rum eftir a\u00f0 \u00f6rkinni var komi\u00f0 fyrir \u00ed Kirjat Jear\u00edm t\u00f3k \u00f6ll \u00cdsraels\u00fej\u00f3\u00f0 a\u00f0 hr\u00f3pa \u00e1 Drottin. <a name=\"3\"><span class=\"versanumer_2007\">3<\/span><\/a> \u00de\u00e1 sag\u00f0i Sam\u00fael vi\u00f0 alla \u00cdsraelsmenn: \u201eEf \u00fei\u00f0 vilji\u00f0 sn\u00faa ykkur af \u00f6llu hjarta aftur til Drottins fjarl\u00e6gi\u00f0 \u00fe\u00e1 alla framandi gu\u00f0i og Ast\u00f6rtur \u00far samf\u00e9lagi ykkar og haldi\u00f0 ykkur heils hugar vi\u00f0 Drottin og \u00fej\u00f3ni\u00f0 honum einum. \u00de\u00e1 mun hann frelsa ykkur \u00far h\u00f6ndum Filistea.\u201c <a name=\"4\"><span class=\"versanumer_2007\">4<\/span><\/a> \u00cdsraelsmenn fjarl\u00e6g\u00f0u \u00fe\u00e1 Baalana og Ast\u00f6rturnar og \u00fej\u00f3nu\u00f0u Drottni einum.<br \/> <a name=\"5\"><span class=\"versanumer_2007\">5<\/span><\/a> \u00dev\u00ed n\u00e6st sag\u00f0i Sam\u00fael: \u201eSafni\u00f0 saman \u00f6llum \u00cdsrael \u00ed Mispa og \u00e9g skal bi\u00f0ja til Drottins fyrir ykkur.\u201c <a name=\"6\"><span class=\"versanumer_2007\">6<\/span><\/a> \u00deeir s\u00f6fnu\u00f0ust \u00fe\u00e1 saman \u00ed Mispa, jusu upp vatni og helltu \u00fev\u00ed ni\u00f0ur frammi fyrir augliti Drottins. \u00deeir f\u00f6stu\u00f0u \u00feennan dag og j\u00e1tu\u00f0u: \u201eVi\u00f0 h\u00f6fum syndga\u00f0 gegn Drottni.\u201c Sam\u00fael var d\u00f3mari yfir \u00cdsraelsm\u00f6nnum \u00ed Mispa.<br \/> <a name=\"7\"><span class=\"versanumer_2007\">7<\/span><\/a> \u00deegar Filistear fr\u00e9ttu a\u00f0 \u00cdsraelsmenn hef\u00f0u safnast saman \u00ed Mispa h\u00e9ldu h\u00f6f\u00f0ingjar Filistea af sta\u00f0 gegn \u00cdsrael. Um lei\u00f0 og \u00cdsraelsmenn heyr\u00f0u \u00fea\u00f0 hr\u00e6ddust \u00feeir Filistea <a name=\"8\"><span class=\"versanumer_2007\">8<\/span><\/a> og s\u00f6g\u00f0u vi\u00f0 Sam\u00fael: \u201eL\u00e1ttu ekki af a\u00f0 \u00e1kalla Drottin, Gu\u00f0 okkar, svo a\u00f0 hann frelsi okkur \u00far h\u00f6ndum Filistea.\u201c <br \/> <a name=\"9\"><span class=\"versanumer_2007\">9<\/span><\/a> Sam\u00fael t\u00f3k \u00fe\u00e1 n\u00fdf\u00e6tt lamb og f\u00e6r\u00f0i Drottni \u00fea\u00f0 a\u00f0 brennif\u00f3rn, alf\u00f3rn. Sam\u00fael hr\u00f3pa\u00f0i s\u00ed\u00f0an til Drottins fyrir \u00cdsraelsmenn og Drottinn b\u00e6nheyr\u00f0i hann. <a name=\"10\"><span class=\"versanumer_2007\">10<\/span><\/a> \u00c1 me\u00f0an Sam\u00fael f\u00e6r\u00f0i alf\u00f3rnina h\u00f6f\u00f0u Filistear n\u00e1lgast og r\u00e1\u00f0ist \u00e1 \u00cdsraelsmenn. \u00deennan dag sendi Drottinn miki\u00f0 \u00ferumuve\u00f0ur gegn Filisteum svo a\u00f0 ofbo\u00f0 greip \u00fe\u00e1 og \u00feeir bi\u00f0u l\u00e6gri hlut fyrir \u00cdsraelsm\u00f6nnum. <a name=\"11\"><span class=\"versanumer_2007\">11<\/span><\/a> \u00cdsraelsmenn f\u00f3ru s\u00ed\u00f0an fr\u00e1 Mispa og r\u00e1ku Filistea \u00e1 fl\u00f3tta ni\u00f0ur fyrir Betkar og hjuggu \u00fe\u00e1 ni\u00f0ur. <a name=\"12\"><span class=\"versanumer_2007\">12<\/span><\/a> En Sam\u00fael t\u00f3k stein og reisti hann upp milli Mispa og Jesjana. Hann nefndi hann Ebeneser og sag\u00f0i: \u201eDrottinn hefur hj\u00e1lpa\u00f0 okkur hinga\u00f0.\u201c<br \/> <a name=\"13\"><span class=\"versanumer_2007\">13<\/span><\/a> \u00c1 \u00feennan h\u00e1tt voru Filistear yfirbuga\u00f0ir og \u00feeir komu ekki framar inn \u00ed land \u00cdsraelsmanna. \u00c1 me\u00f0an Sam\u00fael var \u00e1 l\u00edfi hv\u00edldi h\u00f6nd Drottins \u00feungt \u00e1 Filisteum. <a name=\"14\"><span class=\"versanumer_2007\">14<\/span><\/a> \u00cdsraelsmenn endurheimtu borgirnar sem Filistear h\u00f6f\u00f0u unni\u00f0 af \u00feeim, fr\u00e1 Ekron til Gat. Enn fremur n\u00e1\u00f0u \u00feeir \u00far h\u00f6ndum Filistea landsv\u00e6\u00f0inu umhverfis \u00feessar borgir en fri\u00f0ur var milli \u00cdsraelsmanna og Amor\u00edta.<br \/> <a name=\"15\"><span class=\"versanumer_2007\">15<\/span><\/a> Sam\u00fael var d\u00f3mari \u00ed \u00cdsrael til dau\u00f0adags. <a name=\"16\"><span class=\"versanumer_2007\">16<\/span><\/a> \u00c1 hverju \u00e1ri f\u00f3r hann um Betel, Gilgal og Mispa og d\u00e6mdi \u00cdsrael \u00e1 \u00f6llum \u00feessum st\u00f6\u00f0um. <a name=\"17\"><span class=\"versanumer_2007\">17<\/span><\/a> En hann sneri \u00e6vinlega aftur til Rama \u00fev\u00ed a\u00f0 \u00fear \u00e1tti hann heima og \u00fear reisti hann Drottni altari.<\/p>\n","protected":false},"excerpt":{"rendered":"<p>1 \u00cdb\u00faar Kirjat Jear\u00edm komu og s\u00f3ttu \u00f6rk Drottins. \u00deeir fluttu hana \u00ed h\u00fas Ab\u00ednadabs \u00e1 h\u00e6\u00f0inni og v\u00edg\u00f0u Eleasar, son hans, til a\u00f0 g\u00e6ta arkar Drottins. Sam\u00fael d\u00f3mari \u00ed \u00cdsrael 2 N\u00fa lei\u00f0 langur t\u00edmi. Tuttugu \u00e1rum eftir a\u00f0 \u00f6rkinni var komi\u00f0 fyrir \u00ed Kirjat Jear\u00edm t\u00f3k \u00f6ll \u00cdsraels\u00fej\u00f3\u00f0 a\u00f0 hr\u00f3pa \u00e1 Drottin. 3 \u00de\u00e1 sag\u00f0i Sam\u00fael vi\u00f0 alla \u00cdsraelsmenn: \u201eEf \u00fei\u00f0 vilji\u00f0 sn\u00faa ykkur af \u00f6llu hjarta aftur til Drottins fjarl\u00e6gi\u00f0 \u00fe\u00e1 alla framandi gu\u00f0i og Ast\u00f6rtur \u00far samf\u00e9lagi ykkar og haldi\u00f0 ykkur heils hugar vi\u00f0 Drottin og \u00fej\u00f3ni\u00f0 honum einum. \u00de\u00e1 mun hann frelsa ykkur \u00far h\u00f6ndum <a href=\"https:\/\/biblian.is\/biblian\/fyrri-samuelsbok-7-kafli\/\"> [&#8230;]<\/a><\/p>\n","protected":false},"author":1,"featured_media":0,"parent":0,"menu_order":0,"comment_status":"open","ping_status":"open","template":"bibliukaflar_NT.php","meta":{"footnotes":""},"class_list":["post-1860","page","type-page","status-publish","hentry"],"_links":{"self":[{"href":"https:\/\/biblian.is\/biblian\/wp-json\/wp\/v2\/pages\/1860","targetHints":{"allow":["GET"]}}],"collection":[{"href":"https:\/\/biblian.is\/biblian\/wp-json\/wp\/v2\/pages"}],"about":[{"href":"https:\/\/biblian.is\/biblian\/wp-json\/wp\/v2\/types\/page"}],"author":[{"embeddable":true,"href":"https:\/\/biblian.is\/biblian\/wp-json\/wp\/v2\/users\/1"}],"replies":[{"embeddable":true,"href":"https:\/\/biblian.is\/biblian\/wp-json\/wp\/v2\/comments?post=1860"}],"version-history":[{"count":0,"href":"https:\/\/biblian.is\/biblian\/wp-json\/wp\/v2\/pages\/1860\/revisions"}],"wp:attachment":[{"href":"https:\/\/biblian.is\/biblian\/wp-json\/wp\/v2\/media?parent=1860"}],"curies":[{"name":"wp","href":"https:\/\/api.w.org\/{rel}","templated":true}]}}