{"id":1859,"date":"2017-12-30T21:00:45","date_gmt":"2017-12-30T21:00:45","guid":{"rendered":"http:\/\/biblian.is\/biblian\/fyrri-sam%c2%9celsb%c2%97k-6-kafli\/"},"modified":"2024-02-06T18:29:13","modified_gmt":"2024-02-06T18:29:13","slug":"fyrri-samuelsbok-6-kafli","status":"publish","type":"page","link":"https:\/\/biblian.is\/biblian\/fyrri-samuelsbok-6-kafli\/","title":{"rendered":"Fyrri Sam\u00faelsb\u00f3k 6. kafli"},"content":{"rendered":"<h3 class=\"millifyrirsogn_2007\"> Filistear skila \u00f6rkinni<\/h3>\n<p><a name=\"1\"><span class=\"versanumer_2007\">1<\/span><\/a> \u00deegar \u00f6rk Drottins haf\u00f0i veri\u00f0 \u00ed landi Filistea \u00ed sj\u00f6 m\u00e1nu\u00f0i <a name=\"2\"><span class=\"versanumer_2007\">2<\/span><\/a> k\u00f6llu\u00f0u Filistear \u00e1 presta s\u00edna og sp\u00e1sagnarmenn og spur\u00f0u: \u201eHva\u00f0 eigum vi\u00f0 a\u00f0 gera vi\u00f0 \u00f6rk Drottins? Segi\u00f0 okkur hvernig vi\u00f0 eigum a\u00f0 senda hana heim.\u201c <a name=\"3\"><span class=\"versanumer_2007\">3<\/span><\/a> \u00deeir sv\u00f6ru\u00f0u: \u201e\u00deegar \u00fei\u00f0 sendi\u00f0 \u00f6rk \u00cdsraels Gu\u00f0s aftur skulu\u00f0 \u00fei\u00f0 ekki senda hana eina heldur ver\u00f0i\u00f0 \u00fei\u00f0 a\u00f0 senda yfirb\u00f3targj\u00f6f me\u00f0 henni. \u00de\u00e1 munu\u00f0 \u00fei\u00f0 l\u00e6knast og ykkur ver\u00f0a lj\u00f3st af hverju h\u00f6nd hans hefur ekki viki\u00f0 fr\u00e1 ykkur.\u201c <a name=\"4\"><span class=\"versanumer_2007\">4<\/span><\/a> \u201eHva\u00f0a yfirb\u00f3targj\u00f6f eigum vi\u00f0 a\u00f0 senda me\u00f0 henni?\u201c spur\u00f0u \u00feeir. Hinir sv\u00f6ru\u00f0u: \u201eSendi\u00f0 fimm gullk\u00fdli og fimm gullm\u00fds, e\u00f0a jafnmargar og h\u00f6f\u00f0ingjar Filistea eru, \u00fev\u00ed a\u00f0 ein og sama pl\u00e1ga hefur hrj\u00e1\u00f0 ykkur og h\u00f6f\u00f0ingja ykkar. <a name=\"5\"><span class=\"versanumer_2007\">5<\/span><\/a> \u00dei\u00f0 skulu\u00f0 b\u00faa til eftirl\u00edkingar af k\u00fdlunum \u00e1 ykkur og af m\u00fasunum, sem herja \u00e1 landi\u00f0, og gefa Gu\u00f0i \u00cdsraels d\u00fdr\u00f0ina. Ef til vill l\u00e9ttir hann \u00fe\u00e1 hendi sinni af ykkur, gu\u00f0um ykkar og landi. <a name=\"6\"><span class=\"versanumer_2007\">6<\/span><\/a> Hvers vegna vilji\u00f0 \u00fei\u00f0 her\u00f0a hj\u00f6rtu ykkar eins og Egyptarnir og fara\u00f3 hertu hj\u00f6rtu s\u00edn? F\u00f3r ekki svo, \u00feegar Drottinn t\u00f3k a\u00f0 hrj\u00e1 \u00fe\u00e1, a\u00f0 \u00feeir ur\u00f0u a\u00f0 leyfa \u00cdsraelsm\u00f6nnum a\u00f0 fara lei\u00f0ar sinnar? <a name=\"7\"><span class=\"versanumer_2007\">7<\/span><\/a> N\u00fa skulu\u00f0 \u00fei\u00f0 gera n\u00fdjan vagn. S\u00e6ki\u00f0 s\u00ed\u00f0an tv\u00e6r k\u00fdr sem k\u00e1lfar ganga undir og aldrei hefur veri\u00f0 lagt ok \u00e1. Spenni\u00f0 k\u00fdrnar fyrir vagninn en taki\u00f0 k\u00e1lfana fr\u00e1 \u00feeim og reki\u00f0 \u00fe\u00e1 heim. <a name=\"8\"><span class=\"versanumer_2007\">8<\/span><\/a> S\u00e6ki\u00f0 \u00fev\u00ed n\u00e6st \u00f6rk Drottins og komi\u00f0 henni fyrir \u00e1 vagninum en gullgripina, sem \u00fei\u00f0 sendi\u00f0 me\u00f0 henni sem yfirb\u00f3targjafir, skulu\u00f0 \u00fei\u00f0 setja \u00ed kistil vi\u00f0 hli\u00f0ina \u00e1 henni. Sendi\u00f0 hana s\u00ed\u00f0an af sta\u00f0. <a name=\"9\"><span class=\"versanumer_2007\">9<\/span><\/a> En fylgist vandlega me\u00f0 \u00fev\u00ed hvort h\u00fan stefnir til s\u00edns eigin lands. Ef h\u00fan stefnir til Bet Semes er \u00fea\u00f0 Drottinn sem hefur valdi\u00f0 okkur \u00feessu mikla b\u00f6li. Geri h\u00fan \u00fea\u00f0 ekki vitum vi\u00f0 a\u00f0 \u00fea\u00f0 var ekki h\u00f6nd hans sem sl\u00f3 okkur heldur var \u00fea\u00f0 sem henti okkur tilviljun.\u201c<br \/> <a name=\"10\"><span class=\"versanumer_2007\">10<\/span><\/a> \u00deetta ger\u00f0u mennirnir. \u00deeir s\u00f3ttu k\u00fdr sem k\u00e1lfar gengu undir, spenntu \u00fe\u00e6r fyrir vagn en loku\u00f0u k\u00e1lfana inni. <a name=\"11\"><span class=\"versanumer_2007\">11<\/span><\/a> \u00deeir settu \u00f6rk Drottins \u00e1 vagninn, \u00e1samt kistlinum, gullm\u00fasunum og eftirl\u00edkingunum af k\u00fdlunum. <a name=\"12\"><span class=\"versanumer_2007\">12<\/span><\/a> S\u00ed\u00f0an stefndu k\u00fdrnar beint til Bet Semes. \u00de\u00e6r f\u00f3ru raklei\u00f0is eftir veginum, baulu\u00f0u \u00e1n afl\u00e1ts og viku hvorki til h\u00e6gri n\u00e9 vinstri. H\u00f6f\u00f0ingjar Filistea fylgdu \u00feeim inn \u00e1 landsv\u00e6\u00f0i Bet Semes.<br \/> <a name=\"13\"><span class=\"versanumer_2007\">13<\/span><\/a> \u00cdb\u00faar Bet Semes voru vi\u00f0 hveitiuppskeru \u00ed dalnum. \u00deeir litu upp og gl\u00f6ddust er \u00feeir s\u00e1u \u00f6rkina.<br \/> <a name=\"14\"><span class=\"versanumer_2007\">14<\/span><\/a> \u00deegar vagninn kom inn \u00e1 land J\u00f3s\u00faa fr\u00e1 Bet Semes nam hann sta\u00f0ar vi\u00f0 st\u00f3ran stein. Klauf \u00fe\u00e1 f\u00f3lki\u00f0 vi\u00f0inn, sem vagninn var \u00far, og f\u00e6r\u00f0i Drottni k\u00fdrnar a\u00f0 brennif\u00f3rn.<br \/> <a name=\"15\"><span class=\"versanumer_2007\">15<\/span><\/a> Lev\u00edtarnir t\u00f3ku \u00f6rk Drottins ofan af vagninum og kistilinn me\u00f0 gullgripunum sem hj\u00e1 henni var og settu \u00e1 st\u00f3ra steininn. \u00cdb\u00faar Bet Semes f\u00e6r\u00f0u Drottni brennif\u00f3rn og sl\u00e1turf\u00f3rn \u00feann dag. <a name=\"16\"><span class=\"versanumer_2007\">16<\/span><\/a> Hinir fimm h\u00f6f\u00f0ingjar Filistea horf\u00f0u \u00e1 \u00feetta og sneru s\u00ed\u00f0an samd\u00e6gurs til Ekron.<br \/> <a name=\"17\"><span class=\"versanumer_2007\">17<\/span><\/a> \u00deetta eru gullk\u00fdlin sem Filistear sendu sem yfirb\u00f3targj\u00f6f til Drottins: eitt fyrir Asd\u00f3d, eitt fyrir Gasa, eitt fyrir Askalon, eitt fyrir Gat og eitt fyrir Ekron. <a name=\"18\"><span class=\"versanumer_2007\">18<\/span><\/a> Gullm\u00fdsnar voru jafnmargar og borgir hinna fimm h\u00f6f\u00f0ingja Filistea, b\u00e6\u00f0i v\u00edggirtar borgir og \u00f3varin sveita\u00feorp. St\u00f3ri steinninn, sem \u00feeir l\u00e9tu \u00f6rk Drottins hv\u00edla \u00e1, er enn \u00ed landi J\u00f3s\u00faa fr\u00e1 Bet Semes.<br \/> <a name=\"19\"><span class=\"versanumer_2007\">19<\/span><\/a> Drottinn refsa\u00f0i \u00edb\u00faum Bet Semes af \u00fev\u00ed a\u00f0 \u00feeir h\u00f6f\u00f0u horft \u00e1 \u00f6rk Drottins. Hann deyddi sj\u00f6t\u00edu manns og f\u00f3lki\u00f0 syrg\u00f0i af \u00fev\u00ed a\u00f0 Drottinn haf\u00f0i veitt \u00fev\u00ed svo \u00feungt h\u00f6gg. <a name=\"20\"><span class=\"versanumer_2007\">20<\/span><\/a> S\u00ed\u00f0an s\u00f6g\u00f0u \u00edb\u00faarnir \u00ed Bet Semes: \u201eHver getur sta\u00f0ist fyrir augliti Drottins, \u00feessa heilaga Gu\u00f0s? Hvert heldur hann \u00feegar hann fer fr\u00e1 okkur?\u201c<br \/> <a name=\"21\"><span class=\"versanumer_2007\">21<\/span><\/a> \u00dev\u00ed n\u00e6st sendu \u00feeir menn til \u00edb\u00faa Kirjat Jear\u00edm me\u00f0 svohlj\u00f3\u00f0andi bo\u00f0: \u201eFilistear hafa skila\u00f0 \u00f6rk Drottins. Komi\u00f0 hinga\u00f0 ni\u00f0ur eftir og s\u00e6ki\u00f0 hana.\u201c<\/p>\n","protected":false},"excerpt":{"rendered":"<p>Filistear skila \u00f6rkinni 1 \u00deegar \u00f6rk Drottins haf\u00f0i veri\u00f0 \u00ed landi Filistea \u00ed sj\u00f6 m\u00e1nu\u00f0i 2 k\u00f6llu\u00f0u Filistear \u00e1 presta s\u00edna og sp\u00e1sagnarmenn og spur\u00f0u: \u201eHva\u00f0 eigum vi\u00f0 a\u00f0 gera vi\u00f0 \u00f6rk Drottins? Segi\u00f0 okkur hvernig vi\u00f0 eigum a\u00f0 senda hana heim.\u201c 3 \u00deeir sv\u00f6ru\u00f0u: \u201e\u00deegar \u00fei\u00f0 sendi\u00f0 \u00f6rk \u00cdsraels Gu\u00f0s aftur skulu\u00f0 \u00fei\u00f0 ekki senda hana eina heldur ver\u00f0i\u00f0 \u00fei\u00f0 a\u00f0 senda yfirb\u00f3targj\u00f6f me\u00f0 henni. \u00de\u00e1 munu\u00f0 \u00fei\u00f0 l\u00e6knast og ykkur ver\u00f0a lj\u00f3st af hverju h\u00f6nd hans hefur ekki viki\u00f0 fr\u00e1 ykkur.\u201c 4 \u201eHva\u00f0a yfirb\u00f3targj\u00f6f eigum vi\u00f0 a\u00f0 senda me\u00f0 henni?\u201c spur\u00f0u \u00feeir. Hinir sv\u00f6ru\u00f0u: \u201eSendi\u00f0 fimm gullk\u00fdli og <a href=\"https:\/\/biblian.is\/biblian\/fyrri-samuelsbok-6-kafli\/\"> [&#8230;]<\/a><\/p>\n","protected":false},"author":1,"featured_media":0,"parent":0,"menu_order":0,"comment_status":"open","ping_status":"open","template":"bibliukaflar_NT.php","meta":{"footnotes":""},"class_list":["post-1859","page","type-page","status-publish","hentry"],"_links":{"self":[{"href":"https:\/\/biblian.is\/biblian\/wp-json\/wp\/v2\/pages\/1859","targetHints":{"allow":["GET"]}}],"collection":[{"href":"https:\/\/biblian.is\/biblian\/wp-json\/wp\/v2\/pages"}],"about":[{"href":"https:\/\/biblian.is\/biblian\/wp-json\/wp\/v2\/types\/page"}],"author":[{"embeddable":true,"href":"https:\/\/biblian.is\/biblian\/wp-json\/wp\/v2\/users\/1"}],"replies":[{"embeddable":true,"href":"https:\/\/biblian.is\/biblian\/wp-json\/wp\/v2\/comments?post=1859"}],"version-history":[{"count":0,"href":"https:\/\/biblian.is\/biblian\/wp-json\/wp\/v2\/pages\/1859\/revisions"}],"wp:attachment":[{"href":"https:\/\/biblian.is\/biblian\/wp-json\/wp\/v2\/media?parent=1859"}],"curies":[{"name":"wp","href":"https:\/\/api.w.org\/{rel}","templated":true}]}}