{"id":1858,"date":"2017-12-30T21:00:45","date_gmt":"2017-12-30T21:00:45","guid":{"rendered":"http:\/\/biblian.is\/biblian\/fyrri-sam%c2%9celsb%c2%97k-5-kafli\/"},"modified":"2024-02-06T18:29:12","modified_gmt":"2024-02-06T18:29:12","slug":"fyrri-samuelsbok-5-kafli","status":"publish","type":"page","link":"https:\/\/biblian.is\/biblian\/fyrri-samuelsbok-5-kafli\/","title":{"rendered":"Fyrri Sam\u00faelsb\u00f3k 5. kafli"},"content":{"rendered":"<h3 class=\"millifyrirsogn_2007\"> \u00d6rkin \u00ed h\u00f6ndum Filistea<\/h3>\n<p><a name=\"1\"><span class=\"versanumer_2007\">1<\/span><\/a> Filistear h\u00f6f\u00f0u teki\u00f0 \u00f6rk Gu\u00f0s herfangi og flutt hana fr\u00e1 Ebeneser til Asd\u00f3d. <a name=\"2\"><span class=\"versanumer_2007\">2<\/span><\/a> N\u00fa t\u00f3ku \u00feeir \u00f6rk Gu\u00f0s og fluttu hana \u00ed h\u00fas Dag\u00f3ns og komu henni fyrir vi\u00f0 hli\u00f0ina \u00e1 Dag\u00f3n. <a name=\"3\"><span class=\"versanumer_2007\">3<\/span><\/a> Morguninn eftir, \u00feegar Asd\u00f3db\u00faar f\u00f3ru \u00e1 f\u00e6tur, haf\u00f0i Dag\u00f3nl\u00edkneski\u00f0 falli\u00f0 til jar\u00f0ar og l\u00e1 \u00e1 gr\u00fafu fyrir framan \u00f6rk Drottins. \u00deeir t\u00f3ku \u00fe\u00e1 Dag\u00f3n og settu hann aftur \u00e1 sinn sta\u00f0. <a name=\"4\"><span class=\"versanumer_2007\">4<\/span><\/a> \u00deegar \u00feeir f\u00f3ru \u00e1 f\u00e6tur n\u00e6sta morgun haf\u00f0i Dag\u00f3n enn falli\u00f0 til jar\u00f0ar og l\u00e1 \u00e1 gr\u00fafu fyrir framan \u00f6rk Drottins. H\u00f6fu\u00f0 og hendur h\u00f6f\u00f0u brotna\u00f0 af Dag\u00f3n \u00feegar hann f\u00e9ll \u00e1 \u00fer\u00f6skuldinn, bolurinn einn var eftir. <a name=\"5\"><span class=\"versanumer_2007\">5<\/span><\/a> \u00deetta er \u00e1st\u00e6\u00f0a \u00feess a\u00f0 prestar Dag\u00f3ns og a\u00f0rir, sem ganga \u00ed h\u00fas Dag\u00f3ns, st\u00edga aldrei \u00e1 \u00fer\u00f6skuld Dag\u00f3ns \u00ed Asd\u00f3d allt til \u00feessa dags.<br \/> <a name=\"6\"><span class=\"versanumer_2007\">6<\/span><\/a> H\u00f6nd Drottins lag\u00f0ist \u00feungt \u00e1 Asd\u00f3db\u00faa. Hann skelfdi \u00fe\u00e1 og sl\u00f3 \u00fe\u00e1 k\u00fdlum, b\u00e6\u00f0i \u00edb\u00faana \u00ed Asd\u00f3dborg og h\u00e9ra\u00f0inu umhverfis. <a name=\"7\"><span class=\"versanumer_2007\">7<\/span><\/a> \u00deegar \u00fea\u00f0 rann upp fyrir Asd\u00f3db\u00faum hva\u00f0 gerst haf\u00f0i s\u00f6g\u00f0u \u00feeir: \u201eVi\u00f0 getum ekki lengur var\u00f0veitt \u00f6rk \u00cdsraels Gu\u00f0s \u00fev\u00ed a\u00f0 h\u00f6nd hans leggst \u00feungt \u00e1 okkur og Dag\u00f3n, gu\u00f0 okkar.\u201c<br \/> <a name=\"8\"><span class=\"versanumer_2007\">8<\/span><\/a> \u00de\u00e1 sendu \u00feeir menn, sem stefndu saman \u00f6llum h\u00f6f\u00f0ingjum Filistea, og spur\u00f0u \u00fe\u00e1: \u201eHva\u00f0 eigum vi\u00f0 a\u00f0 gera vi\u00f0 \u00f6rk \u00cdsraels Gu\u00f0s?\u201c \u00deeir sv\u00f6ru\u00f0u: \u201e\u00dea\u00f0 \u00e1 a\u00f0 flytja \u00f6rk \u00cdsraels Gu\u00f0s til Gat.\u201c \u00dev\u00ed n\u00e6st var \u00f6rk \u00cdsraels Gu\u00f0s flutt \u00feanga\u00f0.<br \/> <a name=\"9\"><span class=\"versanumer_2007\">9<\/span><\/a> \u00deegar \u00f6rkin haf\u00f0i veri\u00f0 flutt til Gat lag\u00f0ist h\u00f6nd Drottins \u00feungt \u00e1 borgina og olli mikilli skelfingu. Hann sl\u00f3 borgarb\u00faa k\u00fdlum, unga sem gamla. <br \/> <a name=\"10\"><span class=\"versanumer_2007\">10<\/span><\/a> \u00de\u00e1 var \u00f6rk Gu\u00f0s send til Ekron. \u00deegar h\u00fan kom \u00feanga\u00f0 hr\u00f3pu\u00f0u borgarb\u00faar: \u201e\u00d6rk \u00cdsraels Gu\u00f0s hefur veri\u00f0 flutt til okkar til a\u00f0 dey\u00f0a okkur og \u00fej\u00f3\u00f0 okkar.\u201c <a name=\"11\"><span class=\"versanumer_2007\">11<\/span><\/a> \u00de\u00e1 sendu \u00feeir menn, sem stefndu saman \u00f6llum h\u00f6f\u00f0ingjum Filistea, og s\u00f6g\u00f0u: \u201eLosi\u00f0 ykkur vi\u00f0 \u00f6rk \u00cdsraels Gu\u00f0s. Sendi\u00f0 hana aftur \u00feanga\u00f0 sem h\u00fan \u00e1 heima svo a\u00f0 h\u00fan drepi okkur ekki og \u00fej\u00f3\u00f0ina alla.\u201c<br \/>Allir borgarb\u00faar voru felmtri slegnir \u00fev\u00ed a\u00f0 h\u00f6nd Gu\u00f0s lag\u00f0ist mj\u00f6g \u00feungt \u00e1 \u00fe\u00e1. <a name=\"12\"><span class=\"versanumer_2007\">12<\/span><\/a> \u00deeir sem h\u00e9ldu l\u00edfi voru slegnir k\u00fdlum og kvein borgarb\u00faa steig til himins. <\/p>\n","protected":false},"excerpt":{"rendered":"<p>\u00d6rkin \u00ed h\u00f6ndum Filistea 1 Filistear h\u00f6f\u00f0u teki\u00f0 \u00f6rk Gu\u00f0s herfangi og flutt hana fr\u00e1 Ebeneser til Asd\u00f3d. 2 N\u00fa t\u00f3ku \u00feeir \u00f6rk Gu\u00f0s og fluttu hana \u00ed h\u00fas Dag\u00f3ns og komu henni fyrir vi\u00f0 hli\u00f0ina \u00e1 Dag\u00f3n. 3 Morguninn eftir, \u00feegar Asd\u00f3db\u00faar f\u00f3ru \u00e1 f\u00e6tur, haf\u00f0i Dag\u00f3nl\u00edkneski\u00f0 falli\u00f0 til jar\u00f0ar og l\u00e1 \u00e1 gr\u00fafu fyrir framan \u00f6rk Drottins. \u00deeir t\u00f3ku \u00fe\u00e1 Dag\u00f3n og settu hann aftur \u00e1 sinn sta\u00f0. 4 \u00deegar \u00feeir f\u00f3ru \u00e1 f\u00e6tur n\u00e6sta morgun haf\u00f0i Dag\u00f3n enn falli\u00f0 til jar\u00f0ar og l\u00e1 \u00e1 gr\u00fafu fyrir framan \u00f6rk Drottins. H\u00f6fu\u00f0 og hendur h\u00f6f\u00f0u brotna\u00f0 af Dag\u00f3n \u00feegar <a href=\"https:\/\/biblian.is\/biblian\/fyrri-samuelsbok-5-kafli\/\"> [&#8230;]<\/a><\/p>\n","protected":false},"author":1,"featured_media":0,"parent":0,"menu_order":0,"comment_status":"open","ping_status":"open","template":"bibliukaflar_NT.php","meta":{"footnotes":""},"class_list":["post-1858","page","type-page","status-publish","hentry"],"_links":{"self":[{"href":"https:\/\/biblian.is\/biblian\/wp-json\/wp\/v2\/pages\/1858","targetHints":{"allow":["GET"]}}],"collection":[{"href":"https:\/\/biblian.is\/biblian\/wp-json\/wp\/v2\/pages"}],"about":[{"href":"https:\/\/biblian.is\/biblian\/wp-json\/wp\/v2\/types\/page"}],"author":[{"embeddable":true,"href":"https:\/\/biblian.is\/biblian\/wp-json\/wp\/v2\/users\/1"}],"replies":[{"embeddable":true,"href":"https:\/\/biblian.is\/biblian\/wp-json\/wp\/v2\/comments?post=1858"}],"version-history":[{"count":0,"href":"https:\/\/biblian.is\/biblian\/wp-json\/wp\/v2\/pages\/1858\/revisions"}],"wp:attachment":[{"href":"https:\/\/biblian.is\/biblian\/wp-json\/wp\/v2\/media?parent=1858"}],"curies":[{"name":"wp","href":"https:\/\/api.w.org\/{rel}","templated":true}]}}