{"id":1857,"date":"2017-12-30T21:00:40","date_gmt":"2017-12-30T21:00:40","guid":{"rendered":"http:\/\/biblian.is\/biblian\/fyrri-sam%c2%9celsb%c2%97k-4-kafli\/"},"modified":"2024-02-06T18:29:12","modified_gmt":"2024-02-06T18:29:12","slug":"fyrri-samuelsbok-4-kafli","status":"publish","type":"page","link":"https:\/\/biblian.is\/biblian\/fyrri-samuelsbok-4-kafli\/","title":{"rendered":"Fyrri Sam\u00faelsb\u00f3k 4. kafli"},"content":{"rendered":"<h3 class=\"millifyrirsogn_2007\"> S\u00e1ttm\u00e1ls\u00f6rkin tekin herskildi<\/h3>\n<p><a name=\"1\"><span class=\"versanumer_2007\">1<\/span><\/a> Bo\u00f0skapur Sam\u00faels n\u00e1\u00f0i n\u00fa til alls \u00cdsraels. <br \/>\u00cdsraelsmenn h\u00e9ldu \u00ed str\u00ed\u00f0 gegn Filisteum. \u00deeir sl\u00f3gu upp herb\u00fa\u00f0um vi\u00f0 Ebeneser en Filistear h\u00f6f\u00f0u sett upp b\u00fa\u00f0ir s\u00ednar vi\u00f0 Afek. <a name=\"2\"><span class=\"versanumer_2007\">2<\/span><\/a> Filistear fylktu li\u00f0i gegn \u00cdsraelsm\u00f6nnum og kom \u00fear til har\u00f0rar orrustu. \u00cdsraelsmenn bi\u00f0u l\u00e6gri hlut fyrir Filisteum sem felldu um fj\u00f6gur \u00fe\u00fasund menn \u00e1 v\u00edgvellinum.<br \/> <a name=\"3\"><span class=\"versanumer_2007\">3<\/span><\/a> \u00deegar herinn kom aftur til b\u00fa\u00f0anna spur\u00f0u \u00f6ldungar \u00cdsraels: \u201eHvers vegna l\u00e9t Drottinn okkur b\u00ed\u00f0a \u00f3sigur fyrir Filisteum \u00ed dag? Vi\u00f0 skulum s\u00e6kja s\u00e1ttm\u00e1ls\u00f6rk Drottins til S\u00edl\u00f3 svo a\u00f0 hann ver\u00f0i mitt \u00e1 me\u00f0al okkar og bjargi okkur \u00far greipum fjandmanna okkar.\u201c <a name=\"4\"><span class=\"versanumer_2007\">4<\/span><\/a> Herinn sendi \u00fe\u00e1 menn til S\u00edl\u00f3 og s\u00f3ttu \u00feeir s\u00e1ttm\u00e1ls\u00f6rk Drottins hersveitanna sem situr \u00ed h\u00e1s\u00e6ti s\u00ednu yfir ker\u00fabunum. B\u00e1\u00f0ir synir El\u00ed, Hofn\u00ed og P\u00ednehas, komu me\u00f0 s\u00e1ttm\u00e1ls\u00f6rk Gu\u00f0s.<br \/> <a name=\"5\"><span class=\"versanumer_2007\">5<\/span><\/a> \u00deegar s\u00e1ttm\u00e1ls\u00f6rk Drottins kom inn \u00ed herb\u00fa\u00f0irnar lustu \u00cdsraelsmenn upp sl\u00edku fagna\u00f0ar\u00f3pi a\u00f0 j\u00f6r\u00f0in skalf. <a name=\"6\"><span class=\"versanumer_2007\">6<\/span><\/a> Filistear heyr\u00f0u \u00f3pi\u00f0 og s\u00f6g\u00f0u: \u201eHvers vegna eru \u00feessi miklu fagna\u00f0ar\u00f3p \u00ed herb\u00fa\u00f0um Hebrea?\u201c \u00de\u00e1 fr\u00e9ttu Filistear a\u00f0 \u00f6rk Drottins v\u00e6ri komin \u00ed herb\u00fa\u00f0irnar. <a name=\"7\"><span class=\"versanumer_2007\">7<\/span><\/a> \u00deeir ur\u00f0u felmtri slegnir og s\u00f6g\u00f0u: \u201eGu\u00f0 er kominn \u00ed herb\u00fa\u00f0irnar,\u201c og \u00feeir hr\u00f3pu\u00f0u: \u201eVei okkur! Anna\u00f0 eins hefur aldrei gerst. <a name=\"8\"><span class=\"versanumer_2007\">8<\/span><\/a> Vei okkur! Hver getur bjarga\u00f0 okkur \u00far h\u00f6ndum \u00feessara voldugu gu\u00f0a? \u00deetta eru gu\u00f0irnir sem sigru\u00f0u Egypta me\u00f0 alls kyns pl\u00e1gum \u00ed ey\u00f0im\u00f6rkinni. <a name=\"9\"><span class=\"versanumer_2007\">9<\/span><\/a> Veri\u00f0 hughraustir, Filistear, og s\u00fdni\u00f0 karlmennsku svo a\u00f0 \u00fei\u00f0 ver\u00f0i\u00f0 ekki \u00fer\u00e6lar Hebrea eins og \u00feeir voru \u00fer\u00e6lar ykkar. S\u00fdni\u00f0 n\u00fa karlmennsku og berjist.\u201c<br \/> <a name=\"10\"><span class=\"versanumer_2007\">10<\/span><\/a> Filistear t\u00f3ku \u00fe\u00e1 a\u00f0 berjast og bi\u00f0u \u00cdsraelsmenn \u00f3sigur og fl\u00fd\u00f0i hver til s\u00edns tjalds. Mannfalli\u00f0 var mj\u00f6g miki\u00f0 og f\u00e9llu \u00ferj\u00e1t\u00edu \u00fe\u00fasund f\u00f3tg\u00f6nguli\u00f0ar \u00far li\u00f0i \u00cdsraelsmanna. <a name=\"11\"><span class=\"versanumer_2007\">11<\/span><\/a> \u00d6rk Gu\u00f0s var tekin herfangi og b\u00e1\u00f0ir synir El\u00ed, Hofn\u00ed og P\u00ednehas, f\u00e9llu.<\/p>\n<h3 class=\"millifyrirsogn_2007\">El\u00ed deyr<\/h3>\n<p><a name=\"12\"><span class=\"versanumer_2007\">12<\/span><\/a> Ma\u00f0ur nokkur af \u00e6ttkv\u00edsl Benjam\u00edns hlj\u00f3p fr\u00e1 v\u00edgvellinum og kom til S\u00edl\u00f3 sama dag \u00ed rifnum kl\u00e6\u00f0um og moldugur \u00e1 h\u00f6f\u00f0i. <a name=\"13\"><span class=\"versanumer_2007\">13<\/span><\/a> \u00deegar hann kom \u00feanga\u00f0 sat El\u00ed \u00e1 st\u00f3l s\u00ednum vi\u00f0 borgarhli\u00f0i\u00f0 og star\u00f0i \u00fat \u00e1 veginn \u00fev\u00ed a\u00f0 hann haf\u00f0i \u00e1hyggjur af \u00f6rk Gu\u00f0s. \u00deegar ma\u00f0urinn kom til borgarinnar sag\u00f0i hann fr\u00e1 \u00fev\u00ed sem gerst haf\u00f0i og t\u00f3ku \u00fe\u00e1 allir borgarb\u00faar a\u00f0 kveina. <a name=\"14\"><span class=\"versanumer_2007\">14<\/span><\/a> \u00deegar El\u00ed heyr\u00f0i \u00feessa miklu kveinstafi spur\u00f0i hann: \u201eHva\u00f0a h\u00e1reysti er \u00feetta?\u201c Ma\u00f0urinn fl\u00fdtti s\u00e9r til El\u00ed og sag\u00f0i honum fr\u00e1 \u00fev\u00ed sem gerst haf\u00f0i. <a name=\"15\"><span class=\"versanumer_2007\">15<\/span><\/a> El\u00ed var n\u00edut\u00edu og \u00e1tta \u00e1ra og augu hans voru stir\u00f0nu\u00f0 svo a\u00f0 hann s\u00e1 ekki.<br \/> <a name=\"16\"><span class=\"versanumer_2007\">16<\/span><\/a> Ma\u00f0urinn sag\u00f0i vi\u00f0 El\u00ed: \u201e\u00c9g kem fr\u00e1 v\u00edgvellinum. \u00c9g fl\u00fd\u00f0i \u00fea\u00f0an \u00ed dag.\u201c \u201eHva\u00f0 ger\u00f0ist, sonur minn?\u201c spur\u00f0i El\u00ed. <a name=\"17\"><span class=\"versanumer_2007\">17<\/span><\/a> Ma\u00f0urinn, sem flutti t\u00ed\u00f0indin, svara\u00f0i: \u201e\u00cdsraelsmenn fl\u00fd\u00f0u undan Filisteum og bi\u00f0u mikinn \u00f3sigur. B\u00e1\u00f0ir synir \u00fe\u00ednir, Hofn\u00ed og P\u00ednehas, f\u00e9llu og \u00f6rk Gu\u00f0s var tekin herfangi.\u201c<br \/> <a name=\"18\"><span class=\"versanumer_2007\">18<\/span><\/a> Um lei\u00f0 og hann nefndi \u00f6rk Gu\u00f0s f\u00e9ll El\u00ed aftur fyrir sig af st\u00f3l s\u00ednum vi\u00f0 borgarhli\u00f0i\u00f0 og h\u00e1lsbrotna\u00f0i. L\u00e9t hann \u00fear l\u00edfi\u00f0 \u00fev\u00ed a\u00f0 hann var or\u00f0inn gamall og \u00feungur. Hann haf\u00f0i veri\u00f0 d\u00f3mari \u00ed \u00cdsrael \u00ed fj\u00f6rut\u00edu \u00e1r.<br \/> <a name=\"19\"><span class=\"versanumer_2007\">19<\/span><\/a> Tengdad\u00f3ttir hans, eiginkona P\u00ednehasar, var \u00feungu\u00f0 og komin a\u00f0 \u00fev\u00ed a\u00f0 f\u00e6\u00f0a. \u00deegar h\u00fan heyr\u00f0i a\u00f0 \u00f6rk Gu\u00f0s hef\u00f0i veri\u00f0 tekin herfangi og a\u00f0 tengdafa\u00f0ir hennar og eiginma\u00f0ur v\u00e6ru d\u00e1nir f\u00e9kk h\u00fan br\u00e1\u00f0ar hr\u00ed\u00f0ir, settist \u00e1 h\u00e6kjur s\u00e9r og f\u00e6ddi. <a name=\"20\"><span class=\"versanumer_2007\">20<\/span><\/a> En \u00feegar h\u00fan var a\u00f0 dau\u00f0a komin s\u00f6g\u00f0u konurnar sem hj\u00e1 henni voru: \u201eVertu ekki hr\u00e6dd \u00fev\u00ed a\u00f0 \u00fe\u00fa hefur eignast son.\u201c En h\u00fan ansa\u00f0i \u00fev\u00ed engu og gaf \u00fev\u00ed engan gaum.<br \/> <a name=\"21\"><span class=\"versanumer_2007\">21<\/span><\/a> H\u00fan nefndi drenginn \u00cdkab\u00f3\u00f0<span class=\"nedan_mal\" title=\" \u00c1 hebresku er or\u00f0aleikur milli nafnsins \u00cdkab\u00f3\u00f0 og or\u00f0anna \u201ed\u00fdr\u00f0in er horfin\u201c.\">[<\/span> og sag\u00f0i: \u201eD\u00fdr\u00f0in er horfin fr\u00e1 \u00cdsrael.\u201c Me\u00f0 \u00fev\u00ed \u00e1tti h\u00fan vi\u00f0 a\u00f0 \u00f6rk Gu\u00f0s hef\u00f0i veri\u00f0 tekin herfangi og a\u00f0 tengdafa\u00f0ir hennar og ma\u00f0ur v\u00e6ru d\u00e1nir. <a name=\"22\"><span class=\"versanumer_2007\">22<\/span><\/a> H\u00fan sag\u00f0i: \u201eD\u00fdr\u00f0in er horfin fr\u00e1 \u00cdsrael \u00fev\u00ed a\u00f0 \u00f6rk Gu\u00f0s hefur veri\u00f0 tekin herfangi.\u201c <\/p>\n","protected":false},"excerpt":{"rendered":"<p>S\u00e1ttm\u00e1ls\u00f6rkin tekin herskildi 1 Bo\u00f0skapur Sam\u00faels n\u00e1\u00f0i n\u00fa til alls \u00cdsraels. \u00cdsraelsmenn h\u00e9ldu \u00ed str\u00ed\u00f0 gegn Filisteum. \u00deeir sl\u00f3gu upp herb\u00fa\u00f0um vi\u00f0 Ebeneser en Filistear h\u00f6f\u00f0u sett upp b\u00fa\u00f0ir s\u00ednar vi\u00f0 Afek. 2 Filistear fylktu li\u00f0i gegn \u00cdsraelsm\u00f6nnum og kom \u00fear til har\u00f0rar orrustu. \u00cdsraelsmenn bi\u00f0u l\u00e6gri hlut fyrir Filisteum sem felldu um fj\u00f6gur \u00fe\u00fasund menn \u00e1 v\u00edgvellinum. 3 \u00deegar herinn kom aftur til b\u00fa\u00f0anna spur\u00f0u \u00f6ldungar \u00cdsraels: \u201eHvers vegna l\u00e9t Drottinn okkur b\u00ed\u00f0a \u00f3sigur fyrir Filisteum \u00ed dag? Vi\u00f0 skulum s\u00e6kja s\u00e1ttm\u00e1ls\u00f6rk Drottins til S\u00edl\u00f3 svo a\u00f0 hann ver\u00f0i mitt \u00e1 me\u00f0al okkar og bjargi okkur \u00far greipum fjandmanna <a href=\"https:\/\/biblian.is\/biblian\/fyrri-samuelsbok-4-kafli\/\"> [&#8230;]<\/a><\/p>\n","protected":false},"author":1,"featured_media":0,"parent":0,"menu_order":0,"comment_status":"open","ping_status":"open","template":"bibliukaflar_NT.php","meta":{"footnotes":""},"class_list":["post-1857","page","type-page","status-publish","hentry"],"_links":{"self":[{"href":"https:\/\/biblian.is\/biblian\/wp-json\/wp\/v2\/pages\/1857","targetHints":{"allow":["GET"]}}],"collection":[{"href":"https:\/\/biblian.is\/biblian\/wp-json\/wp\/v2\/pages"}],"about":[{"href":"https:\/\/biblian.is\/biblian\/wp-json\/wp\/v2\/types\/page"}],"author":[{"embeddable":true,"href":"https:\/\/biblian.is\/biblian\/wp-json\/wp\/v2\/users\/1"}],"replies":[{"embeddable":true,"href":"https:\/\/biblian.is\/biblian\/wp-json\/wp\/v2\/comments?post=1857"}],"version-history":[{"count":0,"href":"https:\/\/biblian.is\/biblian\/wp-json\/wp\/v2\/pages\/1857\/revisions"}],"wp:attachment":[{"href":"https:\/\/biblian.is\/biblian\/wp-json\/wp\/v2\/media?parent=1857"}],"curies":[{"name":"wp","href":"https:\/\/api.w.org\/{rel}","templated":true}]}}