{"id":1854,"date":"2017-12-30T21:00:40","date_gmt":"2017-12-30T21:00:40","guid":{"rendered":"http:\/\/biblian.is\/biblian\/fyrri-sam%c2%9celsb%c2%97k-1-kafli\/"},"modified":"2024-02-06T18:28:57","modified_gmt":"2024-02-06T18:28:57","slug":"fyrri-samuelsbok-1-kafli","status":"publish","type":"page","link":"https:\/\/biblian.is\/biblian\/fyrri-samuelsbok-1-kafli\/","title":{"rendered":"Fyrri Sam\u00faelsb\u00f3k 1. kafli"},"content":{"rendered":"<p><a name=\"1\"><span class=\"versanumer_2007\">1<\/span><\/a> \u00cd Ramata\u00edm \u00ed Efra\u00edmsfj\u00f6llum bj\u00f3 ma\u00f0ur af S\u00faf\u00e6tt. Hann h\u00e9t Elkana og var sonur Jer\u00f3hams El\u00edh\u00fasonar, T\u00f3h\u00fasonar, S\u00fafssonar fr\u00e1 Efra\u00edm. <a name=\"2\"><span class=\"versanumer_2007\">2<\/span><\/a> Hann \u00e1tti tv\u00e6r eiginkonur, h\u00e9t \u00f6nnur Hanna en hin Peninna. Peninna \u00e1tti b\u00f6rn en Hanna ekki.<br \/> <a name=\"3\"><span class=\"versanumer_2007\">3<\/span><\/a> Elkana f\u00f3r \u00e1 hverju \u00e1ri fr\u00e1 borginni, \u00fear sem hann bj\u00f3, upp til S\u00edl\u00f3 til a\u00f0 bi\u00f0jast \u00fear fyrir og f\u00e6ra Drottni hersveitanna sl\u00e1turf\u00f3rn. \u00dear voru b\u00e1\u00f0ir synir El\u00ed, Hofn\u00ed og P\u00ednehas, prestar Drottins. <a name=\"4\"><span class=\"versanumer_2007\">4<\/span><\/a> Jafnan \u00feegar Elkana f\u00e6r\u00f0i sl\u00e1turf\u00f3rn gaf hann Peninnu, konu sinni, sonum hennar og d\u00e6trum sinn hlut hverju af kj\u00f6tinu. <a name=\"5\"><span class=\"versanumer_2007\">5<\/span><\/a> H\u00f6nnu gaf hann tv\u00f6faldan hlut \u00fev\u00ed a\u00f0 hann elska\u00f0i hana \u00fe\u00f3 a\u00f0 Drottinn hef\u00f0i loka\u00f0 m\u00f3\u00f0url\u00edfi hennar. <a name=\"6\"><span class=\"versanumer_2007\">6<\/span><\/a> Hin konan olli H\u00f6nnu s\u00e1rri gremju og skaprauna\u00f0i henni af \u00fev\u00ed a\u00f0 Drottinn haf\u00f0i loka\u00f0 m\u00f3\u00f0url\u00edfi hennar. <a name=\"7\"><span class=\"versanumer_2007\">7<\/span><\/a> \u00deessu f\u00f3r fram \u00e1r eftir \u00e1r. \u00cd hvert skipti, sem Hanna f\u00f3r upp til h\u00fass Drottins, skaprauna\u00f0i Peninna henni svo a\u00f0 h\u00fan f\u00f3r a\u00f0 gr\u00e1ta og vildi ekki bor\u00f0a. <a name=\"8\"><span class=\"versanumer_2007\">8<\/span><\/a> Elkana, ma\u00f0ur hennar, sag\u00f0i \u00fe\u00e1 vi\u00f0 hana: \u201eHanna, hvers vegna gr\u00e6tur \u00fe\u00fa og bor\u00f0ar ekki? Hvers vegna ertu svona d\u00f6pur? Er \u00e9g \u00fe\u00e9r ekki meira vir\u00f0i en t\u00edu synir?\u201c <\/p>\n<h3 class=\"millifyrirsogn_2007\">Hanna og El\u00ed<\/h3>\n<p><a name=\"9\"><span class=\"versanumer_2007\">9<\/span><\/a> A\u00f0 lokinni m\u00e1lt\u00ed\u00f0 \u00ed S\u00edl\u00f3 st\u00f3\u00f0 Hanna \u00e1 f\u00e6tur og gekk fram fyrir auglit Drottins. El\u00ed prestur sat \u00e1 st\u00f3l s\u00ednum vi\u00f0 dyrastafinn \u00e1 musteri Drottins. <a name=\"10\"><span class=\"versanumer_2007\">10<\/span><\/a> Full \u00f6rv\u00e6ntingar ba\u00f0 h\u00fan til Drottins, <a name=\"11\"><span class=\"versanumer_2007\">11<\/span><\/a> gr\u00e9t s\u00e1ran og vann svohlj\u00f3\u00f0andi heit: \u201eDrottinn hersveitanna, ef \u00fe\u00fa l\u00edtur \u00e1 ney\u00f0 amb\u00e1ttar \u00feinnar og minnist m\u00edn og ef \u00fe\u00fa gleymir ekki amb\u00e1tt \u00feinni og gefur m\u00e9r son, \u00fe\u00e1 skal \u00e9g gefa hann Drottni alla \u00e6vi hans og rakhn\u00edfur skal ekki snerta h\u00f6fu\u00f0 hans.\u201c<span class=\"nedan_mal\" title=\" Hanna heitir \u00fev\u00ed a\u00f0 sonur hennar skuli ver\u00f0a nas\u00edrei eins og Samson, sbr. D\u00f3m 13.4-5.\">[<\/span> <br \/> <a name=\"12\"><span class=\"versanumer_2007\">12<\/span><\/a> H\u00fan ba\u00f0 lengi frammi fyrir Drottni og \u00e1 me\u00f0an fylgdist El\u00ed me\u00f0 munni hennar <a name=\"13\"><span class=\"versanumer_2007\">13<\/span><\/a> en Hanna ba\u00f0st fyrir \u00ed hlj\u00f3\u00f0i. Af \u00fev\u00ed a\u00f0 varir hennar b\u00e6r\u00f0ust \u00e1n \u00feess a\u00f0 r\u00f6dd hennar heyr\u00f0ist h\u00e9lt El\u00ed a\u00f0 h\u00fan v\u00e6ri drukkin <a name=\"14\"><span class=\"versanumer_2007\">14<\/span><\/a> og sag\u00f0i vi\u00f0 hana: \u201eHversu lengi \u00e6tlar \u00fe\u00fa a\u00f0 l\u00e1ta sj\u00e1 \u00feig drukkna? L\u00e1ttu renna af \u00fe\u00e9r.\u201c <a name=\"15\"><span class=\"versanumer_2007\">15<\/span><\/a> Hanna svara\u00f0i: \u201eNei, herra. \u00c9g er a\u00f0eins \u00f6rvinglu\u00f0 kona og hef hvorki brag\u00f0a\u00f0 v\u00edn n\u00e9 \u00e1fengt \u00f6l. \u00c9g hef a\u00f0eins l\u00e9tt \u00e1 hjarta m\u00ednu fyrir Drottni. <a name=\"16\"><span class=\"versanumer_2007\">16<\/span><\/a> L\u00edttu ekki \u00e1 amb\u00e1tt \u00fe\u00edna sem \u00farhrak. \u00c9g hef tala\u00f0 svona lengi af sorg og \u00f6rv\u00e6ntingu.\u201c <a name=\"17\"><span class=\"versanumer_2007\">17<\/span><\/a> El\u00ed svara\u00f0i og sag\u00f0i: \u201eFar\u00f0u \u00ed fri\u00f0i. Gu\u00f0 \u00cdsraels mun veita \u00fe\u00e9r \u00fea\u00f0 sem \u00fe\u00fa ba\u00f0st hann um.\u201c <a name=\"18\"><span class=\"versanumer_2007\">18<\/span><\/a> H\u00fan sag\u00f0i: \u201eMegi amb\u00e1tt \u00fe\u00edn finna n\u00e1\u00f0 fyrir augum \u00fe\u00ednum.\u201c Gekk h\u00fan s\u00ed\u00f0an lei\u00f0ar sinnar, byrja\u00f0i aftur a\u00f0 bor\u00f0a og var ekki lengur d\u00f6pur \u00ed brag\u00f0i.<br \/> <a name=\"19\"><span class=\"versanumer_2007\">19<\/span><\/a> Morguninn eftir f\u00f3ru \u00feau snemma \u00e1 f\u00e6tur, b\u00e1\u00f0u til Drottins og sneru s\u00ed\u00f0an aftur heim til Rama. Elkana kenndi H\u00f6nnu, konu sinnar, og Drottinn minntist hennar <a name=\"20\"><span class=\"versanumer_2007\">20<\/span><\/a> og var\u00f0 h\u00fan \u00feungu\u00f0. \u00cd lok \u00e1rsins f\u00e6ddi h\u00fan son og nefndi hann Sam\u00fael, \u201eaf \u00fev\u00ed a\u00f0 \u00e9g hef be\u00f0i\u00f0 Drottin um hann\u201c. <\/p>\n<h3 class=\"millifyrirsogn_2007\">Sam\u00fael f\u00e6r\u00f0ur Gu\u00f0i<\/h3>\n<p><a name=\"21\"><span class=\"versanumer_2007\">21<\/span><\/a> Elkana f\u00f3r n\u00fa \u00e1samt allri fj\u00f6lskyldu sinni upp til S\u00edl\u00f3 til \u00feess a\u00f0 f\u00e6ra Drottni hina \u00e1rlegu sl\u00e1turf\u00f3rn og heitf\u00f3rn. <a name=\"22\"><span class=\"versanumer_2007\">22<\/span><\/a> En Hanna f\u00f3r ekki heldur sag\u00f0i h\u00fan vi\u00f0 mann sinn: \u201e\u00c9g ver\u00f0 h\u00e9r \u00fear til drengurinn hefur veri\u00f0 vaninn af brj\u00f3sti. \u00de\u00e1 fer \u00e9g me\u00f0 hann til a\u00f0 s\u00fdna hann fyrir augliti Drottins. Upp fr\u00e1 \u00fev\u00ed skal hann \u00e6vinlega vera \u00fear.\u201c <a name=\"23\"><span class=\"versanumer_2007\">23<\/span><\/a> \u201eGer\u00f0u \u00fea\u00f0 sem \u00fe\u00e9r \u00feykir r\u00e9tt,\u201c svara\u00f0i Elkana, ma\u00f0ur hennar. \u201eVertu um kyrrt heima \u00fear til \u00fe\u00fa hefur vani\u00f0 hann af brj\u00f3sti. Megi Drottinn l\u00e1ta heit \u00feitt r\u00e6tast.\u201c<br \/>Konan var s\u00ed\u00f0an um kyrrt heima og haf\u00f0i soninn \u00e1 brj\u00f3sti \u00fear til h\u00fan vandi hann af. <a name=\"24\"><span class=\"versanumer_2007\">24<\/span><\/a> \u00deegar h\u00fan haf\u00f0i vani\u00f0 hann af brj\u00f3sti f\u00f3r h\u00fan me\u00f0 hann me\u00f0 s\u00e9r upp eftir. H\u00fan haf\u00f0i einnig me\u00f0 s\u00e9r \u00feriggja vetra naut, eina efu mj\u00f6ls og v\u00ednbelg. H\u00fan f\u00f3r me\u00f0 drenginn \u00ed h\u00fas Drottins \u00ed S\u00edl\u00f3 en hann var enn mj\u00f6g ungur.<br \/> <a name=\"25\"><span class=\"versanumer_2007\">25<\/span><\/a> \u00deau f\u00e6r\u00f0u nauti\u00f0 \u00ed sl\u00e1turf\u00f3rn og f\u00f3ru s\u00ed\u00f0an me\u00f0 drenginn til El\u00ed <a name=\"26\"><span class=\"versanumer_2007\">26<\/span><\/a> og Hanna sag\u00f0i: \u201eHl\u00fdddu \u00e1 m\u00e1l mitt, herra. Svo sannarlega sem \u00fe\u00fa lifir, herra, er \u00e9g konan sem st\u00f3\u00f0 h\u00e9r hj\u00e1 \u00fe\u00e9r og ba\u00f0 til Drottins. <a name=\"27\"><span class=\"versanumer_2007\">27<\/span><\/a> \u00c9g ba\u00f0 um \u00feennan dreng og Drottinn heyr\u00f0i b\u00e6n m\u00edna og gaf m\u00e9r \u00fea\u00f0 sem \u00e9g ba\u00f0 um. <a name=\"28\"><span class=\"versanumer_2007\">28<\/span><\/a> N\u00fa gef \u00e9g hann Drottni. Drottinn hefur be\u00f0i\u00f0 um hann. Alla \u00e6vi s\u00edna skal hann heyra Drottni til.\u201c S\u00ed\u00f0an b\u00e1\u00f0u \u00feau til Drottins.<\/p>\n","protected":false},"excerpt":{"rendered":"<p>1 \u00cd Ramata\u00edm \u00ed Efra\u00edmsfj\u00f6llum bj\u00f3 ma\u00f0ur af S\u00faf\u00e6tt. Hann h\u00e9t Elkana og var sonur Jer\u00f3hams El\u00edh\u00fasonar, T\u00f3h\u00fasonar, S\u00fafssonar fr\u00e1 Efra\u00edm. 2 Hann \u00e1tti tv\u00e6r eiginkonur, h\u00e9t \u00f6nnur Hanna en hin Peninna. Peninna \u00e1tti b\u00f6rn en Hanna ekki. 3 Elkana f\u00f3r \u00e1 hverju \u00e1ri fr\u00e1 borginni, \u00fear sem hann bj\u00f3, upp til S\u00edl\u00f3 til a\u00f0 bi\u00f0jast \u00fear fyrir og f\u00e6ra Drottni hersveitanna sl\u00e1turf\u00f3rn. \u00dear voru b\u00e1\u00f0ir synir El\u00ed, Hofn\u00ed og P\u00ednehas, prestar Drottins. 4 Jafnan \u00feegar Elkana f\u00e6r\u00f0i sl\u00e1turf\u00f3rn gaf hann Peninnu, konu sinni, sonum hennar og d\u00e6trum sinn hlut hverju af kj\u00f6tinu. 5 H\u00f6nnu gaf hann tv\u00f6faldan hlut \u00fev\u00ed <a href=\"https:\/\/biblian.is\/biblian\/fyrri-samuelsbok-1-kafli\/\"> [&#8230;]<\/a><\/p>\n","protected":false},"author":1,"featured_media":0,"parent":0,"menu_order":0,"comment_status":"open","ping_status":"open","template":"bibliukaflar_NT.php","meta":{"footnotes":""},"class_list":["post-1854","page","type-page","status-publish","hentry"],"_links":{"self":[{"href":"https:\/\/biblian.is\/biblian\/wp-json\/wp\/v2\/pages\/1854","targetHints":{"allow":["GET"]}}],"collection":[{"href":"https:\/\/biblian.is\/biblian\/wp-json\/wp\/v2\/pages"}],"about":[{"href":"https:\/\/biblian.is\/biblian\/wp-json\/wp\/v2\/types\/page"}],"author":[{"embeddable":true,"href":"https:\/\/biblian.is\/biblian\/wp-json\/wp\/v2\/users\/1"}],"replies":[{"embeddable":true,"href":"https:\/\/biblian.is\/biblian\/wp-json\/wp\/v2\/comments?post=1854"}],"version-history":[{"count":0,"href":"https:\/\/biblian.is\/biblian\/wp-json\/wp\/v2\/pages\/1854\/revisions"}],"wp:attachment":[{"href":"https:\/\/biblian.is\/biblian\/wp-json\/wp\/v2\/media?parent=1854"}],"curies":[{"name":"wp","href":"https:\/\/api.w.org\/{rel}","templated":true}]}}