{"id":1853,"date":"2017-12-30T21:00:40","date_gmt":"2017-12-30T21:00:40","guid":{"rendered":"http:\/\/biblian.is\/biblian\/rutarb%c2%97k-4-kafli\/"},"modified":"2023-02-24T16:26:32","modified_gmt":"2023-02-24T16:26:32","slug":"rutarbok-4-kafli","status":"publish","type":"page","link":"https:\/\/biblian.is\/biblian\/rutarbok-4-kafli\/","title":{"rendered":"Rutarb\u00f3k 4. kafli"},"content":{"rendered":"<h3 class=\"millifyrirsogn_2007\"> Samningur \u00ed borgarhli\u00f0i Betlehem<\/h3>\n<p><a name=\"1\"><span class=\"versanumer_2007\">1<\/span><\/a> B\u00f3as haf\u00f0i gengi\u00f0 upp til \u00feingsta\u00f0arins \u00ed borgarhli\u00f0inu og sest \u00fear. \u00de\u00e1 vildi til a\u00f0 lausnarma\u00f0urinn, sem B\u00f3as haf\u00f0i tala\u00f0 um, gekk \u00fear hj\u00e1. B\u00f3as sag\u00f0i: \u201eKomdu hinga\u00f0 og sestu.\u201c Og hann kom og settist.<br \/> <a name=\"2\"><span class=\"versanumer_2007\">2<\/span><\/a> \u00de\u00e1 s\u00f3tti B\u00f3as t\u00edu af \u00f6ldungum borgarinnar og sag\u00f0i: \u201eSetjist h\u00e9r.\u201c Og \u00feeir settust.<br \/> <a name=\"3\"><span class=\"versanumer_2007\">3<\/span><\/a> S\u00ed\u00f0an sag\u00f0i hann vi\u00f0 lausnarmanninn: \u201eNaom\u00ed, sem er komin heim fr\u00e1 M\u00f3abssl\u00e9ttu, vill selja akurpartinn sem El\u00edmelek fr\u00e6ndi okkar \u00e1tti. <a name=\"4\"><span class=\"versanumer_2007\">4<\/span><\/a> M\u00e9r fannst r\u00e9tt a\u00f0 l\u00e1ta \u00feig vita af \u00feessu og segja \u00fe\u00e9r frammi fyrir \u00feeim sem h\u00e9r sitja og \u00f6ldungum f\u00f3lks m\u00edns a\u00f0 kaupa akurinn. Ef \u00fe\u00fa vilt leysa hann til \u00fe\u00edn, \u00fe\u00e1 leystu hann, en ef \u00fe\u00fa vilt \u00fea\u00f0 ekki seg\u00f0u \u00fe\u00e1 til svo a\u00f0 \u00e9g viti \u00fea\u00f0 \u00fev\u00ed a\u00f0 \u00fe\u00fa ert lausnarma\u00f0ur og \u00e9g n\u00e6stur \u00e1 eftir \u00fe\u00e9r.\u201c<br \/>Hinn sag\u00f0i: \u201e\u00c9g \u00e6tla a\u00f0 leysa hann.\u201c <a name=\"5\"><span class=\"versanumer_2007\">5<\/span><\/a> \u00de\u00e1 sag\u00f0i B\u00f3as: \u201eUm lei\u00f0 og \u00fe\u00fa leysir akur Naom\u00ed til \u00fe\u00edn \u00fe\u00e1 hl\u00fdtur \u00fe\u00fa einnig a\u00f0 taka \u00fe\u00e9r Rut hina m\u00f3ab\u00edsku a\u00f0 eiginkonu, ekkju hins l\u00e1tna, til \u00feess a\u00f0 halda vi\u00f0 nafni hans \u00e1 arfleif\u00f0 hans.\u201c <a name=\"6\"><span class=\"versanumer_2007\">6<\/span><\/a> \u00de\u00e1 sag\u00f0i lausnarma\u00f0urinn: \u201e\u00de\u00e1 get \u00e9g ekki leyst til m\u00edn eignina \u00fev\u00ed a\u00f0 \u00fe\u00e1 kynni \u00e9g a\u00f0 spilla arfleif\u00f0 minni. \u00de\u00fa skalt sj\u00e1lfur leysa hana til \u00fe\u00edn \u00ed minn sta\u00f0 \u00fev\u00ed a\u00f0 \u00e9g get \u00fea\u00f0 ekki.\u201c<br \/> <a name=\"7\"><span class=\"versanumer_2007\">7<\/span><\/a> N\u00fa var \u00fea\u00f0 forn venja \u00ed \u00cdsrael, er leysa skyldi til s\u00edn e\u00f0a kaupa eign, a\u00f0 ma\u00f0ur t\u00e6ki af s\u00e9r ilsk\u00f3inn og fengi hann hinum og skyldu \u00fe\u00e1 kaupin standa. \u00dea\u00f0 var til sta\u00f0festingar \u00ed \u00cdsrael. <a name=\"8\"><span class=\"versanumer_2007\">8<\/span><\/a> \u201eKauptu akurinn,\u201c sag\u00f0i lausnarma\u00f0urinn vi\u00f0 B\u00f3as og t\u00f3k af s\u00e9r annan ilsk\u00f3inn.<br \/> <a name=\"9\"><span class=\"versanumer_2007\">9<\/span><\/a> \u00de\u00e1 sag\u00f0i B\u00f3as vi\u00f0 \u00f6ldungana og alla vi\u00f0stadda:<br \/>\u201eH\u00e9r me\u00f0 eru\u00f0 \u00fei\u00f0 vitni a\u00f0 \u00fev\u00ed a\u00f0 \u00e9g hef keypt af Naom\u00ed allt sem El\u00edmelek \u00e1tti og allt sem Kilj\u00f3n og Mahl\u00f3n \u00e1ttu. <a name=\"10\"><span class=\"versanumer_2007\">10<\/span><\/a> Enn fremur hef \u00e9g keypt Rut hina m\u00f3ab\u00edsku m\u00e9r a\u00f0 eiginkonu til \u00feess a\u00f0 vi\u00f0halda nafni hins l\u00e1tna \u00e1 arfleif\u00f0 hans svo a\u00f0 nafn hans ver\u00f0i hvorki afm\u00e1\u00f0 \u00far \u00e6tt hans n\u00e9 \u00far hli\u00f0i borgar hans. \u00dei\u00f0 eru\u00f0 vitni a\u00f0 \u00feessu h\u00e9r og n\u00fa.\u201c <a name=\"11\"><span class=\"versanumer_2007\">11<\/span><\/a> \u00de\u00e1 sag\u00f0i allt f\u00f3lki\u00f0 \u00ed borgarhli\u00f0inu og \u00f6ldungarnir: \u201eVi\u00f0 erum vitni a\u00f0 \u00feessu. Drottinn geri konuna, sem kemur \u00ed h\u00fas \u00feitt, eins og Rakel og Leu sem b\u00e1\u00f0ar reistu \u00cdsraels h\u00fas.<span class=\"nedan_mal\" title=\" H\u00e9r er r\u00e6tt um Rakel og Leu sem \u00e6ttm\u00e6\u00f0ur \u00cdsraels.\">[<\/span> Veitist \u00fe\u00e9r vald \u00ed Efrata og fr\u00e6g\u00f0 \u00ed Betlehem. <a name=\"12\"><span class=\"versanumer_2007\">12<\/span><\/a> Megi afkomendur \u00fe\u00ednir, sem Drottinn gefur \u00fe\u00e9r me\u00f0 \u00feessari st\u00falku, ver\u00f0a eins og \u00e6tt Peresar sem Tamar f\u00e6ddi J\u00fada.\u201c<\/p>\n<h3 class=\"millifyrirsogn_2007\"> B\u00f3as kv\u00e6nist Rut. \u00c6ttartala Dav\u00ed\u00f0s<\/h3>\n<p> <a name=\"13\"><span class=\"versanumer_2007\">13<\/span><\/a> S\u00ed\u00f0an gekk B\u00f3as a\u00f0 eiga Rut. Hann gekk inn til hennar og Drottinn veitti henni getna\u00f0 og h\u00fan f\u00e6ddi son. <a name=\"14\"><span class=\"versanumer_2007\">14<\/span><\/a> \u00de\u00e1 s\u00f6g\u00f0u konurnar vi\u00f0 Naom\u00ed: \u201eLofa\u00f0ur s\u00e9 Drottinn sem l\u00e9t \u00feig ekki vanta lausnarmann n\u00fa \u00ed dag. B\u00f3as ver\u00f0ur nafntoga\u00f0ur \u00ed \u00cdsrael. <a name=\"15\"><span class=\"versanumer_2007\">15<\/span><\/a> Hann mun styrkja \u00feig og annast \u00ed ellinni. Tengdad\u00f3ttir \u00fe\u00edn, sem elskar \u00feig, \u00f3l hann. H\u00fan er \u00fe\u00e9r meira vir\u00f0i en sj\u00f6 synir.\u201c <a name=\"16\"><span class=\"versanumer_2007\">16<\/span><\/a> Naom\u00ed t\u00f3k drenginn \u00ed fangi\u00f0 og var\u00f0 f\u00f3stra hans. <a name=\"17\"><span class=\"versanumer_2007\">17<\/span><\/a> N\u00e1grannakonurnar g\u00e1fu honum nafn og s\u00f6g\u00f0u: \u201eNaom\u00ed hefur eignast son.\u201c \u00de\u00e6r nefndu hann \u00d3be\u00f0 og var hann fa\u00f0ir \u00cdsa\u00ed, f\u00f6\u00f0ur Dav\u00ed\u00f0s. <a name=\"18\"><span class=\"versanumer_2007\">18<\/span><\/a> \u00deetta er \u00e6ttartala Peresar: Peres gat Hesr\u00f3n, <a name=\"19\"><span class=\"versanumer_2007\">19<\/span><\/a> Hesr\u00f3n gat Ram, Ram gat Amm\u00ednadab, <a name=\"20\"><span class=\"versanumer_2007\">20<\/span><\/a> Amm\u00ednadab gat Nakson, Nakson gat Salm\u00f3n, <a name=\"21\"><span class=\"versanumer_2007\">21<\/span><\/a> Salm\u00f3n gat B\u00f3as, B\u00f3as gat \u00d3be\u00f0, <a name=\"22\"><span class=\"versanumer_2007\">22<\/span><\/a> \u00d3be\u00f0 gat \u00cdsa\u00ed og \u00cdsa\u00ed gat Dav\u00ed\u00f0.<\/p>\n","protected":false},"excerpt":{"rendered":"<p>Samningur \u00ed borgarhli\u00f0i Betlehem 1 B\u00f3as haf\u00f0i gengi\u00f0 upp til \u00feingsta\u00f0arins \u00ed borgarhli\u00f0inu og sest \u00fear. \u00de\u00e1 vildi til a\u00f0 lausnarma\u00f0urinn, sem B\u00f3as haf\u00f0i tala\u00f0 um, gekk \u00fear hj\u00e1. B\u00f3as sag\u00f0i: \u201eKomdu hinga\u00f0 og sestu.\u201c Og hann kom og settist. 2 \u00de\u00e1 s\u00f3tti B\u00f3as t\u00edu af \u00f6ldungum borgarinnar og sag\u00f0i: \u201eSetjist h\u00e9r.\u201c Og \u00feeir settust. 3 S\u00ed\u00f0an sag\u00f0i hann vi\u00f0 lausnarmanninn: \u201eNaom\u00ed, sem er komin heim fr\u00e1 M\u00f3abssl\u00e9ttu, vill selja akurpartinn sem El\u00edmelek fr\u00e6ndi okkar \u00e1tti. 4 M\u00e9r fannst r\u00e9tt a\u00f0 l\u00e1ta \u00feig vita af \u00feessu og segja \u00fe\u00e9r frammi fyrir \u00feeim sem h\u00e9r sitja og \u00f6ldungum f\u00f3lks m\u00edns a\u00f0 <a href=\"https:\/\/biblian.is\/biblian\/rutarbok-4-kafli\/\"> [&#8230;]<\/a><\/p>\n","protected":false},"author":1,"featured_media":0,"parent":0,"menu_order":0,"comment_status":"open","ping_status":"open","template":"bibliukaflar_NT.php","meta":{"footnotes":""},"class_list":["post-1853","page","type-page","status-publish","hentry"],"_links":{"self":[{"href":"https:\/\/biblian.is\/biblian\/wp-json\/wp\/v2\/pages\/1853","targetHints":{"allow":["GET"]}}],"collection":[{"href":"https:\/\/biblian.is\/biblian\/wp-json\/wp\/v2\/pages"}],"about":[{"href":"https:\/\/biblian.is\/biblian\/wp-json\/wp\/v2\/types\/page"}],"author":[{"embeddable":true,"href":"https:\/\/biblian.is\/biblian\/wp-json\/wp\/v2\/users\/1"}],"replies":[{"embeddable":true,"href":"https:\/\/biblian.is\/biblian\/wp-json\/wp\/v2\/comments?post=1853"}],"version-history":[{"count":0,"href":"https:\/\/biblian.is\/biblian\/wp-json\/wp\/v2\/pages\/1853\/revisions"}],"wp:attachment":[{"href":"https:\/\/biblian.is\/biblian\/wp-json\/wp\/v2\/media?parent=1853"}],"curies":[{"name":"wp","href":"https:\/\/api.w.org\/{rel}","templated":true}]}}