{"id":1852,"date":"2017-12-30T21:00:40","date_gmt":"2017-12-30T21:00:40","guid":{"rendered":"http:\/\/biblian.is\/biblian\/rutarb%c2%97k-3-kafli\/"},"modified":"2023-02-24T16:26:32","modified_gmt":"2023-02-24T16:26:32","slug":"rutarbok-3-kafli","status":"publish","type":"page","link":"https:\/\/biblian.is\/biblian\/rutarbok-3-kafli\/","title":{"rendered":"Rutarb\u00f3k 3. kafli"},"content":{"rendered":"<h3 class=\"millifyrirsogn_2007\"> \u00c1 \u00fereskivelli B\u00f3asar<\/h3>\n<p><a name=\"1\"><span class=\"versanumer_2007\">1<\/span><\/a> Naom\u00ed, tengdam\u00f3\u00f0ir hennar, sag\u00f0i vi\u00f0 hana: \u201eD\u00f3ttir m\u00edn, \u00e1 \u00e9g ekki a\u00f0 leita \u00fe\u00e9r r\u00e1\u00f0ahags svo a\u00f0 \u00fe\u00e9r vegni vel? <a name=\"2\"><span class=\"versanumer_2007\">2<\/span><\/a> \u00de\u00fa hefur unni\u00f0 me\u00f0 st\u00falkum B\u00f3asar og hann er vensla\u00f0ur okkur. Og taktu n\u00fa eftir. \u00cd kv\u00f6ld varpar hann bygginu \u00e1 \u00fereskivelli s\u00ednum.<span class=\"nedan_mal\" title=\" Korninu, sem \u00fereskt haf\u00f0i veri\u00f0 \u00e1 \u00fereskivellinum, var varpa\u00f0 \u00e1 loft me\u00f0 \u201evarpsk\u00f3flu\u201c svo a\u00f0 kv\u00f6ldgolan feykti burt hisminu.\">[<\/span> <a name=\"3\"><span class=\"versanumer_2007\">3<\/span><\/a> En \u00fe\u00fa skalt \u00fevo \u00fe\u00e9r, smyrja \u00feig ilmsmyrslum, kl\u00e6\u00f0ast skikkju og fara ni\u00f0ur \u00e1 \u00fereskiv\u00f6llinn. G\u00e6ttu \u00feess a\u00f0 B\u00f3as ver\u00f0i ekki var vi\u00f0 \u00feig fyrr en hann hefur eti\u00f0 og drukki\u00f0. <a name=\"4\"><span class=\"versanumer_2007\">4<\/span><\/a> \u00deegar hann leggst til hv\u00edldar, taktu \u00fe\u00e1 eftir hvar hann leggst ni\u00f0ur. Far\u00f0u \u00fe\u00e1 \u00feanga\u00f0, lyftu \u00e1brei\u00f0unni til f\u00f3ta honum og leggstu \u00fear. Hann mun \u00fe\u00e1 segja \u00fe\u00e9r hva\u00f0 \u00fe\u00fa \u00e1tt a\u00f0 gera.\u201c <a name=\"5\"><span class=\"versanumer_2007\">5<\/span><\/a> Og Rut svara\u00f0i henni: \u201e\u00c9g skal gera allt sem \u00fe\u00fa segir.\u201c <a name=\"6\"><span class=\"versanumer_2007\">6<\/span><\/a> S\u00ed\u00f0an f\u00f3r h\u00fan ni\u00f0ur \u00e1 \u00fereskiv\u00f6llinn og ger\u00f0i allt eins og tengdam\u00f3\u00f0ir hennar haf\u00f0i fyrir hana lagt.<br \/> <a name=\"7\"><span class=\"versanumer_2007\">7<\/span><\/a> \u00deegar B\u00f3as haf\u00f0i eti\u00f0 og drukki\u00f0 lag\u00f0ist hann endurn\u00e6r\u00f0ur og \u00e1n\u00e6g\u00f0ur vi\u00f0 endann \u00e1 kornbingnum. \u00deanga\u00f0 lauma\u00f0ist Rut, lyfti \u00e1brei\u00f0unni af f\u00f3tum hans og lag\u00f0ist ni\u00f0ur. <a name=\"8\"><span class=\"versanumer_2007\">8<\/span><\/a> Um mi\u00f0n\u00e6tti hr\u00f6kk hann upp og er hann sneri s\u00e9r s\u00e1 hann s\u00e9r til undrunar a\u00f0 kona l\u00e1 vi\u00f0 f\u00e6tur hans. <a name=\"9\"><span class=\"versanumer_2007\">9<\/span><\/a> Og hann spur\u00f0i: \u201eHver ert \u00fe\u00fa?\u201c H\u00fan svara\u00f0i: \u201e\u00c9g er Rut, amb\u00e1tt \u00fe\u00edn. Breiddu k\u00e1pu \u00fe\u00edna yfir mig \u00fev\u00ed a\u00f0 \u00fe\u00fa ert lausnarma\u00f0ur.\u201c <a name=\"10\"><span class=\"versanumer_2007\">10<\/span><\/a> \u00de\u00e1 sag\u00f0i B\u00f3as: \u201eDrottinn blessi \u00feig, d\u00f3ttir m\u00edn. Me\u00f0 \u00feessu hefur \u00fe\u00fa s\u00fdnt enn meiri r\u00e6ktarsemi en \u00e1\u00f0ur \u00fev\u00ed a\u00f0 \u00fe\u00fa hefur ekki elt ungu mennina, hvorki r\u00edka n\u00e9 f\u00e1t\u00e6ka. <a name=\"11\"><span class=\"versanumer_2007\">11<\/span><\/a> Vertu \u00f3hr\u00e6dd, d\u00f3ttir m\u00edn, \u00e9g mun gera fyrir \u00feig allt sem \u00fe\u00fa bi\u00f0ur \u00fev\u00ed a\u00f0 allir samborgarar m\u00ednir vita a\u00f0 \u00fe\u00fa ert dyg\u00f0ug kona. <a name=\"12\"><span class=\"versanumer_2007\">12<\/span><\/a> \u00dea\u00f0 er vissulega r\u00e9tt a\u00f0 \u00e9g er lausnarma\u00f0ur en \u00fe\u00f3 er annar lausnarma\u00f0ur sem stendur \u00fe\u00e9r n\u00e6r. <a name=\"13\"><span class=\"versanumer_2007\">13<\/span><\/a> Vertu h\u00e9r \u00ed n\u00f3tt. Vilji hann leysa \u00feig \u00e1 morgun, gott og vel, \u00fe\u00e1 leysi hann \u00feig. En vilji hann ekki leysa \u00feig \u00fe\u00e1 mun \u00e9g sj\u00e1lfur leysa \u00feig, svo sannarlega sem Drottinn lifir. Sof\u00f0u n\u00fa til morguns.\u201c<br \/> <a name=\"14\"><span class=\"versanumer_2007\">14<\/span><\/a> H\u00fan svaf til f\u00f3ta honum til morguns en f\u00f3r \u00fe\u00e1 \u00e1 f\u00e6tur \u00ed b\u00edti\u00f0, \u00e1\u00f0ur en ratlj\u00f3st var or\u00f0i\u00f0, \u00fev\u00ed a\u00f0 B\u00f3as vildi ekki a\u00f0 \u00fea\u00f0 spyr\u00f0ist a\u00f0 konan hef\u00f0i komi\u00f0 \u00e1 \u00fereskiv\u00f6llinn.<br \/> <a name=\"15\"><span class=\"versanumer_2007\">15<\/span><\/a> Hann sag\u00f0i: \u201eL\u00e1ttu mig f\u00e1 skikkjuna, sem \u00fe\u00fa ert \u00ed, og haltu henni \u00fat.\u201c Og h\u00fan h\u00e9lt henni \u00fat. \u00de\u00e1 m\u00e6ldi hann sex m\u00e1l af byggi og l\u00e9t \u00e1 her\u00f0ar henni. S\u00ed\u00f0an f\u00f3r hann til borgarinnar.<br \/> <a name=\"16\"><span class=\"versanumer_2007\">16<\/span><\/a> \u00deegar Rut kom til tengdam\u00f3\u00f0ur sinnar spur\u00f0i Naom\u00ed: \u201eHvernig gekk \u00fe\u00e9r, d\u00f3ttir m\u00edn?\u201c H\u00fan sag\u00f0i henni hversu vel B\u00f3as hef\u00f0i reynst henni: <a name=\"17\"><span class=\"versanumer_2007\">17<\/span><\/a> \u201e\u00deessi sex m\u00e1l af byggi gaf hann m\u00e9r og sag\u00f0i: \u00de\u00fa skalt ekki koma t\u00f3mhent til tengdam\u00f3\u00f0ur \u00feinnar.\u201c <a name=\"18\"><span class=\"versanumer_2007\">18<\/span><\/a> Naom\u00ed svara\u00f0i: \u201eB\u00edddu \u00e1tekta, d\u00f3ttir m\u00edn, \u00fear til \u00fe\u00fa fr\u00e9ttir hvernig m\u00e1linu rei\u00f0ir af \u00fev\u00ed a\u00f0 ma\u00f0ur \u00feessi ann s\u00e9r ekki hv\u00edldar nema hann r\u00e1\u00f0i m\u00e1linu til lykta \u00ed dag.\u201c<\/p>\n","protected":false},"excerpt":{"rendered":"<p>\u00c1 \u00fereskivelli B\u00f3asar 1 Naom\u00ed, tengdam\u00f3\u00f0ir hennar, sag\u00f0i vi\u00f0 hana: \u201eD\u00f3ttir m\u00edn, \u00e1 \u00e9g ekki a\u00f0 leita \u00fe\u00e9r r\u00e1\u00f0ahags svo a\u00f0 \u00fe\u00e9r vegni vel? 2 \u00de\u00fa hefur unni\u00f0 me\u00f0 st\u00falkum B\u00f3asar og hann er vensla\u00f0ur okkur. Og taktu n\u00fa eftir. \u00cd kv\u00f6ld varpar hann bygginu \u00e1 \u00fereskivelli s\u00ednum.[ 3 En \u00fe\u00fa skalt \u00fevo \u00fe\u00e9r, smyrja \u00feig ilmsmyrslum, kl\u00e6\u00f0ast skikkju og fara ni\u00f0ur \u00e1 \u00fereskiv\u00f6llinn. G\u00e6ttu \u00feess a\u00f0 B\u00f3as ver\u00f0i ekki var vi\u00f0 \u00feig fyrr en hann hefur eti\u00f0 og drukki\u00f0. 4 \u00deegar hann leggst til hv\u00edldar, taktu \u00fe\u00e1 eftir hvar hann leggst ni\u00f0ur. Far\u00f0u \u00fe\u00e1 \u00feanga\u00f0, lyftu \u00e1brei\u00f0unni til f\u00f3ta <a href=\"https:\/\/biblian.is\/biblian\/rutarbok-3-kafli\/\"> [&#8230;]<\/a><\/p>\n","protected":false},"author":1,"featured_media":0,"parent":0,"menu_order":0,"comment_status":"open","ping_status":"open","template":"bibliukaflar_NT.php","meta":{"footnotes":""},"class_list":["post-1852","page","type-page","status-publish","hentry"],"_links":{"self":[{"href":"https:\/\/biblian.is\/biblian\/wp-json\/wp\/v2\/pages\/1852","targetHints":{"allow":["GET"]}}],"collection":[{"href":"https:\/\/biblian.is\/biblian\/wp-json\/wp\/v2\/pages"}],"about":[{"href":"https:\/\/biblian.is\/biblian\/wp-json\/wp\/v2\/types\/page"}],"author":[{"embeddable":true,"href":"https:\/\/biblian.is\/biblian\/wp-json\/wp\/v2\/users\/1"}],"replies":[{"embeddable":true,"href":"https:\/\/biblian.is\/biblian\/wp-json\/wp\/v2\/comments?post=1852"}],"version-history":[{"count":0,"href":"https:\/\/biblian.is\/biblian\/wp-json\/wp\/v2\/pages\/1852\/revisions"}],"wp:attachment":[{"href":"https:\/\/biblian.is\/biblian\/wp-json\/wp\/v2\/media?parent=1852"}],"curies":[{"name":"wp","href":"https:\/\/api.w.org\/{rel}","templated":true}]}}