{"id":1851,"date":"2017-12-30T21:00:40","date_gmt":"2017-12-30T21:00:40","guid":{"rendered":"http:\/\/biblian.is\/biblian\/rutarb%c2%97k-2-kafli\/"},"modified":"2023-02-24T16:26:32","modified_gmt":"2023-02-24T16:26:32","slug":"rutarbok-2-kafli","status":"publish","type":"page","link":"https:\/\/biblian.is\/biblian\/rutarbok-2-kafli\/","title":{"rendered":"Rutarb\u00f3k 2. kafli"},"content":{"rendered":"<h3 class=\"millifyrirsogn_2007\"> Rut hittir B\u00f3as<\/h3>\n<p><a name=\"1\"><span class=\"versanumer_2007\">1<\/span><\/a> Naom\u00ed \u00e1tti \u00fear venslamann, B\u00f3as a\u00f0 nafni. Hann var au\u00f0ugur \u00e1hrifama\u00f0ur af \u00e6tt El\u00edmeleks.<br \/> <a name=\"2\"><span class=\"versanumer_2007\">2<\/span><\/a> Einhverju sinni sag\u00f0i Rut hin m\u00f3ab\u00edska vi\u00f0 Naom\u00ed:<br \/>\u201e\u00c9g \u00e6tla a\u00f0 fara \u00fat \u00e1 akur og t\u00edna upp korn\u00f6x \u00e1 eftir einhverjum g\u00f3\u00f0vilju\u00f0um kornskur\u00f0armanni.\u201c Naom\u00ed svara\u00f0i:<br \/>\u201eFar\u00f0u, d\u00f3ttir m\u00edn.\u201c<br \/> <a name=\"3\"><span class=\"versanumer_2007\">3<\/span><\/a> Rut h\u00e9lt af sta\u00f0, kom \u00fat \u00e1 akurinn og t\u00edndi \u00fear upp korn\u00f6x \u00e1 eftir kornskur\u00f0arm\u00f6nnunum. Svo vel vildi til a\u00f0 \u00feann teig \u00e1tti B\u00f3as, fr\u00e6ndi El\u00edmeleks. <a name=\"4\"><span class=\"versanumer_2007\">4<\/span><\/a> \u00de\u00e1 kom B\u00f3as \u00f3v\u00e6nt fr\u00e1 Betlehem og kasta\u00f0i kve\u00f0ju \u00e1 kornskur\u00f0armennina: \u201eDrottinn s\u00e9 me\u00f0 ykkur.\u201c<br \/>\u00deeir sv\u00f6ru\u00f0u honum: \u201eDrottinn blessi \u00feig.\u201c<br \/> <a name=\"5\"><span class=\"versanumer_2007\">5<\/span><\/a> \u00de\u00e1 spur\u00f0i B\u00f3as \u00fej\u00f3n sinn sem settur var yfir kornskur\u00f0armennina:<br \/>\u201eHver er \u00feessi st\u00falka?\u201c<br \/> <a name=\"6\"><span class=\"versanumer_2007\">6<\/span><\/a> \u00dej\u00f3nninn svara\u00f0i: \u201e\u00deetta er m\u00f3ab\u00edsk st\u00falka sem kom fr\u00e1 M\u00f3abssl\u00e9ttu me\u00f0 Naom\u00ed. <a name=\"7\"><span class=\"versanumer_2007\">7<\/span><\/a> H\u00fan spur\u00f0i: M\u00e1 \u00e9g ganga \u00e1 eftir kornskur\u00f0arm\u00f6nnunum og safna \u00f6xum innan um kornknippin? H\u00fan hefur veri\u00f0 a\u00f0 fr\u00e1 \u00fev\u00ed \u00ed morgun og \u00fear til n\u00fa og hefur varla unnt s\u00e9r hv\u00edldar.\u201c<br \/> <a name=\"8\"><span class=\"versanumer_2007\">8<\/span><\/a> \u00de\u00e1 sag\u00f0i B\u00f3as vi\u00f0 Rut: \u201eTaktu n\u00fa eftir, d\u00f3ttir m\u00edn. T\u00edndu ekki korn\u00f6x \u00e1 neinum \u00f6\u00f0rum akri og far\u00f0u ekki h\u00e9\u00f0an heldur haltu \u00feig a\u00f0 st\u00falkunum m\u00ednum. <a name=\"9\"><span class=\"versanumer_2007\">9<\/span><\/a> Haf\u00f0u augun \u00e1 akrinum \u00fear sem piltarnir eru a\u00f0 skera korn og gakktu \u00e1 eftir \u00feeim. \u00c9g hef banna\u00f0 vinnuf\u00f3lkinu a\u00f0 amast vi\u00f0 \u00fe\u00e9r. Ef \u00feig \u00feyrstir far\u00f0u \u00fe\u00e1 a\u00f0 vatnskerunum og drekktu af \u00feeim sem piltarnir hafa fyllt.\u201c<br \/> <a name=\"10\"><span class=\"versanumer_2007\">10<\/span><\/a> \u00de\u00e1 f\u00e9ll h\u00fan fram \u00e1 \u00e1sj\u00f3nu s\u00edna, laut til jar\u00f0ar og sag\u00f0i vi\u00f0 hann:<br \/>\u201eHvers vegna s\u00fdnir \u00fe\u00fa m\u00e9r \u00fe\u00e1 g\u00f3\u00f0vild a\u00f0 vir\u00f0a mig, \u00fatlendinginn, vi\u00f0lits?\u201c<br \/> <a name=\"11\"><span class=\"versanumer_2007\">11<\/span><\/a> B\u00f3as svara\u00f0i: \u201eM\u00e9r hefur veri\u00f0 sagt allt um \u00fea\u00f0 hvernig \u00fe\u00e9r f\u00f3rst vi\u00f0 tengdam\u00f3\u00f0ur \u00fe\u00edna eftir dau\u00f0a manns \u00fe\u00edns, a\u00f0 \u00fe\u00fa yfirgafst f\u00f6\u00f0ur \u00feinn og m\u00f3\u00f0ur og \u00e6ttland \u00feitt og f\u00f3rst til \u00fej\u00f3\u00f0ar sem \u00fe\u00fa haf\u00f0ir aldrei \u00e1\u00f0ur kynnst. <a name=\"12\"><span class=\"versanumer_2007\">12<\/span><\/a> Drottinn, Gu\u00f0 \u00cdsraels, launi \u00fe\u00e9r verk \u00feitt til fullnustu fyrst a\u00f0 \u00fe\u00fa ert komin til a\u00f0 leita verndar undir v\u00e6ngjum hans.\u201c<br \/> <a name=\"13\"><span class=\"versanumer_2007\">13<\/span><\/a> H\u00fan svara\u00f0i: \u201e\u00deakka \u00fe\u00e9r, herra minn, \u00fe\u00fa hefur hughreyst mig me\u00f0 \u00fev\u00ed a\u00f0 tala vinsamlega vi\u00f0 mig enda \u00fe\u00f3tt \u00e9g s\u00e9 ekki jafningi neinnar af \u00fej\u00f3nustust\u00falkum \u00fe\u00ednum.\u201c<br \/> <a name=\"14\"><span class=\"versanumer_2007\">14<\/span><\/a> \u00deegar matm\u00e1lst\u00edmi kom sag\u00f0i B\u00f3as vi\u00f0 hana: \u201eKomdu hinga\u00f0 og f\u00e1\u00f0u \u00fe\u00e9r bita og d\u00fdf\u00f0u brau\u00f0inu \u00ed krydds\u00f3suna.\u201c<br \/>Rut settist \u00fe\u00e1 hj\u00e1 kornskur\u00f0arm\u00f6nnunum. B\u00f3as r\u00e9tti henni gl\u00f3\u00f0arbaka\u00f0 korn. H\u00fan \u00e1t sig sadda og leif\u00f0i. <a name=\"15\"><span class=\"versanumer_2007\">15<\/span><\/a> S\u00ed\u00f0an st\u00f3\u00f0 h\u00fan upp og f\u00f3r a\u00f0 t\u00edna en B\u00f3as m\u00e6lti svo fyrir vi\u00f0 pilta s\u00edna: \u201e\u00c1v\u00edti\u00f0 hana ekki \u00fe\u00f3 a\u00f0 h\u00fan t\u00edni innan um kornknippin. <a name=\"16\"><span class=\"versanumer_2007\">16<\/span><\/a> \u00dei\u00f0 skulu\u00f0 jafnvel draga \u00f6x \u00far knippunum handa henni og l\u00e1ta \u00feau liggja eftir svo a\u00f0 h\u00fan geti t\u00ednt \u00feau. \u00c1v\u00edti\u00f0 hana ekki.\u201c<br \/> <a name=\"17\"><span class=\"versanumer_2007\">17<\/span><\/a> Rut t\u00edndi n\u00fa \u00f6x \u00e1 akrinum allt til kv\u00f6lds. Og er h\u00fan bar\u00f0i korni\u00f0 \u00far \u00fev\u00ed sem h\u00fan haf\u00f0i t\u00ednt var \u00fea\u00f0 h\u00e9r um bil efa af byggi. <a name=\"18\"><span class=\"versanumer_2007\">18<\/span><\/a> H\u00fan t\u00f3k \u00fea\u00f0 upp, f\u00f3r me\u00f0 \u00fea\u00f0 til borgarinnar og s\u00fdndi tengdam\u00f3\u00f0ur sinni \u00fea\u00f0 sem h\u00fan haf\u00f0i t\u00ednt. H\u00fan t\u00f3k einnig fram \u00fea\u00f0 sem h\u00fan haf\u00f0i leift af m\u00e1lt\u00ed\u00f0inni og f\u00e9kk Naom\u00ed. <a name=\"19\"><span class=\"versanumer_2007\">19<\/span><\/a> \u00de\u00e1 sag\u00f0i tengdam\u00f3\u00f0ir Rutar vi\u00f0 hana: \u201eHvar hefur \u00fe\u00fa t\u00ednt \u00ed dag? Hvar hefur \u00fe\u00fa unni\u00f0? Blessa\u00f0ur s\u00e9 s\u00e1 ma\u00f0ur sem s\u00fdndi \u00fe\u00e9r velvild.\u201c<br \/>\u00de\u00e1 sag\u00f0i h\u00fan tengdam\u00f3\u00f0ur sinni hj\u00e1 hverjum h\u00fan haf\u00f0i unni\u00f0 og m\u00e6lti: \u201eMa\u00f0urinn, sem \u00e9g vann hj\u00e1 \u00ed dag, heitir B\u00f3as.\u201c<br \/> <a name=\"20\"><span class=\"versanumer_2007\">20<\/span><\/a> Naom\u00ed sag\u00f0i \u00fe\u00e1 vi\u00f0 tengdad\u00f3ttur s\u00edna: \u201eDrottinn blessi hann \u00fev\u00ed a\u00f0 Drottinn hefur ekki l\u00e1ti\u00f0 af miskunn sinni vi\u00f0 lifandi e\u00f0a l\u00e1tna.\u201c Og h\u00fan b\u00e6tti vi\u00f0: \u201eMa\u00f0urinn er n\u00e1kominn okkur, hann er einn af lausnarm\u00f6nnum okkar.\u201c<br \/> <a name=\"21\"><span class=\"versanumer_2007\">21<\/span><\/a> \u00de\u00e1 sag\u00f0i Rut hin m\u00f3ab\u00edska: \u201eHann sag\u00f0i jafnvel vi\u00f0 mig: Haltu \u00feig a\u00f0 piltum m\u00ednum \u00fear til \u00feeir hafa loki\u00f0 \u00f6llum kornskur\u00f0i hj\u00e1 m\u00e9r.\u201c<br \/> <a name=\"22\"><span class=\"versanumer_2007\">22<\/span><\/a> En Naom\u00ed sag\u00f0i vi\u00f0 tengdad\u00f3ttur s\u00edna: \u201e\u00dea\u00f0 er gott, d\u00f3ttir m\u00edn. \u00de\u00fa skalt fara \u00fat me\u00f0 st\u00falkum hans svo a\u00f0 enginn amist vi\u00f0 \u00fe\u00e9r \u00e1 \u00f6\u00f0rum akri.\u201c<br \/> <a name=\"23\"><span class=\"versanumer_2007\">23<\/span><\/a> H\u00fan h\u00e9lt sig \u00fev\u00ed a\u00f0 st\u00falkum B\u00f3asar og t\u00edndi uns bygg- og hveitiuppskerunni var loki\u00f0. S\u00ed\u00f0an h\u00e9lt h\u00fan kyrru fyrir hj\u00e1 tengdam\u00f3\u00f0ur sinni.<\/p>\n","protected":false},"excerpt":{"rendered":"<p>Rut hittir B\u00f3as 1 Naom\u00ed \u00e1tti \u00fear venslamann, B\u00f3as a\u00f0 nafni. Hann var au\u00f0ugur \u00e1hrifama\u00f0ur af \u00e6tt El\u00edmeleks. 2 Einhverju sinni sag\u00f0i Rut hin m\u00f3ab\u00edska vi\u00f0 Naom\u00ed:\u201e\u00c9g \u00e6tla a\u00f0 fara \u00fat \u00e1 akur og t\u00edna upp korn\u00f6x \u00e1 eftir einhverjum g\u00f3\u00f0vilju\u00f0um kornskur\u00f0armanni.\u201c Naom\u00ed svara\u00f0i:\u201eFar\u00f0u, d\u00f3ttir m\u00edn.\u201c 3 Rut h\u00e9lt af sta\u00f0, kom \u00fat \u00e1 akurinn og t\u00edndi \u00fear upp korn\u00f6x \u00e1 eftir kornskur\u00f0arm\u00f6nnunum. Svo vel vildi til a\u00f0 \u00feann teig \u00e1tti B\u00f3as, fr\u00e6ndi El\u00edmeleks. 4 \u00de\u00e1 kom B\u00f3as \u00f3v\u00e6nt fr\u00e1 Betlehem og kasta\u00f0i kve\u00f0ju \u00e1 kornskur\u00f0armennina: \u201eDrottinn s\u00e9 me\u00f0 ykkur.\u201c\u00deeir sv\u00f6ru\u00f0u honum: \u201eDrottinn blessi \u00feig.\u201c 5 \u00de\u00e1 spur\u00f0i B\u00f3as \u00fej\u00f3n <a href=\"https:\/\/biblian.is\/biblian\/rutarbok-2-kafli\/\"> [&#8230;]<\/a><\/p>\n","protected":false},"author":1,"featured_media":0,"parent":0,"menu_order":0,"comment_status":"open","ping_status":"open","template":"bibliukaflar_NT.php","meta":{"footnotes":""},"class_list":["post-1851","page","type-page","status-publish","hentry"],"_links":{"self":[{"href":"https:\/\/biblian.is\/biblian\/wp-json\/wp\/v2\/pages\/1851","targetHints":{"allow":["GET"]}}],"collection":[{"href":"https:\/\/biblian.is\/biblian\/wp-json\/wp\/v2\/pages"}],"about":[{"href":"https:\/\/biblian.is\/biblian\/wp-json\/wp\/v2\/types\/page"}],"author":[{"embeddable":true,"href":"https:\/\/biblian.is\/biblian\/wp-json\/wp\/v2\/users\/1"}],"replies":[{"embeddable":true,"href":"https:\/\/biblian.is\/biblian\/wp-json\/wp\/v2\/comments?post=1851"}],"version-history":[{"count":0,"href":"https:\/\/biblian.is\/biblian\/wp-json\/wp\/v2\/pages\/1851\/revisions"}],"wp:attachment":[{"href":"https:\/\/biblian.is\/biblian\/wp-json\/wp\/v2\/media?parent=1851"}],"curies":[{"name":"wp","href":"https:\/\/api.w.org\/{rel}","templated":true}]}}