{"id":1850,"date":"2017-12-30T21:00:40","date_gmt":"2017-12-30T21:00:40","guid":{"rendered":"http:\/\/biblian.is\/biblian\/rutarb%c2%97k-1-kafli\/"},"modified":"2023-02-24T16:26:31","modified_gmt":"2023-02-24T16:26:31","slug":"rutarbok-1-kafli","status":"publish","type":"page","link":"https:\/\/biblian.is\/biblian\/rutarbok-1-kafli\/","title":{"rendered":"Rutarb\u00f3k 1. kafli"},"content":{"rendered":"<h3 class=\"millifyrirsogn_2007\"> Naom\u00ed og Rut<\/h3>\n<p><a name=\"1\"><span class=\"versanumer_2007\">1<\/span><\/a> \u00c1 stj\u00f3rnart\u00ed\u00f0 d\u00f3maranna var\u00f0 einhverju sinni hungursney\u00f0 \u00ed landinu. F\u00f3r \u00fe\u00e1 ma\u00f0ur nokkur \u00e1samt konu sinni og tveimur sonum fr\u00e1 Betlehem \u00ed J\u00fada til a\u00f0 leita h\u00e6lis sem a\u00f0komuma\u00f0ur \u00e1 M\u00f3abssl\u00e9ttu. <a name=\"2\"><span class=\"versanumer_2007\">2<\/span><\/a> Ma\u00f0ur \u00feessi h\u00e9t El\u00edmelek. Kona hans h\u00e9t Naom\u00ed og synir hans Mahl\u00f3n og Kilj\u00f3n. \u00deau voru af Efrata \u00e6tt fr\u00e1 Betlehem \u00ed J\u00fada. \u00deau komu til M\u00f3abssl\u00e9ttu og settust \u00fear a\u00f0.<br \/> <a name=\"3\"><span class=\"versanumer_2007\">3<\/span><\/a> El\u00edmelek, ma\u00f0ur Naom\u00ed, l\u00e9st en h\u00fan lif\u00f0i mann sinn og b\u00e1\u00f0ir synir hennar. <a name=\"4\"><span class=\"versanumer_2007\">4<\/span><\/a> \u00deeir t\u00f3ku s\u00e9r m\u00f3ab\u00edskar konur og h\u00e9t \u00f6nnur Orpa en hin Rut. Er \u00feau h\u00f6f\u00f0u b\u00fai\u00f0 \u00fear \u00ed n\u00e6rri \u00fev\u00ed t\u00edu \u00e1r <a name=\"5\"><span class=\"versanumer_2007\">5<\/span><\/a> l\u00e9tust einnig Mahl\u00f3n og Kilj\u00f3n en Naom\u00ed lif\u00f0i syni s\u00edna og mann sinn.<\/p>\n<h3 class=\"millifyrirsogn_2007\">Haldi\u00f0 til Betlehem<\/h3>\n<p><a name=\"6\"><span class=\"versanumer_2007\">6<\/span><\/a> H\u00fan bj\u00f3st \u00fe\u00e1 til fer\u00f0ar \u00e1samt tengdad\u00e6trum s\u00ednum og h\u00e9lt fr\u00e1 M\u00f3abssl\u00e9ttu \u00fev\u00ed a\u00f0 \u00fear haf\u00f0i h\u00fan fr\u00e9tt a\u00f0 Drottinn hef\u00f0i komi\u00f0 \u00fej\u00f3\u00f0 sinni til hj\u00e1lpar og s\u00e9\u00f0 henni fyrir f\u00e6\u00f0u. <a name=\"7\"><span class=\"versanumer_2007\">7<\/span><\/a> H\u00fan og tengdad\u00e6tur hennar l\u00f6g\u00f0u af sta\u00f0 \u00fea\u00f0an og h\u00e9ldu \u00e1lei\u00f0is til J\u00fada. <a name=\"8\"><span class=\"versanumer_2007\">8<\/span><\/a> \u00de\u00e1 sag\u00f0i Naom\u00ed vi\u00f0 tengdad\u00e6tur s\u00ednar:<br \/>\u201eSn\u00fai\u00f0 n\u00fa b\u00e1\u00f0ar vi\u00f0 og fari\u00f0 til m\u00f3\u00f0urf\u00f3lks ykkar. Drottinn launi ykkur \u00fe\u00e6r velgj\u00f6r\u00f0ir sem \u00fei\u00f0 au\u00f0s\u00fdndu\u00f0 hinum l\u00e1tnu og m\u00e9r. <a name=\"9\"><span class=\"versanumer_2007\">9<\/span><\/a> Drottinn gefi ykkur b\u00e1\u00f0um traust heimili me\u00f0 n\u00fdjum eiginmanni.\u201c<br \/>S\u00ed\u00f0an kyssti h\u00fan \u00fe\u00e6r \u00ed kve\u00f0juskyni en \u00fe\u00e6r f\u00f3ru a\u00f0 gr\u00e1ta <a name=\"10\"><span class=\"versanumer_2007\">10<\/span><\/a> og s\u00f6g\u00f0u vi\u00f0 hana:<br \/>\u201eNei, vi\u00f0 \u00e6tlum a\u00f0 fara me\u00f0 \u00fe\u00e9r til \u00e6ttmenna \u00feinna.\u201c<br \/> <a name=\"11\"><span class=\"versanumer_2007\">11<\/span><\/a> En Naom\u00ed svara\u00f0i: \u201eSn\u00fai\u00f0 vi\u00f0, d\u00e6tur m\u00ednar. Hvers vegna vilji\u00f0 \u00fei\u00f0 koma me\u00f0 m\u00e9r? Haldi\u00f0 \u00fei\u00f0 a\u00f0 \u00e9g gangi me\u00f0 syni sem \u00fei\u00f0 g\u00e6tu\u00f0 gifst? <a name=\"12\"><span class=\"versanumer_2007\">12<\/span><\/a> Sn\u00fai\u00f0 vi\u00f0, d\u00e6tur m\u00ednar, og fari\u00f0. \u00c9g er or\u00f0in of g\u00f6mul til \u00feess a\u00f0 giftast aftur. Jafnvel \u00fe\u00f3tt \u00e9g teldi mig eiga von og \u00fe\u00f3tt \u00e9g giftist strax \u00ed kv\u00f6ld og eigna\u00f0ist syni, <a name=\"13\"><span class=\"versanumer_2007\">13<\/span><\/a> mundu\u00f0 \u00fei\u00f0 \u00fe\u00e1 b\u00ed\u00f0a \u00feess a\u00f0 \u00feeir yr\u00f0u fullor\u00f0nir? \u00c6ttu\u00f0 \u00fei\u00f0 \u00fe\u00e1 a\u00f0 loka ykkur inni og giftast ekki? Nei, d\u00e6tur m\u00ednar. Mig tekur mj\u00f6g s\u00e1rt til ykkar en h\u00f6nd Drottins hefur lagst \u00feungt \u00e1 mig.\u201c<br \/> <a name=\"14\"><span class=\"versanumer_2007\">14<\/span><\/a> \u00de\u00e6r brustu aftur \u00ed gr\u00e1t. Orpa kvaddi tengdam\u00f3\u00f0ur s\u00edna me\u00f0 kossi en Rut var kyrr hj\u00e1 henni.<br \/> <a name=\"15\"><span class=\"versanumer_2007\">15<\/span><\/a> \u00de\u00e1 sag\u00f0i Naom\u00ed: \u201eM\u00e1gkona \u00fe\u00edn er farin aftur til f\u00f3lks s\u00edns og gu\u00f0s s\u00edns. Sn\u00fa\u00f0u vi\u00f0 me\u00f0 henni.\u201c<br \/> <a name=\"16\"><span class=\"versanumer_2007\">16<\/span><\/a> En Rut svara\u00f0i: \u201eReyndu ekki a\u00f0 telja mig \u00e1 a\u00f0 yfirgefa \u00feig og hverfa fr\u00e1 \u00fe\u00e9r \u00fev\u00ed a\u00f0 hvert sem \u00fe\u00fa fer\u00f0 \u00feanga\u00f0 fer \u00e9g, og hvar sem \u00fe\u00fa n\u00e1ttar \u00fear n\u00e1tta \u00e9g. \u00deitt f\u00f3lk er mitt f\u00f3lk og \u00feinn gu\u00f0 er minn gu\u00f0. <a name=\"17\"><span class=\"versanumer_2007\">17<\/span><\/a> \u00dear sem \u00fe\u00fa deyr\u00f0 \u00fear dey \u00e9g og \u00fear vil \u00e9g ver\u00f0a grafin. Drottinn gjaldi m\u00e9r n\u00fa og framvegis ef anna\u00f0 en dau\u00f0inn a\u00f0skilur okkur.\u201c<br \/> <a name=\"18\"><span class=\"versanumer_2007\">18<\/span><\/a> Er Naom\u00ed s\u00e1 a\u00f0 h\u00fan var sta\u00f0r\u00e1\u00f0in \u00ed a\u00f0 fylgja s\u00e9r h\u00e6tti h\u00fan a\u00f0 reyna a\u00f0 tala um fyrir henni <a name=\"19\"><span class=\"versanumer_2007\">19<\/span><\/a> og ur\u00f0u \u00fe\u00e6r samfer\u00f0a til Betlehem. Er \u00fe\u00e6r komu \u00feanga\u00f0 var\u00f0 miki\u00f0 uppn\u00e1m \u00ed borginni vegna \u00feeirra og konurnar spur\u00f0u: \u201eEr \u00feetta Naom\u00ed?\u201c<br \/> <a name=\"20\"><span class=\"versanumer_2007\">20<\/span><\/a> En h\u00fan svara\u00f0i: \u201eKalli\u00f0 mig ekki Naom\u00ed, kalli\u00f0 mig Mara<span class=\"nedan_mal\" title=\" Naom\u00ed merkir \u201ehin hamingjusama\u201c en Mara merkir \u201ehin beiska\u201c.\">[<\/span> \u00fev\u00ed a\u00f0 Hinn alm\u00e1ttugi hefur b\u00fai\u00f0 m\u00e9r beiska harma. <a name=\"21\"><span class=\"versanumer_2007\">21<\/span><\/a> R\u00edk f\u00f3r \u00e9g h\u00e9\u00f0an en t\u00f3mhenta hefur Drottinn sent mig heim. Hvers vegna kalli\u00f0 \u00fei\u00f0 mig Naom\u00ed \u00far \u00fev\u00ed a\u00f0 Drottinn hefur ni\u00f0url\u00e6gt mig og Hinn alm\u00e1ttugi hrellt mig?\u201c<br \/> <a name=\"22\"><span class=\"versanumer_2007\">22<\/span><\/a> \u00deannig sneri Naom\u00ed heim aftur og Rut me\u00f0 henni, hin m\u00f3ab\u00edska tengdad\u00f3ttir hennar sem kom fr\u00e1 M\u00f3abssl\u00e9ttu. \u00de\u00e6r komu til Betlehem \u00ed byrjun bygguppskerunnar.<\/p>\n","protected":false},"excerpt":{"rendered":"<p>Naom\u00ed og Rut 1 \u00c1 stj\u00f3rnart\u00ed\u00f0 d\u00f3maranna var\u00f0 einhverju sinni hungursney\u00f0 \u00ed landinu. F\u00f3r \u00fe\u00e1 ma\u00f0ur nokkur \u00e1samt konu sinni og tveimur sonum fr\u00e1 Betlehem \u00ed J\u00fada til a\u00f0 leita h\u00e6lis sem a\u00f0komuma\u00f0ur \u00e1 M\u00f3abssl\u00e9ttu. 2 Ma\u00f0ur \u00feessi h\u00e9t El\u00edmelek. Kona hans h\u00e9t Naom\u00ed og synir hans Mahl\u00f3n og Kilj\u00f3n. \u00deau voru af Efrata \u00e6tt fr\u00e1 Betlehem \u00ed J\u00fada. \u00deau komu til M\u00f3abssl\u00e9ttu og settust \u00fear a\u00f0. 3 El\u00edmelek, ma\u00f0ur Naom\u00ed, l\u00e9st en h\u00fan lif\u00f0i mann sinn og b\u00e1\u00f0ir synir hennar. 4 \u00deeir t\u00f3ku s\u00e9r m\u00f3ab\u00edskar konur og h\u00e9t \u00f6nnur Orpa en hin Rut. Er \u00feau h\u00f6f\u00f0u b\u00fai\u00f0 \u00fear \u00ed <a href=\"https:\/\/biblian.is\/biblian\/rutarbok-1-kafli\/\"> [&#8230;]<\/a><\/p>\n","protected":false},"author":1,"featured_media":0,"parent":0,"menu_order":0,"comment_status":"open","ping_status":"open","template":"bibliukaflar_NT.php","meta":{"footnotes":""},"class_list":["post-1850","page","type-page","status-publish","hentry"],"_links":{"self":[{"href":"https:\/\/biblian.is\/biblian\/wp-json\/wp\/v2\/pages\/1850","targetHints":{"allow":["GET"]}}],"collection":[{"href":"https:\/\/biblian.is\/biblian\/wp-json\/wp\/v2\/pages"}],"about":[{"href":"https:\/\/biblian.is\/biblian\/wp-json\/wp\/v2\/types\/page"}],"author":[{"embeddable":true,"href":"https:\/\/biblian.is\/biblian\/wp-json\/wp\/v2\/users\/1"}],"replies":[{"embeddable":true,"href":"https:\/\/biblian.is\/biblian\/wp-json\/wp\/v2\/comments?post=1850"}],"version-history":[{"count":0,"href":"https:\/\/biblian.is\/biblian\/wp-json\/wp\/v2\/pages\/1850\/revisions"}],"wp:attachment":[{"href":"https:\/\/biblian.is\/biblian\/wp-json\/wp\/v2\/media?parent=1850"}],"curies":[{"name":"wp","href":"https:\/\/api.w.org\/{rel}","templated":true}]}}