{"id":1849,"date":"2017-12-30T21:00:40","date_gmt":"2017-12-30T21:00:40","guid":{"rendered":"http:\/\/biblian.is\/biblian\/d%c2%97marab%c2%97kin-21-kafli\/"},"modified":"2024-07-03T13:13:08","modified_gmt":"2024-07-03T13:13:08","slug":"domarabokin-21-kafli","status":"publish","type":"page","link":"https:\/\/biblian.is\/biblian\/domarabokin-21-kafli\/","title":{"rendered":"D\u00f3marab\u00f3kin 21. kafli"},"content":{"rendered":"<h3 class=\"millifyrirsogn_2007\"> \u00cdsrael finnur konur handa Benjam\u00edn\u00edtum<\/h3>\n<p><a name=\"1\"><span class=\"versanumer_2007\">1<\/span><\/a> \u00cdsraelsmenn h\u00f6f\u00f0u unni\u00f0 ei\u00f0 \u00ed Mispa og sagt: \u201eEnginn okkar skal gifta Benjam\u00edn\u00edta d\u00f3ttur s\u00edna.\u201c <a name=\"2\"><span class=\"versanumer_2007\">2<\/span><\/a> Og f\u00f3lki\u00f0 f\u00f3r til Betel, dvaldi \u00fear fram \u00e1 kv\u00f6ld fyrir augliti Gu\u00f0s og h\u00f3f \u00fear miki\u00f0 harmakvein. <a name=\"3\"><span class=\"versanumer_2007\">3<\/span><\/a> \u00deeir s\u00f6g\u00f0u: \u201eDrottinn, \u00cdsraels Gu\u00f0. Hv\u00ed hefur \u00feetta gerst \u00ed \u00cdsrael, a\u00f0 n\u00fa skuli vanta eina \u00e6ttkv\u00edsl \u00cdsraels?\u201c <a name=\"4\"><span class=\"versanumer_2007\">4<\/span><\/a> Morguninn eftir var f\u00f3lki\u00f0 \u00e1rla \u00e1 f\u00f3tum, reisti altari og f\u00e6r\u00f0i brennif\u00f3rnir og heillaf\u00f3rnir. <a name=\"5\"><span class=\"versanumer_2007\">5<\/span><\/a> S\u00ed\u00f0an s\u00f6g\u00f0u \u00cdsraelsmenn: \u201eSkyldi nokkur s\u00e1 vera af \u00f6llum \u00e6ttkv\u00edslum \u00cdsraels a\u00f0 hann hafi ekki komi\u00f0 upp hinga\u00f0 til Drottins me\u00f0 s\u00f6fnu\u00f0inum?\u201c \u00dea\u00f0 haf\u00f0i veri\u00f0 f\u00f6stum svard\u00f6gum bundi\u00f0 a\u00f0 hver s\u00e1 sem ekki k\u00e6mi upp til Drottins \u00ed Mispa skyldi t\u00fdna l\u00edfinu. <a name=\"6\"><span class=\"versanumer_2007\">6<\/span><\/a> \u00cdsraelsmenn t\u00f3k s\u00e1rt til Benjam\u00edns br\u00f3\u00f0ur s\u00edns. \u00deeir s\u00f6g\u00f0u: \u201eN\u00fa er ein \u00e6ttkv\u00edsl upph\u00f6ggvin \u00far \u00cdsrael. <a name=\"7\"><span class=\"versanumer_2007\">7<\/span><\/a> Hvernig eigum vi\u00f0 a\u00f0 fara a\u00f0 \u00fev\u00ed a\u00f0 \u00fatvega \u00feeim konur sem eftir eru fyrst vi\u00f0 h\u00f6fum unni\u00f0 Drottni ei\u00f0 a\u00f0 \u00fev\u00ed a\u00f0 gifta \u00feeim ekki neina af d\u00e6trum okkar?\u201c<br \/> <a name=\"8\"><span class=\"versanumer_2007\">8<\/span><\/a> \u00de\u00e1 s\u00f6g\u00f0u \u00feeir: \u201eEr nokkur s\u00e1 af \u00e6ttkv\u00edslum \u00cdsraels a\u00f0 hann hafi ekki fari\u00f0 upp til Drottins \u00ed Mispa?\u201c Og sj\u00e1, fr\u00e1 Jabes \u00ed G\u00edlea\u00f0 haf\u00f0i enginn komi\u00f0 \u00ed herb\u00fa\u00f0irnar til samkomunnar. <a name=\"9\"><span class=\"versanumer_2007\">9<\/span><\/a> F\u00f3r n\u00fa fram li\u00f0sk\u00f6nnun og var \u00fear enginn af \u00edb\u00faum Jabes \u00ed G\u00edlea\u00f0. <a name=\"10\"><span class=\"versanumer_2007\">10<\/span><\/a> \u00de\u00e1 sendi f\u00f3lki\u00f0 \u00feanga\u00f0 t\u00f3lf \u00fe\u00fasund hrausta menn og lag\u00f0i svo fyrir \u00fe\u00e1: \u201eFari\u00f0 og felli\u00f0 \u00edb\u00faana \u00ed Jabes \u00ed G\u00edlea\u00f0 me\u00f0 sver\u00f0i \u00e1samt konum og b\u00f6rnum. <a name=\"11\"><span class=\"versanumer_2007\">11<\/span><\/a> \u00deannig skulu\u00f0 \u00fei\u00f0 fara a\u00f0: Alla karlmenn og allar konur, sem hafa \u00e1tt m\u00f6k vi\u00f0 karlmann, skulu\u00f0 \u00fei\u00f0 helga banni en meyjar skulu\u00f0 \u00fei\u00f0 l\u00e1ta l\u00edfi halda.\u201c Og \u00feetta ger\u00f0u \u00feeir. <a name=\"12\"><span class=\"versanumer_2007\">12<\/span><\/a> \u00deeir fundu me\u00f0al \u00edb\u00faanna \u00ed Jabes \u00ed G\u00edlea\u00f0 fj\u00f6gur hundru\u00f0 meyjar sem ekki h\u00f6f\u00f0u \u00e1tt m\u00f6k vi\u00f0 karlmann og \u00feeir f\u00f3ru me\u00f0 \u00fe\u00e6r til herb\u00fa\u00f0anna \u00ed S\u00edl\u00f3 sem er \u00ed Kanaanslandi.<br \/> <a name=\"13\"><span class=\"versanumer_2007\">13<\/span><\/a> \u00de\u00e1 sendi allt f\u00f3lki\u00f0 bo\u00f0 til Benjam\u00edn\u00edta sem voru hj\u00e1 Rimm\u00f3nkletti og bau\u00f0 \u00feeim fri\u00f0. <a name=\"14\"><span class=\"versanumer_2007\">14<\/span><\/a> \u00de\u00e1 sneru Benjam\u00edn\u00edtar aftur og \u00feeir g\u00e1fu \u00feeim \u00fe\u00e6r konur sem \u00feeir h\u00f6f\u00f0u l\u00e1ti\u00f0 l\u00edfi halda af konunum \u00ed Jabes \u00ed G\u00edlea\u00f0. \u00de\u00e6r voru \u00fe\u00f3 ekki n\u00f3gu margar handa \u00feeim.<br \/> <a name=\"15\"><span class=\"versanumer_2007\">15<\/span><\/a> F\u00f3lki\u00f0 t\u00f3k s\u00e1rt til Benjam\u00edns \u00fev\u00ed a\u00f0 Drottinn haf\u00f0i h\u00f6ggvi\u00f0 skar\u00f0 \u00ed \u00e6ttkv\u00edslir \u00cdsraels. <a name=\"16\"><span class=\"versanumer_2007\">16<\/span><\/a> \u00de\u00e1 s\u00f6g\u00f0u \u00f6ldungar f\u00f3lksins: \u201eHvernig eigum vi\u00f0 a\u00f0 fara a\u00f0 \u00fev\u00ed a\u00f0 \u00fatvega \u00feeim sem eftir eru konur \u00fev\u00ed a\u00f0 konum hefur veri\u00f0 gereytt \u00far Benjam\u00edn?\u201c <a name=\"17\"><span class=\"versanumer_2007\">17<\/span><\/a> Og \u00feeir s\u00f6g\u00f0u: \u201eHvernig geta \u00feeir af Benjam\u00edn\u00edtum, sem hafa komist undan, haldi\u00f0 arfleif\u00f0 sinni svo a\u00f0 \u00e6ttkv\u00edslin ver\u00f0i ekki afm\u00e1\u00f0 \u00far \u00cdsrael? <a name=\"18\"><span class=\"versanumer_2007\">18<\/span><\/a> Ekki getum vi\u00f0 gift \u00feeim neina af d\u00e6trum okkar.\u201c \u00cdsraelsmenn h\u00f6f\u00f0u svari\u00f0: \u201eB\u00f6lva\u00f0ur s\u00e9 s\u00e1 sem gefur Benjam\u00edn konu.\u201c <a name=\"19\"><span class=\"versanumer_2007\">19<\/span><\/a> \u00de\u00e1 s\u00f6g\u00f0u \u00feeir: \u201eH\u00e1t\u00ed\u00f0 Drottins er \u00e1rlega haldin \u00ed S\u00edl\u00f3 sem er fyrir nor\u00f0an Betel, fyrir austan \u00fej\u00f3\u00f0veginn sem liggur fr\u00e1 Betel upp til S\u00edkem og fyrir sunnan Leb\u00f3na.\u201c <a name=\"20\"><span class=\"versanumer_2007\">20<\/span><\/a> Og \u00feeir s\u00f6g\u00f0u vi\u00f0 ni\u00f0ja Benjam\u00edns: \u201eFari\u00f0 og liggi\u00f0 \u00ed leyni \u00ed v\u00edng\u00f6r\u00f0unum. <a name=\"21\"><span class=\"versanumer_2007\">21<\/span><\/a> \u00deegar \u00fei\u00f0 sj\u00e1i\u00f0 S\u00edl\u00f3d\u00e6tur ganga \u00fat til dansleiks skulu\u00f0 \u00fei\u00f0 spretta upp \u00far v\u00edng\u00f6r\u00f0unum og r\u00e6na ykkur sinni konunni hver af S\u00edl\u00f3d\u00e6trum. Fari\u00f0 s\u00ed\u00f0an heim \u00ed Benjam\u00ednsland. <a name=\"22\"><span class=\"versanumer_2007\">22<\/span><\/a> \u00deegar fe\u00f0ur \u00feeirra e\u00f0a br\u00e6\u00f0ur koma a\u00f0 k\u00e6ra \u00feetta fyrir okkur skulum vi\u00f0 segja vi\u00f0 \u00fe\u00e1: Gefi\u00f0 okkur \u00fe\u00e6r \u00fev\u00ed a\u00f0 vi\u00f0 fengum engar konur \u00ed str\u00ed\u00f0inu. \u00dei\u00f0 hafi\u00f0 ekki heldur gefi\u00f0 \u00feeim \u00fe\u00e6r. Ef svo v\u00e6ri \u00fe\u00e1 v\u00e6ru\u00f0 \u00fei\u00f0 sekir.\u201c <a name=\"23\"><span class=\"versanumer_2007\">23<\/span><\/a> Ni\u00f0jar Benjam\u00edns ger\u00f0u \u00feetta og t\u00f3ku s\u00e9r konur me\u00f0al dansmeyjanna sem \u00feeir r\u00e6ndu eins og svara\u00f0i til fj\u00f6lda \u00feeirra sj\u00e1lfra. S\u00ed\u00f0an f\u00f3ru \u00feeir og hurfu aftur til \u00f3\u00f0als s\u00edns, reistu borgirnar a\u00f0 n\u00fdju og bjuggu \u00ed \u00feeim. <a name=\"24\"><span class=\"versanumer_2007\">24<\/span><\/a> \u00de\u00e1 f\u00f3ru \u00cdsraelsmenn einnig \u00fea\u00f0an, hver til sinnar kynkv\u00edslar og sinnar \u00e6ttar og \u00feeir h\u00e9ldu \u00fea\u00f0an hver til s\u00edns \u00f3\u00f0als.<br \/> <a name=\"25\"><span class=\"versanumer_2007\">25<\/span><\/a> \u00cd \u00fe\u00e1 daga var enginn konungur \u00ed \u00cdsrael. Hver ma\u00f0ur ger\u00f0i \u00fea\u00f0 sem honum vel l\u00edka\u00f0i.<\/p>\n","protected":false},"excerpt":{"rendered":"<p>\u00cdsrael finnur konur handa Benjam\u00edn\u00edtum 1 \u00cdsraelsmenn h\u00f6f\u00f0u unni\u00f0 ei\u00f0 \u00ed Mispa og sagt: \u201eEnginn okkar skal gifta Benjam\u00edn\u00edta d\u00f3ttur s\u00edna.\u201c 2 Og f\u00f3lki\u00f0 f\u00f3r til Betel, dvaldi \u00fear fram \u00e1 kv\u00f6ld fyrir augliti Gu\u00f0s og h\u00f3f \u00fear miki\u00f0 harmakvein. 3 \u00deeir s\u00f6g\u00f0u: \u201eDrottinn, \u00cdsraels Gu\u00f0. Hv\u00ed hefur \u00feetta gerst \u00ed \u00cdsrael, a\u00f0 n\u00fa skuli vanta eina \u00e6ttkv\u00edsl \u00cdsraels?\u201c 4 Morguninn eftir var f\u00f3lki\u00f0 \u00e1rla \u00e1 f\u00f3tum, reisti altari og f\u00e6r\u00f0i brennif\u00f3rnir og heillaf\u00f3rnir. 5 S\u00ed\u00f0an s\u00f6g\u00f0u \u00cdsraelsmenn: \u201eSkyldi nokkur s\u00e1 vera af \u00f6llum \u00e6ttkv\u00edslum \u00cdsraels a\u00f0 hann hafi ekki komi\u00f0 upp hinga\u00f0 til Drottins me\u00f0 s\u00f6fnu\u00f0inum?\u201c \u00dea\u00f0 haf\u00f0i veri\u00f0 <a href=\"https:\/\/biblian.is\/biblian\/domarabokin-21-kafli\/\"> [&#8230;]<\/a><\/p>\n","protected":false},"author":1,"featured_media":0,"parent":0,"menu_order":0,"comment_status":"open","ping_status":"open","template":"bibliukaflar_NT.php","meta":{"footnotes":""},"class_list":["post-1849","page","type-page","status-publish","hentry"],"_links":{"self":[{"href":"https:\/\/biblian.is\/biblian\/wp-json\/wp\/v2\/pages\/1849","targetHints":{"allow":["GET"]}}],"collection":[{"href":"https:\/\/biblian.is\/biblian\/wp-json\/wp\/v2\/pages"}],"about":[{"href":"https:\/\/biblian.is\/biblian\/wp-json\/wp\/v2\/types\/page"}],"author":[{"embeddable":true,"href":"https:\/\/biblian.is\/biblian\/wp-json\/wp\/v2\/users\/1"}],"replies":[{"embeddable":true,"href":"https:\/\/biblian.is\/biblian\/wp-json\/wp\/v2\/comments?post=1849"}],"version-history":[{"count":0,"href":"https:\/\/biblian.is\/biblian\/wp-json\/wp\/v2\/pages\/1849\/revisions"}],"wp:attachment":[{"href":"https:\/\/biblian.is\/biblian\/wp-json\/wp\/v2\/media?parent=1849"}],"curies":[{"name":"wp","href":"https:\/\/api.w.org\/{rel}","templated":true}]}}