{"id":1848,"date":"2017-12-30T21:00:40","date_gmt":"2017-12-30T21:00:40","guid":{"rendered":"http:\/\/biblian.is\/biblian\/d%c2%97marab%c2%97kin-20-kafli\/"},"modified":"2024-07-03T13:13:07","modified_gmt":"2024-07-03T13:13:07","slug":"domarabokin-20-kafli","status":"publish","type":"page","link":"https:\/\/biblian.is\/biblian\/domarabokin-20-kafli\/","title":{"rendered":"D\u00f3marab\u00f3kin 20. kafli"},"content":{"rendered":"<h3 class=\"millifyrirsogn_2007\"> Refsid\u00f3mur yfir Benjam\u00edn<\/h3>\n<p><a name=\"1\"><span class=\"versanumer_2007\">1<\/span><\/a> \u00de\u00e1 l\u00f6g\u00f0u allir \u00cdsraelsmenn af sta\u00f0 og safna\u00f0ist l\u00fd\u00f0urinn saman sem einn ma\u00f0ur, fr\u00e1 Dan til Beerseba og einnig G\u00edlea\u00f0lands, frammi fyrir Drottni \u00ed Mispa. <a name=\"2\"><span class=\"versanumer_2007\">2<\/span><\/a> Og h\u00f6f\u00f0ingjar alls l\u00fd\u00f0sins, allar \u00e6ttkv\u00edslir \u00cdsraels, gengu fram \u00ed s\u00f6fnu\u00f0i \u00fej\u00f3\u00f0ar Gu\u00f0s. Voru \u00fea\u00f0 fj\u00f6gur hundru\u00f0 \u00fe\u00fasund menn, f\u00f3tgangandi og vopnum b\u00fanir. <a name=\"3\"><span class=\"versanumer_2007\">3<\/span><\/a> Benjam\u00edn\u00edtar fr\u00e9ttu a\u00f0 \u00cdsraelsmenn v\u00e6ru farnir upp til Mispa. \u00cdsraelsmenn s\u00f6g\u00f0u: \u201eSegi\u00f0 fr\u00e1 hvernig \u00feetta \u00f3h\u00e6fuverk bar a\u00f0.\u201c <a name=\"4\"><span class=\"versanumer_2007\">4<\/span><\/a> \u00de\u00e1 svara\u00f0i Lev\u00edtinn, ma\u00f0ur konunnar sem drepin haf\u00f0i veri\u00f0, og sag\u00f0i: \u201e\u00c9g kom til G\u00edbeu \u00ed Benjam\u00edn \u00e1samt hj\u00e1konu minni og \u00e6tla\u00f0i a\u00f0 vera \u00fear um n\u00e6tursakir. <a name=\"5\"><span class=\"versanumer_2007\">5<\/span><\/a> \u00de\u00e1 r\u00e9\u00f0ust \u00edb\u00faar G\u00edbeu a\u00f0 m\u00e9r, umkringdu h\u00fasi\u00f0 um n\u00f3ttina og l\u00e9tu \u00f3fri\u00f0lega. \u00deeir \u00e6tlu\u00f0u a\u00f0 drepa mig og nau\u00f0gu\u00f0u hj\u00e1konu minni svo a\u00f0 h\u00fan bei\u00f0 bana af. <a name=\"6\"><span class=\"versanumer_2007\">6<\/span><\/a> \u00de\u00e1 t\u00f3k \u00e9g hj\u00e1konu m\u00edna, hluta\u00f0i hana sundur og sendi hana \u00fat um allt erf\u00f0aland \u00cdsraels \u00fev\u00ed a\u00f0 \u00feeir h\u00f6f\u00f0u frami\u00f0 n\u00ed\u00f0ingsverk og \u00f3h\u00e6fu \u00ed \u00cdsrael. <a name=\"7\"><span class=\"versanumer_2007\">7<\/span><\/a> \u00dei\u00f0 eru\u00f0 h\u00e9r allir, \u00cdsraelsmenn. Komi\u00f0 n\u00fa me\u00f0 r\u00e1\u00f0 ykkar og till\u00f6gur.\u201c<br \/> <a name=\"8\"><span class=\"versanumer_2007\">8<\/span><\/a> \u00de\u00e1 reis allt f\u00f3lki\u00f0 upp sem einn ma\u00f0ur v\u00e6ri og sag\u00f0i: \u201eEnginn okkar skal fara heim til s\u00edn og enginn sn\u00faa til heimkynna sinna. <a name=\"9\"><span class=\"versanumer_2007\">9<\/span><\/a> Vi\u00f0 skulum fara \u00feannig me\u00f0 G\u00edbeu: Vi\u00f0 skulum r\u00e1\u00f0ast gegn henni eftir hlutkesti, <a name=\"10\"><span class=\"versanumer_2007\">10<\/span><\/a> taka t\u00edu menn af hverju hundra\u00f0i af \u00f6llum \u00e6ttkv\u00edslum \u00cdsraels og hundra\u00f0 af \u00fe\u00fasundi og \u00fe\u00fasund af t\u00edu \u00fe\u00fasund til \u00feess a\u00f0 s\u00e6kja vistir handa li\u00f0inu. \u00deegar \u00feeir koma aftur ver\u00f0ur fari\u00f0 me\u00f0 G\u00edbeu \u00ed Benjam\u00edn eins og h\u00fan ver\u00f0skuldar fyrir \u00f3h\u00e6fuverk \u00fea\u00f0 sem \u00feeir hafa frami\u00f0 \u00ed \u00cdsrael.\u201c <a name=\"11\"><span class=\"versanumer_2007\">11<\/span><\/a> \u00de\u00e1 sameinu\u00f0ust allir \u00cdsraelsmenn gegn borginni og voru allir samhuga sem einn ma\u00f0ur v\u00e6ri.<br \/> <a name=\"12\"><span class=\"versanumer_2007\">12<\/span><\/a> \u00c6ttkv\u00edslir \u00cdsraels sendu menn um alla \u00e6ttkv\u00edsl Benjam\u00edns og l\u00e9tu \u00fe\u00e1 segja: \u201eHv\u00edl\u00edk \u00f3h\u00e6fa er \u00feetta sem framin hefur veri\u00f0 me\u00f0al ykkar? <a name=\"13\"><span class=\"versanumer_2007\">13<\/span><\/a> Framselji\u00f0 \u00f3\u00feokkana \u00ed G\u00edbeu svo a\u00f0 vi\u00f0 getum drepi\u00f0 \u00fe\u00e1 og uppr\u00e6tt hi\u00f0 illa \u00far \u00cdsrael.\u201c En ni\u00f0jar Benjam\u00edns g\u00e1fu engan gaum a\u00f0 or\u00f0um br\u00e6\u00f0ra sinna, \u00cdsraelsmanna. <a name=\"14\"><span class=\"versanumer_2007\">14<\/span><\/a> S\u00f6fnu\u00f0ust Benjam\u00edn\u00edtar \u00fe\u00e1 saman \u00far borgunum til G\u00edbeu til \u00feess a\u00f0 fara \u00ed herna\u00f0 vi\u00f0 \u00cdsraelsmenn. <a name=\"15\"><span class=\"versanumer_2007\">15<\/span><\/a> En ni\u00f0jar Benjam\u00edns, sem komu fr\u00e1 borgunum, voru \u00e1 \u00feeim degi tuttugu og sex \u00fe\u00fasund vopna\u00f0ra manna auk G\u00edbeub\u00faa. \u00deeir voru sj\u00f6 hundru\u00f0 a\u00f0 t\u00f6lu og var \u00fea\u00f0 allt einvalali\u00f0. <a name=\"16\"><span class=\"versanumer_2007\">16<\/span><\/a> Af \u00feessu li\u00f0i voru sj\u00f6 hundru\u00f0 \u00farvalsmenn \u00f6rvhentir. H\u00e6f\u00f0u \u00feeir allir h\u00e1rr\u00e9tt me\u00f0 sl\u00f6ngvusteini og misstu ekki marks. <a name=\"17\"><span class=\"versanumer_2007\">17<\/span><\/a> A\u00f0 Benjam\u00edn fr\u00e1t\u00f6ldum voru \u00cdsraelsmenn alls fj\u00f6gur hundru\u00f0 \u00fe\u00fasund vopna\u00f0ra manna og allir hermenn.<br \/> <a name=\"18\"><span class=\"versanumer_2007\">18<\/span><\/a> \u00cdsraelsmenn h\u00e9ldu af sta\u00f0, f\u00f3ru upp til Betel, gengu til fr\u00e9tta vi\u00f0 Gu\u00f0 og spur\u00f0u: \u201eHver okkar skal fara fyrstur \u00ed herna\u00f0 gegn ni\u00f0jum Benjam\u00edns?\u201c Drottinn svara\u00f0i: \u201eJ\u00fada skal fara fyrstur.\u201c<br \/> <a name=\"19\"><span class=\"versanumer_2007\">19<\/span><\/a> \u00cdsraelsmenn f\u00f3ru af sta\u00f0 um morguninn og settu upp herb\u00fa\u00f0ir s\u00ednar hj\u00e1 G\u00edbeu. <a name=\"20\"><span class=\"versanumer_2007\">20<\/span><\/a> Og \u00cdsraelsmenn h\u00e9ldu til bardaga vi\u00f0 Benjam\u00edn og fylktu s\u00e9r til orrustu gegn \u00feeim n\u00e1l\u00e6gt G\u00edbeu. <a name=\"21\"><span class=\"versanumer_2007\">21<\/span><\/a> \u00de\u00e1 f\u00f3ru ni\u00f0jar Benjam\u00edns \u00fat \u00far G\u00edbeu og l\u00f6g\u00f0u a\u00f0 velli tuttugu og tv\u00f6 \u00fe\u00fasund menn af \u00cdsrael \u00e1 \u00feeim degi. <a name=\"22\"><span class=\"versanumer_2007\">22<\/span><\/a> En li\u00f0 \u00cdsraelsmanna herti upp hugann og fylktu \u00feeir s\u00e9r a\u00f0 n\u00fdju til orrustu \u00e1 sama sta\u00f0 og \u00feeir h\u00f6f\u00f0u fylkt s\u00e9r daginn \u00e1\u00f0ur. <a name=\"23\"><span class=\"versanumer_2007\">23<\/span><\/a> Og \u00cdsraelsmenn f\u00f3ru upp eftir og kveinu\u00f0u frammi fyrir Drottni allt til kv\u00f6lds og \u00feeir gengu til fr\u00e9tta vi\u00f0 Drottin og spur\u00f0u: \u201eEigum vi\u00f0 enn a\u00f0 leggja til orrustu vi\u00f0 ni\u00f0ja Benjam\u00edns, br\u00f3\u00f0ur okkar?\u201c Drottinn svara\u00f0i: \u201eFari\u00f0 \u00e1 m\u00f3ti \u00feeim.\u201c<br \/> <a name=\"24\"><span class=\"versanumer_2007\">24<\/span><\/a> H\u00e9ldu \u00cdsraelsmenn n\u00fa gegn Benjam\u00edn\u00edtum n\u00e6sta dag <a name=\"25\"><span class=\"versanumer_2007\">25<\/span><\/a> og Benjam\u00edn f\u00f3r \u00fat \u00ed m\u00f3ti \u00feeim \u00far G\u00edbeu sama dag og l\u00f6g\u00f0u \u00feeir enn a\u00f0 velli \u00e1tj\u00e1n \u00fe\u00fasund manns af \u00cdsraelsm\u00f6nnum sem allir voru vopna\u00f0ir. <a name=\"26\"><span class=\"versanumer_2007\">26<\/span><\/a> \u00de\u00e1 f\u00f3ru allir \u00cdsraelsmenn og allt f\u00f3lki\u00f0 upp eftir, komu til Betel og h\u00f6f\u00f0ust \u00fear vi\u00f0 gr\u00e1tandi fyrir augliti Drottins og f\u00f6stu\u00f0u \u00feann dag til kv\u00f6lds. Og \u00feeir f\u00f3rnu\u00f0u brennif\u00f3rnum og heillaf\u00f3rnum fyrir augliti Drottins. <a name=\"27\"><span class=\"versanumer_2007\">27<\/span><\/a> S\u00ed\u00f0an gengu \u00cdsraelsmenn til fr\u00e9tta vi\u00f0 Drottin en \u00fear var s\u00e1ttm\u00e1ls\u00f6rk Gu\u00f0s \u00ed \u00fe\u00e1 daga <a name=\"28\"><span class=\"versanumer_2007\">28<\/span><\/a> og P\u00ednehas, sonur Eleasars Aronssonar, gegndi \u00fej\u00f3nustu fyrir augliti Drottins \u00ed \u00fe\u00e1 daga. \u00deeir s\u00f6g\u00f0u: \u201eEigum vi\u00f0 enn a\u00f0 leggja til orrustu vi\u00f0 ni\u00f0ja Benjam\u00edns, br\u00f3\u00f0ur okkar, e\u00f0a eigum vi\u00f0 a\u00f0 h\u00e6tta?\u201c Drottinn svara\u00f0i: \u201eFari\u00f0, \u00e1 morgun mun \u00e9g f\u00e1 ykkur \u00fe\u00e1 \u00ed hendur.\u201c<br \/> <a name=\"29\"><span class=\"versanumer_2007\">29<\/span><\/a> N\u00fa setti \u00cdsrael menn \u00ed launs\u00e1tur umhverfis G\u00edbeu. <a name=\"30\"><span class=\"versanumer_2007\">30<\/span><\/a> \u00cdsraelsmenn h\u00e9ldu gegn ni\u00f0jum Benjam\u00edns \u00e1 \u00feri\u00f0ja degi og fylktu \u00feeir s\u00e9r gegnt G\u00edbeu, eins og \u00ed fyrri skiptin. <a name=\"31\"><span class=\"versanumer_2007\">31<\/span><\/a> \u00de\u00e1 f\u00f3ru Benjam\u00edn\u00edtar \u00fat \u00e1 m\u00f3ti li\u00f0inu, l\u00e9tu blekkjast til a\u00f0 fara fr\u00e1 borginni og t\u00f3ku a\u00f0 fella menn af li\u00f0inu, eins og \u00ed fyrri skiptin, \u00fati \u00e1 \u00fej\u00f3\u00f0vegunum, alls um \u00ferj\u00e1t\u00edu manns af \u00cdsrael. Annar \u00fej\u00f3\u00f0vegurinn liggur upp til Betel en hinn til G\u00edbeu yfir vellina. <a name=\"32\"><span class=\"versanumer_2007\">32<\/span><\/a> \u00de\u00e1 hugsu\u00f0u ni\u00f0jar Benjam\u00edns: \u201e\u00deeir b\u00ed\u00f0a \u00f3sigur fyrir okkur eins og \u00ed fyrsta skipti\u00f0.\u201c En \u00cdsraelsmenn h\u00f6f\u00f0u sagt: \u201eVi\u00f0 skulum fl\u00fdja svo a\u00f0 vi\u00f0 getum lokka\u00f0 \u00fe\u00e1 fr\u00e1 borginni og \u00fat \u00e1 \u00fej\u00f3\u00f0vegina.\u201c <a name=\"33\"><span class=\"versanumer_2007\">33<\/span><\/a> Allir \u00cdsraelsmenn f\u00f3ru hver af s\u00ednum sta\u00f0 og fylktu s\u00e9r \u00ed Baal Tamar og \u00feeir \u00cdsraelsmanna, sem l\u00e1gu \u00ed launs\u00e1tri, \u00feustu fram \u00far s\u00ednum sta\u00f0 fyrir vestan Geba. <a name=\"34\"><span class=\"versanumer_2007\">34<\/span><\/a> S\u00ed\u00f0an s\u00f3ttu t\u00edu \u00fe\u00fasund einvalali\u00f0s \u00far \u00f6llum \u00cdsrael fram gegn G\u00edbeu og h\u00f3fst \u00fear h\u00f6r\u00f0 orrusta en hinir vissu ekki a\u00f0 \u00f3g\u00e6fan vof\u00f0i yfir \u00feeim.<br \/> <a name=\"35\"><span class=\"versanumer_2007\">35<\/span><\/a> \u00deannig l\u00e9t Drottinn Benjam\u00edn b\u00ed\u00f0a \u00f3sigur fyrir \u00cdsrael og \u00cdsraelsmenn dr\u00e1pu tuttugu og fimm \u00fe\u00fasund og eitt hundra\u00f0 manns af Benjam\u00edn \u00e1 \u00feeim degi og voru \u00feeir allir vopnum b\u00fanir.<br \/> <a name=\"36\"><span class=\"versanumer_2007\">36<\/span><\/a> \u00de\u00e1 s\u00e1u ni\u00f0jar Benjam\u00edns a\u00f0 \u00feeir h\u00f6f\u00f0u be\u00f0i\u00f0 \u00f3sigur. \u00cdsraelsmenn g\u00e1fu Benjam\u00edn svigr\u00fam \u00fev\u00ed a\u00f0 \u00feeir treystu launs\u00e1trinu sem \u00feeir h\u00f6f\u00f0u hj\u00e1 G\u00edbeu. <a name=\"37\"><span class=\"versanumer_2007\">37<\/span><\/a> En \u00feeir sem \u00ed launs\u00e1tri voru spruttu upp og geystust fram gegn G\u00edbeu og felldu alla borgarb\u00faa me\u00f0 sver\u00f0i. <a name=\"38\"><span class=\"versanumer_2007\">38<\/span><\/a> \u00dea\u00f0 var samkomulag \u00cdsraelsmanna og \u00feeirra sem \u00ed launs\u00e1tri voru a\u00f0 \u00feeir skyldu gefa merki me\u00f0 \u00fev\u00ed a\u00f0 l\u00e1ta reyk leggja upp af borginni. <a name=\"39\"><span class=\"versanumer_2007\">39<\/span><\/a> \u00cdsraelsmenn l\u00f6g\u00f0u \u00e1 fl\u00f3tta \u00ed bardaganum og Benjam\u00edn\u00edtar t\u00f3ku \u00fe\u00e1 a\u00f0 fella nokkra af \u00cdsraelsm\u00f6nnum, um \u00ferj\u00e1t\u00edu manns, \u00fev\u00ed a\u00f0 \u00feeir hugsu\u00f0u: \u201e\u00deeir hafa \u00feegar be\u00f0i\u00f0 \u00f3sigur fyrir okkur eins og \u00ed fyrstu orrustunni.\u201c <a name=\"40\"><span class=\"versanumer_2007\">40<\/span><\/a> \u00de\u00e1 t\u00f3k merki\u00f0, reykjarm\u00f6kkurinn, a\u00f0 sj\u00e1st yfir borginni. \u00deegar ni\u00f0jar Benjam\u00edns sneru vi\u00f0 st\u00f3\u00f0 \u00f6ll borgin \u00ed bj\u00f6rtu b\u00e1li. <a name=\"41\"><span class=\"versanumer_2007\">41<\/span><\/a> \u00de\u00e1 sneru \u00cdsraelsmenn vi\u00f0 og skelfdust n\u00fa Benjam\u00edn\u00edtar \u00fev\u00ed a\u00f0 \u00feeir s\u00e1u a\u00f0 \u00f3g\u00e6fan var komin yfir \u00fe\u00e1. <a name=\"42\"><span class=\"versanumer_2007\">42<\/span><\/a> Fl\u00fd\u00f0u \u00feeir undan \u00cdsraelsm\u00f6nnum \u00ed \u00e1tt til ey\u00f0imerkurinnar og var orrustan \u00fe\u00f3 \u00e1 h\u00e6lum \u00feeim og \u00feeir, sem komu \u00far borgunum, dr\u00e1pu \u00fe\u00e1. <a name=\"43\"><span class=\"versanumer_2007\">43<\/span><\/a> \u00deeir umkringdu Benjam\u00edn\u00edta, eltu \u00fe\u00e1 og tr\u00f3\u00f0u \u00fe\u00e1 undir f\u00f3tum s\u00e9r \u00fear sem \u00feeir h\u00f6f\u00f0u leita\u00f0 s\u00e9r hv\u00edldar, alla lei\u00f0 austur fyrir G\u00edbeu. <a name=\"44\"><span class=\"versanumer_2007\">44<\/span><\/a> \u00dear f\u00e9llu \u00e1tj\u00e1n \u00fe\u00fasund af Benjam\u00edn og voru \u00fea\u00f0 allt hraustir menn. <a name=\"45\"><span class=\"versanumer_2007\">45<\/span><\/a> \u00de\u00e1 l\u00f6g\u00f0u \u00feeir \u00e1 fl\u00f3tta til ey\u00f0imerkurinnar a\u00f0 Rimm\u00f3nkletti. \u00cd eftirf\u00f6rinni um \u00fej\u00f3\u00f0vegina dr\u00e1pu \u00feeir fimm \u00fe\u00fasund manns, eltu \u00fe\u00e1 allt til G\u00edd\u00f3m og dr\u00e1pu enn af \u00feeim tv\u00f6 \u00fe\u00fasund manns. <a name=\"46\"><span class=\"versanumer_2007\">46<\/span><\/a> \u00deannig f\u00e9llu alls af Benjam\u00edn \u00e1 \u00feeim degi tuttugu og fimm \u00fe\u00fasund vopna\u00f0ra manna og voru \u00fea\u00f0 allt hraustir menn. <a name=\"47\"><span class=\"versanumer_2007\">47<\/span><\/a> \u00de\u00e1 l\u00f6g\u00f0u \u00feeir \u00e1 fl\u00f3tta til ey\u00f0imerkurinnar a\u00f0 Rimm\u00f3nkletti, sex hundru\u00f0 manns, og h\u00f6f\u00f0ust vi\u00f0 hj\u00e1 Rimm\u00f3nkletti \u00ed fj\u00f3ra m\u00e1nu\u00f0i. <a name=\"48\"><span class=\"versanumer_2007\">48<\/span><\/a> En \u00cdsraelsmenn sneru aftur til Benjam\u00edn\u00edta og felldu \u00fe\u00e1 me\u00f0 sver\u00f0i, jafnt menn sem f\u00e9na\u00f0 og allt sem \u00feeir fundu. \u00deeir l\u00f6g\u00f0u einnig eld \u00ed allar borgirnar sem fyrir \u00feeim ur\u00f0u.<\/p>\n","protected":false},"excerpt":{"rendered":"<p>Refsid\u00f3mur yfir Benjam\u00edn 1 \u00de\u00e1 l\u00f6g\u00f0u allir \u00cdsraelsmenn af sta\u00f0 og safna\u00f0ist l\u00fd\u00f0urinn saman sem einn ma\u00f0ur, fr\u00e1 Dan til Beerseba og einnig G\u00edlea\u00f0lands, frammi fyrir Drottni \u00ed Mispa. 2 Og h\u00f6f\u00f0ingjar alls l\u00fd\u00f0sins, allar \u00e6ttkv\u00edslir \u00cdsraels, gengu fram \u00ed s\u00f6fnu\u00f0i \u00fej\u00f3\u00f0ar Gu\u00f0s. Voru \u00fea\u00f0 fj\u00f6gur hundru\u00f0 \u00fe\u00fasund menn, f\u00f3tgangandi og vopnum b\u00fanir. 3 Benjam\u00edn\u00edtar fr\u00e9ttu a\u00f0 \u00cdsraelsmenn v\u00e6ru farnir upp til Mispa. \u00cdsraelsmenn s\u00f6g\u00f0u: \u201eSegi\u00f0 fr\u00e1 hvernig \u00feetta \u00f3h\u00e6fuverk bar a\u00f0.\u201c 4 \u00de\u00e1 svara\u00f0i Lev\u00edtinn, ma\u00f0ur konunnar sem drepin haf\u00f0i veri\u00f0, og sag\u00f0i: \u201e\u00c9g kom til G\u00edbeu \u00ed Benjam\u00edn \u00e1samt hj\u00e1konu minni og \u00e6tla\u00f0i a\u00f0 vera \u00fear um n\u00e6tursakir. <a href=\"https:\/\/biblian.is\/biblian\/domarabokin-20-kafli\/\"> [&#8230;]<\/a><\/p>\n","protected":false},"author":1,"featured_media":0,"parent":0,"menu_order":0,"comment_status":"open","ping_status":"open","template":"bibliukaflar_NT.php","meta":{"footnotes":""},"class_list":["post-1848","page","type-page","status-publish","hentry"],"_links":{"self":[{"href":"https:\/\/biblian.is\/biblian\/wp-json\/wp\/v2\/pages\/1848","targetHints":{"allow":["GET"]}}],"collection":[{"href":"https:\/\/biblian.is\/biblian\/wp-json\/wp\/v2\/pages"}],"about":[{"href":"https:\/\/biblian.is\/biblian\/wp-json\/wp\/v2\/types\/page"}],"author":[{"embeddable":true,"href":"https:\/\/biblian.is\/biblian\/wp-json\/wp\/v2\/users\/1"}],"replies":[{"embeddable":true,"href":"https:\/\/biblian.is\/biblian\/wp-json\/wp\/v2\/comments?post=1848"}],"version-history":[{"count":0,"href":"https:\/\/biblian.is\/biblian\/wp-json\/wp\/v2\/pages\/1848\/revisions"}],"wp:attachment":[{"href":"https:\/\/biblian.is\/biblian\/wp-json\/wp\/v2\/media?parent=1848"}],"curies":[{"name":"wp","href":"https:\/\/api.w.org\/{rel}","templated":true}]}}