{"id":1847,"date":"2017-12-30T21:00:40","date_gmt":"2017-12-30T21:00:40","guid":{"rendered":"http:\/\/biblian.is\/biblian\/d%c2%97marab%c2%97kin-19-kafli\/"},"modified":"2024-07-03T13:13:07","modified_gmt":"2024-07-03T13:13:07","slug":"domarabokin-19-kafli","status":"publish","type":"page","link":"https:\/\/biblian.is\/biblian\/domarabokin-19-kafli\/","title":{"rendered":"D\u00f3marab\u00f3kin 19. kafli"},"content":{"rendered":"<h3 class=\"millifyrirsogn_2007\"> N\u00ed\u00f0ingsverk \u00ed G\u00edbeu<\/h3>\n<p><a name=\"1\"><span class=\"versanumer_2007\">1<\/span><\/a> Um \u00fe\u00e6r mundir bar svo til me\u00f0an enn var enginn konungur \u00ed \u00cdsrael a\u00f0 Lev\u00edti nokkur bj\u00f3 inni vi\u00f0 fjarl\u00e6gustu Efra\u00edmsfj\u00f6ll. T\u00f3k hann s\u00e9r hj\u00e1konu fr\u00e1 Betlehem \u00ed J\u00fada. <a name=\"2\"><span class=\"versanumer_2007\">2<\/span><\/a> \u00deessi hj\u00e1kona hans var honum \u00f3tr\u00fa og f\u00f3r fr\u00e1 honum til h\u00fass f\u00f6\u00f0ur s\u00edns \u00ed Betlehem \u00ed J\u00fada og var \u00fear \u00ed fj\u00f3ra m\u00e1nu\u00f0i. <a name=\"3\"><span class=\"versanumer_2007\">3<\/span><\/a> Ma\u00f0ur hennar t\u00f3k sig upp, f\u00f3r \u00e1 eftir henni til \u00feess a\u00f0 tala um fyrir henni og s\u00e6kja hana. Haf\u00f0i hann me\u00f0 s\u00e9r svein sinn og tvo asna. H\u00fan leiddi hann \u00fe\u00e1 inn \u00ed h\u00fas f\u00f6\u00f0ur s\u00edns og fa\u00f0ir st\u00falkunnar s\u00e1 hann og gladdist yfir komu hans. <a name=\"4\"><span class=\"versanumer_2007\">4<\/span><\/a> Tengdafa\u00f0ir hans, fa\u00f0ir st\u00falkunnar, h\u00e9lt honum \u00fear svo a\u00f0 hann dvaldist hj\u00e1 honum \u00ed \u00ferj\u00e1 daga. \u00deeir \u00e1tu \u00fear, drukku og gistu. <a name=\"5\"><span class=\"versanumer_2007\">5<\/span><\/a> Fj\u00f3r\u00f0a daginn risu \u00feeir \u00e1rla og bj\u00f3st hann n\u00fa til fer\u00f0ar. \u00de\u00e1 sag\u00f0i fa\u00f0ir st\u00falkunnar vi\u00f0 tengdason sinn: \u201eHresstu \u00feig fyrst \u00e1 matarbita og s\u00ed\u00f0an megi\u00f0 \u00fei\u00f0 fara.\u201c <a name=\"6\"><span class=\"versanumer_2007\">6<\/span><\/a> \u00de\u00e1 settust \u00feeir ni\u00f0ur og \u00e1tu saman og drukku. Fa\u00f0ir st\u00falkunnar sag\u00f0i vi\u00f0 manninn: \u201eGer\u00f0u svo vel a\u00f0 vera \u00ed n\u00f3tt og l\u00e1ttu liggja vel \u00e1 \u00fe\u00e9r.\u201c <a name=\"7\"><span class=\"versanumer_2007\">7<\/span><\/a> Ma\u00f0urinn bj\u00f3st \u00fe\u00f3 til brottfarar. En tengdafa\u00f0ir hans lag\u00f0i svo a\u00f0 honum a\u00f0 hann settist aftur og var \u00fear um n\u00f3ttina. <a name=\"8\"><span class=\"versanumer_2007\">8<\/span><\/a> Fimmta daginn reis hann upp \u00e1rla morguns og \u00e6tla\u00f0i a\u00f0 halda af sta\u00f0. \u00de\u00e1 sag\u00f0i fa\u00f0ir st\u00falkunnar: \u201eF\u00e1\u00f0u \u00fe\u00e9r fyrst hressingu og b\u00ed\u00f0i\u00f0 \u00fei\u00f0 \u00feanga\u00f0 til degi hallar.\u201c \u00deeir sn\u00e6ddu saman. <a name=\"9\"><span class=\"versanumer_2007\">9<\/span><\/a> \u00deegar ma\u00f0urinn bj\u00f3st til a\u00f0 fara \u00e1samt hj\u00e1konu sinni og sveininum sag\u00f0i tengdafa\u00f0ir hans, fa\u00f0ir st\u00falkunnar, vi\u00f0 hann: \u201e\u00dea\u00f0 er or\u00f0i\u00f0 \u00e1li\u00f0i\u00f0 og dagur a\u00f0 kv\u00f6ldi kominn. Veri\u00f0 \u00ed n\u00f3tt. Sj\u00e1, degi hallar. Vertu h\u00e9r \u00ed n\u00f3tt og l\u00e1ttu liggja vel \u00e1 \u00fe\u00e9r en \u00e1 morgun geti\u00f0 \u00fei\u00f0 lagt af sta\u00f0 snemma svo a\u00f0 \u00fe\u00fa getir n\u00e1\u00f0 heim til \u00fe\u00edn.\u201c<br \/> <a name=\"10\"><span class=\"versanumer_2007\">10<\/span><\/a> Ma\u00f0urinn vildi ekki vera um n\u00f3ttina heldur bj\u00f3st til fer\u00f0ar, h\u00e9lt af sta\u00f0 og n\u00e1\u00f0i nor\u00f0ur \u00e1 m\u00f3ts vi\u00f0 Jeb\u00fas, \u00fea\u00f0 er Jer\u00fasalem, og haf\u00f0i hann me\u00f0 s\u00e9r tvo s\u00f6\u00f0la\u00f0a asna og hj\u00e1konu s\u00edna. <a name=\"11\"><span class=\"versanumer_2007\">11<\/span><\/a> \u00deegar \u00feau voru hj\u00e1 Jeb\u00fas og mj\u00f6g var \u00e1li\u00f0i\u00f0 dags sag\u00f0i sveinninn vi\u00f0 h\u00fasb\u00f3nda sinn: \u201eKomdu, vi\u00f0 skulum fara inn \u00ed \u00feessa borg Jeb\u00fas\u00edta og gista \u00fear.\u201c <a name=\"12\"><span class=\"versanumer_2007\">12<\/span><\/a> En h\u00fasb\u00f3ndi hans sag\u00f0i vi\u00f0 hann: \u201eF\u00f6rum ekki inn \u00ed borg \u00f3kunnugra manna \u00fear sem engir \u00cdsraelsmenn b\u00faa. H\u00f6ldum frekar \u00e1fram til G\u00edbeu. <a name=\"13\"><span class=\"versanumer_2007\">13<\/span><\/a> Komdu,\u201c sag\u00f0i hann vi\u00f0 svein sinn, \u201evi\u00f0 skulum fara \u00ed eitthvert \u00feorpanna og gista \u00ed G\u00edbeu e\u00f0a Rama.\u201c <a name=\"14\"><span class=\"versanumer_2007\">14<\/span><\/a> S\u00ed\u00f0an h\u00e9ldu \u00feeir \u00e1fram lei\u00f0 sinni en s\u00f3lin gekk til vi\u00f0ar \u00feegar \u00feeir voru hj\u00e1 G\u00edbeu sem er \u00ed Benjam\u00edn.<br \/> <a name=\"15\"><span class=\"versanumer_2007\">15<\/span><\/a> Beyg\u00f0u \u00feeir \u00fear af lei\u00f0 sinni til \u00feess a\u00f0 fara inn \u00ed G\u00edbeu til gistingar. \u00deegar hann kom \u00feanga\u00f0 stansa\u00f0i hann \u00e1 b\u00e6jartorginu en enginn t\u00f3k \u00feau inn \u00ed h\u00fas sitt til gistingar.<br \/> <a name=\"16\"><span class=\"versanumer_2007\">16<\/span><\/a> Aldra\u00f0ur ma\u00f0ur kom fr\u00e1 vinnu sinni utan af akri um kv\u00f6ldi\u00f0. Hann var fr\u00e1 Efra\u00edmsfj\u00f6llum og bj\u00f3 sem \u00fatlendingur \u00ed G\u00edbeu en mennirnir, sem \u00fearna bjuggu, voru Benjam\u00edn\u00edtar. <a name=\"17\"><span class=\"versanumer_2007\">17<\/span><\/a> \u00deegar honum var\u00f0 liti\u00f0 upp s\u00e1 hann fer\u00f0amanninn \u00e1 b\u00e6jartorginu. \u00de\u00e1 sag\u00f0i gamli ma\u00f0urinn: \u201eHvert ert \u00fe\u00fa a\u00f0 fara og hva\u00f0an kemur\u00f0u?\u201c <a name=\"18\"><span class=\"versanumer_2007\">18<\/span><\/a> Hinn svara\u00f0i: \u201eVi\u00f0 komum fr\u00e1 Betlehem \u00ed J\u00fada og \u00e6tlum langt nor\u00f0ur \u00ed Efra\u00edmsfj\u00f6ll. \u00dea\u00f0an er \u00e9g. \u00c9g f\u00f3r su\u00f0ur til Betlehem og er n\u00fa \u00e1 heimlei\u00f0 en enginn h\u00e9r hefur bo\u00f0i\u00f0 m\u00e9r inn til s\u00edn. <a name=\"19\"><span class=\"versanumer_2007\">19<\/span><\/a> Vi\u00f0 h\u00f6fum b\u00e6\u00f0i h\u00e1lm og f\u00f3\u00f0ur handa \u00f6snum okkar og einnig brau\u00f0 og v\u00edn handa m\u00e9r og amb\u00e1tt \u00feinni og sveininum sem er me\u00f0 \u00fej\u00f3num \u00fe\u00ednum. H\u00e9r skortir ekki neitt.\u201c <a name=\"20\"><span class=\"versanumer_2007\">20<\/span><\/a> \u00de\u00e1 sag\u00f0i gamli ma\u00f0urinn: \u201eVertu velkominn. Lofa\u00f0u m\u00e9r a\u00f0 sj\u00e1 fyrir \u00f6llu sem \u00feig kann a\u00f0 vanhaga um en \u00fe\u00fa m\u00e1tt ekki liggja \u00fati h\u00e9r \u00e1 torginu \u00ed n\u00f3tt.\u201c <a name=\"21\"><span class=\"versanumer_2007\">21<\/span><\/a> Hann leiddi hann inn \u00ed h\u00fas sitt og gaf \u00f6snunum og \u00feau \u00fevo\u00f0u f\u00e6tur s\u00edna og \u00e1tu og drukku.<br \/> <a name=\"22\"><span class=\"versanumer_2007\">22<\/span><\/a> En me\u00f0an \u00feau voru a\u00f0 matast umkringdu illmenni nokkur \u00far borginni h\u00fasi\u00f0, b\u00f6r\u00f0u \u00e1 hur\u00f0ina og k\u00f6llu\u00f0u til h\u00fasb\u00f3ndans, gamla mannsins: \u201eLeiddu \u00fat manninn sem kominn er til \u00fe\u00edn svo a\u00f0 vi\u00f0 getum kennt hans.\u201c <a name=\"23\"><span class=\"versanumer_2007\">23<\/span><\/a> \u00de\u00e1 gekk ma\u00f0urinn, sem \u00fearna r\u00e9\u00f0 h\u00fasum, \u00fat til \u00feeirra og sag\u00f0i vi\u00f0 \u00fe\u00e1: \u201eNei, br\u00e6\u00f0ur m\u00ednir, fyrir alla muni fremji\u00f0 ekki sl\u00edka \u00f3h\u00e6fu. Fyrst \u00feessi ma\u00f0ur er kominn \u00e1 heimili mitt fremji\u00f0 \u00fe\u00e1 ekki sl\u00edka sv\u00edvir\u00f0u. <a name=\"24\"><span class=\"versanumer_2007\">24<\/span><\/a> H\u00e9r er hj\u00e1kona hans og m\u00e6rin d\u00f3ttir m\u00edn. \u00c9g skal lei\u00f0a \u00fe\u00e6r \u00fat og \u00fe\u00e6r megi\u00f0 \u00fei\u00f0 taka nau\u00f0ugar og gera vi\u00f0 \u00fe\u00e6r hva\u00f0 sem ykkur langar en \u00e1 \u00feessum manni megi\u00f0 \u00fei\u00f0 ekki fremja sl\u00edka sv\u00edvir\u00f0u.\u201c <a name=\"25\"><span class=\"versanumer_2007\">25<\/span><\/a> En mennirnir hlustu\u00f0u ekki \u00e1 hann. \u00de\u00e1 \u00fereif ma\u00f0urinn \u00ed hj\u00e1konu s\u00edna og hratt henni \u00fat \u00e1 str\u00e6ti\u00f0 til \u00feeirra og \u00feeir nau\u00f0gu\u00f0u henni og mis\u00feyrmdu alla n\u00f3ttina, allt til morguns, og slepptu henni ekki fyrr en dagur rann. <a name=\"26\"><span class=\"versanumer_2007\">26<\/span><\/a> \u00deegar birta t\u00f3k af degi kom konan og f\u00e9ll ni\u00f0ur fyrir h\u00fasdyrum mannsins \u00fear sem b\u00f3ndi hennar var inni og l\u00e1 h\u00fan \u00fear uns bjart var or\u00f0i\u00f0.<br \/> <a name=\"27\"><span class=\"versanumer_2007\">27<\/span><\/a> \u00deegar b\u00f3ndi hennar f\u00f3r \u00e1 f\u00e6tur um morguninn, lauk upp h\u00fasdyrunum, gekk \u00fat og \u00e6tla\u00f0i a\u00f0 halda af sta\u00f0 l\u00e1 konan, \u00fea\u00f0 er hj\u00e1kona hans, \u00fati fyrir dyrunum me\u00f0 hendurnar \u00e1 \u00fer\u00f6skuldinum. <a name=\"28\"><span class=\"versanumer_2007\">28<\/span><\/a> Hann sag\u00f0i \u00fe\u00e1 vi\u00f0 hana: \u201eStattu upp, vi\u00f0 skulum halda af sta\u00f0,\u201c en f\u00e9kk ekkert svar. \u00de\u00e1 l\u00e9t hann hana upp \u00e1 asnann og ma\u00f0urinn t\u00f3k sig upp og h\u00e9lt af sta\u00f0 heim til s\u00edn. <a name=\"29\"><span class=\"versanumer_2007\">29<\/span><\/a> \u00deegar hann kom heim t\u00f3k hann hn\u00edf, \u00fereif hj\u00e1konu s\u00edna og b\u00fata\u00f0i hana sundur \u00ed t\u00f3lf hluti og sendi \u00fe\u00e1 \u00fat um allar bygg\u00f0ir \u00cdsraels. <a name=\"30\"><span class=\"versanumer_2007\">30<\/span><\/a> Og s\u00e9rhverjum sem \u00feetta s\u00e1 var\u00f0 a\u00f0 or\u00f0i: \u201eEkki hefur sl\u00edkt gerst og ekki hefur sl\u00edkt s\u00e9st fr\u00e1 \u00fev\u00ed a\u00f0 \u00cdsraelsmenn f\u00f3ru af Egyptalandi og allt fram \u00e1 \u00feennan dag. Huglei\u00f0i\u00f0 \u00feetta, r\u00e1\u00f0i\u00f0 r\u00e1\u00f0um ykkar og segi\u00f0 hva\u00f0 ykkur l\u00edst.\u201c<\/p>\n","protected":false},"excerpt":{"rendered":"<p>N\u00ed\u00f0ingsverk \u00ed G\u00edbeu 1 Um \u00fe\u00e6r mundir bar svo til me\u00f0an enn var enginn konungur \u00ed \u00cdsrael a\u00f0 Lev\u00edti nokkur bj\u00f3 inni vi\u00f0 fjarl\u00e6gustu Efra\u00edmsfj\u00f6ll. T\u00f3k hann s\u00e9r hj\u00e1konu fr\u00e1 Betlehem \u00ed J\u00fada. 2 \u00deessi hj\u00e1kona hans var honum \u00f3tr\u00fa og f\u00f3r fr\u00e1 honum til h\u00fass f\u00f6\u00f0ur s\u00edns \u00ed Betlehem \u00ed J\u00fada og var \u00fear \u00ed fj\u00f3ra m\u00e1nu\u00f0i. 3 Ma\u00f0ur hennar t\u00f3k sig upp, f\u00f3r \u00e1 eftir henni til \u00feess a\u00f0 tala um fyrir henni og s\u00e6kja hana. Haf\u00f0i hann me\u00f0 s\u00e9r svein sinn og tvo asna. H\u00fan leiddi hann \u00fe\u00e1 inn \u00ed h\u00fas f\u00f6\u00f0ur s\u00edns og fa\u00f0ir st\u00falkunnar s\u00e1 <a href=\"https:\/\/biblian.is\/biblian\/domarabokin-19-kafli\/\"> [&#8230;]<\/a><\/p>\n","protected":false},"author":1,"featured_media":0,"parent":0,"menu_order":0,"comment_status":"open","ping_status":"open","template":"bibliukaflar_NT.php","meta":{"footnotes":""},"class_list":["post-1847","page","type-page","status-publish","hentry"],"_links":{"self":[{"href":"https:\/\/biblian.is\/biblian\/wp-json\/wp\/v2\/pages\/1847","targetHints":{"allow":["GET"]}}],"collection":[{"href":"https:\/\/biblian.is\/biblian\/wp-json\/wp\/v2\/pages"}],"about":[{"href":"https:\/\/biblian.is\/biblian\/wp-json\/wp\/v2\/types\/page"}],"author":[{"embeddable":true,"href":"https:\/\/biblian.is\/biblian\/wp-json\/wp\/v2\/users\/1"}],"replies":[{"embeddable":true,"href":"https:\/\/biblian.is\/biblian\/wp-json\/wp\/v2\/comments?post=1847"}],"version-history":[{"count":0,"href":"https:\/\/biblian.is\/biblian\/wp-json\/wp\/v2\/pages\/1847\/revisions"}],"wp:attachment":[{"href":"https:\/\/biblian.is\/biblian\/wp-json\/wp\/v2\/media?parent=1847"}],"curies":[{"name":"wp","href":"https:\/\/api.w.org\/{rel}","templated":true}]}}