{"id":1846,"date":"2017-12-30T21:00:40","date_gmt":"2017-12-30T21:00:40","guid":{"rendered":"http:\/\/biblian.is\/biblian\/d%c2%97marab%c2%97kin-18-kafli\/"},"modified":"2024-07-03T13:13:07","modified_gmt":"2024-07-03T13:13:07","slug":"domarabokin-18-kafli","status":"publish","type":"page","link":"https:\/\/biblian.is\/biblian\/domarabokin-18-kafli\/","title":{"rendered":"D\u00f3marab\u00f3kin 18. kafli"},"content":{"rendered":"<h3 class=\"millifyrirsogn_2007\"> Landvinningar Dans<\/h3>\n<p><a name=\"1\"><span class=\"versanumer_2007\">1<\/span><\/a> \u00cd \u00fe\u00e1 daga var enginn konungur \u00ed \u00cdsrael og \u00ed \u00fe\u00e1 daga voru ni\u00f0jar Dans enn a\u00f0 leita s\u00e9r a\u00f0 arfleif\u00f0 til b\u00fasetu \u00fev\u00ed a\u00f0 \u00feeim haf\u00f0i ekki enn hlotnast nein arfleif\u00f0 me\u00f0al \u00e6ttkv\u00edsla \u00cdsraels. <a name=\"2\"><span class=\"versanumer_2007\">2<\/span><\/a> Ni\u00f0jar Dans sendu \u00fe\u00e1 fimm hrausta menn af \u00e6tt sinni og \u00far s\u00ednum h\u00f3pi fr\u00e1 Sorea og Esta\u00f3l til \u00feess a\u00f0 kanna landi\u00f0 og rannsaka \u00fea\u00f0 og s\u00f6g\u00f0u vi\u00f0 \u00fe\u00e1: \u201eFari\u00f0 og rannsaki\u00f0 landi\u00f0.\u201c Og \u00feeir komu upp \u00ed Efra\u00edmsfj\u00f6ll, til h\u00fass M\u00edka, og voru \u00fear um n\u00e6tursakir. <a name=\"3\"><span class=\"versanumer_2007\">3<\/span><\/a> \u00deegar \u00feeir voru staddir hj\u00e1 h\u00fasi M\u00edka \u00feekktu \u00feeir unga Lev\u00edtann \u00e1 m\u00e1lfari hans og spur\u00f0u hann: \u201eHver hefur flutt \u00feig hinga\u00f0? Hva\u00f0 hefst \u00fe\u00fa h\u00e9r a\u00f0 og hvernig er vist \u00fe\u00edn h\u00e9r?\u201c <a name=\"4\"><span class=\"versanumer_2007\">4<\/span><\/a> Og hann sag\u00f0i vi\u00f0 \u00fe\u00e1: \u201eEitt og anna\u00f0 hefur M\u00edka gert fyrir mig. Hann r\u00e9\u00f0 mig til starfa og ger\u00f0ist \u00e9g prestur hans.\u201c <a name=\"5\"><span class=\"versanumer_2007\">5<\/span><\/a> \u00de\u00e1 s\u00f6g\u00f0u \u00feeir vi\u00f0 hann: \u201eGakk \u00fe\u00fa til fr\u00e9tta vi\u00f0 Gu\u00f0 svo a\u00f0 vi\u00f0 f\u00e1um a\u00f0 vita hvort f\u00f6r s\u00fa l\u00e1nist sem vi\u00f0 hyggjumst n\u00fa fara.\u201c <a name=\"6\"><span class=\"versanumer_2007\">6<\/span><\/a> Presturinn svara\u00f0i \u00feeim: \u201eFari\u00f0 heilir. F\u00f6rin, sem \u00fei\u00f0 eru\u00f0 a\u00f0 leggja \u00ed, er Drottni \u00fe\u00f3knanleg.\u201c<br \/> <a name=\"7\"><span class=\"versanumer_2007\">7<\/span><\/a> S\u00ed\u00f0an f\u00f3ru mennirnir fimm lei\u00f0ar sinnar og komu til La\u00eds<span class=\"nedan_mal\" title=\" La\u00eds, s\u00ed\u00f0ar nefnd Dan, var nyrst \u00ed landinu, n\u00e1l\u00e6gt uppsprettum J\u00f3rdanar, en Beerseba sy\u00f0st, sbr. or\u00f0atilt\u00e6ki\u00f0 \u201efr\u00e1 Dan til Beerseba\u201c.\">[<\/span> og s\u00e1u \u00feeir a\u00f0 f\u00f3lki\u00f0, sem \u00fear bj\u00f3, var \u00e1hyggjulaust a\u00f0 h\u00e6tti S\u00eddoninga, \u00f6ruggt og \u00f3hult, a\u00f0 ekkert yfirvald var m\u00f6nnum til ama \u00fear \u00ed landi og a\u00f0 \u00feeir voru einnig langt fr\u00e1 S\u00eddoningum og h\u00f6f\u00f0u engin samskipti vi\u00f0 neinn. <a name=\"8\"><span class=\"versanumer_2007\">8<\/span><\/a> Og \u00feeir komu til br\u00e6\u00f0ra sinna \u00ed Sorea og Esta\u00f3l. Og br\u00e6\u00f0ur \u00feeirra s\u00f6g\u00f0u vi\u00f0 \u00fe\u00e1: \u201eHva\u00f0 er ykkur \u00e1 h\u00f6ndum?\u201c <a name=\"9\"><span class=\"versanumer_2007\">9<\/span><\/a> \u00deeir sv\u00f6ru\u00f0u: \u201eKomi\u00f0, vi\u00f0 skulum halda gegn \u00feeim \u00fev\u00ed a\u00f0 vi\u00f0 h\u00f6fum s\u00e9\u00f0 landi\u00f0 og \u00fea\u00f0 er mj\u00f6g gott. Og \u00fei\u00f0 hafist ekki a\u00f0. Fresti\u00f0 \u00fev\u00ed ekki a\u00f0 leggja af sta\u00f0 \u00ed \u00feessa fer\u00f0 til \u00feess a\u00f0 taka landi\u00f0 til eignar. <a name=\"10\"><span class=\"versanumer_2007\">10<\/span><\/a> \u00deegar \u00fei\u00f0 komi\u00f0 \u00feanga\u00f0 munu\u00f0 \u00fei\u00f0 hitta fyrir ugglaust f\u00f3lk og landi\u00f0 er v\u00ed\u00f0\u00e1ttumiki\u00f0. Gu\u00f0 hefur fengi\u00f0 ykkur \u00fea\u00f0 \u00ed hendur, land \u00fear sem ekki skortir neitt \u00fea\u00f0 sem til er \u00e1 j\u00f6r\u00f0inni.\u201c<br \/> <a name=\"11\"><span class=\"versanumer_2007\">11<\/span><\/a> \u00de\u00e1 f\u00f3ru af sta\u00f0 fr\u00e1 Sorea og Esta\u00f3l sex hundru\u00f0 ni\u00f0jar Dans, b\u00fanir vopnum. <a name=\"12\"><span class=\"versanumer_2007\">12<\/span><\/a> H\u00e9ldu \u00feeir nor\u00f0ur eftir og settu upp herb\u00fa\u00f0ir s\u00ednar \u00ed Kirjat Jear\u00edm \u00ed J\u00fada. Vegna \u00feess er s\u00e1 sta\u00f0ur kalla\u00f0ur Herb\u00fa\u00f0ir Dans fram \u00e1 \u00feennan dag og er hann fyrir vestan Kirjat Jear\u00edm. <a name=\"13\"><span class=\"versanumer_2007\">13<\/span><\/a> \u00dea\u00f0an f\u00f3ru \u00feeir yfir til Efra\u00edmsfjalla og komu til h\u00fass M\u00edka.<br \/> <a name=\"14\"><span class=\"versanumer_2007\">14<\/span><\/a> \u00de\u00e1 t\u00f3ku mennirnir fimm til m\u00e1ls, \u00feeir sem fari\u00f0 h\u00f6f\u00f0u til La\u00eds til \u00feess a\u00f0 kanna landi\u00f0, og s\u00f6g\u00f0u vi\u00f0 f\u00e9laga s\u00edna: \u201eViti\u00f0 \u00fei\u00f0 a\u00f0 \u00ed \u00feessum h\u00fasum er h\u00f6kull\u00edkneski, h\u00fasgo\u00f0, skur\u00f0l\u00edkneski og steypt l\u00edkneski? Hyggi\u00f0 n\u00fa a\u00f0 hva\u00f0 \u00fei\u00f0 eigi\u00f0 a\u00f0 gera.\u201c <a name=\"15\"><span class=\"versanumer_2007\">15<\/span><\/a> Og \u00feeir sveig\u00f0u af lei\u00f0 \u00feanga\u00f0 og komu \u00ed h\u00fas Lev\u00edtans unga, \u00ed h\u00fas M\u00edka, og spur\u00f0u hvernig honum li\u00f0i. <a name=\"16\"><span class=\"versanumer_2007\">16<\/span><\/a> Sex hundru\u00f0 ni\u00f0jar Dans st\u00f3\u00f0u vopnum b\u00fanir fyrir utan hli\u00f0i\u00f0 <a name=\"17\"><span class=\"versanumer_2007\">17<\/span><\/a> en mennirnir fimm, sem fari\u00f0 h\u00f6f\u00f0u a\u00f0 kanna landi\u00f0, f\u00f3ru \u00feanga\u00f0 upp eftir, t\u00f3ku skur\u00f0l\u00edkneski\u00f0, h\u00f6kull\u00edkneski\u00f0, h\u00fasgo\u00f0in og steypta l\u00edkneski\u00f0. En presturinn st\u00f3\u00f0 fyrir utan hli\u00f0i\u00f0 \u00e1samt m\u00f6nnunum sex hundru\u00f0, vopnb\u00fanum. <a name=\"18\"><span class=\"versanumer_2007\">18<\/span><\/a> \u00deegar \u00feeir voru komnir inn \u00ed h\u00fas M\u00edka t\u00f3ku \u00feeir skur\u00f0l\u00edkneski\u00f0, h\u00f6kull\u00edkneski\u00f0, h\u00fasgo\u00f0in og steypta l\u00edkneski\u00f0. En presturinn sag\u00f0i vi\u00f0 \u00fe\u00e1: \u201eHva\u00f0 eru\u00f0 \u00fei\u00f0 a\u00f0 gera?\u201c <a name=\"19\"><span class=\"versanumer_2007\">19<\/span><\/a> \u00deeir sv\u00f6ru\u00f0u honum: \u201e\u00deegi \u00fe\u00fa. Legg\u00f0u h\u00f6nd \u00fe\u00edna \u00e1 munn \u00fe\u00e9r, komdu me\u00f0 okkur og vertu okkur fa\u00f0ir og prestur. Er \u00fe\u00e9r betra a\u00f0 vera heimilisprestur eins manns en a\u00f0 vera prestur hj\u00e1 \u00e6ttkv\u00edsl og kyn\u00fe\u00e6tti \u00ed \u00cdsrael?\u201c <a name=\"20\"><span class=\"versanumer_2007\">20<\/span><\/a> Prestur t\u00f3k \u00feessu feginsamlega, t\u00f3k h\u00f6kull\u00edkneski\u00f0, h\u00fasgo\u00f0in og skur\u00f0l\u00edkneski\u00f0 og sl\u00f3st \u00ed f\u00f6r me\u00f0 m\u00f6nnunum.<br \/> <a name=\"21\"><span class=\"versanumer_2007\">21<\/span><\/a> Sneru \u00feeir n\u00fa vi\u00f0 f\u00f6rinni og h\u00e9ldu af sta\u00f0 en sendu b\u00f6rn og b\u00fasmala og ver\u00f0m\u00e6ta hluti \u00e1 undan s\u00e9r. <a name=\"22\"><span class=\"versanumer_2007\">22<\/span><\/a> \u00deegar \u00feeir voru komnir langt \u00ed burt fr\u00e1 h\u00fasi M\u00edka s\u00f6fnu\u00f0ust \u00feeir menn saman sem bjuggu \u00ed h\u00fasunum hj\u00e1 h\u00fasi M\u00edka, eltu ni\u00f0ja Dans og n\u00e1\u00f0u \u00feeim. <a name=\"23\"><span class=\"versanumer_2007\">23<\/span><\/a> \u00deeir k\u00f6llu\u00f0u til ni\u00f0ja Dans sem sneru s\u00e9r vi\u00f0 og s\u00f6g\u00f0u vi\u00f0 M\u00edka: \u201eHva\u00f0 er a\u00f0 hj\u00e1 \u00fe\u00e9r fyrst \u00fe\u00fa kemur svo fj\u00f6lmennur?\u201c <a name=\"24\"><span class=\"versanumer_2007\">24<\/span><\/a> Hann svara\u00f0i: \u201e\u00dei\u00f0 hafi\u00f0 teki\u00f0 gu\u00f0ina sem \u00e9g haf\u00f0i gert m\u00e9r og prestinn og eru\u00f0 farnir burt. Hva\u00f0 \u00e1 \u00e9g \u00fe\u00e1 eftir? Hvernig geti\u00f0 \u00fei\u00f0 \u00fe\u00e1 spurt mig: Hva\u00f0 er a\u00f0 hj\u00e1 \u00fe\u00e9r?\u201c <a name=\"25\"><span class=\"versanumer_2007\">25<\/span><\/a> \u00de\u00e1 s\u00f6g\u00f0u ni\u00f0jar Dans vi\u00f0 hann: \u201eL\u00e1ttu ekki or\u00f0 \u00fe\u00edn heyrast h\u00e9r, annars kynnu skapillir menn a\u00f0 r\u00e1\u00f0ast \u00e1 ykkur og \u00fe\u00fa yr\u00f0ir valdur a\u00f0 \u00fev\u00ed a\u00f0 b\u00e6\u00f0i \u00fe\u00fa og \u00e6tt \u00fe\u00edn t\u00fdndu\u00f0 l\u00edfi.\u201c <a name=\"26\"><span class=\"versanumer_2007\">26<\/span><\/a> Ni\u00f0jar Dans h\u00e9ldu lei\u00f0ar sinnar en M\u00edka s\u00e1 a\u00f0 \u00feeir voru honum ofurefli, sneri \u00fev\u00ed vi\u00f0 og f\u00f3r aftur heim til s\u00edn.<br \/> <a name=\"27\"><span class=\"versanumer_2007\">27<\/span><\/a> \u00deeir t\u00f3ku \u00fea\u00f0 sem M\u00edka haf\u00f0i b\u00fai\u00f0 til, svo og prestinn sem hann haf\u00f0i haft, og r\u00e9\u00f0ust \u00e1 La\u00eds, ugglausa \u00fej\u00f3\u00f0 og \u00f3vara um sig, felldu hana me\u00f0 sver\u00f0i en l\u00f6g\u00f0u eld \u00ed borgina. <a name=\"28\"><span class=\"versanumer_2007\">28<\/span><\/a> \u00dear var enginn sem k\u00e6mi \u00feeim til hj\u00e1lpar \u00fev\u00ed a\u00f0 borgin var langt fr\u00e1 S\u00eddon og \u00feeir \u00e1ttu ekki samskipti vi\u00f0 nokkurn mann. Var borgin \u00ed dalnum sem er hj\u00e1 Bet-Reh\u00f3b. S\u00ed\u00f0an endurreistu \u00feeir borgina og settust \u00fear a\u00f0. <a name=\"29\"><span class=\"versanumer_2007\">29<\/span><\/a> \u00deeir nefndu borgina Dan, eftir Dan, forf\u00f6\u00f0ur s\u00ednum og syni \u00cdsraels, en \u00ed \u00f6ndver\u00f0u haf\u00f0i borgin heiti\u00f0 La\u00eds. <a name=\"30\"><span class=\"versanumer_2007\">30<\/span><\/a> Ni\u00f0jar Dans reistu skur\u00f0go\u00f0i\u00f0 handa s\u00e9r og J\u00f3natan Gers\u00f3msson, Manassesonar, og synir hans voru prestar hj\u00e1 \u00e6ttkv\u00edsl Dansni\u00f0ja allt til \u00feess er f\u00f3lki\u00f0 var herleitt \u00far landinu. <a name=\"31\"><span class=\"versanumer_2007\">31<\/span><\/a> Og \u00feeir settu upp skur\u00f0l\u00edkneski M\u00edka handa s\u00e9r, \u00fea\u00f0 sem hann haf\u00f0i b\u00fai\u00f0 til, og st\u00f3\u00f0 \u00fea\u00f0 \u00fear svo lengi sem h\u00fas Gu\u00f0s var \u00ed S\u00edl\u00f3.<\/p>\n","protected":false},"excerpt":{"rendered":"<p>Landvinningar Dans 1 \u00cd \u00fe\u00e1 daga var enginn konungur \u00ed \u00cdsrael og \u00ed \u00fe\u00e1 daga voru ni\u00f0jar Dans enn a\u00f0 leita s\u00e9r a\u00f0 arfleif\u00f0 til b\u00fasetu \u00fev\u00ed a\u00f0 \u00feeim haf\u00f0i ekki enn hlotnast nein arfleif\u00f0 me\u00f0al \u00e6ttkv\u00edsla \u00cdsraels. 2 Ni\u00f0jar Dans sendu \u00fe\u00e1 fimm hrausta menn af \u00e6tt sinni og \u00far s\u00ednum h\u00f3pi fr\u00e1 Sorea og Esta\u00f3l til \u00feess a\u00f0 kanna landi\u00f0 og rannsaka \u00fea\u00f0 og s\u00f6g\u00f0u vi\u00f0 \u00fe\u00e1: \u201eFari\u00f0 og rannsaki\u00f0 landi\u00f0.\u201c Og \u00feeir komu upp \u00ed Efra\u00edmsfj\u00f6ll, til h\u00fass M\u00edka, og voru \u00fear um n\u00e6tursakir. 3 \u00deegar \u00feeir voru staddir hj\u00e1 h\u00fasi M\u00edka \u00feekktu \u00feeir unga Lev\u00edtann \u00e1 <a href=\"https:\/\/biblian.is\/biblian\/domarabokin-18-kafli\/\"> [&#8230;]<\/a><\/p>\n","protected":false},"author":1,"featured_media":0,"parent":0,"menu_order":0,"comment_status":"open","ping_status":"open","template":"bibliukaflar_NT.php","meta":{"footnotes":""},"class_list":["post-1846","page","type-page","status-publish","hentry"],"_links":{"self":[{"href":"https:\/\/biblian.is\/biblian\/wp-json\/wp\/v2\/pages\/1846","targetHints":{"allow":["GET"]}}],"collection":[{"href":"https:\/\/biblian.is\/biblian\/wp-json\/wp\/v2\/pages"}],"about":[{"href":"https:\/\/biblian.is\/biblian\/wp-json\/wp\/v2\/types\/page"}],"author":[{"embeddable":true,"href":"https:\/\/biblian.is\/biblian\/wp-json\/wp\/v2\/users\/1"}],"replies":[{"embeddable":true,"href":"https:\/\/biblian.is\/biblian\/wp-json\/wp\/v2\/comments?post=1846"}],"version-history":[{"count":0,"href":"https:\/\/biblian.is\/biblian\/wp-json\/wp\/v2\/pages\/1846\/revisions"}],"wp:attachment":[{"href":"https:\/\/biblian.is\/biblian\/wp-json\/wp\/v2\/media?parent=1846"}],"curies":[{"name":"wp","href":"https:\/\/api.w.org\/{rel}","templated":true}]}}