{"id":1845,"date":"2017-12-30T21:00:40","date_gmt":"2017-12-30T21:00:40","guid":{"rendered":"http:\/\/biblian.is\/biblian\/d%c2%97marab%c2%97kin-17-kafli\/"},"modified":"2024-07-03T13:13:07","modified_gmt":"2024-07-03T13:13:07","slug":"domarabokin-17-kafli","status":"publish","type":"page","link":"https:\/\/biblian.is\/biblian\/domarabokin-17-kafli\/","title":{"rendered":"D\u00f3marab\u00f3kin 17. kafli"},"content":{"rendered":"<h2 class=\"millifyrirsogn_2007\">Lok d\u00f3marat\u00edmans <\/h2>\n<h3 class=\"millifyrirsogn_2007\">Skur\u00f0go\u00f0 M\u00edka<\/h3>\n<p><a name=\"1\"><span class=\"versanumer_2007\">1<\/span><\/a> Ma\u00f0ur h\u00e9t M\u00edka. Hann var fr\u00e1 Efra\u00edmsfj\u00f6llum. <a name=\"2\"><span class=\"versanumer_2007\">2<\/span><\/a> Hann sag\u00f0i vi\u00f0 m\u00f3\u00f0ur s\u00edna: \u201e\u00deeir ellefu hundru\u00f0 siklar silfurs, sem voru teknir fr\u00e1 \u00fe\u00e9r og \u00fe\u00fa hefur be\u00f0i\u00f0 b\u00f6lb\u00e6na fyrir \u00ed m\u00edn eyru, &#8211; \u00fea\u00f0 silfur er h\u00e9r hj\u00e1 m\u00e9r. \u00dea\u00f0 var \u00e9g sem t\u00f3k \u00fea\u00f0.\u201c \u00de\u00e1 sag\u00f0i m\u00f3\u00f0ir hans: \u201eDrottinn blessi son minn.\u201c <a name=\"3\"><span class=\"versanumer_2007\">3<\/span><\/a> S\u00ed\u00f0an skila\u00f0i hann m\u00f3\u00f0ur sinni \u00feessum ellefu hundru\u00f0 siklum silfurs og m\u00f3\u00f0ir hans sag\u00f0i: \u201e\u00c9g helga Drottni allt silfri\u00f0 \u00far minni hendi til heilla fyrir son minn til \u00feess a\u00f0 \u00far \u00fev\u00ed ver\u00f0i gert l\u00edkneski, meitla\u00f0 og steypt, og \u00fev\u00ed f\u00e6 \u00e9g \u00fe\u00e9r \u00fea\u00f0 n\u00fa aftur.\u201c <a name=\"4\"><span class=\"versanumer_2007\">4<\/span><\/a> \u00deegar hann haf\u00f0i skila\u00f0 m\u00f3\u00f0ur sinni silfrinu t\u00f3k m\u00f3\u00f0ir hans tv\u00f6 hundru\u00f0 sikla silfurs og f\u00e9kk \u00fe\u00e1 gullsmi\u00f0 sem ger\u00f0i \u00far \u00feeim meitla\u00f0 og steypt l\u00edkneski. \u00dea\u00f0 var haft \u00ed h\u00fasi M\u00edka. <a name=\"5\"><span class=\"versanumer_2007\">5<\/span><\/a> \u00deessi ma\u00f0ur, M\u00edka, \u00e1tti skur\u00f0go\u00f0ah\u00fas og hann bj\u00f3 til h\u00f6kull\u00edkneski og h\u00fasgo\u00f0. Hann v\u00edg\u00f0i einn sona sinna og var\u00f0 hann prestur hans. <a name=\"6\"><span class=\"versanumer_2007\">6<\/span><\/a> \u00cd \u00fe\u00e1 daga var enginn konungur \u00ed \u00cdsrael. Hver ma\u00f0ur ger\u00f0i \u00fea\u00f0 sem honum vel l\u00edka\u00f0i.<br \/> <a name=\"7\"><span class=\"versanumer_2007\">7<\/span><\/a> \u00cd Betlehem \u00ed J\u00fada var ungur ma\u00f0ur af \u00e6tt J\u00fada. Hann var Lev\u00edti og haf\u00f0i komi\u00f0 s\u00e9r \u00fear fyrir. <a name=\"8\"><span class=\"versanumer_2007\">8<\/span><\/a> Ma\u00f0ur \u00feessi f\u00f3r burt \u00far borginni Betlehem \u00ed J\u00fada til \u00feess a\u00f0 f\u00e1 s\u00e9r vist hvar sem hann g\u00e6ti. \u00c1 lei\u00f0 sinni kom hann upp \u00ed Efra\u00edmsfj\u00f6ll til h\u00fass M\u00edka. <a name=\"9\"><span class=\"versanumer_2007\">9<\/span><\/a> M\u00edka sag\u00f0i vi\u00f0 hann: \u201eHva\u00f0an kemur \u00fe\u00fa?\u201c Hann svara\u00f0i: \u201e\u00c9g er Lev\u00edti fr\u00e1 Betlehem \u00ed J\u00fada og er \u00e1 fer\u00f0alagi til \u00feess a\u00f0 leita m\u00e9r vistar hvar sem \u00e9g get.\u201c <a name=\"10\"><span class=\"versanumer_2007\">10<\/span><\/a> \u00de\u00e1 sag\u00f0i M\u00edka vi\u00f0 hann: \u201eSestu a\u00f0 hj\u00e1 m\u00e9r og vertu m\u00e9r sem fa\u00f0ir og prestur. \u00c9g mun gefa \u00fe\u00e9r t\u00edu sikla silfurs \u00e1 \u00e1ri og allan kl\u00e6\u00f0na\u00f0 \u00feinn og vi\u00f0urv\u00e6ri.\u201c Og Lev\u00edtinn gekk inn til hans. <a name=\"11\"><span class=\"versanumer_2007\">11<\/span><\/a> Lev\u00edtinn f\u00e9llst \u00e1 a\u00f0 setjast a\u00f0 hj\u00e1 manninum og f\u00f3r hann me\u00f0 \u00feennan unga mann sem einn af sonum s\u00ednum. <a name=\"12\"><span class=\"versanumer_2007\">12<\/span><\/a> M\u00edka setti Lev\u00edtann inn \u00ed emb\u00e6tti\u00f0 og var\u00f0 ungi ma\u00f0urinn prestur hans og dvaldist \u00ed h\u00fasi M\u00edka. <a name=\"13\"><span class=\"versanumer_2007\">13<\/span><\/a> \u00de\u00e1 sag\u00f0i M\u00edka: \u201eN\u00fa veit \u00e9g a\u00f0 Drottinn mun gera vel vi\u00f0 mig af \u00fev\u00ed a\u00f0 \u00e9g hef Lev\u00edta sem prest.\u201c<\/p>\n","protected":false},"excerpt":{"rendered":"<p>Lok d\u00f3marat\u00edmans Skur\u00f0go\u00f0 M\u00edka 1 Ma\u00f0ur h\u00e9t M\u00edka. Hann var fr\u00e1 Efra\u00edmsfj\u00f6llum. 2 Hann sag\u00f0i vi\u00f0 m\u00f3\u00f0ur s\u00edna: \u201e\u00deeir ellefu hundru\u00f0 siklar silfurs, sem voru teknir fr\u00e1 \u00fe\u00e9r og \u00fe\u00fa hefur be\u00f0i\u00f0 b\u00f6lb\u00e6na fyrir \u00ed m\u00edn eyru, &#8211; \u00fea\u00f0 silfur er h\u00e9r hj\u00e1 m\u00e9r. \u00dea\u00f0 var \u00e9g sem t\u00f3k \u00fea\u00f0.\u201c \u00de\u00e1 sag\u00f0i m\u00f3\u00f0ir hans: \u201eDrottinn blessi son minn.\u201c 3 S\u00ed\u00f0an skila\u00f0i hann m\u00f3\u00f0ur sinni \u00feessum ellefu hundru\u00f0 siklum silfurs og m\u00f3\u00f0ir hans sag\u00f0i: \u201e\u00c9g helga Drottni allt silfri\u00f0 \u00far minni hendi til heilla fyrir son minn til \u00feess a\u00f0 \u00far \u00fev\u00ed ver\u00f0i gert l\u00edkneski, meitla\u00f0 og steypt, og \u00fev\u00ed f\u00e6 <a href=\"https:\/\/biblian.is\/biblian\/domarabokin-17-kafli\/\"> [&#8230;]<\/a><\/p>\n","protected":false},"author":1,"featured_media":0,"parent":0,"menu_order":0,"comment_status":"open","ping_status":"open","template":"bibliukaflar_NT.php","meta":{"footnotes":""},"class_list":["post-1845","page","type-page","status-publish","hentry"],"_links":{"self":[{"href":"https:\/\/biblian.is\/biblian\/wp-json\/wp\/v2\/pages\/1845","targetHints":{"allow":["GET"]}}],"collection":[{"href":"https:\/\/biblian.is\/biblian\/wp-json\/wp\/v2\/pages"}],"about":[{"href":"https:\/\/biblian.is\/biblian\/wp-json\/wp\/v2\/types\/page"}],"author":[{"embeddable":true,"href":"https:\/\/biblian.is\/biblian\/wp-json\/wp\/v2\/users\/1"}],"replies":[{"embeddable":true,"href":"https:\/\/biblian.is\/biblian\/wp-json\/wp\/v2\/comments?post=1845"}],"version-history":[{"count":0,"href":"https:\/\/biblian.is\/biblian\/wp-json\/wp\/v2\/pages\/1845\/revisions"}],"wp:attachment":[{"href":"https:\/\/biblian.is\/biblian\/wp-json\/wp\/v2\/media?parent=1845"}],"curies":[{"name":"wp","href":"https:\/\/api.w.org\/{rel}","templated":true}]}}