{"id":1844,"date":"2017-12-30T21:00:40","date_gmt":"2017-12-30T21:00:40","guid":{"rendered":"http:\/\/biblian.is\/biblian\/d%c2%97marab%c2%97kin-16-kafli\/"},"modified":"2024-07-03T13:13:06","modified_gmt":"2024-07-03T13:13:06","slug":"domarabokin-16-kafli","status":"publish","type":"page","link":"https:\/\/biblian.is\/biblian\/domarabokin-16-kafli\/","title":{"rendered":"D\u00f3marab\u00f3kin 16. kafli"},"content":{"rendered":"<p><a name=\"1\"><span class=\"versanumer_2007\">1<\/span><\/a> Eitt sinn f\u00f3r Samson til Gasa. \u00dear s\u00e1 hann sk\u00e6kju og gekk inn til hennar. <a name=\"2\"><span class=\"versanumer_2007\">2<\/span><\/a> \u00de\u00e1 var Gasab\u00faum sagt: \u201eSamson er kominn hinga\u00f0.\u201c Og \u00feeir umkringdu hann og ger\u00f0u honum fyrirs\u00e1t alla n\u00f3ttina \u00ed borgarhli\u00f0inu en h\u00f6f\u00f0u \u00fe\u00f3 hlj\u00f3tt um sig alla n\u00f3ttina \u00fev\u00ed a\u00f0 \u00feeir hug\u00f0ust drepa hann \u00feegar birti af degi. <a name=\"3\"><span class=\"versanumer_2007\">3<\/span><\/a> Samson svaf til mi\u00f0n\u00e6ttis en um mi\u00f0ja n\u00f3tt reis hann \u00e1 f\u00e6tur, \u00fereif hur\u00f0irnar \u00e1 borgarhli\u00f0inu \u00e1samt b\u00e1\u00f0um dyrast\u00f6funum, kippti \u00feeim upp \u00e1samt slagbrandinum og lag\u00f0i \u00e1 her\u00f0ar s\u00e9r og bar \u00fe\u00e6r efst upp \u00e1 fjalli\u00f0 sem er gegnt Hebron. <\/p>\n<h3 class=\"millifyrirsogn_2007\">Samson og Dal\u00edla<\/h3>\n<p><a name=\"4\"><span class=\"versanumer_2007\">4<\/span><\/a> Eftir \u00feetta bar svo vi\u00f0 a\u00f0 Samson felldi \u00e1starhug til konu einnar \u00ed S\u00f3rekdal. H\u00fan h\u00e9t Dal\u00edla. <a name=\"5\"><span class=\"versanumer_2007\">5<\/span><\/a> H\u00f6f\u00f0ingjar Filistea komu til hennar og s\u00f6g\u00f0u vi\u00f0 hana: \u201eGinntu hann og komstu a\u00f0 \u00fev\u00ed \u00ed hverju hinir miklu kraftar hans eru f\u00f3lgnir og me\u00f0 hva\u00f0a r\u00e1\u00f0um vi\u00f0 getum yfirbuga\u00f0 hann svo a\u00f0 vi\u00f0 n\u00e1um a\u00f0 binda hann og \u00fej\u00e1. Vi\u00f0 munum hver um sig gefa \u00fe\u00e9r \u00fe\u00fasund sikla silfurs og hundra\u00f0i betur.\u201c <a name=\"6\"><span class=\"versanumer_2007\">6<\/span><\/a> Dal\u00edla sag\u00f0i \u00fe\u00e1 vi\u00f0 Samson: \u201eSeg\u00f0u m\u00e9r \u00ed hverju hinir miklu kraftar \u00fe\u00ednir eru f\u00f3lgnir og me\u00f0 hverju \u00fe\u00fa ver\u00f0ur bundinn svo a\u00f0 menn f\u00e1i r\u00e1\u00f0i\u00f0 vi\u00f0 \u00feig.\u201c <a name=\"7\"><span class=\"versanumer_2007\">7<\/span><\/a> Samson svara\u00f0i henni: \u201eEf menn binda mig me\u00f0 sj\u00f6 n\u00fdjum \u00fevengjum, sem ekki eru enn or\u00f0nir \u00feurrir, ver\u00f0 \u00e9g linur og eins og hver annar ma\u00f0ur.\u201c <a name=\"8\"><span class=\"versanumer_2007\">8<\/span><\/a> \u00de\u00e1 f\u00e6r\u00f0u h\u00f6f\u00f0ingjar Filistea henni sj\u00f6 n\u00fdja \u00fevengi sem ekki voru \u00feorna\u00f0ir og h\u00fan batt hann me\u00f0 \u00feeim. <a name=\"9\"><span class=\"versanumer_2007\">9<\/span><\/a> En mennina, sem um hann s\u00e1tu, haf\u00f0i h\u00fan hj\u00e1 s\u00e9r \u00ed svefnh\u00fasinu. \u00dev\u00ed n\u00e6st sag\u00f0i h\u00fan vi\u00f0 hann: \u201eFilistear hafi \u00feig, Samson.\u201c \u00de\u00e1 sleit hann sundur strengina eins og h\u00f6r\u00fer\u00e1\u00f0ur hrekkur sundur \u00feegar eldur er n\u00e6rri og ekki var\u00f0 komist fyrir afl hans.<br \/> <a name=\"10\"><span class=\"versanumer_2007\">10<\/span><\/a> \u00de\u00e1 sag\u00f0i Dal\u00edla vi\u00f0 Samson: \u201e\u00de\u00fa hefur blekkt mig og logi\u00f0 a\u00f0 m\u00e9r. Seg\u00f0u m\u00e9r n\u00fa me\u00f0 hverju \u00fe\u00fa ver\u00f0ur bundinn.\u201c <a name=\"11\"><span class=\"versanumer_2007\">11<\/span><\/a> Hann svara\u00f0i: \u201eEf menn binda mig me\u00f0 n\u00fdjum reipum, sem ekki hafa veri\u00f0 h\u00f6f\u00f0 til neinnar vinnu, ver\u00f0 \u00e9g linur og eins og hver annar ma\u00f0ur.\u201c <a name=\"12\"><span class=\"versanumer_2007\">12<\/span><\/a> \u00de\u00e1 t\u00f3k Dal\u00edla n\u00fd reipi, batt hann me\u00f0 \u00feeim og sag\u00f0i vi\u00f0 hann: \u201eFilistear hafi \u00feig, Samson.\u201c Og mennirnir, sem um hann s\u00e1tu, voru \u00ed svefnh\u00fasinu. En hann sleit \u00feau af armleggjum s\u00e9r sem \u00fer\u00e6\u00f0ir v\u00e6ru.<br \/> <a name=\"13\"><span class=\"versanumer_2007\">13<\/span><\/a> Og Dal\u00edla sag\u00f0i vi\u00f0 Samson: \u201eEnn hefur\u00f0u blekkt mig og logi\u00f0 a\u00f0 m\u00e9r. Seg\u00f0u m\u00e9r me\u00f0 hverju \u00fe\u00fa ver\u00f0ur bundinn.\u201c Og hann sag\u00f0i vi\u00f0 hana: \u201eEf \u00fe\u00fa vefur h\u00e1rlokkana sj\u00f6 \u00e1 h\u00f6f\u00f0i m\u00e9r saman vi\u00f0 uppist\u00f6\u00f0una \u00ed vef og festir me\u00f0 nagla ver\u00f0 \u00e9g linur og eins og hver annar ma\u00f0ur.\u201c <a name=\"14\"><span class=\"versanumer_2007\">14<\/span><\/a> Me\u00f0an hann svaf t\u00f3k Dal\u00edla h\u00e1rlokkana sj\u00f6 \u00e1 h\u00f6f\u00f0i hans, \u00f3f \u00fe\u00e1 saman vi\u00f0 uppist\u00f6\u00f0una og festi \u00fe\u00e1 vi\u00f0 vegginn me\u00f0 nagla og sag\u00f0i vi\u00f0 hann: \u201eFilistear hafi \u00feig, Samson.\u201c \u00de\u00e1 vakna\u00f0i hann af svefninum og kippti \u00fat vefjarnaglanum og uppist\u00f6\u00f0unni.<span class=\"nedan_mal\" title=\" \u00cd 13. og 14. versi er fylgt lengri texta gr\u00edsku sj\u00f6t\u00edumanna\u00fe\u00fd\u00f0ingarinnar.\">[<\/span> <br \/> <a name=\"15\"><span class=\"versanumer_2007\">15<\/span><\/a> \u00de\u00e1 sag\u00f0i h\u00fan vi\u00f0 hann: \u201eHvernig getur \u00fe\u00fa sagt: \u00c9g elska \u00feig, ef \u00fe\u00fa ert ekki einl\u00e6gur vi\u00f0 mig? \u00derisvar hefur \u00fe\u00fa n\u00fa blekkt mig og ekki sagt m\u00e9r \u00ed hverju hi\u00f0 mikla afl \u00feitt er f\u00f3lgi\u00f0.\u201c <a name=\"16\"><span class=\"versanumer_2007\">16<\/span><\/a> H\u00fan nau\u00f0a\u00f0i \u00ed honum alla daga me\u00f0 or\u00f0um s\u00ednum og lag\u00f0i svo fast a\u00f0 honum a\u00f0 hann var\u00f0 dau\u00f0lei\u00f0ur \u00e1 \u00fev\u00ed <a name=\"17\"><span class=\"versanumer_2007\">17<\/span><\/a> og sag\u00f0i henni allan hug sinn og m\u00e6lti: \u201eAldrei hefur rakhn\u00edfur komi\u00f0 \u00e1 h\u00f6fu\u00f0 mitt \u00fev\u00ed a\u00f0 \u00e9g var helga\u00f0ur Gu\u00f0i fr\u00e1 m\u00f3\u00f0url\u00edfi. V\u00e6ri h\u00e1r mitt skori\u00f0 hyrfu kraftar m\u00ednir og \u00e9g yr\u00f0i linur og eins og allir a\u00f0rir menn.\u201c<br \/> <a name=\"18\"><span class=\"versanumer_2007\">18<\/span><\/a> \u00deegar Dal\u00edla s\u00e1 a\u00f0 hann haf\u00f0i tr\u00faa\u00f0 henni fyrir \u00f6llu sendi h\u00fan eftir h\u00f6f\u00f0ingjum Filistea og l\u00e9t segja \u00feeim: \u201eN\u00fa skulu\u00f0 \u00fei\u00f0 koma \u00fev\u00ed a\u00f0 hann hefur tr\u00faa\u00f0 m\u00e9r fyrir \u00f6llu.\u201c \u00de\u00e1 f\u00f3ru h\u00f6f\u00f0ingjar Filistea til hennar og h\u00f6f\u00f0u silfri\u00f0 me\u00f0 s\u00e9r. <a name=\"19\"><span class=\"versanumer_2007\">19<\/span><\/a> H\u00fan sv\u00e6f\u00f0i hann \u00ed kj\u00f6ltu sinni, kalla\u00f0i \u00e1 mann og l\u00e9t hann skera h\u00e1rlokkana sj\u00f6 af h\u00f6f\u00f0i hans. \u00deannig veikti h\u00fan hann og afl hans var horfi\u00f0 fr\u00e1 honum. <a name=\"20\"><span class=\"versanumer_2007\">20<\/span><\/a> \u00de\u00e1 sag\u00f0i h\u00fan: \u201eFilistear hafi \u00feig, Samson.\u201c Hann vakna\u00f0i af svefninum og hugsa\u00f0i: \u201e\u00c9g slepp \u00ed \u00feetta sinn sem hin fyrri og sl\u00edt mig lausan.\u201c En hann vissi ekki a\u00f0 Drottinn var vikinn fr\u00e1 honum. <a name=\"21\"><span class=\"versanumer_2007\">21<\/span><\/a> Filistear t\u00f3ku hann h\u00f6ndum, stungu \u00far honum augun og f\u00f3ru me\u00f0 hann ni\u00f0ur til Gasa. \u00deeir f\u00e6r\u00f0u hann \u00ed eirfj\u00f6tra og var\u00f0 hann a\u00f0 draga kv\u00f6rn \u00ed d\u00fdflissunni. <a name=\"22\"><span class=\"versanumer_2007\">22<\/span><\/a> En h\u00f6fu\u00f0h\u00e1r hans t\u00f3k aftur a\u00f0 vaxa eftir a\u00f0 \u00fea\u00f0 haf\u00f0i veri\u00f0 skori\u00f0.<\/p>\n<h3 class=\"millifyrirsogn_2007\">Samson deyr<\/h3>\n<p><a name=\"23\"><span class=\"versanumer_2007\">23<\/span><\/a> N\u00fa s\u00f6fnu\u00f0ust h\u00f6f\u00f0ingjar Filistea saman til \u00feess a\u00f0 f\u00e6ra Dag\u00f3n,<span class=\"nedan_mal\" title=\" Dag\u00f3n var gu\u00f0 Filistea.\">[<\/span> gu\u00f0i s\u00ednum, f\u00f3rn mikla og gera s\u00e9r gla\u00f0an dag enda s\u00f6g\u00f0u \u00feeir: \u201eGu\u00f0 okkar hefur selt \u00f3vininn Samson okkur \u00ed hendur.\u201c <a name=\"24\"><span class=\"versanumer_2007\">24<\/span><\/a> \u00deegar menn s\u00e1u hann vegs\u00f6mu\u00f0u \u00feeir gu\u00f0 sinn og s\u00f6g\u00f0u: \u201eGu\u00f0 okkar hefur gefi\u00f0 \u00ed okkar hendur fjandmanninn sem eytt hefur land okkar og drepi\u00f0 marga af okkar m\u00f6nnum.\u201c <a name=\"25\"><span class=\"versanumer_2007\">25<\/span><\/a> En er \u00feeir ger\u00f0ust gla\u00f0ir s\u00f6g\u00f0u \u00feeir: \u201eL\u00e1ti\u00f0 s\u00e6kja Samson til \u00feess a\u00f0 skemmta okkur.\u201c L\u00e9tu \u00feeir n\u00fa s\u00e6kja Samson \u00far d\u00fdflissunni og var\u00f0 hann a\u00f0 skemmta \u00feeim en \u00feeir h\u00f6f\u00f0u sett hann milli s\u00falnanna. <a name=\"26\"><span class=\"versanumer_2007\">26<\/span><\/a> \u00de\u00e1 sag\u00f0i Samson vi\u00f0 sveininn sem leiddi hann: \u201eSlepptu m\u00e9r og leyf\u00f0u m\u00e9r a\u00f0 \u00fereifa \u00e1 s\u00falunum sem h\u00fasi\u00f0 hv\u00edlir \u00e1 svo a\u00f0 \u00e9g geti stutt mig vi\u00f0 \u00fe\u00e6r.\u201c <a name=\"27\"><span class=\"versanumer_2007\">27<\/span><\/a> H\u00fasi\u00f0 var fullt af k\u00f6rlum og konum. \u00dear voru og allir h\u00f6f\u00f0ingjar Filistea og uppi \u00e1 \u00feakinu voru um \u00ferj\u00fa \u00fe\u00fasund karlar og konur sem horf\u00f0u \u00e1 me\u00f0an Samson skemmti.<br \/> <a name=\"28\"><span class=\"versanumer_2007\">28<\/span><\/a> \u00de\u00e1 hr\u00f3pa\u00f0i Samson til Drottins og sag\u00f0i: \u201eDrottinn Gu\u00f0, minnstu m\u00edn. Styrktu mig n\u00fa, Gu\u00f0, \u00ed \u00feetta eina sinn svo a\u00f0 \u00e9g geti hefnt m\u00edn \u00e1 Filisteum fyrir b\u00e6\u00f0i augu m\u00edn \u00ed einu.\u201c <a name=\"29\"><span class=\"versanumer_2007\">29<\/span><\/a> \u00dev\u00ed n\u00e6st \u00fereif Samson \u00ed b\u00e1\u00f0ar mi\u00f0s\u00falurnar, sem h\u00fasi\u00f0 hv\u00edldi \u00e1, h\u00e6gri hendinni \u00ed a\u00f0ra og vinstri hendinni \u00ed hina og \u00fer\u00fdsti \u00e1. <a name=\"30\"><span class=\"versanumer_2007\">30<\/span><\/a> \u00de\u00e1 m\u00e6lti Samson: \u201eDeyi \u00e9g n\u00fa me\u00f0 Filisteum.\u201c S\u00ed\u00f0an lag\u00f0ist hann \u00e1 af \u00f6llu afli svo a\u00f0 h\u00fasi\u00f0 f\u00e9ll ni\u00f0ur \u00e1 h\u00f6f\u00f0ingjana og allt f\u00f3lki\u00f0 sem \u00ed \u00fev\u00ed var. \u00deeir sem hann drap um lei\u00f0 og hann bei\u00f0 sj\u00e1lfur bana voru fleiri en \u00feeir er hann haf\u00f0i drepi\u00f0 um \u00e6vina. <a name=\"31\"><span class=\"versanumer_2007\">31<\/span><\/a> Br\u00e6\u00f0ur hans komu og allt \u00e6ttf\u00f3lk hans, t\u00f3ku hann og f\u00f3ru me\u00f0 hann \u00fea\u00f0an og j\u00f6r\u00f0u\u00f0u hann milli Sorea og Esta\u00f3l \u00ed gr\u00f6f Man\u00f3a f\u00f6\u00f0ur hans. En hann haf\u00f0i veri\u00f0 d\u00f3mari \u00ed \u00cdsrael \u00ed tuttugu \u00e1r.<\/p>\n","protected":false},"excerpt":{"rendered":"<p>1 Eitt sinn f\u00f3r Samson til Gasa. \u00dear s\u00e1 hann sk\u00e6kju og gekk inn til hennar. 2 \u00de\u00e1 var Gasab\u00faum sagt: \u201eSamson er kominn hinga\u00f0.\u201c Og \u00feeir umkringdu hann og ger\u00f0u honum fyrirs\u00e1t alla n\u00f3ttina \u00ed borgarhli\u00f0inu en h\u00f6f\u00f0u \u00fe\u00f3 hlj\u00f3tt um sig alla n\u00f3ttina \u00fev\u00ed a\u00f0 \u00feeir hug\u00f0ust drepa hann \u00feegar birti af degi. 3 Samson svaf til mi\u00f0n\u00e6ttis en um mi\u00f0ja n\u00f3tt reis hann \u00e1 f\u00e6tur, \u00fereif hur\u00f0irnar \u00e1 borgarhli\u00f0inu \u00e1samt b\u00e1\u00f0um dyrast\u00f6funum, kippti \u00feeim upp \u00e1samt slagbrandinum og lag\u00f0i \u00e1 her\u00f0ar s\u00e9r og bar \u00fe\u00e6r efst upp \u00e1 fjalli\u00f0 sem er gegnt Hebron. Samson og Dal\u00edla 4 <a href=\"https:\/\/biblian.is\/biblian\/domarabokin-16-kafli\/\"> [&#8230;]<\/a><\/p>\n","protected":false},"author":1,"featured_media":0,"parent":0,"menu_order":0,"comment_status":"open","ping_status":"open","template":"bibliukaflar_NT.php","meta":{"footnotes":""},"class_list":["post-1844","page","type-page","status-publish","hentry"],"_links":{"self":[{"href":"https:\/\/biblian.is\/biblian\/wp-json\/wp\/v2\/pages\/1844","targetHints":{"allow":["GET"]}}],"collection":[{"href":"https:\/\/biblian.is\/biblian\/wp-json\/wp\/v2\/pages"}],"about":[{"href":"https:\/\/biblian.is\/biblian\/wp-json\/wp\/v2\/types\/page"}],"author":[{"embeddable":true,"href":"https:\/\/biblian.is\/biblian\/wp-json\/wp\/v2\/users\/1"}],"replies":[{"embeddable":true,"href":"https:\/\/biblian.is\/biblian\/wp-json\/wp\/v2\/comments?post=1844"}],"version-history":[{"count":0,"href":"https:\/\/biblian.is\/biblian\/wp-json\/wp\/v2\/pages\/1844\/revisions"}],"wp:attachment":[{"href":"https:\/\/biblian.is\/biblian\/wp-json\/wp\/v2\/media?parent=1844"}],"curies":[{"name":"wp","href":"https:\/\/api.w.org\/{rel}","templated":true}]}}