{"id":1843,"date":"2017-12-30T21:00:40","date_gmt":"2017-12-30T21:00:40","guid":{"rendered":"http:\/\/biblian.is\/biblian\/d%c2%97marab%c2%97kin-15-kafli\/"},"modified":"2024-07-03T13:13:06","modified_gmt":"2024-07-03T13:13:06","slug":"domarabokin-15-kafli","status":"publish","type":"page","link":"https:\/\/biblian.is\/biblian\/domarabokin-15-kafli\/","title":{"rendered":"D\u00f3marab\u00f3kin 15. kafli"},"content":{"rendered":"<h3 class=\"millifyrirsogn_2007\"> Afreksverk Samsonar<\/h3>\n<p><a name=\"1\"><span class=\"versanumer_2007\">1<\/span><\/a> A\u00f0 nokkrum t\u00edma li\u00f0num kom Samson um hveitiuppskerut\u00edmann a\u00f0 vitja konu sinnar og haf\u00f0i me\u00f0 s\u00e9r ki\u00f0ling. Hann sag\u00f0i vi\u00f0 f\u00f6\u00f0ur hennar: \u201eHleyptu m\u00e9r inn \u00ed afh\u00fdsi\u00f0 til konu minnar.\u201c En fa\u00f0ir hennar vildi ekki hleypa honum \u00feanga\u00f0 inn. <a name=\"2\"><span class=\"versanumer_2007\">2<\/span><\/a> Fa\u00f0ir hennar sag\u00f0i: \u201e\u00c9g var \u00feess fullviss a\u00f0 \u00fe\u00fa hef\u00f0ir fengi\u00f0 megna \u00f3beit \u00e1 henni og gifti hana \u00fev\u00ed br\u00fa\u00f0arsveini \u00fe\u00ednum. Yngri systir hennar er fr\u00ed\u00f0ari en h\u00fan, hana skaltu f\u00e1 \u00ed hennar sta\u00f0.\u201c <a name=\"3\"><span class=\"versanumer_2007\">3<\/span><\/a> \u00de\u00e1 sag\u00f0i Samson: \u201eN\u00fa geta Filistear ekki \u00e1saka\u00f0 mig \u00fe\u00f3tt \u00e9g vinni \u00feeim mein.\u201c <a name=\"4\"><span class=\"versanumer_2007\">4<\/span><\/a> S\u00ed\u00f0an f\u00f3r Samson og veiddi \u00ferj\u00fa hundru\u00f0 refi, t\u00f3k blys, l\u00e9t skottin \u00e1 \u00feeim v\u00edsa saman og batt eitt blys \u00e1 hver tv\u00f6 skott. <a name=\"5\"><span class=\"versanumer_2007\">5<\/span><\/a> S\u00ed\u00f0an kveikti hann \u00ed blysunum og sleppti \u00fev\u00ed n\u00e6st refunum inn \u00e1 akra Filistea og brenndi \u00feannig b\u00e6\u00f0i kornknippi, \u00f3slegi\u00f0 korn, v\u00edngar\u00f0a og ol\u00edugar\u00f0a. <a name=\"6\"><span class=\"versanumer_2007\">6<\/span><\/a> \u00de\u00e1 s\u00f6g\u00f0u Filistear: \u201eHver hefur gert \u00feetta?\u201c Og menn sv\u00f6ru\u00f0u: \u201eSamson, tengdasonur mannsins fr\u00e1 Timna, \u00fev\u00ed a\u00f0 hann hefur teki\u00f0 fr\u00e1 honum konuna og gift hana br\u00fa\u00f0arsveini hans.\u201c \u00de\u00e1 f\u00f3ru Filistear til hans og brenndu hana inni og f\u00f6\u00f0ur hennar. <a name=\"7\"><span class=\"versanumer_2007\">7<\/span><\/a> En Samson sag\u00f0i vi\u00f0 \u00fe\u00e1: \u201eFyrst \u00fei\u00f0 fari\u00f0 svona a\u00f0 mun \u00e9g ekki h\u00e6tta fyrr en \u00e9g hef hefnt m\u00edn \u00e1 ykkur a\u00f0 fullu.\u201c <a name=\"8\"><span class=\"versanumer_2007\">8<\/span><\/a> S\u00ed\u00f0an bar\u00f0i hann svo \u00f3\u00feyrmilega \u00e1 \u00feeim a\u00f0 sundur gengu l\u00e6ri og leggir. Og hann f\u00f3r \u00fea\u00f0an og settist a\u00f0 \u00ed hellinum \u00ed Etamskletti.<br \/> <a name=\"9\"><span class=\"versanumer_2007\">9<\/span><\/a> \u00de\u00e1 f\u00f3ru Filistear upp eftir, settu herb\u00fa\u00f0ir s\u00ednar \u00ed J\u00fada og dreif\u00f0u s\u00e9r um Lek\u00ed. <a name=\"10\"><span class=\"versanumer_2007\">10<\/span><\/a> J\u00fadamenn s\u00f6g\u00f0u: \u201eHv\u00ed hafi\u00f0 \u00fei\u00f0 sn\u00faist gegn okkur?\u201c En \u00feeir sv\u00f6ru\u00f0u: \u201eVi\u00f0 erum hinga\u00f0 komnir til \u00feess a\u00f0 binda Samson svo a\u00f0 vi\u00f0 getum fari\u00f0 me\u00f0 hann eins og hann hefur fari\u00f0 me\u00f0 okkur.\u201c <a name=\"11\"><span class=\"versanumer_2007\">11<\/span><\/a> \u00de\u00e1 f\u00f3ru \u00ferj\u00fa \u00fe\u00fasund manns fr\u00e1 J\u00fada ni\u00f0ur til Etamskletts og s\u00f6g\u00f0u vi\u00f0 Samson: \u201eVeistu ekki a\u00f0 Filistear drottna yfir okkur? Hvers vegna hefur \u00fe\u00fa gert okkur \u00feetta?\u201c Hann svara\u00f0i \u00feeim: \u201e\u00c1 sama h\u00e1tt og \u00feeir l\u00e9ku mig, \u00feannig hef \u00e9g leiki\u00f0 \u00fe\u00e1.\u201c <a name=\"12\"><span class=\"versanumer_2007\">12<\/span><\/a> \u00deeir s\u00f6g\u00f0u vi\u00f0 hann: \u201eVi\u00f0 erum komnir hinga\u00f0 til a\u00f0 binda \u00feig svo a\u00f0 vi\u00f0 getum framselt \u00feig \u00ed hendur Filistea.\u201c \u00de\u00e1 sag\u00f0i Samson vi\u00f0 \u00fe\u00e1: \u201eVinni\u00f0 m\u00e9r ei\u00f0 a\u00f0 \u00fev\u00ed a\u00f0 \u00fei\u00f0 muni\u00f0 ekki drepa mig sj\u00e1lfir.\u201c <a name=\"13\"><span class=\"versanumer_2007\">13<\/span><\/a> \u00deeir sv\u00f6ru\u00f0u honum: \u201eVi\u00f0 munum a\u00f0eins binda \u00feig og l\u00e1ta \u00feig \u00ed hendur \u00feeirra en vi\u00f0 munum ekki drepa \u00feig.\u201c \u00deeir bundu hann me\u00f0 tveimur n\u00fdjum reipum og f\u00f3ru me\u00f0 hann burt fr\u00e1 klettinum.<br \/> <a name=\"14\"><span class=\"versanumer_2007\">14<\/span><\/a> \u00deegar Samson kom til Lek\u00ed komu Filistear me\u00f0 miklu \u00f3pi \u00e1 m\u00f3ti honum. \u00de\u00e1 kom andi Drottins yfir hann og ur\u00f0u \u00fe\u00e1 reipin, sem voru um armleggi hans, sem svi\u00f0nir \u00fer\u00e6\u00f0ir og fj\u00f6trarnir hrukku af h\u00f6ndum hans. <a name=\"15\"><span class=\"versanumer_2007\">15<\/span><\/a> Hann fann n\u00fdjan asnakj\u00e1lka, r\u00e9tti \u00fat h\u00f6ndina og t\u00f3k hann og laust me\u00f0 honum \u00fe\u00fasund manns. <a name=\"16\"><span class=\"versanumer_2007\">16<\/span><\/a> \u00de\u00e1 sag\u00f0i Samson:<br \/> <span class=\"ljodatexti\"> Me\u00f0 asnakj\u00e1lka<br \/>setti \u00e9g hrauk \u00e1 hrauk ofan, <span class=\"nedan_mal\" title=\" H\u00e9r er um or\u00f0aleik a\u00f0 r\u00e6\u00f0a. Or\u00f0in asni og hraukur eru n\u00e1nast eins \u00e1 hebresku. \u00d6nnur hugsanleg \u00fe\u00fd\u00f0ing: Me\u00f0 asnakj\u00e1lka hef \u00e9g gert \u00fe\u00e1 a\u00f0 \u00f6snum.\">[<\/span> <br \/>me\u00f0 asnakj\u00e1lka<br \/>hef \u00e9g bana\u00f0 \u00fe\u00fasund manns. <\/span> <br \/> <a name=\"17\"><span class=\"versanumer_2007\">17<\/span><\/a> A\u00f0 svo m\u00e6ltu varpa\u00f0i hann kj\u00e1lkanum \u00far hendi s\u00e9r og var \u00feessi sta\u00f0ur upp fr\u00e1 \u00fev\u00ed nefndur Ramat Lek\u00ed.<span class=\"nedan_mal\" title=\" \u00de.e. Kj\u00e1lkah\u00e6\u00f0.\">[<\/span> <br \/> <a name=\"18\"><span class=\"versanumer_2007\">18<\/span><\/a> En Samson var mj\u00f6g \u00feyrstur og hr\u00f3pa\u00f0i \u00fev\u00ed til Drottins og m\u00e6lti: \u201e\u00de\u00fa hefur veitt \u00feennan mikla sigur fyrir h\u00f6nd \u00fej\u00f3ns \u00fe\u00edns. \u00c1 \u00e9g n\u00fa a\u00f0 deyja \u00far \u00feorsta og falla \u00ed hendur \u00f3umskorinna manna?\u201c <a name=\"19\"><span class=\"versanumer_2007\">19<\/span><\/a> \u00de\u00e1 klauf Gu\u00f0 holuna sem var \u00ed Lek\u00ed svo a\u00f0 vatn spratt fram \u00far henni. \u00deegar hann haf\u00f0i drukki\u00f0 kom andi hans aftur og hann lifna\u00f0i vi\u00f0. \u00deess vegna er h\u00fan nefnd En hakk\u00f3re<span class=\"nedan_mal\" title=\" \u00de.e. Lind hr\u00f3pandans.\">[<\/span> \u00ed Lek\u00ed fram \u00e1 \u00feennan dag. <a name=\"20\"><span class=\"versanumer_2007\">20<\/span><\/a> En Samson var d\u00f3mari \u00ed \u00cdsrael tuttugu \u00e1r \u00e1 d\u00f6gum Filistea.<\/p>\n","protected":false},"excerpt":{"rendered":"<p>Afreksverk Samsonar 1 A\u00f0 nokkrum t\u00edma li\u00f0num kom Samson um hveitiuppskerut\u00edmann a\u00f0 vitja konu sinnar og haf\u00f0i me\u00f0 s\u00e9r ki\u00f0ling. Hann sag\u00f0i vi\u00f0 f\u00f6\u00f0ur hennar: \u201eHleyptu m\u00e9r inn \u00ed afh\u00fdsi\u00f0 til konu minnar.\u201c En fa\u00f0ir hennar vildi ekki hleypa honum \u00feanga\u00f0 inn. 2 Fa\u00f0ir hennar sag\u00f0i: \u201e\u00c9g var \u00feess fullviss a\u00f0 \u00fe\u00fa hef\u00f0ir fengi\u00f0 megna \u00f3beit \u00e1 henni og gifti hana \u00fev\u00ed br\u00fa\u00f0arsveini \u00fe\u00ednum. Yngri systir hennar er fr\u00ed\u00f0ari en h\u00fan, hana skaltu f\u00e1 \u00ed hennar sta\u00f0.\u201c 3 \u00de\u00e1 sag\u00f0i Samson: \u201eN\u00fa geta Filistear ekki \u00e1saka\u00f0 mig \u00fe\u00f3tt \u00e9g vinni \u00feeim mein.\u201c 4 S\u00ed\u00f0an f\u00f3r Samson og veiddi \u00ferj\u00fa hundru\u00f0 <a href=\"https:\/\/biblian.is\/biblian\/domarabokin-15-kafli\/\"> [&#8230;]<\/a><\/p>\n","protected":false},"author":1,"featured_media":0,"parent":0,"menu_order":0,"comment_status":"open","ping_status":"open","template":"bibliukaflar_NT.php","meta":{"footnotes":""},"class_list":["post-1843","page","type-page","status-publish","hentry"],"_links":{"self":[{"href":"https:\/\/biblian.is\/biblian\/wp-json\/wp\/v2\/pages\/1843","targetHints":{"allow":["GET"]}}],"collection":[{"href":"https:\/\/biblian.is\/biblian\/wp-json\/wp\/v2\/pages"}],"about":[{"href":"https:\/\/biblian.is\/biblian\/wp-json\/wp\/v2\/types\/page"}],"author":[{"embeddable":true,"href":"https:\/\/biblian.is\/biblian\/wp-json\/wp\/v2\/users\/1"}],"replies":[{"embeddable":true,"href":"https:\/\/biblian.is\/biblian\/wp-json\/wp\/v2\/comments?post=1843"}],"version-history":[{"count":0,"href":"https:\/\/biblian.is\/biblian\/wp-json\/wp\/v2\/pages\/1843\/revisions"}],"wp:attachment":[{"href":"https:\/\/biblian.is\/biblian\/wp-json\/wp\/v2\/media?parent=1843"}],"curies":[{"name":"wp","href":"https:\/\/api.w.org\/{rel}","templated":true}]}}