{"id":1842,"date":"2017-12-30T21:00:40","date_gmt":"2017-12-30T21:00:40","guid":{"rendered":"http:\/\/biblian.is\/biblian\/d%c2%97marab%c2%97kin-14-kafli\/"},"modified":"2024-07-03T13:13:06","modified_gmt":"2024-07-03T13:13:06","slug":"domarabokin-14-kafli","status":"publish","type":"page","link":"https:\/\/biblian.is\/biblian\/domarabokin-14-kafli\/","title":{"rendered":"D\u00f3marab\u00f3kin 14. kafli"},"content":{"rendered":"<h3 class=\"millifyrirsogn_2007\"> Samson gengur a\u00f0 eiga konu af \u00e6tt Filistea<\/h3>\n<p><a name=\"1\"><span class=\"versanumer_2007\">1<\/span><\/a> Samson f\u00f3r ni\u00f0ur til Timna og s\u00e1 \u00fear konu eina. H\u00fan var ein af d\u00e6trum Filistea. <a name=\"2\"><span class=\"versanumer_2007\">2<\/span><\/a> S\u00ed\u00f0an f\u00f3r hann heim aftur, sag\u00f0i f\u00f6\u00f0ur s\u00ednum og m\u00f3\u00f0ur fr\u00e1 \u00feessu og m\u00e6lti: \u201e\u00c9g s\u00e1 konu nokkra \u00ed Timna. H\u00fan er ein af d\u00e6trum Filistea. F\u00e1i\u00f0 \u00fei\u00f0 hana m\u00e9r n\u00fa a\u00f0 eiginkonu.\u201c <a name=\"3\"><span class=\"versanumer_2007\">3<\/span><\/a> En fa\u00f0ir hans og m\u00f3\u00f0ir s\u00f6g\u00f0u vi\u00f0 hann: \u201eEr \u00fe\u00e1 engin kona me\u00f0al d\u00e6tra fr\u00e6nda \u00feinna og me\u00f0al \u00fej\u00f3\u00f0ar minnar, a\u00f0 \u00fe\u00fa \u00feurfir a\u00f0 fara og taka \u00fe\u00e9r konu af Filisteum sem eru \u00f3umskornir?\u201c Samson svara\u00f0i f\u00f6\u00f0ur s\u00ednum: \u201eF\u00e1\u00f0u m\u00e9r hana \u00fev\u00ed a\u00f0 m\u00e9r l\u00edst vel \u00e1 hana.\u201c <a name=\"4\"><span class=\"versanumer_2007\">4<\/span><\/a> En fa\u00f0ir hans og m\u00f3\u00f0ir vissu ekki a\u00f0 \u00feetta var verk Drottins og a\u00f0 hann var a\u00f0 leita f\u00e6ris \u00e1 Filisteum en um \u00fe\u00e6r mundir r\u00e9\u00f0u Filistear yfir \u00cdsrael.<br \/> <a name=\"5\"><span class=\"versanumer_2007\">5<\/span><\/a> Samson, fa\u00f0ir hans og m\u00f3\u00f0ir f\u00f3ru \u00fe\u00e1 ni\u00f0ur til Timna. \u00deegar \u00feau komu a\u00f0 v\u00edng\u00f6r\u00f0um Timna kom ungt lj\u00f3n \u00f6skrandi \u00e1 m\u00f3ti honum.<br \/> <a name=\"6\"><span class=\"versanumer_2007\">6<\/span><\/a> Andi Drottins kom yfir hann og hann sleit \u00fea\u00f0 sundur eins og menn sl\u00edta sundur ki\u00f0ling og haf\u00f0i hann \u00fe\u00f3 ekkert \u00ed hendinni. Hann sag\u00f0i hvorki f\u00f6\u00f0ur s\u00ednum n\u00e9 m\u00f3\u00f0ur fr\u00e1 \u00fev\u00ed sem hann haf\u00f0i gert. <a name=\"7\"><span class=\"versanumer_2007\">7<\/span><\/a> S\u00ed\u00f0an f\u00f3r Samson og tala\u00f0i vi\u00f0 konuna og h\u00fan f\u00e9ll honum vel \u00ed ge\u00f0. <a name=\"8\"><span class=\"versanumer_2007\">8<\/span><\/a> Eftir nokkurn t\u00edma kom hann aftur a\u00f0 s\u00e6kja hana. V\u00e9k hann \u00fe\u00e1 af lei\u00f0 til \u00feess a\u00f0 sj\u00e1 dau\u00f0a lj\u00f3ni\u00f0 og voru \u00fe\u00e1 b\u00fdflugur og hunang \u00ed lj\u00f3nshr\u00e6inu. <a name=\"9\"><span class=\"versanumer_2007\">9<\/span><\/a> Hann t\u00f3k \u00fea\u00f0 \u00ed l\u00f3fa s\u00e9r, h\u00e9lt s\u00ed\u00f0an \u00e1fram og \u00e1t, f\u00f3r til f\u00f6\u00f0ur s\u00edns og m\u00f3\u00f0ur og gaf \u00feeim og \u00feau \u00e1tu. En ekki sag\u00f0i hann \u00feeim fr\u00e1 \u00fev\u00ed a\u00f0 hann hef\u00f0i teki\u00f0 hunangi\u00f0 \u00far lj\u00f3nshr\u00e6inu.<\/p>\n<h3 class=\"millifyrirsogn_2007\">Samson leggur g\u00e1tu fyrir Filistea<\/h3>\n<p><a name=\"10\"><span class=\"versanumer_2007\">10<\/span><\/a> \u00dev\u00ed n\u00e6st f\u00f3r fa\u00f0ir hans til konunnar og h\u00e9lt Samson \u00fear veislu \u00fev\u00ed a\u00f0 s\u00e1 var h\u00e1ttur ungra manna. <a name=\"11\"><span class=\"versanumer_2007\">11<\/span><\/a> \u00deegar \u00feeir s\u00e1u hann fengu \u00feeir honum \u00ferj\u00e1t\u00edu br\u00fa\u00f0arsveina sem skyldu vera me\u00f0 honum.<br \/> <a name=\"12\"><span class=\"versanumer_2007\">12<\/span><\/a> Samson sag\u00f0i vi\u00f0 \u00fe\u00e1: \u201eN\u00fa legg \u00e9g fyrir ykkur g\u00e1tu. Ef \u00fei\u00f0 geti\u00f0 r\u00e1\u00f0i\u00f0 hana \u00e1 \u00feessum sj\u00f6 veislud\u00f6gum og fundi\u00f0 merkingu hennar, \u00fe\u00e1 skal \u00e9g gefa ykkur \u00ferj\u00e1t\u00edu kyrtla og \u00ferj\u00e1t\u00edu h\u00e1t\u00ed\u00f0arkl\u00e6\u00f0na\u00f0i. <a name=\"13\"><span class=\"versanumer_2007\">13<\/span><\/a> En geti\u00f0 \u00fei\u00f0 ekki r\u00e1\u00f0i\u00f0 hana skulu\u00f0 \u00fei\u00f0 gefa m\u00e9r \u00ferj\u00e1t\u00edu kyrtla og \u00ferj\u00e1t\u00edu h\u00e1t\u00ed\u00f0arkl\u00e6\u00f0na\u00f0i.\u201c \u00deeir sv\u00f6ru\u00f0u honum: \u201eLegg\u00f0u fyrir okkur g\u00e1tuna svo a\u00f0 vi\u00f0 f\u00e1um a\u00f0 heyra hana.\u201c <a name=\"14\"><span class=\"versanumer_2007\">14<\/span><\/a> \u00de\u00e1 sag\u00f0i hann:<br \/> <span class=\"ljodatexti\"> \u00c6ti gekk \u00fat af etanda<br \/>og s\u00e6tleiki gekk \u00fat af hinum sterka. <\/span> <br \/>Og li\u00f0u svo \u00fer\u00edr dagar \u00e1n \u00feess a\u00f0 \u00feeim t\u00e6kist a\u00f0 r\u00e1\u00f0a g\u00e1tuna.<br \/> <a name=\"15\"><span class=\"versanumer_2007\">15<\/span><\/a> \u00c1 fj\u00f3r\u00f0a degi s\u00f6g\u00f0u \u00feeir vi\u00f0 konu Samsonar: \u201eGinntu b\u00f3nda \u00feinn til a\u00f0 segja okkur r\u00e1\u00f0ningu g\u00e1tunnar, annars munum vi\u00f0 brenna \u00feig og h\u00fas f\u00f6\u00f0ur \u00fe\u00edns \u00ed eldi. Bu\u00f0u\u00f0 \u00fei\u00f0 okkur til \u00feess a\u00f0 f\u00e9fletta okkur? Er \u00fev\u00ed \u00feannig vari\u00f0?\u201c<br \/> <a name=\"16\"><span class=\"versanumer_2007\">16<\/span><\/a> \u00de\u00e1 gr\u00e9t kona Samsonar og sag\u00f0i vi\u00f0 hann: \u201eHatur hefur \u00fe\u00fa \u00e1 m\u00e9r en enga \u00e1st. \u00de\u00fa hefur lagt g\u00e1tu fyrir samlanda m\u00edna en ekki sagt m\u00e9r r\u00e1\u00f0ningu hennar.\u201c Hann svara\u00f0i: \u201e\u00c9g hef ekki einu sinni sagt f\u00f6\u00f0ur m\u00ednum og m\u00f3\u00f0ur r\u00e1\u00f0ningu hennar og \u00e6tti \u00e9g \u00fe\u00e1 a\u00f0 segja \u00fe\u00e9r hana?\u201c <a name=\"17\"><span class=\"versanumer_2007\">17<\/span><\/a> Og h\u00fan gr\u00e9t og barma\u00f0i s\u00e9r vi\u00f0 hann alla sj\u00f6 dagana sem veislan st\u00f3\u00f0 og \u00e1 sj\u00f6unda degi sag\u00f0i hann henni r\u00e1\u00f0ninguna af \u00fev\u00ed a\u00f0 h\u00fan gekk svo fast \u00e1 hann. En h\u00fan sag\u00f0i saml\u00f6ndum s\u00ednum r\u00e1\u00f0ningu g\u00e1tunnar. <a name=\"18\"><span class=\"versanumer_2007\">18<\/span><\/a> Borgarmenn s\u00f6g\u00f0u \u00fe\u00e1 vi\u00f0 hann \u00e1 sj\u00f6unda degi \u00e1\u00f0ur en s\u00f3l settist:<br \/> <span class=\"ljodatexti\"> Hva\u00f0 er s\u00e6tara en hunang?<br \/>Og hva\u00f0 er sterkara en lj\u00f3n? <\/span> <br \/> Samson sag\u00f0i vi\u00f0 \u00fe\u00e1:<br \/> <span class=\"ljodatexti\"> Ef \u00fei\u00f0 hef\u00f0u\u00f0 ekki pl\u00e6gt me\u00f0 kv\u00edgu minni<br \/> hef\u00f0u\u00f0 \u00fei\u00f0 ekki r\u00e1\u00f0i\u00f0 g\u00e1tu m\u00edna. <\/span> <br \/> <a name=\"19\"><span class=\"versanumer_2007\">19<\/span><\/a> \u00de\u00e1 kom andi Drottins yfir hann svo a\u00f0 hann f\u00f3r ofan til Askalon og drap \u00fear \u00ferj\u00e1t\u00edu menn, t\u00f3k kl\u00e6\u00f0na\u00f0i \u00feeirra og gaf \u00feeim sem h\u00e1t\u00ed\u00f0arkl\u00e6\u00f0i er r\u00e1\u00f0i\u00f0 h\u00f6f\u00f0u g\u00e1tuna. Hann var\u00f0 \u00e1kaflega rei\u00f0ur og f\u00f3r upp til h\u00fass f\u00f6\u00f0ur s\u00edns. <a name=\"20\"><span class=\"versanumer_2007\">20<\/span><\/a> En kona Samsonar giftist br\u00fa\u00f0arsveini hans sem hann haf\u00f0i vali\u00f0 s\u00e9r a\u00f0 svaramanni.<\/p>\n","protected":false},"excerpt":{"rendered":"<p>Samson gengur a\u00f0 eiga konu af \u00e6tt Filistea 1 Samson f\u00f3r ni\u00f0ur til Timna og s\u00e1 \u00fear konu eina. H\u00fan var ein af d\u00e6trum Filistea. 2 S\u00ed\u00f0an f\u00f3r hann heim aftur, sag\u00f0i f\u00f6\u00f0ur s\u00ednum og m\u00f3\u00f0ur fr\u00e1 \u00feessu og m\u00e6lti: \u201e\u00c9g s\u00e1 konu nokkra \u00ed Timna. H\u00fan er ein af d\u00e6trum Filistea. F\u00e1i\u00f0 \u00fei\u00f0 hana m\u00e9r n\u00fa a\u00f0 eiginkonu.\u201c 3 En fa\u00f0ir hans og m\u00f3\u00f0ir s\u00f6g\u00f0u vi\u00f0 hann: \u201eEr \u00fe\u00e1 engin kona me\u00f0al d\u00e6tra fr\u00e6nda \u00feinna og me\u00f0al \u00fej\u00f3\u00f0ar minnar, a\u00f0 \u00fe\u00fa \u00feurfir a\u00f0 fara og taka \u00fe\u00e9r konu af Filisteum sem eru \u00f3umskornir?\u201c Samson svara\u00f0i f\u00f6\u00f0ur s\u00ednum: \u201eF\u00e1\u00f0u m\u00e9r <a href=\"https:\/\/biblian.is\/biblian\/domarabokin-14-kafli\/\"> [&#8230;]<\/a><\/p>\n","protected":false},"author":1,"featured_media":0,"parent":0,"menu_order":0,"comment_status":"open","ping_status":"open","template":"bibliukaflar_NT.php","meta":{"footnotes":""},"class_list":["post-1842","page","type-page","status-publish","hentry"],"_links":{"self":[{"href":"https:\/\/biblian.is\/biblian\/wp-json\/wp\/v2\/pages\/1842","targetHints":{"allow":["GET"]}}],"collection":[{"href":"https:\/\/biblian.is\/biblian\/wp-json\/wp\/v2\/pages"}],"about":[{"href":"https:\/\/biblian.is\/biblian\/wp-json\/wp\/v2\/types\/page"}],"author":[{"embeddable":true,"href":"https:\/\/biblian.is\/biblian\/wp-json\/wp\/v2\/users\/1"}],"replies":[{"embeddable":true,"href":"https:\/\/biblian.is\/biblian\/wp-json\/wp\/v2\/comments?post=1842"}],"version-history":[{"count":0,"href":"https:\/\/biblian.is\/biblian\/wp-json\/wp\/v2\/pages\/1842\/revisions"}],"wp:attachment":[{"href":"https:\/\/biblian.is\/biblian\/wp-json\/wp\/v2\/media?parent=1842"}],"curies":[{"name":"wp","href":"https:\/\/api.w.org\/{rel}","templated":true}]}}