{"id":1841,"date":"2017-12-30T21:00:40","date_gmt":"2017-12-30T21:00:40","guid":{"rendered":"http:\/\/biblian.is\/biblian\/d%c2%97marab%c2%97kin-13-kafli\/"},"modified":"2024-07-03T13:13:06","modified_gmt":"2024-07-03T13:13:06","slug":"domarabokin-13-kafli","status":"publish","type":"page","link":"https:\/\/biblian.is\/biblian\/domarabokin-13-kafli\/","title":{"rendered":"D\u00f3marab\u00f3kin 13. kafli"},"content":{"rendered":"<h3 class=\"millifyrirsogn_2007\"> F\u00e6\u00f0ing Samsonar<\/h3>\n<p><a name=\"1\"><span class=\"versanumer_2007\">1<\/span><\/a> \u00cdsraelsmenn ger\u00f0u enn a\u00f0 n\u00fdju \u00fea\u00f0 sem illt var \u00ed augum Drottins. \u00de\u00e1 gaf Drottinn \u00fe\u00e1 \u00ed hendur Filisteum \u00ed fj\u00f6rut\u00edu \u00e1r.<br \/> <a name=\"2\"><span class=\"versanumer_2007\">2<\/span><\/a> Ma\u00f0ur er nefndur Man\u00f3a. Hann var fr\u00e1 Sorea, af \u00e6tt Dans. Kona hans var \u00f3byrja og haf\u00f0i ekki barn ali\u00f0. <a name=\"3\"><span class=\"versanumer_2007\">3<\/span><\/a> Engill Drottins birtist konunni og sag\u00f0i vi\u00f0 hana: \u201e\u00de\u00fa ert \u00f3byrja og hefur ekkert barn ali\u00f0 en \u00fe\u00fa munt ver\u00f0a \u00feungu\u00f0 og f\u00e6\u00f0a son. <a name=\"4\"><span class=\"versanumer_2007\">4<\/span><\/a> Haf\u00f0u n\u00fa g\u00e6tur \u00e1 \u00fe\u00e9r, drekktu hvorki v\u00edn n\u00e9 \u00e1fengan drykk og legg\u00f0u \u00fe\u00e9r ekkert \u00f3hreint til munns <a name=\"5\"><span class=\"versanumer_2007\">5<\/span><\/a> \u00fev\u00ed a\u00f0 \u00fe\u00fa ver\u00f0ur \u00feungu\u00f0 og f\u00e6\u00f0ir son og skal rakhn\u00edfur ekki koma \u00e1 h\u00f6fu\u00f0 hans \u00fev\u00ed a\u00f0 sveinninn skal vera helga\u00f0ur Gu\u00f0i allt fr\u00e1 m\u00f3\u00f0url\u00edfi og hann mun hefja frelsun \u00cdsraels \u00far hendi Filistea.\u201c <a name=\"6\"><span class=\"versanumer_2007\">6<\/span><\/a> \u00de\u00e1 f\u00f3r konan og sag\u00f0i vi\u00f0 mann sinn: \u201eGu\u00f0sma\u00f0ur nokkur kom til m\u00edn og var hann svo \u00f3gurlegur \u00e1s\u00fdndum sem engill Gu\u00f0s v\u00e6ri en \u00e9g spur\u00f0i hann ekki hva\u00f0an hann v\u00e6ri og nafn sitt sag\u00f0i hann m\u00e9r ekki. <a name=\"7\"><span class=\"versanumer_2007\">7<\/span><\/a> Hann sag\u00f0i vi\u00f0 mig: \u00de\u00fa munt ver\u00f0a \u00feungu\u00f0 og f\u00e6\u00f0a son. Drekktu \u00fev\u00ed hvorki v\u00edn n\u00e9 \u00e1fengan drykk og legg\u00f0u \u00fe\u00e9r ekkert \u00f3hreint til munns \u00fev\u00ed a\u00f0 sveinninn skal vera helga\u00f0ur Gu\u00f0i allt fr\u00e1 m\u00f3\u00f0url\u00edfi til dau\u00f0adags.\u201c<br \/> <a name=\"8\"><span class=\"versanumer_2007\">8<\/span><\/a> \u00de\u00e1 ba\u00f0 Man\u00f3a Drottin og sag\u00f0i: \u201e\u00c6, herra, l\u00e1ttu gu\u00f0smanninn, sem \u00fe\u00fa sendir, koma til okkar aftur svo a\u00f0 hann geti kennt okkur hvernig vi\u00f0 eigum a\u00f0 fara me\u00f0 sveininn sem \u00e1 a\u00f0 f\u00e6\u00f0ast.\u201c <a name=\"9\"><span class=\"versanumer_2007\">9<\/span><\/a> Gu\u00f0 heyr\u00f0i b\u00e6n Man\u00f3a og engill Gu\u00f0s kom aftur til konunnar. Var h\u00fan \u00fe\u00e1 st\u00f6dd \u00fati \u00e1 v\u00ed\u00f0avangi og Man\u00f3a ma\u00f0ur hennar var ekki hj\u00e1 henni. <a name=\"10\"><span class=\"versanumer_2007\">10<\/span><\/a> \u00de\u00e1 hlj\u00f3p konan sem skj\u00f3tast til manns s\u00edns og sag\u00f0i vi\u00f0 hann: \u201eMa\u00f0urinn, sem kom til m\u00edn um daginn, hefur birst m\u00e9r.\u201c <a name=\"11\"><span class=\"versanumer_2007\">11<\/span><\/a> \u00de\u00e1 reis Man\u00f3a upp og f\u00f3r \u00e1 eftir konu sinni. Hann kom til mannsins og sag\u00f0i vi\u00f0 hann: \u201eErt \u00fe\u00fa ma\u00f0urinn sem tala\u00f0ir vi\u00f0 konuna?\u201c Hann svara\u00f0i: \u201eJ\u00e1.\u201c <a name=\"12\"><span class=\"versanumer_2007\">12<\/span><\/a> \u00de\u00e1 sag\u00f0i Man\u00f3a: \u201eEf \u00fea\u00f0 kemur fram sem \u00fe\u00fa hefur sagt, hvernig \u00e1 \u00fe\u00e1 a\u00f0 fara me\u00f0 sveininn og hva\u00f0 \u00e1 hann a\u00f0 gera?\u201c <a name=\"13\"><span class=\"versanumer_2007\">13<\/span><\/a> Engill Drottins sag\u00f0i vi\u00f0 Man\u00f3a: \u201eKonan skal for\u00f0ast allt \u00fea\u00f0 sem \u00e9g hef sagt henni. <a name=\"14\"><span class=\"versanumer_2007\">14<\/span><\/a> H\u00fan skal ekkert \u00fea\u00f0 sn\u00e6\u00f0a er af v\u00ednvi\u00f0i kemur, hvorki drekka v\u00edn n\u00e9 \u00e1fengan drykk, og ekki leggja s\u00e9r neitt \u00f3hreint til munns. H\u00fan skal g\u00e6ta alls \u00feess sem \u00e9g hef bo\u00f0i\u00f0 henni.\u201c<br \/> <a name=\"15\"><span class=\"versanumer_2007\">15<\/span><\/a> \u00de\u00e1 sag\u00f0i Man\u00f3a vi\u00f0 engil Drottins: \u201eLeyf\u00f0u okkur a\u00f0 tefja \u00feig stundarkorn svo a\u00f0 vi\u00f0 getum elda\u00f0 handa \u00fe\u00e9r ki\u00f0ling.\u201c <a name=\"16\"><span class=\"versanumer_2007\">16<\/span><\/a> En engill Drottins sag\u00f0i vi\u00f0 Man\u00f3a: \u201e\u00de\u00f3tt \u00fe\u00fa f\u00e1ir mig til a\u00f0 tefja sn\u00e6\u00f0i \u00e9g samt ekki af mat \u00fe\u00ednum en viljir \u00fe\u00fa \u00fatb\u00faa brennif\u00f3rn skaltu f\u00e6ra Drottni hana.\u201c <a name=\"17\"><span class=\"versanumer_2007\">17<\/span><\/a> En Man\u00f3a vissi ekki a\u00f0 \u00feetta var engill Drottins. \u00de\u00e1 sag\u00f0i Man\u00f3a vi\u00f0 engil Drottins: \u201eHvert er nafn \u00feitt? R\u00e6tist or\u00f0 \u00fe\u00edn munum vi\u00f0 tigna \u00feig.\u201c <a name=\"18\"><span class=\"versanumer_2007\">18<\/span><\/a> Engill Drottins svara\u00f0i honum: \u201eHv\u00ed spyr\u00f0 \u00fe\u00fa mig a\u00f0 nafni? Nafn mitt er undursamlegt.\u201c <a name=\"19\"><span class=\"versanumer_2007\">19<\/span><\/a> Man\u00f3a t\u00f3k geithafurinn og matf\u00f3rnina og f\u00e6r\u00f0i hana Drottni \u00e1 kletti einum. \u00de\u00e1 ur\u00f0u undur mikil a\u00f0 \u00feeim Man\u00f3a og konu hans \u00e1sj\u00e1andi. <a name=\"20\"><span class=\"versanumer_2007\">20<\/span><\/a> \u00deegar logann lag\u00f0i upp af altarinu til himins lei\u00f0 engill Drottins upp \u00ed altarisloganum. \u00deegar \u00feau Man\u00f3a og kona hans s\u00e1u \u00fea\u00f0 f\u00e9llu \u00feau til jar\u00f0ar fram \u00e1 \u00e1sj\u00f3nu s\u00edna. <a name=\"21\"><span class=\"versanumer_2007\">21<\/span><\/a> Eftir \u00feetta birtist engill Drottins Man\u00f3a og konu hans ekki framar. \u00de\u00e1 s\u00e1 Man\u00f3a a\u00f0 \u00feetta haf\u00f0i veri\u00f0 engill Drottins. <a name=\"22\"><span class=\"versanumer_2007\">22<\/span><\/a> Man\u00f3a sag\u00f0i vi\u00f0 konu s\u00edna: \u201eVi\u00f0 munum \u00f6rugglega deyja \u00fev\u00ed a\u00f0 vi\u00f0 h\u00f6fum s\u00e9\u00f0 Gu\u00f0.\u201c<br \/> <a name=\"23\"><span class=\"versanumer_2007\">23<\/span><\/a> En kona hans svara\u00f0i: \u201eHef\u00f0i Drottinn vilja\u00f0 dey\u00f0a okkur \u00fe\u00e1 hef\u00f0i hann ekki \u00feegi\u00f0 brennif\u00f3rn og matf\u00f3rn af okkur e\u00f0a l\u00e1ti\u00f0 okkur sj\u00e1 allt \u00feetta og \u00fe\u00e1 hef\u00f0i hann ekki l\u00e1ti\u00f0 okkur heyra hluti sem \u00feessa.\u201c<br \/> <a name=\"24\"><span class=\"versanumer_2007\">24<\/span><\/a> Konan \u00f3l son og nefndi hann Samson og sveinninn \u00f3x upp og Drottinn blessa\u00f0i hann. <a name=\"25\"><span class=\"versanumer_2007\">25<\/span><\/a> Og andi Drottins t\u00f3k a\u00f0 hreyfa vi\u00f0 honum \u00ed herb\u00fa\u00f0um Dans milli Sorea og Esta\u00f3l.<\/p>\n","protected":false},"excerpt":{"rendered":"<p>F\u00e6\u00f0ing Samsonar 1 \u00cdsraelsmenn ger\u00f0u enn a\u00f0 n\u00fdju \u00fea\u00f0 sem illt var \u00ed augum Drottins. \u00de\u00e1 gaf Drottinn \u00fe\u00e1 \u00ed hendur Filisteum \u00ed fj\u00f6rut\u00edu \u00e1r. 2 Ma\u00f0ur er nefndur Man\u00f3a. Hann var fr\u00e1 Sorea, af \u00e6tt Dans. Kona hans var \u00f3byrja og haf\u00f0i ekki barn ali\u00f0. 3 Engill Drottins birtist konunni og sag\u00f0i vi\u00f0 hana: \u201e\u00de\u00fa ert \u00f3byrja og hefur ekkert barn ali\u00f0 en \u00fe\u00fa munt ver\u00f0a \u00feungu\u00f0 og f\u00e6\u00f0a son. 4 Haf\u00f0u n\u00fa g\u00e6tur \u00e1 \u00fe\u00e9r, drekktu hvorki v\u00edn n\u00e9 \u00e1fengan drykk og legg\u00f0u \u00fe\u00e9r ekkert \u00f3hreint til munns 5 \u00fev\u00ed a\u00f0 \u00fe\u00fa ver\u00f0ur \u00feungu\u00f0 og f\u00e6\u00f0ir son og <a href=\"https:\/\/biblian.is\/biblian\/domarabokin-13-kafli\/\"> [&#8230;]<\/a><\/p>\n","protected":false},"author":1,"featured_media":0,"parent":0,"menu_order":0,"comment_status":"open","ping_status":"open","template":"bibliukaflar_NT.php","meta":{"footnotes":""},"class_list":["post-1841","page","type-page","status-publish","hentry"],"_links":{"self":[{"href":"https:\/\/biblian.is\/biblian\/wp-json\/wp\/v2\/pages\/1841","targetHints":{"allow":["GET"]}}],"collection":[{"href":"https:\/\/biblian.is\/biblian\/wp-json\/wp\/v2\/pages"}],"about":[{"href":"https:\/\/biblian.is\/biblian\/wp-json\/wp\/v2\/types\/page"}],"author":[{"embeddable":true,"href":"https:\/\/biblian.is\/biblian\/wp-json\/wp\/v2\/users\/1"}],"replies":[{"embeddable":true,"href":"https:\/\/biblian.is\/biblian\/wp-json\/wp\/v2\/comments?post=1841"}],"version-history":[{"count":0,"href":"https:\/\/biblian.is\/biblian\/wp-json\/wp\/v2\/pages\/1841\/revisions"}],"wp:attachment":[{"href":"https:\/\/biblian.is\/biblian\/wp-json\/wp\/v2\/media?parent=1841"}],"curies":[{"name":"wp","href":"https:\/\/api.w.org\/{rel}","templated":true}]}}