{"id":1839,"date":"2017-12-30T21:00:40","date_gmt":"2017-12-30T21:00:40","guid":{"rendered":"http:\/\/biblian.is\/biblian\/d%c2%97marab%c2%97kin-11-kafli\/"},"modified":"2024-07-03T13:13:05","modified_gmt":"2024-07-03T13:13:05","slug":"domarabokin-11-kafli","status":"publish","type":"page","link":"https:\/\/biblian.is\/biblian\/domarabokin-11-kafli\/","title":{"rendered":"D\u00f3marab\u00f3kin 11. kafli"},"content":{"rendered":"<h3 class=\"millifyrirsogn_2007\"> Jefta kj\u00f6rinn lei\u00f0togi<\/h3>\n<p><a name=\"1\"><span class=\"versanumer_2007\">1<\/span><\/a> Jefta G\u00edlea\u00f0sson var miki\u00f0 hraustmenni en hann var \u00f3skilgetinn. G\u00edlea\u00f0 haf\u00f0i geti\u00f0 Jefta <a name=\"2\"><span class=\"versanumer_2007\">2<\/span><\/a> en kona G\u00edlea\u00f0s f\u00e6ddi honum syni og \u00feegar \u00feeir uxu \u00far grasi r\u00e1ku \u00feeir Jefta burt og s\u00f6g\u00f0u vi\u00f0 hann: \u201eEkki hl\u00fdtur \u00fe\u00fa arf \u00ed \u00e6tt okkar. \u00de\u00fa ert sonur annarrar konu.\u201c <a name=\"3\"><span class=\"versanumer_2007\">3<\/span><\/a> \u00de\u00e1 fl\u00fd\u00f0i Jefta burt fr\u00e1 br\u00e6\u00f0rum s\u00ednum og settist a\u00f0 \u00ed landinu T\u00f3b. En lausamenn s\u00f6fnu\u00f0ust til Jefta og fylgdu honum. <a name=\"4\"><span class=\"versanumer_2007\">4<\/span><\/a> Nokkru s\u00ed\u00f0ar t\u00f3ku Amm\u00f3n\u00edtar a\u00f0 herja \u00e1 \u00cdsrael <a name=\"5\"><span class=\"versanumer_2007\">5<\/span><\/a> og \u00feegar Amm\u00f3n\u00edtar herju\u00f0u \u00e1 \u00cdsrael f\u00f3ru \u00f6ldungarnir \u00ed G\u00edlea\u00f0 til landsins T\u00f3b til \u00feess a\u00f0 s\u00e6kja Jefta. <a name=\"6\"><span class=\"versanumer_2007\">6<\/span><\/a> \u00deeir s\u00f6g\u00f0u vi\u00f0 Jefta: \u201eKomdu og vertu fyrirli\u00f0i okkar. \u00de\u00e1 getum vi\u00f0 barist vi\u00f0 Amm\u00f3n\u00edta.\u201c <a name=\"7\"><span class=\"versanumer_2007\">7<\/span><\/a> Jefta svara\u00f0i \u00f6ldungunum \u00ed G\u00edlea\u00f0: \u201eHafi\u00f0 \u00fei\u00f0 ekki s\u00fdnt m\u00e9r fjandskap og hraki\u00f0 mig fr\u00e1 fj\u00f6lskyldu minni? Hv\u00ed komi\u00f0 \u00fei\u00f0 \u00fe\u00e1 til m\u00edn n\u00fa \u00feegar \u00fei\u00f0 eru\u00f0 \u00ed nau\u00f0um staddir?\u201c <a name=\"8\"><span class=\"versanumer_2007\">8<\/span><\/a> \u00d6ldungarnir \u00ed G\u00edlea\u00f0 s\u00f6g\u00f0u vi\u00f0 Jefta: \u201eVi\u00f0 erum komnir til \u00fe\u00edn til \u00feess a\u00f0 \u00fe\u00fa komir me\u00f0 okkur og berjist vi\u00f0 Amm\u00f3n\u00edta. \u00de\u00e1 skaltu ver\u00f0a h\u00f6f\u00f0ingi allra okkar sem b\u00faum \u00ed G\u00edlea\u00f0.\u201c <a name=\"9\"><span class=\"versanumer_2007\">9<\/span><\/a> \u00de\u00e1 sag\u00f0i Jefta vi\u00f0 \u00f6ldungana \u00ed G\u00edlea\u00f0: \u201eEf \u00fei\u00f0 fylgi\u00f0 m\u00e9r til \u00feess a\u00f0 berjast vi\u00f0 Amm\u00f3n\u00edta og Drottinn gefur \u00fe\u00e1 m\u00e9r \u00e1 vald, \u00fe\u00e1 vil \u00e9g vera h\u00f6f\u00f0ingi yfir ykkur.\u201c <a name=\"10\"><span class=\"versanumer_2007\">10<\/span><\/a> \u00de\u00e1 s\u00f6g\u00f0u \u00f6ldungarnir \u00ed G\u00edlea\u00f0 vi\u00f0 Jefta: \u201eDrottinn hlusti \u00e1 og votti or\u00f0 okkar og refsi okkur ef vi\u00f0 f\u00f6rum ekki a\u00f0 or\u00f0um \u00fe\u00ednum.\u201c <a name=\"11\"><span class=\"versanumer_2007\">11<\/span><\/a> Jefta f\u00f3r me\u00f0 \u00f6ldungunum \u00ed G\u00edlea\u00f0 og l\u00fd\u00f0urinn t\u00f3k hann til h\u00f6f\u00f0ingja og lei\u00f0toga yfir s\u00e9r. Og Jefta endurt\u00f3k or\u00f0 s\u00edn \u00f6ll frammi fyrir Drottni \u00ed Mispa.<br \/> <a name=\"12\"><span class=\"versanumer_2007\">12<\/span><\/a> \u00de\u00e1 ger\u00f0i Jefta sendimenn \u00e1 fund konungs Amm\u00f3n\u00edta og l\u00e9t segja honum: \u201eHva\u00f0 \u00e1ttu s\u00f6k\u00f3tt vi\u00f0 mig \u00feegar \u00fe\u00fa kemur gegn m\u00e9r til \u00feess a\u00f0 herja \u00e1 land mitt?\u201c <a name=\"13\"><span class=\"versanumer_2007\">13<\/span><\/a> Konungur Amm\u00f3n\u00edta svara\u00f0i sendim\u00f6nnum Jefta: \u201e\u00cdsrael lag\u00f0i undir sig land mitt \u00feegar hann kom fr\u00e1 Egyptalandi, fr\u00e1 Arnon til Jabbok og allt a\u00f0 J\u00f3rdan. Skila\u00f0u \u00fev\u00ed n\u00fa aftur \u00f3fri\u00f0arlaust.\u201c <a name=\"14\"><span class=\"versanumer_2007\">14<\/span><\/a> Jefta ger\u00f0i enn menn \u00e1 fund konungs Amm\u00f3n\u00edta <a name=\"15\"><span class=\"versanumer_2007\">15<\/span><\/a> og l\u00e9t segja honum: \u201eSvo segir Jefta: \u00cdsrael lag\u00f0i hvorki undir sig M\u00f3absland n\u00e9 land Amm\u00f3n\u00edta <a name=\"16\"><span class=\"versanumer_2007\">16<\/span><\/a> \u00fev\u00ed a\u00f0 \u00feegar \u00feeir f\u00f3ru af Egyptalandi og \u00cdsrael haf\u00f0i fari\u00f0 um ey\u00f0im\u00f6rkina a\u00f0 Sefhafi og var kominn til Kades, <a name=\"17\"><span class=\"versanumer_2007\">17<\/span><\/a> \u00fe\u00e1 sendi \u00cdsrael menn \u00e1 fund konungsins \u00ed Ed\u00f3m og l\u00e9t segja honum: Leyf\u00f0u m\u00e9r a\u00f0 fara um land \u00feitt. En konungurinn \u00ed Ed\u00f3m daufheyr\u00f0ist vi\u00f0. \u00de\u00e1 sendi hann og til konungsins \u00ed M\u00f3ab en hann hafna\u00f0i b\u00f3ninni. H\u00e9lt \u00cdsrael \u00fe\u00e1 kyrru fyrir \u00ed Kades, <a name=\"18\"><span class=\"versanumer_2007\">18<\/span><\/a> h\u00e9lt s\u00ed\u00f0an \u00e1fram um ey\u00f0im\u00f6rkina, f\u00f3r \u00e1 svig vi\u00f0 Ed\u00f3msland og M\u00f3absland, kom austan a\u00f0 M\u00f3abslandi og setti b\u00fa\u00f0ir s\u00ednar hinum megin vi\u00f0 Arnon. En inn yfir landam\u00e6ri M\u00f3abs komu \u00feeir ekki \u00fev\u00ed a\u00f0 vi\u00f0 Arnon eru landam\u00e6ri M\u00f3abs. <a name=\"19\"><span class=\"versanumer_2007\">19<\/span><\/a> \u00de\u00e1 ger\u00f0i \u00cdsrael sendimenn \u00e1 fund S\u00edhons Amor\u00edtakonungs, konungs \u00ed Hesbon, og l\u00e9t segja honum: Leyf\u00f0u okkur a\u00f0 fara um land \u00feitt \u00feanga\u00f0 sem fer\u00f0 okkar er heiti\u00f0. <a name=\"20\"><span class=\"versanumer_2007\">20<\/span><\/a> S\u00edhon treysti \u00cdsrael \u00fe\u00f3 ekki svo vel a\u00f0 hann vildi leyfa honum a\u00f0 fara um land sitt heldur safna\u00f0i hann \u00f6llu li\u00f0i s\u00ednu, sl\u00f3 upp herb\u00fa\u00f0um \u00ed Jahas og bar\u00f0ist vi\u00f0 \u00cdsrael. <a name=\"21\"><span class=\"versanumer_2007\">21<\/span><\/a> En Drottinn, Gu\u00f0 \u00cdsraels, gaf S\u00edhon og allt hans li\u00f0 \u00ed hendur \u00cdsraels svo a\u00f0 \u00feeir unnu sigur \u00e1 \u00feeim og lag\u00f0i \u00cdsrael undir sig allt land Amor\u00edtanna sem bygg\u00f0u \u00fea\u00f0 land. <a name=\"22\"><span class=\"versanumer_2007\">22<\/span><\/a> L\u00f6g\u00f0u \u00feeir \u00feannig undir sig allt land Amor\u00edta fr\u00e1 Arnon a\u00f0 Jabbok og fr\u00e1 ey\u00f0im\u00f6rkinni a\u00f0 J\u00f3rdan. <a name=\"23\"><span class=\"versanumer_2007\">23<\/span><\/a> Drottinn, Gu\u00f0 \u00cdsraels, hefur \u00fev\u00ed st\u00f6kkt Amor\u00edtum burt undan l\u00fd\u00f0 s\u00ednum \u00cdsrael og n\u00fa \u00e6tlar \u00fe\u00fa a\u00f0 taka land hans til eignar? <a name=\"24\"><span class=\"versanumer_2007\">24<\/span><\/a> Tekur \u00fe\u00fa ekki til eignar \u00fea\u00f0 sem Kamos, gu\u00f0 \u00feinn, gefur \u00fe\u00e9r til eignar? Eins t\u00f6kum vi\u00f0 til eignar land allra \u00feeirra sem Drottinn, Gu\u00f0 okkar, hrekur burt undan okkur. <a name=\"25\"><span class=\"versanumer_2007\">25<\/span><\/a> Ertu \u00fe\u00e1 nokkru betri en Balak Sipp\u00f3rsson, konungur \u00ed M\u00f3ab? \u00c1tti hann \u00ed deilum vi\u00f0 \u00cdsrael e\u00f0a f\u00f3r hann me\u00f0 herna\u00f0 \u00e1 hendur honum? <a name=\"26\"><span class=\"versanumer_2007\">26<\/span><\/a> Fyrst \u00cdsrael hefur b\u00fai\u00f0 \u00ed Hesbon og sm\u00e1borgunum \u00ed grennd og \u00ed Ar\u00f3er og sm\u00e1borgunum \u00ed grennd og \u00ed \u00f6llum borgunum sem liggja b\u00e1\u00f0um megin Arnon\u00e1r \u00ed \u00ferj\u00fa hundru\u00f0 \u00e1r, hvers vegna hafi\u00f0 \u00fei\u00f0 \u00fe\u00e1 ekki n\u00e1\u00f0 \u00feeim aftur allan \u00feennan t\u00edma? <a name=\"27\"><span class=\"versanumer_2007\">27<\/span><\/a> \u00c9g hef ekki gert \u00fe\u00e9r neitt mein en \u00fe\u00fa beitir mig rangl\u00e6ti og \u00fe\u00fa herjar \u00e1 mig. Drottinn, d\u00f3marinn, d\u00e6mi \u00ed dag milli \u00cdsraelsmanna og Amm\u00f3n\u00edta.\u201c <a name=\"28\"><span class=\"versanumer_2007\">28<\/span><\/a> En konungur Amm\u00f3n\u00edta sinnti ekki bo\u00f0um Jefta sem hann l\u00e9t f\u00e6ra honum.<br \/> <a name=\"29\"><span class=\"versanumer_2007\">29<\/span><\/a> \u00de\u00e1 kom andi Drottins yfir Jefta og hann f\u00f3r um G\u00edlea\u00f0 og Manasse og til Mispe \u00ed G\u00edlea\u00f0 og fr\u00e1 Mispe \u00ed G\u00edlea\u00f0 f\u00f3r hann gegn Amm\u00f3n\u00edtum. <a name=\"30\"><span class=\"versanumer_2007\">30<\/span><\/a> Og Jefta vann Drottni heit og sag\u00f0i: \u201eEf \u00fe\u00fa selur Amm\u00f3n\u00edta \u00ed hendur m\u00e9r <a name=\"31\"><span class=\"versanumer_2007\">31<\/span><\/a> skal s\u00e1 sem fyrstur gengur \u00fat \u00far dyrum h\u00fass m\u00edns \u00e1 m\u00f3ti m\u00e9r \u00feegar \u00e9g sn\u00fd aftur heilu og h\u00f6ldnu fr\u00e1 Amm\u00f3n\u00edtum, tilheyra Drottni og \u00e9g skal f\u00f3rna honum sem brennif\u00f3rn.\u201c <a name=\"32\"><span class=\"versanumer_2007\">32<\/span><\/a> S\u00ed\u00f0an h\u00e9lt Jefta gegn Amm\u00f3n\u00edtum til \u00feess a\u00f0 berjast vi\u00f0 \u00fe\u00e1 og Drottinn gaf \u00fe\u00e1 honum \u00ed hendur. <a name=\"33\"><span class=\"versanumer_2007\">33<\/span><\/a> Hann vann mikinn sigur \u00e1 \u00feeim fr\u00e1 Ar\u00f3er og alla lei\u00f0 til Minn\u00edt, vann tuttugu borgir, og til AbelKeram\u00edm. \u00deannig ur\u00f0u Amm\u00f3n\u00edtar a\u00f0 l\u00fata \u00ed l\u00e6gra haldi fyrir \u00cdsraelsm\u00f6nnum.<\/p>\n<h3 class=\"millifyrirsogn_2007\">D\u00f3ttir Jefta<\/h3>\n<p><a name=\"34\"><span class=\"versanumer_2007\">34<\/span><\/a> \u00deegar Jefta kom heim til h\u00fass s\u00edns \u00ed Mispa gekk d\u00f3ttir hans \u00fat \u00e1 m\u00f3ti honum me\u00f0 trumbusl\u00e6tti og dansi. H\u00fan var einkabarn hans og \u00e1tti hann engan son e\u00f0a d\u00f3ttur nema hana. <a name=\"35\"><span class=\"versanumer_2007\">35<\/span><\/a> \u00deegar hann s\u00e1 hana reif hann kl\u00e6\u00f0i s\u00edn og sag\u00f0i: \u201e\u00c6, d\u00f3ttir m\u00edn, n\u00fa hryggir\u00f0u mig s\u00e1rlega. Sj\u00e1lf veldur \u00fe\u00fa m\u00e9r n\u00fa s\u00e1rustum trega. \u00c9g hef loki\u00f0 upp munni m\u00ednum vi\u00f0 Drottin og \u00e9g get ekki teki\u00f0 heit mitt aftur.\u201c <a name=\"36\"><span class=\"versanumer_2007\">36<\/span><\/a> En h\u00fan sag\u00f0i vi\u00f0 hann: \u201eFa\u00f0ir minn, ef \u00fe\u00fa hefur loki\u00f0 upp munni \u00fe\u00ednum vi\u00f0 Drottin, ger\u00f0u \u00fe\u00e1 vi\u00f0 mig eins og munnur \u00feinn hefur lofa\u00f0 fyrst Drottinn hefur l\u00e1ti\u00f0 \u00feig koma fram hefndum \u00e1 \u00f3vinum \u00fe\u00ednum, Amm\u00f3n\u00edtum.\u201c <a name=\"37\"><span class=\"versanumer_2007\">37<\/span><\/a> Og enn sag\u00f0i h\u00fan vi\u00f0 f\u00f6\u00f0ur sinn: \u201eGer\u00f0u \u00feetta fyrir mig: L\u00e1ttu mig f\u00e1 tveggja m\u00e1na\u00f0a frest svo a\u00f0 \u00e9g geti fari\u00f0 h\u00e9r ofan \u00ed fj\u00f6llin og harma\u00f0 \u00fea\u00f0 me\u00f0 stallsystrum m\u00ednum a\u00f0 \u00e9g ver\u00f0i a\u00f0 deyja ung m\u00e6r.\u201c<br \/> <a name=\"38\"><span class=\"versanumer_2007\">38<\/span><\/a> Hann sag\u00f0i: \u201eFar\u00f0u,\u201c og l\u00e9t hana fara burt \u00ed tvo m\u00e1nu\u00f0i. F\u00f3r h\u00fan \u00fe\u00e1 burt me\u00f0 stallsystrum s\u00ednum og gr\u00e9t \u00fea\u00f0 \u00e1 fj\u00f6llunum a\u00f0 h\u00fan yr\u00f0i a\u00f0 deyja ung m\u00e6r. <a name=\"39\"><span class=\"versanumer_2007\">39<\/span><\/a> En a\u00f0 tveimur m\u00e1nu\u00f0um li\u00f0num sneri h\u00fan aftur til f\u00f6\u00f0ur s\u00edns og hann f\u00f3r me\u00f0 hana samkv\u00e6mt heitinu sem hann haf\u00f0i unni\u00f0. En h\u00fan haf\u00f0i aldrei karlmanns kennt. Var\u00f0 \u00fea\u00f0 \u00fev\u00ed si\u00f0ur \u00ed \u00cdsrael <a name=\"40\"><span class=\"versanumer_2007\">40<\/span><\/a> a\u00f0 \u00e1rlega fara d\u00e6tur \u00cdsraels a\u00f0 lofsyngja d\u00f3ttur Jefta G\u00edlea\u00f0\u00edta, fj\u00f3ra daga \u00e1 hverju \u00e1ri.<\/p>\n","protected":false},"excerpt":{"rendered":"<p>Jefta kj\u00f6rinn lei\u00f0togi 1 Jefta G\u00edlea\u00f0sson var miki\u00f0 hraustmenni en hann var \u00f3skilgetinn. G\u00edlea\u00f0 haf\u00f0i geti\u00f0 Jefta 2 en kona G\u00edlea\u00f0s f\u00e6ddi honum syni og \u00feegar \u00feeir uxu \u00far grasi r\u00e1ku \u00feeir Jefta burt og s\u00f6g\u00f0u vi\u00f0 hann: \u201eEkki hl\u00fdtur \u00fe\u00fa arf \u00ed \u00e6tt okkar. \u00de\u00fa ert sonur annarrar konu.\u201c 3 \u00de\u00e1 fl\u00fd\u00f0i Jefta burt fr\u00e1 br\u00e6\u00f0rum s\u00ednum og settist a\u00f0 \u00ed landinu T\u00f3b. En lausamenn s\u00f6fnu\u00f0ust til Jefta og fylgdu honum. 4 Nokkru s\u00ed\u00f0ar t\u00f3ku Amm\u00f3n\u00edtar a\u00f0 herja \u00e1 \u00cdsrael 5 og \u00feegar Amm\u00f3n\u00edtar herju\u00f0u \u00e1 \u00cdsrael f\u00f3ru \u00f6ldungarnir \u00ed G\u00edlea\u00f0 til landsins T\u00f3b til \u00feess a\u00f0 s\u00e6kja Jefta. <a href=\"https:\/\/biblian.is\/biblian\/domarabokin-11-kafli\/\"> [&#8230;]<\/a><\/p>\n","protected":false},"author":1,"featured_media":0,"parent":0,"menu_order":0,"comment_status":"open","ping_status":"open","template":"bibliukaflar_NT.php","meta":{"footnotes":""},"class_list":["post-1839","page","type-page","status-publish","hentry"],"_links":{"self":[{"href":"https:\/\/biblian.is\/biblian\/wp-json\/wp\/v2\/pages\/1839","targetHints":{"allow":["GET"]}}],"collection":[{"href":"https:\/\/biblian.is\/biblian\/wp-json\/wp\/v2\/pages"}],"about":[{"href":"https:\/\/biblian.is\/biblian\/wp-json\/wp\/v2\/types\/page"}],"author":[{"embeddable":true,"href":"https:\/\/biblian.is\/biblian\/wp-json\/wp\/v2\/users\/1"}],"replies":[{"embeddable":true,"href":"https:\/\/biblian.is\/biblian\/wp-json\/wp\/v2\/comments?post=1839"}],"version-history":[{"count":0,"href":"https:\/\/biblian.is\/biblian\/wp-json\/wp\/v2\/pages\/1839\/revisions"}],"wp:attachment":[{"href":"https:\/\/biblian.is\/biblian\/wp-json\/wp\/v2\/media?parent=1839"}],"curies":[{"name":"wp","href":"https:\/\/api.w.org\/{rel}","templated":true}]}}