{"id":1838,"date":"2017-12-30T21:00:40","date_gmt":"2017-12-30T21:00:40","guid":{"rendered":"http:\/\/biblian.is\/biblian\/d%c2%97marab%c2%97kin-10-kafli\/"},"modified":"2024-07-03T13:13:05","modified_gmt":"2024-07-03T13:13:05","slug":"domarabokin-10-kafli","status":"publish","type":"page","link":"https:\/\/biblian.is\/biblian\/domarabokin-10-kafli\/","title":{"rendered":"D\u00f3marab\u00f3kin 10. kafli"},"content":{"rendered":"<h3 class=\"millifyrirsogn_2007\"> T\u00f3la og Ja\u00edr<\/h3>\n<p><a name=\"1\"><span class=\"versanumer_2007\">1<\/span><\/a> Eftir Ab\u00edmelek reis upp T\u00f3la P\u00faason, D\u00f3d\u00f3sonar, ma\u00f0ur af \u00cdssakar, til a\u00f0 frelsa \u00cdsrael. Hann bj\u00f3 \u00ed Sam\u00edr \u00e1 Efra\u00edmsfj\u00f6llum <a name=\"2\"><span class=\"versanumer_2007\">2<\/span><\/a> og var d\u00f3mari \u00ed \u00cdsrael \u00ed tuttugu og \u00ferj\u00fa \u00e1r. S\u00ed\u00f0an anda\u00f0ist hann og var grafinn \u00ed Sam\u00edr.<br \/> <a name=\"3\"><span class=\"versanumer_2007\">3<\/span><\/a> Eftir hann reis upp Ja\u00edr fr\u00e1 G\u00edlea\u00f0 og var d\u00f3mari \u00ed \u00cdsrael \u00ed tuttugu og tv\u00f6 \u00e1r.<br \/> <a name=\"4\"><span class=\"versanumer_2007\">4<\/span><\/a> Hann \u00e1tti \u00ferj\u00e1t\u00edu syni sem ri\u00f0u \u00e1 \u00ferj\u00e1t\u00edu \u00f6snufolum og \u00e1ttu \u00ferj\u00e1t\u00edu \u00feorp. Eru \u00feau k\u00f6llu\u00f0 Ja\u00edrs\u00feorp allt fram \u00e1 \u00feennan dag. \u00deau eru \u00ed G\u00edlea\u00f0landi. <a name=\"5\"><span class=\"versanumer_2007\">5<\/span><\/a> S\u00ed\u00f0an anda\u00f0ist Ja\u00edr og var grafinn \u00ed Kam\u00f3n.<\/p>\n<h3 class=\"millifyrirsogn_2007\">Jefta<\/h3>\n<p><a name=\"6\"><span class=\"versanumer_2007\">6<\/span><\/a> \u00cdsraelsmenn ger\u00f0u enn a\u00f0 n\u00fdju \u00fea\u00f0 sem illt var \u00ed augum Drottins og d\u00fdrku\u00f0u Baala og Ast\u00f6rtur, gu\u00f0i Arams, gu\u00f0i S\u00eddonar, gu\u00f0i M\u00f3abs, gu\u00f0i Amm\u00f3n\u00edta og gu\u00f0i Filistea og yfirg\u00e1fu Drottin og d\u00fdrku\u00f0u hann ekki. <a name=\"7\"><span class=\"versanumer_2007\">7<\/span><\/a> \u00de\u00e1 upptendra\u00f0ist rei\u00f0i Drottins gegn \u00cdsrael og hann seldi \u00fe\u00e1 \u00ed hendur Filisteum og \u00ed hendur Amm\u00f3n\u00edtum. <a name=\"8\"><span class=\"versanumer_2007\">8<\/span><\/a> \u00deeir \u00fej\u00e1\u00f0u og \u00fej\u00f6ku\u00f0u \u00cdsraelsmenn \u00fea\u00f0 \u00e1r. \u00cd \u00e1tj\u00e1n \u00e1r \u00fej\u00f6ku\u00f0u \u00feeir alla \u00cdsraelsmenn sem bjuggu \u00ed G\u00edlea\u00f0 hinum megin J\u00f3rdanar \u00ed landi Amor\u00edta. <a name=\"9\"><span class=\"versanumer_2007\">9<\/span><\/a> Enn fremur f\u00f3ru Amm\u00f3n\u00edtar yfir J\u00f3rdan til \u00feess a\u00f0 herja \u00e1 J\u00fada, Benjam\u00edn og \u00e6tt Efra\u00edms svo a\u00f0 \u00cdsrael lenti \u00ed miklum \u00ferengingum.<br \/> <a name=\"10\"><span class=\"versanumer_2007\">10<\/span><\/a> \u00de\u00e1 hr\u00f3pu\u00f0u \u00cdsraelsmenn til Drottins og s\u00f6g\u00f0u: \u201eVi\u00f0 h\u00f6fum syndga\u00f0 gegn \u00fe\u00e9r \u00fev\u00ed a\u00f0 vi\u00f0 h\u00f6fum yfirgefi\u00f0 Gu\u00f0 okkar og d\u00fdrka\u00f0 Baala.\u201c <a name=\"11\"><span class=\"versanumer_2007\">11<\/span><\/a> En Drottinn sag\u00f0i vi\u00f0 \u00cdsraelsmenn: \u201eHafa ekki Egyptar, Amor\u00edtar, Amm\u00f3n\u00edtar, Filistear, <a name=\"12\"><span class=\"versanumer_2007\">12<\/span><\/a> S\u00eddoningar, Amalek\u00edtar og Mid\u00edan\u00edtar k\u00faga\u00f0 ykkur? \u00de\u00e1 hr\u00f3pu\u00f0u\u00f0 \u00fei\u00f0 til m\u00edn og \u00e9g frelsa\u00f0i ykkur \u00far h\u00f6ndum \u00feeirra. <a name=\"13\"><span class=\"versanumer_2007\">13<\/span><\/a> En \u00fei\u00f0 hafi\u00f0 yfirgefi\u00f0 mig og d\u00fdrka\u00f0 a\u00f0ra gu\u00f0i. \u00deess vegna vil \u00e9g ekki hj\u00e1lpa ykkur framar. <a name=\"14\"><span class=\"versanumer_2007\">14<\/span><\/a> Fari\u00f0 og hr\u00f3pi\u00f0 til gu\u00f0a \u00feeirra sem \u00fei\u00f0 hafi\u00f0 vali\u00f0 ykkur. Hj\u00e1lpi \u00feeir ykkur \u00feegar \u00fei\u00f0 eru\u00f0 \u00ed nau\u00f0um.\u201c <a name=\"15\"><span class=\"versanumer_2007\">15<\/span><\/a> \u00de\u00e1 s\u00f6g\u00f0u \u00cdsraelsmenn vi\u00f0 Drottin: \u201eVi\u00f0 h\u00f6fum syndga\u00f0. Ger\u00f0u vi\u00f0 okkur \u00fea\u00f0 sem \u00fe\u00e9r l\u00edkar en frelsa\u00f0u okkur \u00ed dag.\u201c <a name=\"16\"><span class=\"versanumer_2007\">16<\/span><\/a> S\u00ed\u00f0an k\u00f6stu\u00f0u \u00feeir fr\u00e1 s\u00e9r \u00fatlendu gu\u00f0unum og d\u00fdrku\u00f0u Drottin. Gat hann \u00fe\u00e1 ekki una\u00f0 hremmingum \u00cdsraels.<br \/> <a name=\"17\"><span class=\"versanumer_2007\">17<\/span><\/a> \u00de\u00e1 var Amm\u00f3n\u00edtum stefnt saman og settu \u00feeir herb\u00fa\u00f0ir s\u00ednar \u00ed G\u00edlea\u00f0. En \u00cdsraelsmenn s\u00f6fnu\u00f0ust saman og settu herb\u00fa\u00f0ir s\u00ednar \u00ed Mispa. <a name=\"18\"><span class=\"versanumer_2007\">18<\/span><\/a> Herli\u00f0i\u00f0, h\u00f6f\u00f0ingjarnir \u00ed G\u00edlea\u00f0, s\u00f6g\u00f0u hver vi\u00f0 annan: \u201eHver er s\u00e1 ma\u00f0ur sem fyrstur vill hefja \u00f3fri\u00f0 vi\u00f0 Amm\u00f3n\u00edta? Hann skal vera h\u00f6f\u00f0ingi yfir \u00f6llum \u00edb\u00faum G\u00edlea\u00f0s.\u201c<\/p>\n","protected":false},"excerpt":{"rendered":"<p>T\u00f3la og Ja\u00edr 1 Eftir Ab\u00edmelek reis upp T\u00f3la P\u00faason, D\u00f3d\u00f3sonar, ma\u00f0ur af \u00cdssakar, til a\u00f0 frelsa \u00cdsrael. Hann bj\u00f3 \u00ed Sam\u00edr \u00e1 Efra\u00edmsfj\u00f6llum 2 og var d\u00f3mari \u00ed \u00cdsrael \u00ed tuttugu og \u00ferj\u00fa \u00e1r. S\u00ed\u00f0an anda\u00f0ist hann og var grafinn \u00ed Sam\u00edr. 3 Eftir hann reis upp Ja\u00edr fr\u00e1 G\u00edlea\u00f0 og var d\u00f3mari \u00ed \u00cdsrael \u00ed tuttugu og tv\u00f6 \u00e1r. 4 Hann \u00e1tti \u00ferj\u00e1t\u00edu syni sem ri\u00f0u \u00e1 \u00ferj\u00e1t\u00edu \u00f6snufolum og \u00e1ttu \u00ferj\u00e1t\u00edu \u00feorp. Eru \u00feau k\u00f6llu\u00f0 Ja\u00edrs\u00feorp allt fram \u00e1 \u00feennan dag. \u00deau eru \u00ed G\u00edlea\u00f0landi. 5 S\u00ed\u00f0an anda\u00f0ist Ja\u00edr og var grafinn \u00ed Kam\u00f3n. Jefta 6 \u00cdsraelsmenn <a href=\"https:\/\/biblian.is\/biblian\/domarabokin-10-kafli\/\"> [&#8230;]<\/a><\/p>\n","protected":false},"author":1,"featured_media":0,"parent":0,"menu_order":0,"comment_status":"open","ping_status":"open","template":"bibliukaflar_NT.php","meta":{"footnotes":""},"class_list":["post-1838","page","type-page","status-publish","hentry"],"_links":{"self":[{"href":"https:\/\/biblian.is\/biblian\/wp-json\/wp\/v2\/pages\/1838","targetHints":{"allow":["GET"]}}],"collection":[{"href":"https:\/\/biblian.is\/biblian\/wp-json\/wp\/v2\/pages"}],"about":[{"href":"https:\/\/biblian.is\/biblian\/wp-json\/wp\/v2\/types\/page"}],"author":[{"embeddable":true,"href":"https:\/\/biblian.is\/biblian\/wp-json\/wp\/v2\/users\/1"}],"replies":[{"embeddable":true,"href":"https:\/\/biblian.is\/biblian\/wp-json\/wp\/v2\/comments?post=1838"}],"version-history":[{"count":0,"href":"https:\/\/biblian.is\/biblian\/wp-json\/wp\/v2\/pages\/1838\/revisions"}],"wp:attachment":[{"href":"https:\/\/biblian.is\/biblian\/wp-json\/wp\/v2\/media?parent=1838"}],"curies":[{"name":"wp","href":"https:\/\/api.w.org\/{rel}","templated":true}]}}