{"id":1837,"date":"2017-12-30T21:00:35","date_gmt":"2017-12-30T21:00:35","guid":{"rendered":"http:\/\/biblian.is\/biblian\/d%c2%97marab%c2%97kin-9-kafli\/"},"modified":"2024-07-03T13:13:09","modified_gmt":"2024-07-03T13:13:09","slug":"domarabokin-9-kafli","status":"publish","type":"page","link":"https:\/\/biblian.is\/biblian\/domarabokin-9-kafli\/","title":{"rendered":"D\u00f3marab\u00f3kin 9. kafli"},"content":{"rendered":"<h3 class=\"millifyrirsogn_2007\">Ab\u00edmelek<\/h3>\n<p><a name=\"1\"><\/a><span class=\"versanumer_2007\">1<\/span> Ab\u00edmelek Jer\u00fabbaalsson f\u00f3r til S\u00edkem til m\u00f3\u00f0urbr\u00e6\u00f0ra sinna og tala\u00f0i vi\u00f0 \u00fe\u00e1 og vi\u00f0 allt fr\u00e6ndli\u00f0 m\u00f3\u00f0ur\u00e6ttar sinnar \u00e1 \u00feessa lei\u00f0: <a name=\"2\"><\/a><span class=\"versanumer_2007\">2<\/span> \u201eTali\u00f0 svo \u00ed eyru allra S\u00edkemb\u00faa: Hvort fellur ykkur betur a\u00f0 sj\u00f6t\u00edu menn, allir synir Jer\u00fabbaals, drottni yfir ykkur e\u00f0a a\u00f0 einn ma\u00f0ur drottni yfir ykkur? Minnist \u00feess einnig a\u00f0 \u00e9g er hold ykkar og bein.\u201c <a name=\"3\"><\/a><span class=\"versanumer_2007\">3<\/span> M\u00f3\u00f0urbr\u00e6\u00f0ur hans m\u00e6ltu \u00f6ll \u00feessi or\u00f0 um hann \u00ed eyru S\u00edkemb\u00faa svo a\u00f0 hugur \u00feeirra hneig\u00f0ist a\u00f0 Ab\u00edmelek og \u00feeir s\u00f6g\u00f0u: \u201eHann er br\u00f3\u00f0ir okkar.\u201c <a name=\"4\"><\/a><span class=\"versanumer_2007\">4<\/span> \u00deeir g\u00e1fu honum sj\u00f6t\u00edu sikla silfurs \u00far musteri Baals Berits og Ab\u00edmelek leig\u00f0i fyrir \u00fe\u00e1 \u00ferj\u00f3ta og lausamenn og ger\u00f0ist fyrirli\u00f0i \u00feeirra. <a name=\"5\"><\/a><span class=\"versanumer_2007\">5<\/span> \u00dev\u00ed n\u00e6st f\u00f3r hann til h\u00fass f\u00f6\u00f0ur s\u00edns \u00ed Ofra og drap br\u00e6\u00f0ur s\u00edna, syni Jer\u00fabbaals, alls sj\u00f6t\u00edu manns, \u00e1 einum steini. J\u00f3tam, yngsti sonur Jer\u00fabbaals, komst einn undan en hann haf\u00f0i fali\u00f0 sig. <a name=\"6\"><\/a><span class=\"versanumer_2007\">6<\/span> En allir S\u00edkemb\u00faar s\u00f6fnu\u00f0ust n\u00fa saman og allir \u00feeir sem bjuggu \u00ed Bet Mill\u00f3 og t\u00f3ku \u00feeir Ab\u00edmelek til konungs hj\u00e1 merkisteinseikinni vi\u00f0 S\u00edkem.<br \/>\n<a name=\"7\"><\/a><span class=\"versanumer_2007\">7<\/span> \u00deegar J\u00f3tam fr\u00e9tti \u00feetta f\u00f3r hann og st\u00f3\u00f0 \u00e1 tindi Gar\u00eds\u00edmfjalls, h\u00f3f upp r\u00f6dd s\u00edna, kalla\u00f0i og m\u00e6lti til \u00feeirra: \u201eHeyri\u00f0 mig, S\u00edkemb\u00faar, svo a\u00f0 Gu\u00f0 heyri ykkur.<br \/>\n<a name=\"8\"><\/a><span class=\"versanumer_2007\">8<\/span> Einu sinni hug\u00f0ust tr\u00e9n smyrja konung s\u00e9r til handa. Og \u00feau s\u00f6g\u00f0u vi\u00f0 ol\u00edutr\u00e9\u00f0: Ver \u00fe\u00fa konungur yfir okkur. <a name=\"9\"><\/a><span class=\"versanumer_2007\">9<\/span> En ol\u00edutr\u00e9\u00f0 sag\u00f0i vi\u00f0 \u00feau: \u00c1 \u00e9g a\u00f0 l\u00e1ta eftir ol\u00edu m\u00edna sem Gu\u00f0 og menn vir\u00f0a mig fyrir og fara a\u00f0 sveima uppi yfir trj\u00e1num?<br \/>\n<a name=\"10\"><\/a><span class=\"versanumer_2007\">10<\/span> \u00de\u00e1 s\u00f6g\u00f0u tr\u00e9n vi\u00f0 f\u00edkjutr\u00e9\u00f0: Komdu og vertu konungur yfir okkur. <a name=\"11\"><\/a><span class=\"versanumer_2007\">11<\/span> En f\u00edkjutr\u00e9\u00f0 svara\u00f0i \u00feeim: \u00c1 \u00e9g \u00fe\u00e1 a\u00f0 l\u00e1ta eftir s\u00e6tu m\u00edna og \u00e1vextina g\u00f3ms\u00e6tu og fara a\u00f0 sveima uppi yfir trj\u00e1num?<br \/>\n<a name=\"12\"><\/a><span class=\"versanumer_2007\">12<\/span> \u00de\u00e1 s\u00f6g\u00f0u tr\u00e9n vi\u00f0 v\u00ednvi\u00f0inn: Komdu og vertu konungur yfir okkur.<br \/>\n<a name=\"13\"><\/a><span class=\"versanumer_2007\">13<\/span> En v\u00ednvi\u00f0urinn sag\u00f0i vi\u00f0 \u00feau: \u00c1 \u00e9g a\u00f0 l\u00e1ta eftir v\u00ednl\u00f6g minn, sem gle\u00f0ur b\u00e6\u00f0i Gu\u00f0 og menn, og fara a\u00f0 sveima uppi yfir trj\u00e1num?<br \/>\n<a name=\"14\"><\/a><span class=\"versanumer_2007\">14<\/span> \u00de\u00e1 s\u00f6g\u00f0u \u00f6ll tr\u00e9n vi\u00f0 \u00feyrninn: Komdu og vertu konungur yfir okkur. <a name=\"15\"><\/a><span class=\"versanumer_2007\">15<\/span> En \u00feyrnirinn sag\u00f0i vi\u00f0 tr\u00e9n: Ef \u00fea\u00f0 er alvara ykkar a\u00f0 smyrja mig til konungs, komi\u00f0 \u00fe\u00e1 og f\u00e1i\u00f0 ykkur skj\u00f3l \u00ed skugga m\u00ednum. En s\u00e9 ekki svo \u00fe\u00e1 gangi eldur \u00fat fr\u00e1 \u00feyrninum og ey\u00f0i sedrustrj\u00e1num \u00e1 L\u00edbanon.<br \/>\n<a name=\"16\"><\/a><span class=\"versanumer_2007\">16<\/span> Ef \u00fei\u00f0 hafi\u00f0 s\u00fdnt hreinskilni og einl\u00e6gni \u00ed \u00fev\u00ed a\u00f0 taka Ab\u00edmelek til konungs, ef \u00fei\u00f0 hafi\u00f0 gert vel vi\u00f0 Jer\u00fabbaal og h\u00fas hans og ef \u00fei\u00f0 hafi\u00f0 breytt vi\u00f0 hann eins og hann haf\u00f0i til unni\u00f0 &#8211; <a name=\"17\"><\/a><span class=\"versanumer_2007\">17<\/span> \u00fev\u00ed a\u00f0 fa\u00f0ir minn bar\u00f0ist fyrir ykkur og stofna\u00f0i l\u00edfi s\u00ednu \u00ed h\u00e6ttu og ykkur frelsa\u00f0i hann \u00far h\u00f6ndum Mid\u00edans <a name=\"18\"><\/a><span class=\"versanumer_2007\">18<\/span> en \u00fei\u00f0 hafi\u00f0 \u00ed dag risi\u00f0 upp gegn h\u00fasi f\u00f6\u00f0ur m\u00edns og drepi\u00f0 syni hans, sj\u00f6t\u00edu a\u00f0 t\u00f6lu, \u00e1 einum steini og teki\u00f0 Ab\u00edmelek, son amb\u00e1ttar hans, til konungs yfir S\u00edkemb\u00faa af \u00fev\u00ed a\u00f0 hann er br\u00f3\u00f0ir ykkar &#8211; <a name=\"19\"><\/a><span class=\"versanumer_2007\">19<\/span> og ef \u00fei\u00f0 hafi\u00f0 \u00fe\u00e1 s\u00fdnt Jer\u00fabbaal og \u00e6tt hans hreinskilni og einl\u00e6gni \u00ed dag, \u00fe\u00e1 gle\u00f0jist yfir Ab\u00edmelek og gle\u00f0jist hann \u00fe\u00e1 l\u00edka yfir ykkur.<br \/>\n<a name=\"20\"><\/a><span class=\"versanumer_2007\">20<\/span> En ef svo er ekki, \u00fe\u00e1 gangi eldur \u00fat fr\u00e1 Ab\u00edmelek og ey\u00f0i S\u00edkemb\u00faum og \u00feeim sem b\u00faa \u00ed Bet Mill\u00f3 og eldur gangi \u00fat fr\u00e1 S\u00edkemb\u00faum og \u00feeim sem b\u00faa \u00ed Bet Mill\u00f3 og ey\u00f0i Ab\u00edmelek.\u201c <a name=\"21\"><\/a><span class=\"versanumer_2007\">21<\/span> S\u00ed\u00f0an lag\u00f0i J\u00f3tam \u00e1 fl\u00f3tta og f\u00f3r til Beer. \u00dear dvaldist hann vegna Ab\u00edmeleks, br\u00f3\u00f0ur s\u00edns.<br \/>\n<a name=\"22\"><\/a><span class=\"versanumer_2007\">22<\/span> Ab\u00edmelek r\u00e9\u00f0 n\u00fa fyrir \u00cdsrael \u00ed \u00ferj\u00fa \u00e1r. <a name=\"23\"><\/a><span class=\"versanumer_2007\">23<\/span> \u00de\u00e1 sendi Gu\u00f0 anda sundur\u00feykkis milli Ab\u00edmeleks og S\u00edkemb\u00faa, svo a\u00f0 S\u00edkemb\u00faar brug\u00f0u tr\u00fana\u00f0i vi\u00f0 Ab\u00edmelek, <a name=\"24\"><\/a><span class=\"versanumer_2007\">24<\/span> til \u00feess a\u00f0 hefnd g\u00e6ti komi\u00f0 fyrir n\u00ed\u00f0ingsverki\u00f0 \u00e1 sj\u00f6t\u00edu sonum Jer\u00fabbaals og a\u00f0 bl\u00f3\u00f0 \u00feeirra k\u00e6mi yfir Ab\u00edmelek, br\u00f3\u00f0ur \u00feeirra, sem haf\u00f0i drepi\u00f0 \u00fe\u00e1, og S\u00edkemb\u00faa sem h\u00f6f\u00f0u hj\u00e1lpa\u00f0 honum a\u00f0 drepa br\u00e6\u00f0ur s\u00edna. <a name=\"25\"><\/a><span class=\"versanumer_2007\">25<\/span> Settu S\u00edkemb\u00faar \u00fe\u00e1 menn \u00ed fyrirs\u00e1t gegn honum h\u00e6st \u00e1 fj\u00f6llum uppi og r\u00e6ndu \u00feeir alla \u00fe\u00e1 er um veginn f\u00f3ru fram hj\u00e1 \u00feeim. Og Ab\u00edmelek var sagt fr\u00e1 \u00feessu.<br \/>\n<a name=\"26\"><\/a><span class=\"versanumer_2007\">26<\/span> \u00de\u00e1 komu Gaal Ebedsson og br\u00e6\u00f0ur hans. \u00deeir h\u00e9ldu inn \u00ed S\u00edkem og S\u00edkemb\u00faar fengu traust \u00e1 honum. <a name=\"27\"><\/a><span class=\"versanumer_2007\">27<\/span> \u00deeir f\u00f3ru \u00fat \u00e1 akurinn, t\u00edndu v\u00ednber \u00ed v\u00edng\u00f6r\u00f0um s\u00ednum og tr\u00f3\u00f0u \u00feau og h\u00e9ldu h\u00e1t\u00ed\u00f0, f\u00f3ru inn \u00ed musteri gu\u00f0s s\u00edns, \u00e1tu og drukku og b\u00f6lvu\u00f0u Ab\u00edmelek. <a name=\"28\"><\/a><span class=\"versanumer_2007\">28<\/span> Og Gaal Ebedsson sag\u00f0i: \u201eHver er Ab\u00edmelek og hverjir erum vi\u00f0 \u00ed S\u00edkem, a\u00f0 vi\u00f0 eigum a\u00f0 l\u00fata honum? Er hann ekki sonur Jer\u00fabbaals og Seb\u00fal h\u00f6fu\u00f0sma\u00f0ur hans? \u00deessir menn lutu m\u00f6nnum Hemors, stofnanda S\u00edkem. Hv\u00ed skyldum vi\u00f0 l\u00fata honum? <a name=\"29\"><\/a><span class=\"versanumer_2007\">29<\/span> Ef \u00feetta f\u00f3lk v\u00e6ri undir minni stj\u00f3rn skyldi \u00e9g ekki vera lengi a\u00f0 reka Ab\u00edmelek burt. \u00c9g mundi skora \u00e1 Ab\u00edmelek: Fylktu li\u00f0i og gakktu fram.\u201c<br \/>\n<a name=\"30\"><\/a><span class=\"versanumer_2007\">30<\/span> Er Seb\u00fal, h\u00f6fu\u00f0sma\u00f0ur borgarinnar, fr\u00e9tti umm\u00e6li Gaals Ebedssonar var\u00f0 hann afar rei\u00f0ur, <a name=\"31\"><\/a><span class=\"versanumer_2007\">31<\/span> sendi menn \u00e1 laun til Ab\u00edmeleks og l\u00e9t segja honum: \u201eGaal Ebedsson og br\u00e6\u00f0ur hans eru komnir til S\u00edkem og \u00e6sa \u00feeir borgina upp gegn \u00fe\u00e9r. <a name=\"32\"><\/a><span class=\"versanumer_2007\">32<\/span> Far\u00f0u n\u00fa af sta\u00f0 a\u00f0 n\u00e6turlagi me\u00f0 li\u00f0i\u00f0 sem hj\u00e1 \u00fe\u00e9r er og feldu \u00feig \u00e1 \u00f6krunum. <a name=\"33\"><\/a><span class=\"versanumer_2007\">33<\/span> A\u00f0 morgni, \u00feegar s\u00f3l rennur upp, skalt \u00fe\u00fa vera snemma \u00e1 f\u00f3tum og r\u00e1\u00f0ast \u00e1 borgina. \u00de\u00e1 mun hann og li\u00f0 hans fara \u00fat \u00e1 m\u00f3ti \u00fe\u00e9r og \u00fe\u00fa skalt \u00fe\u00e1 fara me\u00f0 hann eins og f\u00e6ri gefst.\u201c<br \/>\n<a name=\"34\"><\/a><span class=\"versanumer_2007\">34<\/span> \u00de\u00e1 f\u00f3r Ab\u00edmelek af sta\u00f0 um n\u00f3tt me\u00f0 allt li\u00f0 sitt og \u00feeir leyndust \u00e1 fj\u00f3rum st\u00f6\u00f0um fyrir S\u00edkem. <a name=\"35\"><\/a><span class=\"versanumer_2007\">35<\/span> \u00deegar Gaal Ebedsson kom \u00fat og nam sta\u00f0ar fyrir utan borgarhli\u00f0i\u00f0 spratt Ab\u00edmelek upp \u00far launs\u00e1trinu og li\u00f0i\u00f0 sem me\u00f0 honum var. <a name=\"36\"><\/a><span class=\"versanumer_2007\">36<\/span> Gaal s\u00e1 li\u00f0i\u00f0 og sag\u00f0i vi\u00f0 Seb\u00fal: \u201eSj\u00e1, \u00fearna kemur f\u00f3lk ofan af fj\u00f6llunum.\u201c En Seb\u00fal sag\u00f0i vi\u00f0 hann: \u201e\u00de\u00fa s\u00e9r\u00f0 skuggana \u00ed fj\u00f6llunum og heldur a\u00f0 \u00fea\u00f0 s\u00e9u menn.\u201c <a name=\"37\"><\/a><span class=\"versanumer_2007\">37<\/span> En Gaal \u00feagna\u00f0i ekki og sag\u00f0i: \u201e\u00dearna kemur f\u00f3lk ni\u00f0ur fr\u00e1 Tabb\u00farerets og annar h\u00f3pur kemur fr\u00e1 El\u00f3nme\u00f3nen\u00edm.\u201c <a name=\"38\"><\/a><span class=\"versanumer_2007\">38<\/span> \u00de\u00e1 m\u00e6lti Seb\u00fal vi\u00f0 hann: \u201eHvar<br \/>\neru n\u00fa st\u00f3ryr\u00f0i \u00fe\u00edn? \u00de\u00fa sag\u00f0ir: Hver er Ab\u00edmelek? Ber okkur a\u00f0 l\u00fata honum? Er \u00feetta ekki li\u00f0i\u00f0 sem \u00fe\u00fa fyrirleist? Far\u00f0u \u00fat og berstu vi\u00f0 \u00fea\u00f0.\u201c <a name=\"39\"><\/a><span class=\"versanumer_2007\">39<\/span> F\u00f3r Gaal \u00fe\u00e1 fyrir S\u00edkemb\u00faum og bar\u00f0ist vi\u00f0 Ab\u00edmelek. <a name=\"40\"><\/a><span class=\"versanumer_2007\">40<\/span> En Ab\u00edmelek s\u00f3tti svo hart a\u00f0 honum a\u00f0 hann fl\u00fd\u00f0i fyrir honum og var\u00f0 \u00fear mannfall miki\u00f0 allt a\u00f0 borgarhli\u00f0inu. <a name=\"41\"><\/a><span class=\"versanumer_2007\">41<\/span> Eftir \u00fea\u00f0 dvaldist Ab\u00edmelek \u00ed Ar\u00fama en Seb\u00fal rak Gaal og br\u00e6\u00f0ur hans burt svo a\u00f0 \u00feeir g\u00e1tu ekki b\u00fai\u00f0 \u00ed S\u00edkem.<br \/>\n<a name=\"42\"><\/a><span class=\"versanumer_2007\">42<\/span> En daginn eftir f\u00f3r f\u00f3lki\u00f0 \u00fat \u00e1 akurinn og s\u00f6g\u00f0u menn Ab\u00edmelek fr\u00e1 \u00feessu. <a name=\"43\"><\/a><span class=\"versanumer_2007\">43<\/span> \u00de\u00e1 t\u00f3k hann li\u00f0 sitt, skipti \u00fev\u00ed \u00ed \u00ferj\u00e1r sveitir og leyndist \u00e1 akrinum. \u00deegar hann s\u00e1 f\u00f3lki\u00f0 koma \u00fat \u00far borginni r\u00e9\u00f0st hann \u00e1 \u00fea\u00f0 og vann sigur \u00e1 \u00fev\u00ed. <a name=\"44\"><\/a><span class=\"versanumer_2007\">44<\/span> Ab\u00edmelek sj\u00e1lfur og sveitin, sem me\u00f0 honum var, skunda\u00f0i fram og nam sta\u00f0ar fyrir borgarhli\u00f0inu en b\u00e1\u00f0ar hinar sveitirnar ger\u00f0u \u00e1hlaup \u00e1 alla \u00fe\u00e1 sem voru \u00fati \u00e1 v\u00ed\u00f0avangi og unnu sigur \u00e1 \u00feeim. <a name=\"45\"><\/a><span class=\"versanumer_2007\">45<\/span> \u00dev\u00ed n\u00e6st herja\u00f0i Ab\u00edmelek \u00e1 borgina allan \u00feann dag, vann hana og drap f\u00f3lki\u00f0 sem \u00ed henni var. Hann braut s\u00ed\u00f0an ni\u00f0ur borgina og str\u00e1\u00f0i yfir hana salti.<span class=\"nedan_mal\" title=\" S\u00e1 si\u00f0ur a\u00f0 str\u00e1 salti yfir unna borg er \u00feekktur me\u00f0al Kar\u00feag\u00f3manna en kemur a\u00f0eins fyrir h\u00e9r \u00ed Gamla testamentinu. Hin t\u00e1knr\u00e6na merking er sennilega s\u00fa a\u00f0 borgin skuli v\u00edg\u00f0 \u00f3frj\u00f3semi og komi\u00f0 s\u00e9 \u00ed veg fyrir bl\u00f3\u00f0hefnd.\">[<\/span><br \/>\n<a name=\"46\"><\/a><span class=\"versanumer_2007\">46<\/span> \u00deegar allir \u00feeir menn, sem bjuggu \u00ed S\u00edkemturni, heyr\u00f0u \u00feetta gengu \u00feeir inn \u00ed hvelfinguna \u00ed musteri S\u00e1ttm\u00e1la-gu\u00f0s. <a name=\"47\"><\/a><span class=\"versanumer_2007\">47<\/span> Og er Ab\u00edmelek var sagt fr\u00e1 \u00fev\u00ed a\u00f0 allir menn \u00ed S\u00edkemturni hef\u00f0u safnast \u00fear saman <a name=\"48\"><\/a><span class=\"versanumer_2007\">48<\/span> f\u00f3r hann upp \u00e1 Salm\u00f3nfjall me\u00f0 allt li\u00f0 sitt. Og Ab\u00edmelek t\u00f3k \u00f6xi \u00ed h\u00f6nd s\u00e9r og hj\u00f3 af trj\u00e1grein, h\u00f3f hana \u00e1 loft og lag\u00f0i \u00e1 her\u00f0ar s\u00e9r og sag\u00f0i vi\u00f0 li\u00f0i\u00f0 sem me\u00f0 honum var: \u201eGeri\u00f0 n\u00fa sem skj\u00f3tast \u00fea\u00f0 sama og \u00fei\u00f0 s\u00e1u\u00f0 mig gera.\u201c<br \/>\n<a name=\"49\"><\/a><span class=\"versanumer_2007\">49<\/span> \u00de\u00e1 hjuggu allir mennirnir hver s\u00edna grein, fylgdu Ab\u00edmelek og b\u00e1ru \u00fe\u00e6r a\u00f0 hvelfingunni og l\u00f6g\u00f0u s\u00ed\u00f0an eld \u00ed hvelfinguna yfir \u00feeim. \u00deannig d\u00f3u allir menn \u00ed S\u00edkemturni, h\u00e9r um bil \u00fe\u00fasund karlar og konur.<\/p>\n<h3 class=\"millifyrirsogn_2007\">Dau\u00f0i Ab\u00edmeleks<\/h3>\n<p><a name=\"50\"><\/a><span class=\"versanumer_2007\">50<\/span> S\u00ed\u00f0an f\u00f3r Ab\u00edmelek til Tebes og settist um Tebes og vann hana. <a name=\"51\"><\/a><span class=\"versanumer_2007\">51<\/span> \u00cd mi\u00f0ri borginni var rammger\u00f0ur turn. \u00deanga\u00f0 fl\u00fd\u00f0u allir borgarb\u00faar, jafnt karlar sem konur. Loku\u00f0u \u00feeir sig \u00fear inni og f\u00f3ru s\u00ed\u00f0an upp \u00e1 \u00feaki\u00f0 \u00e1 turninum. <a name=\"52\"><\/a><span class=\"versanumer_2007\">52<\/span> N\u00fa kom Ab\u00edmelek a\u00f0 turninum og ger\u00f0i \u00e1r\u00e1s \u00e1 hann. En \u00feegar hann gekk a\u00f0 dyrum turnsins til \u00feess a\u00f0 leggja eld \u00ed hann <a name=\"53\"><\/a><span class=\"versanumer_2007\">53<\/span> kasta\u00f0i kona ein efri kvarnarsteini \u00ed h\u00f6fu\u00f0 Ab\u00edmeleks og m\u00f6lva\u00f0i sundur hausk\u00fapuna. <a name=\"54\"><\/a><span class=\"versanumer_2007\">54<\/span> \u00de\u00e1 kalla\u00f0i hann sem skj\u00f3tast til skjaldsveins s\u00edns og m\u00e6lti vi\u00f0 hann: \u201eBreg\u00f0 \u00fe\u00fa sver\u00f0i \u00fe\u00ednu og dreptu mig svo a\u00f0 ekki ver\u00f0i sagt um mig: Kona drap hann.\u201c \u00de\u00e1 lag\u00f0i sveinn hans hann \u00ed gegn og var\u00f0 \u00fea\u00f0 hans bani. <a name=\"55\"><\/a><span class=\"versanumer_2007\">55<\/span> \u00deegar \u00cdsraelsmenn s\u00e1u a\u00f0 Ab\u00edmelek var fallinn f\u00f3ru \u00feeir hver til s\u00edns heima. <a name=\"56\"><\/a><span class=\"versanumer_2007\">56<\/span> \u00deannig launa\u00f0i Gu\u00f0 illsku Ab\u00edmeleks sem hann haf\u00f0i s\u00fdnt f\u00f6\u00f0ur s\u00ednum \u00feegar hann drap sj\u00f6t\u00edu br\u00e6\u00f0ur s\u00edna. <a name=\"57\"><\/a><span class=\"versanumer_2007\">57<\/span> Og Gu\u00f0 l\u00e9t alla illsku S\u00edkemb\u00faa koma \u00feeim \u00ed koll. R\u00e6ttist \u00feannig \u00e1 \u00feeim form\u00e6ling J\u00f3tams Jer\u00fabbaalssonar.<\/p>\n","protected":false},"excerpt":{"rendered":"<p>Ab\u00edmelek 1 Ab\u00edmelek Jer\u00fabbaalsson f\u00f3r til S\u00edkem til m\u00f3\u00f0urbr\u00e6\u00f0ra sinna og tala\u00f0i vi\u00f0 \u00fe\u00e1 og vi\u00f0 allt fr\u00e6ndli\u00f0 m\u00f3\u00f0ur\u00e6ttar sinnar \u00e1 \u00feessa lei\u00f0: 2 \u201eTali\u00f0 svo \u00ed eyru allra S\u00edkemb\u00faa: Hvort fellur ykkur betur a\u00f0 sj\u00f6t\u00edu menn, allir synir Jer\u00fabbaals, drottni yfir ykkur e\u00f0a a\u00f0 einn ma\u00f0ur drottni yfir ykkur? Minnist \u00feess einnig a\u00f0 \u00e9g er hold ykkar og bein.\u201c 3 M\u00f3\u00f0urbr\u00e6\u00f0ur hans m\u00e6ltu \u00f6ll \u00feessi or\u00f0 um hann \u00ed eyru S\u00edkemb\u00faa svo a\u00f0 hugur \u00feeirra hneig\u00f0ist a\u00f0 Ab\u00edmelek og \u00feeir s\u00f6g\u00f0u: \u201eHann er br\u00f3\u00f0ir okkar.\u201c 4 \u00deeir g\u00e1fu honum sj\u00f6t\u00edu sikla silfurs \u00far musteri Baals Berits og Ab\u00edmelek leig\u00f0i <a href=\"https:\/\/biblian.is\/biblian\/domarabokin-9-kafli\/\"> [&#8230;]<\/a><\/p>\n","protected":false},"author":1,"featured_media":0,"parent":0,"menu_order":0,"comment_status":"open","ping_status":"open","template":"bibliukaflar_NT.php","meta":{"footnotes":""},"class_list":["post-1837","page","type-page","status-publish","hentry"],"_links":{"self":[{"href":"https:\/\/biblian.is\/biblian\/wp-json\/wp\/v2\/pages\/1837","targetHints":{"allow":["GET"]}}],"collection":[{"href":"https:\/\/biblian.is\/biblian\/wp-json\/wp\/v2\/pages"}],"about":[{"href":"https:\/\/biblian.is\/biblian\/wp-json\/wp\/v2\/types\/page"}],"author":[{"embeddable":true,"href":"https:\/\/biblian.is\/biblian\/wp-json\/wp\/v2\/users\/1"}],"replies":[{"embeddable":true,"href":"https:\/\/biblian.is\/biblian\/wp-json\/wp\/v2\/comments?post=1837"}],"version-history":[{"count":0,"href":"https:\/\/biblian.is\/biblian\/wp-json\/wp\/v2\/pages\/1837\/revisions"}],"wp:attachment":[{"href":"https:\/\/biblian.is\/biblian\/wp-json\/wp\/v2\/media?parent=1837"}],"curies":[{"name":"wp","href":"https:\/\/api.w.org\/{rel}","templated":true}]}}