{"id":1836,"date":"2017-12-30T21:00:35","date_gmt":"2017-12-30T21:00:35","guid":{"rendered":"http:\/\/biblian.is\/biblian\/d%c2%97marab%c2%97kin-8-kafli\/"},"modified":"2024-07-03T13:13:09","modified_gmt":"2024-07-03T13:13:09","slug":"domarabokin-8-kafli","status":"publish","type":"page","link":"https:\/\/biblian.is\/biblian\/domarabokin-8-kafli\/","title":{"rendered":"D\u00f3marab\u00f3kin 8. kafli"},"content":{"rendered":"<p><a name=\"1\"><span class=\"versanumer_2007\">1<\/span><\/a> Efra\u00edm\u00edtar s\u00f6g\u00f0u vi\u00f0 G\u00eddeon: \u201eHv\u00ed ger\u00f0ir \u00fe\u00fa okkur \u00fea\u00f0 a\u00f0 kalla okkur ekki til hj\u00e1lpar? \u00de\u00fa hefur fari\u00f0 einn til \u00feess a\u00f0 berjast vi\u00f0 Mid\u00edan\u00edta.\u201c Og \u00feeir \u00e1t\u00f6ldu hann har\u00f0lega. <a name=\"2\"><span class=\"versanumer_2007\">2<\/span><\/a> \u00de\u00e1 sag\u00f0i hann vi\u00f0 \u00fe\u00e1: \u201eHva\u00f0 hef \u00e9g n\u00fa gert \u00ed samanbur\u00f0i vi\u00f0 ykkur? Er ekki eftirt\u00edningur Efra\u00edms betri en v\u00ednuppskera Ab\u00edesers? <a name=\"3\"><span class=\"versanumer_2007\">3<\/span><\/a> Gu\u00f0 gefi h\u00f6f\u00f0ingja Mid\u00edans, \u00fe\u00e1 \u00d3reb og Seeb, \u00ed ykkar hendur. Hva\u00f0 hef \u00e9g megna\u00f0 a\u00f0 gera \u00ed samanbur\u00f0i vi\u00f0 ykkur?\u201c \u00deegar hann haf\u00f0i sagt \u00feetta rann \u00feeim rei\u00f0in.<\/p>\n<h3 class=\"millifyrirsogn_2007\">Herf\u00f6r G\u00eddeons austan J\u00f3rdanar<\/h3>\n<p><a name=\"4\"><span class=\"versanumer_2007\">4<\/span><\/a> G\u00eddeon kom n\u00fa a\u00f0 J\u00f3rdan og f\u00f3r yfir hana me\u00f0 \u00feau \u00ferj\u00fa hundru\u00f0 manna sem me\u00f0 honum voru. \u00deeir voru \u00fereyttir en r\u00e1ku \u00fe\u00f3 enn fl\u00f3ttann. <a name=\"5\"><span class=\"versanumer_2007\">5<\/span><\/a> Hann sag\u00f0i vi\u00f0 \u00edb\u00faa S\u00fakk\u00f3t: \u201eGefi\u00f0 li\u00f0inu, sem fylgir m\u00e9r, brau\u00f0hleifa \u00fev\u00ed a\u00f0 mennirnir eru or\u00f0nir \u00fereyttir en \u00e9g er a\u00f0 elta \u00fe\u00e1 Seba og Salm\u00fanna, konunga \u00ed Mid\u00edan.\u201c <a name=\"6\"><span class=\"versanumer_2007\">6<\/span><\/a> En h\u00f6f\u00f0ingjarnir \u00ed S\u00fakk\u00f3t s\u00f6g\u00f0u: \u201eEru \u00feeir Seba og Salm\u00fanna or\u00f0nir \u00fe\u00e9r svo fastir \u00ed hendi a\u00f0 vi\u00f0 getum gefi\u00f0 her \u00fe\u00ednum brau\u00f0?\u201c <a name=\"7\"><span class=\"versanumer_2007\">7<\/span><\/a> \u00de\u00e1 sag\u00f0i G\u00eddeon: \u201eFyrst svona er \u00fe\u00e1 skal \u00e9g \u00fereskja hold ykkar me\u00f0 \u00feyrnum ey\u00f0imerkurinnar og me\u00f0 \u00feistlum \u00feegar Drottinn gefur Seba og Salm\u00fanna \u00ed m\u00ednar hendur.\u201c <a name=\"8\"><span class=\"versanumer_2007\">8<\/span><\/a> \u00dea\u00f0an f\u00f3r hann til Pen\u00fael og m\u00e6lti vi\u00f0 \u00edb\u00faana \u00e1 s\u00f6mu lei\u00f0. En Pen\u00faelb\u00faar sv\u00f6ru\u00f0u honum hinu sama og \u00edb\u00faar S\u00fakk\u00f3t h\u00f6f\u00f0u svara\u00f0. <a name=\"9\"><span class=\"versanumer_2007\">9<\/span><\/a> \u00de\u00e1 sag\u00f0i hann vi\u00f0 Pen\u00faelb\u00faa: \u201e\u00deegar \u00e9g kem aftur heilu og h\u00f6ldnu mun \u00e9g brj\u00f3ta ni\u00f0ur \u00feennan turn.\u201c<br \/> <a name=\"10\"><span class=\"versanumer_2007\">10<\/span><\/a> \u00deeir Seba og Salm\u00fanna voru \u00ed Kark\u00f3r og herli\u00f0 \u00feeirra var um fimmt\u00e1n \u00fe\u00fasundir manna, allir \u00feeir sem eftir voru af \u00f6llum her austurbyggja en hundra\u00f0 og tuttugu \u00fe\u00fasund vopna\u00f0ir menn voru fallnir. <a name=\"11\"><span class=\"versanumer_2007\">11<\/span><\/a> F\u00f3r G\u00eddeon n\u00fa tjaldb\u00faalei\u00f0ina fyrir austan N\u00f3ba og Jogbeha og r\u00e9\u00f0st \u00e1 herb\u00fa\u00f0irnar en herinn ugg\u00f0i ekki a\u00f0 s\u00e9r. <a name=\"12\"><span class=\"versanumer_2007\">12<\/span><\/a> \u00deeir Seba og Salm\u00fanna fl\u00fd\u00f0u en hann elti \u00fe\u00e1, t\u00f3k b\u00e1\u00f0a Mid\u00edanskonungana Seba og Salm\u00fanna h\u00f6ndum og tv\u00edstra\u00f0i \u00f6llum hernum.<br \/> <a name=\"13\"><span class=\"versanumer_2007\">13<\/span><\/a> \u00c1 lei\u00f0 sinni til baka \u00far orrustunni vi\u00f0 Heresbrekku t\u00f3k G\u00eddeon J\u00f3asson <a name=\"14\"><span class=\"versanumer_2007\">14<\/span><\/a> svein nokkurn af S\u00fakk\u00f3tb\u00faum h\u00f6ndum og kn\u00fa\u00f0i hann sagna. Sveinninn skrifa\u00f0i upp fyrir hann h\u00f6f\u00f0ingjana \u00ed S\u00fakk\u00f3t og \u00f6ldungana, alls sj\u00f6t\u00edu og sj\u00f6 manns. <a name=\"15\"><span class=\"versanumer_2007\">15<\/span><\/a> \u00deegar hann kom til \u00edb\u00faa S\u00fakk\u00f3t sag\u00f0i hann: \u201eH\u00e9r eru n\u00fa \u00feeir Seba og Salm\u00fanna sem \u00fei\u00f0 h\u00e6ddu\u00f0 mig fyrir og s\u00f6g\u00f0u\u00f0: Eru \u00feeir Seba og Salm\u00fanna or\u00f0nir \u00fe\u00e9r svo fastir \u00ed hendi a\u00f0 vi\u00f0 getum gefi\u00f0 \u00fereyttum m\u00f6nnum \u00fe\u00ednum brau\u00f0?\u201c <a name=\"16\"><span class=\"versanumer_2007\">16<\/span><\/a> Hann t\u00f3k \u00f6ldunga borgarinnar og \u00feyrna ey\u00f0imerkurinnar og \u00feistla og l\u00e9t \u00edb\u00faa S\u00fakk\u00f3t kenna \u00e1 \u00feeim. <a name=\"17\"><span class=\"versanumer_2007\">17<\/span><\/a> Og hann braut ni\u00f0ur turninn \u00ed Pen\u00fael og drap borgarb\u00faa.<br \/> <a name=\"18\"><span class=\"versanumer_2007\">18<\/span><\/a> S\u00ed\u00f0an sag\u00f0i hann vi\u00f0 Seba og Salm\u00fanna: \u201eHvernig voru \u00feeir menn \u00ed h\u00e1tt sem \u00fei\u00f0 dr\u00e1pu\u00f0 hj\u00e1 Tabor?\u201c \u00deeir s\u00f6g\u00f0u: \u201e\u00deeir voru alveg eins og \u00fe\u00fa. \u00deeir voru allir sem konungssynir \u00e1s\u00fdndum.\u201c <a name=\"19\"><span class=\"versanumer_2007\">19<\/span><\/a> \u00de\u00e1 sag\u00f0i hann: \u201e\u00deeir hafa veri\u00f0 br\u00e6\u00f0ur m\u00ednir, synir m\u00f3\u00f0ur minnar. Svo sannarlega sem Drottinn lifir: Ef \u00fei\u00f0 hef\u00f0u\u00f0 gefi\u00f0 \u00feeim l\u00edf mundi \u00e9g ekki drepa ykkur.\u201c <a name=\"20\"><span class=\"versanumer_2007\">20<\/span><\/a> \u00dev\u00ed n\u00e6st sag\u00f0i hann vi\u00f0 Jeter, frumgetinn son sinn: \u201eFar\u00f0u og dreptu \u00fe\u00e1.\u201c En sveinninn br\u00e1 ekki sver\u00f0i s\u00ednu \u00fev\u00ed a\u00f0 hann skorti kjark til \u00feess enda var hann ungur a\u00f0 aldri. <a name=\"21\"><span class=\"versanumer_2007\">21<\/span><\/a> En \u00feeir Seba og Salm\u00fanna s\u00f6g\u00f0u: \u201eKomdu sj\u00e1lfur og gakktu fr\u00e1 okkur \u00fev\u00ed a\u00f0 afl fer eftir aldri manns.\u201c F\u00f3r \u00fe\u00e1 G\u00eddeon og drap Seba og Salm\u00fanna og t\u00f3k skrautm\u00e1nana sem voru um h\u00e1lsana \u00e1 \u00falf\u00f6ldum \u00feeirra.<br \/> <a name=\"22\"><span class=\"versanumer_2007\">22<\/span><\/a> \u00de\u00e1 s\u00f6g\u00f0u \u00cdsraelsmenn vi\u00f0 G\u00eddeon: \u201eDrottna\u00f0u yfir okkur, \u00fe\u00fa og sonur \u00feinn og sonarsonur \u00feinn, \u00fev\u00ed a\u00f0 \u00fe\u00fa hefur frelsa\u00f0 okkur undan Mid\u00edan.\u201c <a name=\"23\"><span class=\"versanumer_2007\">23<\/span><\/a> En G\u00eddeon sag\u00f0i vi\u00f0 \u00fe\u00e1: \u201eEkki mun \u00e9g drottna yfir ykkur og ekki mun sonur minn heldur drottna yfir ykkur. Drottinn skal drottna yfir ykkur.\u201c <a name=\"24\"><span class=\"versanumer_2007\">24<\/span><\/a> Og G\u00eddeon sag\u00f0i vi\u00f0 \u00fe\u00e1: \u201e\u00c9g vil bi\u00f0ja ykkur b\u00f3nar. Gefi\u00f0 m\u00e9r allir eyrnahringana sem \u00fei\u00f0 hafi\u00f0 teki\u00f0 a\u00f0 herfangi\u201c &#8211; en ni\u00f0jar \u00cdsmaels<span class=\"nedan_mal\" title=\" Hinir sigru\u00f0u eru h\u00e9r nefndir ni\u00f0jar \u00cdsmaels.\">[<\/span> b\u00e1ru eyrnahringa \u00far gulli. <a name=\"25\"><span class=\"versanumer_2007\">25<\/span><\/a> \u00deeir sv\u00f6ru\u00f0u: \u201eVi\u00f0 gefum \u00fe\u00e9r \u00fe\u00e1 f\u00faslega.\u201c \u00deeir breiddu \u00fat skikkju og k\u00f6stu\u00f0u \u00feanga\u00f0 hver og einn eyrnahringum \u00feeim er \u00feeir h\u00f6f\u00f0u teki\u00f0 a\u00f0 herfangi. <a name=\"26\"><span class=\"versanumer_2007\">26<\/span><\/a> En \u00feyngd \u00feessara eyrnahringa \u00far gulli, sem hann haf\u00f0i be\u00f0i\u00f0<br \/>um, var sautj\u00e1n hundru\u00f0 siklar gulls a\u00f0 fr\u00e1t\u00f6ldum skrautm\u00e1num, eyrnaperlum og purpurakl\u00e6\u00f0um, sem Mid\u00edanskonungarnir b\u00e1ru, og festum \u00feeim sem voru um h\u00e1lsana \u00e1 \u00falf\u00f6ldum \u00feeirra. <a name=\"27\"><span class=\"versanumer_2007\">27<\/span><\/a> G\u00eddeon ger\u00f0i \u00far \u00feessu h\u00f6kull\u00edkneski og reisti \u00fea\u00f0 \u00ed borg sinni \u00ed Ofra og allur \u00cdsrael t\u00f3k \u00fear fram hj\u00e1 me\u00f0 honum. En \u00fea\u00f0 var\u00f0 G\u00eddeon og h\u00fasi hans a\u00f0 t\u00e1lsn\u00f6ru. <a name=\"28\"><span class=\"versanumer_2007\">28<\/span><\/a> \u00deannig ur\u00f0u Mid\u00edan\u00edtar a\u00f0 l\u00fata \u00ed l\u00e6gra haldi fyrir \u00cdsraelsm\u00f6nnum og m\u00e1ttu aldrei s\u00ed\u00f0an um frj\u00e1lst h\u00f6fu\u00f0 strj\u00faka. Var n\u00fa fri\u00f0ur \u00ed landinu \u00ed fj\u00f6rut\u00edu \u00e1r me\u00f0an G\u00eddeon var \u00e1 l\u00edfi.<\/p>\n<h3 class=\"millifyrirsogn_2007\">Dau\u00f0i G\u00eddeons<\/h3>\n<p><a name=\"29\"><span class=\"versanumer_2007\">29<\/span><\/a> \u00dev\u00ed n\u00e6st h\u00e9lt Jer\u00fabbaal J\u00f3asson heim til s\u00edn og bj\u00f3 \u00ed h\u00fasi s\u00ednu. <a name=\"30\"><span class=\"versanumer_2007\">30<\/span><\/a> G\u00eddeon \u00e1tti sj\u00f6t\u00edu syni sem voru \u00e1vextir lenda hans \u00fev\u00ed a\u00f0 hann \u00e1tti margar konur. <a name=\"31\"><span class=\"versanumer_2007\">31<\/span><\/a> Og hj\u00e1kona hans, sem hann \u00e1tti \u00ed S\u00edkem, f\u00e6ddi honum einnig son og hann nefndi hann Ab\u00edmelek. <a name=\"32\"><span class=\"versanumer_2007\">32<\/span><\/a> G\u00eddeon J\u00f3asson d\u00f3 \u00ed h\u00e1rri elli og var grafinn \u00ed gr\u00f6f J\u00f3asar, f\u00f6\u00f0ur s\u00edns, \u00ed Ofra \u00ed landi Ab\u00edesersni\u00f0ja.<br \/> <a name=\"33\"><span class=\"versanumer_2007\">33<\/span><\/a> \u00deegar G\u00eddeon var d\u00e1inn t\u00f3ku \u00cdsraelsmenn enn \u00e1 n\u00fd fram hj\u00e1 me\u00f0 Ba\u00f6lum og ger\u00f0u Baal Berit<span class=\"nedan_mal\" title=\" Baal Berit merkir S\u00e1ttm\u00e1lagu\u00f0.\">[<\/span> a\u00f0 gu\u00f0i s\u00ednum. <a name=\"34\"><span class=\"versanumer_2007\">34<\/span><\/a> Og \u00cdsraelsmenn minntust ekki Drottins, Gu\u00f0s s\u00edns, sem haf\u00f0i frelsa\u00f0 \u00fe\u00e1 \u00far h\u00f6ndum allra \u00f3vina \u00feeirra umhverfis <a name=\"35\"><span class=\"versanumer_2007\">35<\/span><\/a> og ekki s\u00fdndu \u00feeir heldur \u00e6tt Jer\u00fabbaals, \u00fea\u00f0 er G\u00eddeons, hollustu fyrir allt \u00fea\u00f0 g\u00f3\u00f0a sem hann haf\u00f0i gert fyrir \u00cdsrael.<\/p>\n","protected":false},"excerpt":{"rendered":"<p>1 Efra\u00edm\u00edtar s\u00f6g\u00f0u vi\u00f0 G\u00eddeon: \u201eHv\u00ed ger\u00f0ir \u00fe\u00fa okkur \u00fea\u00f0 a\u00f0 kalla okkur ekki til hj\u00e1lpar? \u00de\u00fa hefur fari\u00f0 einn til \u00feess a\u00f0 berjast vi\u00f0 Mid\u00edan\u00edta.\u201c Og \u00feeir \u00e1t\u00f6ldu hann har\u00f0lega. 2 \u00de\u00e1 sag\u00f0i hann vi\u00f0 \u00fe\u00e1: \u201eHva\u00f0 hef \u00e9g n\u00fa gert \u00ed samanbur\u00f0i vi\u00f0 ykkur? Er ekki eftirt\u00edningur Efra\u00edms betri en v\u00ednuppskera Ab\u00edesers? 3 Gu\u00f0 gefi h\u00f6f\u00f0ingja Mid\u00edans, \u00fe\u00e1 \u00d3reb og Seeb, \u00ed ykkar hendur. Hva\u00f0 hef \u00e9g megna\u00f0 a\u00f0 gera \u00ed samanbur\u00f0i vi\u00f0 ykkur?\u201c \u00deegar hann haf\u00f0i sagt \u00feetta rann \u00feeim rei\u00f0in. Herf\u00f6r G\u00eddeons austan J\u00f3rdanar 4 G\u00eddeon kom n\u00fa a\u00f0 J\u00f3rdan og f\u00f3r yfir hana me\u00f0 \u00feau <a href=\"https:\/\/biblian.is\/biblian\/domarabokin-8-kafli\/\"> [&#8230;]<\/a><\/p>\n","protected":false},"author":1,"featured_media":0,"parent":0,"menu_order":0,"comment_status":"open","ping_status":"open","template":"bibliukaflar_NT.php","meta":{"footnotes":""},"class_list":["post-1836","page","type-page","status-publish","hentry"],"_links":{"self":[{"href":"https:\/\/biblian.is\/biblian\/wp-json\/wp\/v2\/pages\/1836","targetHints":{"allow":["GET"]}}],"collection":[{"href":"https:\/\/biblian.is\/biblian\/wp-json\/wp\/v2\/pages"}],"about":[{"href":"https:\/\/biblian.is\/biblian\/wp-json\/wp\/v2\/types\/page"}],"author":[{"embeddable":true,"href":"https:\/\/biblian.is\/biblian\/wp-json\/wp\/v2\/users\/1"}],"replies":[{"embeddable":true,"href":"https:\/\/biblian.is\/biblian\/wp-json\/wp\/v2\/comments?post=1836"}],"version-history":[{"count":0,"href":"https:\/\/biblian.is\/biblian\/wp-json\/wp\/v2\/pages\/1836\/revisions"}],"wp:attachment":[{"href":"https:\/\/biblian.is\/biblian\/wp-json\/wp\/v2\/media?parent=1836"}],"curies":[{"name":"wp","href":"https:\/\/api.w.org\/{rel}","templated":true}]}}