{"id":1834,"date":"2017-12-30T21:00:35","date_gmt":"2017-12-30T21:00:35","guid":{"rendered":"http:\/\/biblian.is\/biblian\/d%c2%97marab%c2%97kin-6-kafli\/"},"modified":"2024-07-03T13:13:08","modified_gmt":"2024-07-03T13:13:08","slug":"domarabokin-6-kafli","status":"publish","type":"page","link":"https:\/\/biblian.is\/biblian\/domarabokin-6-kafli\/","title":{"rendered":"D\u00f3marab\u00f3kin 6. kafli"},"content":{"rendered":"<h3 class=\"millifyrirsogn_2007\"> G\u00eddeon<\/h3>\n<p><a name=\"1\"><span class=\"versanumer_2007\">1<\/span><\/a> \u00cdsraelsmenn ger\u00f0u \u00fea\u00f0 sem illt var \u00ed augum Drottins. \u00de\u00e1 gaf Drottinn \u00fe\u00e1 \u00ed hendur Mid\u00edans \u00ed sj\u00f6 \u00e1r. <a name=\"2\"><span class=\"versanumer_2007\">2<\/span><\/a> Og Mid\u00edan var\u00f0 \u00cdsrael voldugri. Ger\u00f0u \u00cdsraelsmenn s\u00e9r \u00fe\u00e1 fylgsni \u00e1 fj\u00f6llum uppi, hella og v\u00edgi fyrir Mid\u00edan. <a name=\"3\"><span class=\"versanumer_2007\">3<\/span><\/a> \u00cd hvert sinn sem \u00cdsraelsmenn h\u00f6f\u00f0u loki\u00f0 vi\u00f0 a\u00f0 s\u00e1 komu Mid\u00edan\u00edtar, Amalek\u00edtar og austurbyggjar og h\u00e9ldu gegn \u00feeim. <a name=\"4\"><span class=\"versanumer_2007\">4<\/span><\/a> \u00deeir settu upp herb\u00fa\u00f0ir s\u00ednar gegnt \u00cdsraelsm\u00f6nnum, eyddu jar\u00f0argr\u00f3\u00f0a alla lei\u00f0 til Gasa og skildu enga l\u00edfsbj\u00f6rg eftir \u00ed \u00cdsrael, hvorki sau\u00f0i, naut n\u00e9 asna. <a name=\"5\"><span class=\"versanumer_2007\">5<\/span><\/a> \u00deeir f\u00f3ru \u00feanga\u00f0 me\u00f0 kvikf\u00e9na\u00f0 sinn og tj\u00f6ld. Kom sl\u00edkur aragr\u00fai af \u00feeim sem engisprettur v\u00e6ru. Var\u00f0 engri t\u00f6lu \u00e1 \u00fe\u00e1 n\u00e9 \u00falfalda \u00feeirra komi\u00f0 og brutust \u00feeir inn \u00ed landi\u00f0 til a\u00f0 ey\u00f0a \u00fea\u00f0. <a name=\"6\"><span class=\"versanumer_2007\">6<\/span><\/a> Var \u00cdsrael \u00fe\u00e1 mj\u00f6g \u00fejaka\u00f0ur vegna Mid\u00edans og \u00cdsraelsmenn hr\u00f3pu\u00f0u til Drottins.<br \/> <a name=\"7\"><span class=\"versanumer_2007\">7<\/span><\/a> \u00deegar \u00cdsraelsmenn hr\u00f3pu\u00f0u til Drottins undan Mid\u00edan <a name=\"8\"><span class=\"versanumer_2007\">8<\/span><\/a> sendi Drottinn sp\u00e1mann til \u00cdsraelsmanna sem sag\u00f0i vi\u00f0 \u00fe\u00e1: \u201eSvo segir Drottinn, \u00cdsraels Gu\u00f0: \u00c9g leiddi ykkur \u00fat af Egyptalandi og frelsa\u00f0i ykkur \u00far \u00fer\u00e6lah\u00fasinu <a name=\"9\"><span class=\"versanumer_2007\">9<\/span><\/a> og \u00e9g frelsa\u00f0i ykkur \u00far h\u00f6ndum Egypta og \u00far h\u00f6ndum allra \u00feeirra sem k\u00fagu\u00f0u ykkur, \u00e9g hrakti \u00fe\u00e1 undan ykkur og gaf ykkur land \u00feeirra. <a name=\"10\"><span class=\"versanumer_2007\">10<\/span><\/a> Og \u00e9g sag\u00f0i vi\u00f0 ykkur: \u00c9g er Drottinn, Gu\u00f0 ykkar. \u00dei\u00f0 skulu\u00f0 ekki \u00f3ttast gu\u00f0i Amor\u00edtanna en land \u00feeirra byggi\u00f0 \u00fei\u00f0 n\u00fa. En \u00fei\u00f0 hl\u00fdddu\u00f0 ekki r\u00f6dd minni.\u201c<\/p>\n<h3 class=\"millifyrirsogn_2007\">K\u00f6llun G\u00eddeons<\/h3>\n<p><a name=\"11\"><span class=\"versanumer_2007\">11<\/span><\/a> \u00de\u00e1 kom engill Drottins og settist undir eikina \u00ed Ofra sem J\u00f3as, ni\u00f0ji Ab\u00edesers, \u00e1tti en G\u00eddeon, sonur hans, var a\u00f0 \u00fereskja hveiti \u00ed v\u00edn\u00fer\u00f6ng til a\u00f0 fela \u00fea\u00f0 fyrir Mid\u00edan. <a name=\"12\"><span class=\"versanumer_2007\">12<\/span><\/a> Og engill Drottins birtist honum og sag\u00f0i vi\u00f0 hann: \u201eDrottinn er me\u00f0 \u00fe\u00e9r, hugrakki herma\u00f0ur.\u201c <a name=\"13\"><span class=\"versanumer_2007\">13<\/span><\/a> \u00de\u00e1 sag\u00f0i G\u00eddeon vi\u00f0 hann: \u201e\u00d3, herra minn, s\u00e9 Drottinn me\u00f0 okkur, hv\u00ed hefur \u00fe\u00e1 allt \u00feetta yfir okkur gengi\u00f0? Og hvar eru \u00f6ll d\u00e1semdarverk hans sem fe\u00f0ur okkar hafa sk\u00fdrt fr\u00e1 og sagt: Leiddi Drottinn okkur ekki \u00fat af Egyptalandi? En n\u00fa hefur Drottinn hafna\u00f0 okkur og selt \u00ed hendur Mid\u00edans.\u201c <a name=\"14\"><span class=\"versanumer_2007\">14<\/span><\/a> En Drottinn sneri s\u00e9r a\u00f0 honum og sag\u00f0i: \u201eFar\u00f0u \u00ed styrkleika \u00fe\u00ednum og frelsa\u00f0u \u00cdsrael \u00far h\u00f6ndum Mid\u00edans. Er \u00fea\u00f0 ekki \u00e9g sem sendi \u00feig?\u201c <a name=\"15\"><span class=\"versanumer_2007\">15<\/span><\/a> G\u00eddeon svara\u00f0i honum: \u201e\u00c6, Drottinn, hvernig \u00e6tti \u00e9g a\u00f0 frelsa \u00cdsrael? \u00c6tt m\u00edn er aumasta \u00e6ttin \u00ed Manasse og \u00e9g sm\u00e6stur \u00ed \u00e6tt minni.\u201c <a name=\"16\"><span class=\"versanumer_2007\">16<\/span><\/a> \u00de\u00e1 sag\u00f0i Drottinn vi\u00f0 hann: \u201e\u00c9g ver\u00f0 me\u00f0 \u00fe\u00e9r og \u00fe\u00fa munt sigra Mid\u00edan\u00edta alla sem einn.\u201c <a name=\"17\"><span class=\"versanumer_2007\">17<\/span><\/a> G\u00eddeon svara\u00f0i honum: \u201eHafi \u00e9g fundi\u00f0 n\u00e1\u00f0 \u00ed augum \u00fe\u00ednum, gef\u00f0u m\u00e9r \u00fe\u00e1 t\u00e1kn um a\u00f0 \u00fea\u00f0 s\u00e9rt \u00fe\u00fa sem talar vi\u00f0 mig. <a name=\"18\"><span class=\"versanumer_2007\">18<\/span><\/a> Far\u00f0u ekki h\u00e9\u00f0an fyrr en \u00e9g sn\u00fd aftur til \u00fe\u00edn, kem hinga\u00f0 me\u00f0 f\u00f3rnargj\u00f6f m\u00edna og set hana fram fyrir \u00feig.\u201c Og Drottinn sag\u00f0i: \u201e\u00c9g mun b\u00ed\u00f0a h\u00e9r \u00feanga\u00f0 til \u00fe\u00fa kemur aftur.\u201c<br \/> <a name=\"19\"><span class=\"versanumer_2007\">19<\/span><\/a> \u00de\u00e1 f\u00f3r G\u00eddeon og matbj\u00f3 hafurki\u00f0 og \u00f3s\u00fdr\u00f0ar k\u00f6kur \u00far einni efu mj\u00f6ls. Setti hann kj\u00f6ti\u00f0 \u00ed k\u00f6rfu en so\u00f0i\u00f0 \u00ed krukku og kom me\u00f0 \u00feetta \u00fat til hans undir eikina og bar \u00fea\u00f0 fram. <a name=\"20\"><span class=\"versanumer_2007\">20<\/span><\/a> En engill Gu\u00f0s sag\u00f0i vi\u00f0 hann: \u201eTaktu kj\u00f6ti\u00f0 og \u00f3s\u00fdr\u00f0u k\u00f6kurnar, legg\u00f0u \u00fea\u00f0 h\u00e9r \u00e1 klettinn og helltu s\u00fapunni yfir.\u201c Hann ger\u00f0i \u00fea\u00f0. <a name=\"21\"><span class=\"versanumer_2007\">21<\/span><\/a> Engill Drottins r\u00e9tti \u00fe\u00e1 \u00fat staf \u00feann sem hann haf\u00f0i \u00ed hendi og snerti kj\u00f6ti\u00f0 og \u00f3s\u00fdr\u00f0u k\u00f6kurnar me\u00f0 endanum. Kom \u00fe\u00e1 eldur upp \u00far klettinum og eyddi kj\u00f6tinu og \u00f3s\u00fdr\u00f0u k\u00f6kunum en engill Drottins hvarf sj\u00f3num hans. <a name=\"22\"><span class=\"versanumer_2007\">22<\/span><\/a> \u00de\u00e1 s\u00e1 G\u00eddeon a\u00f0 \u00fea\u00f0 haf\u00f0i veri\u00f0 engill Drottins. Og G\u00eddeon sag\u00f0i: \u201eVei m\u00e9r, Drottinn Gu\u00f0. \u00c9g hef s\u00e9\u00f0 engil Drottins augliti til auglitis.\u201c<br \/> <a name=\"23\"><span class=\"versanumer_2007\">23<\/span><\/a> Og Drottinn sag\u00f0i vi\u00f0 hann: \u201eFri\u00f0ur s\u00e9 me\u00f0 \u00fe\u00e9r. \u00d3ttastu ekki, \u00fe\u00fa munt ekki deyja.\u201c <a name=\"24\"><span class=\"versanumer_2007\">24<\/span><\/a> G\u00eddeon reisti Drottni \u00fear altari og nefndi \u00fea\u00f0: Drottinn er fri\u00f0ur. Stendur \u00fea\u00f0 enn \u00ed dag \u00ed Ofra \u00ed landi ni\u00f0ja Ab\u00edesers.<br \/> <a name=\"25\"><span class=\"versanumer_2007\">25<\/span><\/a> \u00deessa s\u00f6mu n\u00f3tt sag\u00f0i Drottinn vi\u00f0 hann: \u201eTaktu uxa f\u00f6\u00f0ur \u00fe\u00edns og annan uxa, sj\u00f6 vetra. Brj\u00f3ttu Baalsaltari f\u00f6\u00f0ur \u00fe\u00edns og felldu As\u00e9runa hj\u00e1 \u00fev\u00ed. <a name=\"26\"><span class=\"versanumer_2007\">26<\/span><\/a> Reistu svo Drottni, Gu\u00f0i \u00fe\u00ednum, vanda\u00f0 altari efst uppi \u00e1 \u00feessu virki, taktu annan uxann og ber\u00f0u fram brennif\u00f3rn \u00e1samt vi\u00f0num \u00far As\u00e9runni sem \u00fe\u00fa felldir.\u201c <a name=\"27\"><span class=\"versanumer_2007\">27<\/span><\/a> \u00de\u00e1 t\u00f3k G\u00eddeon t\u00edu af m\u00f6nnum s\u00ednum og ger\u00f0i eins og Drottinn haf\u00f0i sagt honum. En hann \u00f3tta\u00f0ist a\u00f0 geta ekki gert \u00feetta \u00ed dagsbirtu fyrir \u00e6ttmennum s\u00ednum og borgarb\u00faum og ger\u00f0i \u00fea\u00f0 \u00fev\u00ed \u00ed skj\u00f3li n\u00e6tur.<br \/> <a name=\"28\"><span class=\"versanumer_2007\">28<\/span><\/a> \u00deegar borgarb\u00faar f\u00f3ru \u00e1 f\u00e6tur \u00e1rla n\u00e6sta morgun var Baalsaltari\u00f0 broti\u00f0, As\u00e9ran, sem hj\u00e1 \u00fev\u00ed var, h\u00f6ggvin ni\u00f0ur og \u00f6\u00f0rum uxanum haf\u00f0i veri\u00f0 f\u00f3rna\u00f0 \u00e1 n\u00fdreistu altari. <a name=\"29\"><span class=\"versanumer_2007\">29<\/span><\/a> \u00de\u00e1 s\u00f6g\u00f0u \u00feeir hver vi\u00f0 annan: \u201eHver hefur gert \u00feetta?\u201c Og \u00feeir k\u00f6nnu\u00f0u \u00fea\u00f0 og leitu\u00f0u og s\u00f6g\u00f0u: \u201e\u00deetta hefur G\u00eddeon J\u00f3asson gert.\u201c <a name=\"30\"><span class=\"versanumer_2007\">30<\/span><\/a> \u00de\u00e1 s\u00f6g\u00f0u borgarmenn vi\u00f0 J\u00f3as: \u201eFramseldu son \u00feinn. Hann skal deyja \u00fev\u00ed a\u00f0 hann hefur broti\u00f0 Baalsaltari\u00f0 og fellt As\u00e9runa sem var hj\u00e1 \u00fev\u00ed.\u201c <a name=\"31\"><span class=\"versanumer_2007\">31<\/span><\/a> En J\u00f3as sag\u00f0i vi\u00f0 alla \u00fe\u00e1 sem hj\u00e1 honum st\u00f3\u00f0u: \u201e\u00c6tli\u00f0 \u00fei\u00f0 a\u00f0 tala m\u00e1li Baals? \u00c6tli\u00f0 \u00fei\u00f0 a\u00f0 hj\u00e1lpa honum? Hver s\u00e1 sem tekur svari hans skal l\u00edfi t\u00fdna \u00e1\u00f0ur en dagur rennur. Ef hann er Gu\u00f0 skal hann sj\u00e1lfur s\u00e6kja m\u00e1l sitt fyrst altari hans hefur veri\u00f0 broti\u00f0.\u201c <a name=\"32\"><span class=\"versanumer_2007\">32<\/span><\/a> Eftir \u00feetta var G\u00eddeon nefndur Jer\u00fabbaal. Menn s\u00f6g\u00f0u: \u201eBaal fari me\u00f0 m\u00e1l \u00e1 hendur honum,\u201c af \u00fev\u00ed a\u00f0 hann braut altari hans.<br \/> <a name=\"33\"><span class=\"versanumer_2007\">33<\/span><\/a> N\u00fa h\u00f6f\u00f0u allir Mid\u00edan\u00edtar, Amalek\u00edtar og austurbyggjar safnast saman. \u00deeir f\u00f3ru yfir J\u00f3rdan og settu upp herb\u00fa\u00f0ir s\u00ednar \u00e1 Jesreelsl\u00e9ttu. <a name=\"34\"><span class=\"versanumer_2007\">34<\/span><\/a> En andi Drottins kom yfir G\u00eddeon. Hann \u00feeytti l\u00fa\u00f0urinn og ni\u00f0jar Ab\u00edesers s\u00f6fnu\u00f0ust saman til fylgdar vi\u00f0 hann. <a name=\"35\"><span class=\"versanumer_2007\">35<\/span><\/a> Hann sendi einnig sendibo\u00f0a \u00fat um allan Manasse og menn s\u00f6fnu\u00f0ust til fylgdar vi\u00f0 hann. Enn fremur sendi hann sendibo\u00f0a til Assers, Seb\u00falons og Naftal\u00ed. \u00deeir f\u00f3ru og til fylgdar vi\u00f0 hann.<br \/> <a name=\"36\"><span class=\"versanumer_2007\">36<\/span><\/a> \u00de\u00e1 sag\u00f0i G\u00eddeon vi\u00f0 Gu\u00f0: \u201eEf \u00fe\u00fa \u00e6tlar a\u00f0 frelsa \u00cdsrael fyrir mitt tilstilli eins og \u00fe\u00fa hefur sagt, <a name=\"37\"><span class=\"versanumer_2007\">37<\/span><\/a> \u00fe\u00e1 legg \u00e9g \u00feetta ullarreyfi \u00fat \u00e1 \u00fereskiv\u00f6llinn. Ver\u00f0i d\u00f6gg \u00e1 reyfinu einu me\u00f0an j\u00f6r\u00f0in er al\u00feurr \u00fe\u00e1 veit \u00e9g a\u00f0 \u00fe\u00fa munt frelsa \u00cdsrael fyrir mitt tilstilli eins og \u00fe\u00fa hefur sagt.\u201c <a name=\"38\"><span class=\"versanumer_2007\">38<\/span><\/a> \u00dea\u00f0 var\u00f0 svo. Morguninn eftir f\u00f3r hann snemma \u00fat og vatt reyfi\u00f0 og kom \u00far \u00fev\u00ed full sk\u00e1l af d\u00f6gg. <a name=\"39\"><span class=\"versanumer_2007\">39<\/span><\/a> En G\u00eddeon sag\u00f0i vi\u00f0 Gu\u00f0: \u201eL\u00e1ttu ekki rei\u00f0i \u00fe\u00edna upptendrast gegn m\u00e9r \u00fe\u00f3tt \u00e9g tali enn einu sinni. \u00c9g \u00e6tla a\u00f0eins einu sinni enn a\u00f0 gera tilraun me\u00f0 reyfi\u00f0. Skal n\u00fa reyfi\u00f0 eitt vera \u00feurrt en j\u00f6r\u00f0in \u00f6ll vot af d\u00f6gg.\u201c <a name=\"40\"><span class=\"versanumer_2007\">40<\/span><\/a> Og Gu\u00f0 ger\u00f0i svo \u00e1 \u00feeirri n\u00f3ttu. Reyfi\u00f0 eitt var \u00feurrt en j\u00f6r\u00f0in \u00f6ll d\u00f6ggvot.<\/p>\n","protected":false},"excerpt":{"rendered":"<p>G\u00eddeon 1 \u00cdsraelsmenn ger\u00f0u \u00fea\u00f0 sem illt var \u00ed augum Drottins. \u00de\u00e1 gaf Drottinn \u00fe\u00e1 \u00ed hendur Mid\u00edans \u00ed sj\u00f6 \u00e1r. 2 Og Mid\u00edan var\u00f0 \u00cdsrael voldugri. Ger\u00f0u \u00cdsraelsmenn s\u00e9r \u00fe\u00e1 fylgsni \u00e1 fj\u00f6llum uppi, hella og v\u00edgi fyrir Mid\u00edan. 3 \u00cd hvert sinn sem \u00cdsraelsmenn h\u00f6f\u00f0u loki\u00f0 vi\u00f0 a\u00f0 s\u00e1 komu Mid\u00edan\u00edtar, Amalek\u00edtar og austurbyggjar og h\u00e9ldu gegn \u00feeim. 4 \u00deeir settu upp herb\u00fa\u00f0ir s\u00ednar gegnt \u00cdsraelsm\u00f6nnum, eyddu jar\u00f0argr\u00f3\u00f0a alla lei\u00f0 til Gasa og skildu enga l\u00edfsbj\u00f6rg eftir \u00ed \u00cdsrael, hvorki sau\u00f0i, naut n\u00e9 asna. 5 \u00deeir f\u00f3ru \u00feanga\u00f0 me\u00f0 kvikf\u00e9na\u00f0 sinn og tj\u00f6ld. Kom sl\u00edkur aragr\u00fai af \u00feeim <a href=\"https:\/\/biblian.is\/biblian\/domarabokin-6-kafli\/\"> [&#8230;]<\/a><\/p>\n","protected":false},"author":1,"featured_media":0,"parent":0,"menu_order":0,"comment_status":"open","ping_status":"open","template":"bibliukaflar_NT.php","meta":{"footnotes":""},"class_list":["post-1834","page","type-page","status-publish","hentry"],"_links":{"self":[{"href":"https:\/\/biblian.is\/biblian\/wp-json\/wp\/v2\/pages\/1834","targetHints":{"allow":["GET"]}}],"collection":[{"href":"https:\/\/biblian.is\/biblian\/wp-json\/wp\/v2\/pages"}],"about":[{"href":"https:\/\/biblian.is\/biblian\/wp-json\/wp\/v2\/types\/page"}],"author":[{"embeddable":true,"href":"https:\/\/biblian.is\/biblian\/wp-json\/wp\/v2\/users\/1"}],"replies":[{"embeddable":true,"href":"https:\/\/biblian.is\/biblian\/wp-json\/wp\/v2\/comments?post=1834"}],"version-history":[{"count":0,"href":"https:\/\/biblian.is\/biblian\/wp-json\/wp\/v2\/pages\/1834\/revisions"}],"wp:attachment":[{"href":"https:\/\/biblian.is\/biblian\/wp-json\/wp\/v2\/media?parent=1834"}],"curies":[{"name":"wp","href":"https:\/\/api.w.org\/{rel}","templated":true}]}}