{"id":1833,"date":"2017-12-30T21:00:35","date_gmt":"2017-12-30T21:00:35","guid":{"rendered":"http:\/\/biblian.is\/biblian\/d%c2%97marab%c2%97kin-5-kafli\/"},"modified":"2024-07-03T13:13:08","modified_gmt":"2024-07-03T13:13:08","slug":"domarabokin-5-kafli","status":"publish","type":"page","link":"https:\/\/biblian.is\/biblian\/domarabokin-5-kafli\/","title":{"rendered":"D\u00f3marab\u00f3kin 5. kafli"},"content":{"rendered":"<h3 class=\"millifyrirsogn_2007\"> Lofs\u00f6ngur Deb\u00f3ru og Baraks<\/h3>\n<p><a name=\"1\"><span class=\"versanumer_2007\">1<\/span><\/a> \u00c1 \u00feeim degi sungu \u00feau Deb\u00f3ra og Barak Ab\u00edn\u00f3amsson \u00e1 \u00feessa lei\u00f0:<br \/> <span class=\"ljodatexti\"> <a name=\"2\"><span class=\"versanumer_ljod\">2<\/span><\/a>L\u00fd\u00f0num hlotna\u00f0ist frelsi \u00ed \u00cdsrael<br \/>og f\u00f3lki\u00f0 kom af frj\u00e1lsum vilja,<br \/>lofi\u00f0 \u00fev\u00ed Drottin.<br \/> <\/span> <span class=\"ljodatexti\"> <a name=\"3\"><span class=\"versanumer_ljod\">3<\/span><\/a>Heyri\u00f0, \u00fe\u00e9r konungar, hlusti\u00f0 \u00e1, \u00fe\u00e9r h\u00f6f\u00f0ingjar.<br \/>Drottin vil \u00e9g vegsama, \u00e9g vil lofa hann,<br \/>lofsyngja Drottni, Gu\u00f0i \u00cdsraels.<br \/> <\/span> <span class=\"ljodatexti\"> <a name=\"4\"><span class=\"versanumer_ljod\">4<\/span><\/a>Drottinn, \u00feegar \u00fe\u00fa braust \u00fat fr\u00e1 Se\u00edr,<br \/>\u00feegar \u00fe\u00fa bruna\u00f0ir fram fr\u00e1 Ed\u00f3msv\u00f6llum,<br \/>skalf j\u00f6r\u00f0in, himinninn n\u00f6tra\u00f0i<br \/>og sk\u00fdin l\u00e9tu vatni\u00f0 streyma.<br \/> <\/span> <span class=\"ljodatexti\"> <a name=\"5\"><span class=\"versanumer_ljod\">5<\/span><\/a>Fj\u00f6llin bifu\u00f0ust frammi fyrir Drottni,<br \/>sj\u00e1lft S\u00edna\u00ed,<br \/>frammi fyrir Drottni, Gu\u00f0i \u00cdsraels.<br \/> <\/span> <span class=\"ljodatexti\"> <a name=\"6\"><span class=\"versanumer_ljod\">6<\/span><\/a>\u00c1 d\u00f6gum Samgars Anatssonar,<br \/>\u00e1 d\u00f6gum Jaelar, voru \u00fej\u00f3\u00f0brautir mannlausar<br \/>og vegfarendur f\u00f3ru leynistigu.<br \/> <\/span> <span class=\"ljodatexti\"> <a name=\"7\"><span class=\"versanumer_ljod\">7<\/span><\/a>Lei\u00f0togar h\u00f6f\u00f0ust ekkert a\u00f0 \u00ed \u00cdsrael<br \/>uns \u00fe\u00fa komst fram, Deb\u00f3ra,<br \/>uns \u00fe\u00fa komst fram, m\u00f3\u00f0ir \u00ed \u00cdsrael.<br \/> <\/span> <span class=\"ljodatexti\"> <a name=\"8\"><span class=\"versanumer_ljod\">8<\/span><\/a>Menn kusu s\u00e9r n\u00fdja gu\u00f0i. <span class=\"nedan_mal\" title=\" \u00d6nnur hugsanleg \u00fe\u00fd\u00f0ing: Gu\u00f0 valdi s\u00e9r n\u00fdja menn.\">[<\/span> <br \/>\u00de\u00e1 var barist vi\u00f0 borgarhli\u00f0in.<br \/>Skj\u00f6ldur s\u00e1st hvorki n\u00e9 spj\u00f3t<br \/>me\u00f0al fj\u00f6rut\u00edu \u00fe\u00fasunda \u00ed \u00cdsrael.<br \/> <\/span> <span class=\"ljodatexti\"> <a name=\"9\"><span class=\"versanumer_ljod\">9<\/span><\/a>Hjarta mitt heyrir til lei\u00f0togum \u00cdsraels<br \/>sem komu fram af frj\u00e1lsum vilja me\u00f0al f\u00f3lksins.<br \/>Lofi\u00f0 Drottin.<br \/> <\/span> <span class=\"ljodatexti\"> <a name=\"10\"><span class=\"versanumer_ljod\">10<\/span><\/a>\u00de\u00e9r sem r\u00ed\u00f0i\u00f0 hv\u00edtum \u00f6snum,<br \/>\u00fe\u00e9r sem hv\u00edli\u00f0 \u00e1 \u00e1brei\u00f0um<br \/>og \u00fe\u00e9r sem fari\u00f0 um veginn, hugsi\u00f0 um \u00fea\u00f0.<br \/> <\/span> <span class=\"ljodatexti\"> <a name=\"11\"><span class=\"versanumer_ljod\">11<\/span><\/a>Me\u00f0 meiri h\u00e1reysti en vatnsberarnir vi\u00f0 vatns\u00fer\u00e6rnar<br \/>skulu menn v\u00ed\u00f0fr\u00e6gja r\u00e9ttl\u00e6tisverk Drottins,<br \/>r\u00e9ttl\u00e6tisverk stj\u00f3rnar hans \u00ed \u00cdsrael.<br \/>\u00de\u00e1 f\u00f3r l\u00fd\u00f0ur Drottins ni\u00f0ur a\u00f0 borgarhli\u00f0unum.<br \/> <\/span> <span class=\"ljodatexti\"> <a name=\"12\"><span class=\"versanumer_ljod\">12<\/span><\/a>Vakna, vakna, Deb\u00f3ra,<br \/>vakna, vakna, syngdu s\u00f6ng.<br \/>Af sta\u00f0, Barak,<br \/>lei\u00f0 burt bandingja \u00fe\u00edna, sonur Ab\u00edn\u00f3ams.<br \/> <\/span> <span class=\"ljodatexti\"> <a name=\"13\"><span class=\"versanumer_ljod\">13<\/span><\/a>\u00de\u00e1 f\u00f3ru ofan \u00feeir sem eftir voru af g\u00f6fugmennunum,<br \/>l\u00fd\u00f0ur Drottins steig ofan m\u00e9r til hj\u00e1lpar me\u00f0al hetjanna.<br \/> <\/span> <span class=\"ljodatexti\"> <a name=\"14\"><span class=\"versanumer_ljod\">14<\/span><\/a>Fr\u00e1 Efra\u00edm f\u00f3ru \u00feeir ofan \u00ed dalinn og hr\u00f3pu\u00f0u:<br \/>\u201eV\u00e9r fylgjum \u00fe\u00e9r, Benjam\u00edn, og li\u00f0i \u00fe\u00ednu.\u201c<br \/>Ofan fr\u00e1 Mak\u00edr f\u00f3ru lei\u00f0togar<br \/>og fr\u00e1 Seb\u00falon \u00feeir sem bera stj\u00f3rnsprotann,<br \/> <\/span> <span class=\"ljodatexti\"> <a name=\"15\"><span class=\"versanumer_ljod\">15<\/span><\/a>lei\u00f0togarnir \u00ed \u00cdssakar me\u00f0 Deb\u00f3ru,<br \/>og \u00cdssakar var me\u00f0 Barak,<br \/>hann f\u00f3r \u00e1 eftir honum ni\u00f0ur \u00ed dalinn.<br \/>Flokkar R\u00fabens s\u00fdndu mikla hugpr\u00fd\u00f0i.<br \/> <\/span> <span class=\"ljodatexti\"> <a name=\"16\"><span class=\"versanumer_ljod\">16<\/span><\/a>Hv\u00ed sast \u00fe\u00fa milli fj\u00e1rkv\u00edanna<br \/>og hlusta\u00f0ir \u00e1 flautuleik smalanna?<br \/>Flokkar R\u00fabens s\u00fdndu mikla hugpr\u00fd\u00f0i.<br \/> <\/span> <span class=\"ljodatexti\"> <a name=\"17\"><span class=\"versanumer_ljod\">17<\/span><\/a>G\u00edlea\u00f0 h\u00e9lt kyrru fyrir hinum megin J\u00f3rdanar<br \/>og hvers vegna dvaldist Dan vi\u00f0 skipin?<br \/>Asser sat vi\u00f0 sj\u00e1varstr\u00f6ndina<br \/>og h\u00e9lt kyrru fyrir vi\u00f0 v\u00edkur s\u00ednar.<br \/> <\/span> <span class=\"ljodatexti\"> <a name=\"18\"><span class=\"versanumer_ljod\">18<\/span><\/a>Seb\u00falon er \u00fej\u00f3\u00f0 sem h\u00e6tti l\u00edfi s\u00ednu<br \/>og eins Naftal\u00ed \u00e1 h\u00e6\u00f0um landsins.<br \/> <\/span> <span class=\"ljodatexti\"> <a name=\"19\"><span class=\"versanumer_ljod\">19<\/span><\/a>Konungar komu og b\u00f6r\u00f0ust,<br \/>\u00fe\u00e1 b\u00f6r\u00f0ust konungar Kanaans<br \/>vi\u00f0 Taanak hj\u00e1 Megidd\u00f3v\u00f6tnum.<br \/>Silfur t\u00f3ku \u00feeir ekkert a\u00f0 herfangi.<br \/> <\/span> <span class=\"ljodatexti\"> <a name=\"20\"><span class=\"versanumer_ljod\">20<\/span><\/a>Af himni b\u00f6r\u00f0ust stj\u00f6rnurnar,<br \/>af brautum s\u00ednum b\u00f6r\u00f0ust \u00fe\u00e6r vi\u00f0 S\u00edsera,<br \/> <\/span> <span class=\"ljodatexti\"> <a name=\"21\"><span class=\"versanumer_ljod\">21<\/span><\/a>K\u00edsonl\u00e6kur skola\u00f0i \u00feeim burt,<br \/>l\u00e6kurinn forni, l\u00e6kurinn K\u00edson.<br \/>Gakktu fram, s\u00e1l m\u00edn, kr\u00f6ftuglega.<br \/> <\/span> <span class=\"ljodatexti\"> <a name=\"22\"><span class=\"versanumer_ljod\">22<\/span><\/a> \u00de\u00e1 glumdu h\u00f3far hestanna<br \/>af rei\u00f0inni, rei\u00f0 kappanna.<br \/> <\/span> <span class=\"ljodatexti\"> <a name=\"23\"><span class=\"versanumer_ljod\">23<\/span><\/a> \u201eB\u00f6lvi\u00f0 Mer\u00f3s,\u201c sag\u00f0i engill Drottins,<br \/>j\u00e1, b\u00f6lvi\u00f0 \u00edb\u00faum hennar<br \/>af \u00fev\u00ed a\u00f0 \u00feeir komu ekki Drottni til hj\u00e1lpar,<br \/>Drottni til hj\u00e1lpar me\u00f0al hetjanna.<br \/> <\/span> <span class=\"ljodatexti\"> <a name=\"24\"><span class=\"versanumer_ljod\">24<\/span><\/a> Blessu\u00f0 framar \u00f6llum konum veri Jael,<br \/>kona Hebers Ken\u00edta,<br \/>blessu\u00f0 framar \u00f6llum konum \u00ed tjaldi.<br \/> <\/span> <span class=\"ljodatexti\"> <a name=\"25\"><span class=\"versanumer_ljod\">25<\/span><\/a> Vatn ba\u00f0 hann um,<br \/>mj\u00f3lk gaf h\u00fan,<br \/>r\u00e9tti honum rj\u00f3ma<br \/>\u00ed skrautlegri sk\u00e1l.<br \/> <\/span> <span class=\"ljodatexti\"> <a name=\"26\"><span class=\"versanumer_ljod\">26<\/span><\/a> H\u00fan r\u00e9tti \u00fat h\u00f6nd s\u00edna eftir tjaldh\u00e6lnum,<br \/>h\u00e6gri h\u00f6nd s\u00edna eftir hamrinum<br \/>og sl\u00f3 S\u00edsera, m\u00f6lva\u00f0i h\u00f6fu\u00f0 hans,<br \/>hj\u00f3 \u00ed gagnauga hans og klauf inn \u00far.<br \/> <\/span> <span class=\"ljodatexti\"> <a name=\"27\"><span class=\"versanumer_ljod\">27<\/span><\/a> Hann hn\u00e9 ni\u00f0ur fyrir f\u00e6tur henni,<br \/>f\u00e9ll \u00fat af og l\u00e1 \u00fear.<br \/>Hann hn\u00e9 ni\u00f0ur fyrir f\u00e6tur henni, lei\u00f0 \u00fat af<br \/>og \u00fear sem hann hn\u00e9 ni\u00f0ur<br \/>l\u00e1 hann l\u00edfvana.<br \/> <\/span> <span class=\"ljodatexti\"> <a name=\"28\"><span class=\"versanumer_ljod\">28<\/span><\/a> \u00dat um gluggann skimar m\u00f3\u00f0ir S\u00edsera,<br \/>kallar \u00fat um grindurnar:<br \/>\u201eHva\u00f0 dvelur vagn hans?<br \/>Hva\u00f0 tefur fer\u00f0 hervagna hans?\u201c<br \/> <\/span> <span class=\"ljodatexti\"> <a name=\"29\"><span class=\"versanumer_ljod\">29<\/span><\/a> Hinar vitrustu af hef\u00f0arfr\u00fam hennar svara<br \/>og h\u00fan endurtekur sv\u00f6r \u00feeirra:<br \/> <\/span> <span class=\"ljodatexti\"> <a name=\"30\"><span class=\"versanumer_ljod\">30<\/span><\/a> \u201eSj\u00e1lfsagt hafa \u00feeir teki\u00f0 herfang og eru a\u00f0 skipta \u00fev\u00ed,<br \/>ein kona e\u00f0a tv\u00e6r \u00e1 mann,<br \/>litkl\u00e6\u00f0i handa S\u00edsera a\u00f0 herfangi,<br \/>glitofin litkl\u00e6\u00f0i a\u00f0 herfangi,<br \/>litkl\u00e6\u00f0i og tvo glitofna d\u00faka um h\u00e1ls sigurvegarans.\u201c<br \/> <\/span> <span class=\"ljodatexti\"> <a name=\"31\"><span class=\"versanumer_ljod\">31<\/span><\/a> Svo farist allir \u00f3vinir \u00fe\u00ednir, Drottinn.<br \/>En megi \u00feeir sem \u00feig elska<br \/>lj\u00f3ma sem s\u00f3laruppr\u00e1s.<br \/>Var n\u00fa fri\u00f0ur \u00ed landi \u00ed fj\u00f6rut\u00edu \u00e1r. <\/span> <\/p>\n","protected":false},"excerpt":{"rendered":"<p>Lofs\u00f6ngur Deb\u00f3ru og Baraks 1 \u00c1 \u00feeim degi sungu \u00feau Deb\u00f3ra og Barak Ab\u00edn\u00f3amsson \u00e1 \u00feessa lei\u00f0: 2L\u00fd\u00f0num hlotna\u00f0ist frelsi \u00ed \u00cdsraelog f\u00f3lki\u00f0 kom af frj\u00e1lsum vilja,lofi\u00f0 \u00fev\u00ed Drottin. 3Heyri\u00f0, \u00fe\u00e9r konungar, hlusti\u00f0 \u00e1, \u00fe\u00e9r h\u00f6f\u00f0ingjar.Drottin vil \u00e9g vegsama, \u00e9g vil lofa hann,lofsyngja Drottni, Gu\u00f0i \u00cdsraels. 4Drottinn, \u00feegar \u00fe\u00fa braust \u00fat fr\u00e1 Se\u00edr,\u00feegar \u00fe\u00fa bruna\u00f0ir fram fr\u00e1 Ed\u00f3msv\u00f6llum,skalf j\u00f6r\u00f0in, himinninn n\u00f6tra\u00f0iog sk\u00fdin l\u00e9tu vatni\u00f0 streyma. 5Fj\u00f6llin bifu\u00f0ust frammi fyrir Drottni,sj\u00e1lft S\u00edna\u00ed,frammi fyrir Drottni, Gu\u00f0i \u00cdsraels. 6\u00c1 d\u00f6gum Samgars Anatssonar,\u00e1 d\u00f6gum Jaelar, voru \u00fej\u00f3\u00f0brautir mannlausarog vegfarendur f\u00f3ru leynistigu. 7Lei\u00f0togar h\u00f6f\u00f0ust ekkert a\u00f0 \u00ed \u00cdsraeluns \u00fe\u00fa komst fram, Deb\u00f3ra,uns \u00fe\u00fa komst fram, <a href=\"https:\/\/biblian.is\/biblian\/domarabokin-5-kafli\/\"> [&#8230;]<\/a><\/p>\n","protected":false},"author":1,"featured_media":0,"parent":0,"menu_order":0,"comment_status":"open","ping_status":"open","template":"bibliukaflar_NT.php","meta":{"footnotes":""},"class_list":["post-1833","page","type-page","status-publish","hentry"],"_links":{"self":[{"href":"https:\/\/biblian.is\/biblian\/wp-json\/wp\/v2\/pages\/1833","targetHints":{"allow":["GET"]}}],"collection":[{"href":"https:\/\/biblian.is\/biblian\/wp-json\/wp\/v2\/pages"}],"about":[{"href":"https:\/\/biblian.is\/biblian\/wp-json\/wp\/v2\/types\/page"}],"author":[{"embeddable":true,"href":"https:\/\/biblian.is\/biblian\/wp-json\/wp\/v2\/users\/1"}],"replies":[{"embeddable":true,"href":"https:\/\/biblian.is\/biblian\/wp-json\/wp\/v2\/comments?post=1833"}],"version-history":[{"count":0,"href":"https:\/\/biblian.is\/biblian\/wp-json\/wp\/v2\/pages\/1833\/revisions"}],"wp:attachment":[{"href":"https:\/\/biblian.is\/biblian\/wp-json\/wp\/v2\/media?parent=1833"}],"curies":[{"name":"wp","href":"https:\/\/api.w.org\/{rel}","templated":true}]}}