{"id":1832,"date":"2017-12-30T21:00:35","date_gmt":"2017-12-30T21:00:35","guid":{"rendered":"http:\/\/biblian.is\/biblian\/d%c2%97marab%c2%97kin-4-kafli\/"},"modified":"2024-07-03T13:13:08","modified_gmt":"2024-07-03T13:13:08","slug":"domarabokin-4-kafli","status":"publish","type":"page","link":"https:\/\/biblian.is\/biblian\/domarabokin-4-kafli\/","title":{"rendered":"D\u00f3marab\u00f3kin 4. kafli"},"content":{"rendered":"<h3 class=\"millifyrirsogn_2007\"> Deb\u00f3ra og Barak<\/h3>\n<p><a name=\"1\"><span class=\"versanumer_2007\">1<\/span><\/a> \u00deegar Eh\u00fa\u00f0 var d\u00e1inn ger\u00f0u \u00cdsraelsmenn enn a\u00f0 n\u00fdju \u00fea\u00f0 sem illt var \u00ed augum Drottins. <a name=\"2\"><span class=\"versanumer_2007\">2<\/span><\/a> Og Drottinn seldi \u00fe\u00e1 \u00ed hendur Jab\u00edn, konungi \u00ed Kanaanslandi, sem haf\u00f0i a\u00f0setur \u00ed Has\u00f3r. Hersh\u00f6f\u00f0ingi hans h\u00e9t S\u00edsera og bj\u00f3 hann \u00ed Har\u00f3set Hagoj\u00edm.<br \/> <a name=\"3\"><span class=\"versanumer_2007\">3<\/span><\/a> \u00cdsraelsmenn hr\u00f3pu\u00f0u til Drottins \u00fev\u00ed a\u00f0 Jab\u00edn \u00e1tti n\u00edu hundru\u00f0 j\u00e1rnvagna og haf\u00f0i k\u00faga\u00f0 \u00cdsraelsmenn har\u00f0lega \u00ed tuttugu \u00e1r. <a name=\"4\"><span class=\"versanumer_2007\">4<\/span><\/a> Kona h\u00e9t Deb\u00f3ra. H\u00fan var sp\u00e1ma\u00f0ur og eiginkona manns er h\u00e9t Lap\u00edd\u00f3t. H\u00fan var d\u00f3mari \u00ed \u00cdsrael \u00e1 \u00feessum t\u00edma. <a name=\"5\"><span class=\"versanumer_2007\">5<\/span><\/a> H\u00fan sat undir Deb\u00f3rup\u00e1lma milli Rama og Betel \u00e1 Efra\u00edmsfj\u00f6llum og \u00cdsraelsmenn komu \u00feanga\u00f0 upp til hennar og l\u00f6g\u00f0u m\u00e1l s\u00edn fyrir hana. <a name=\"6\"><span class=\"versanumer_2007\">6<\/span><\/a> H\u00fan sendi bo\u00f0 og l\u00e9t kalla til s\u00edn Barak Ab\u00edn\u00f3amsson fr\u00e1 Kedes \u00ed Naftal\u00ed og sag\u00f0i vi\u00f0 hann: \u201eHefur Drottinn, Gu\u00f0 \u00cdsraels, ekki bo\u00f0i\u00f0 svo: Far\u00f0u og haltu til Taborfjalls og haf\u00f0u me\u00f0 \u00fe\u00e9r t\u00edu \u00fe\u00fasund menn af ni\u00f0jum Naftal\u00ed og Seb\u00falons? <a name=\"7\"><span class=\"versanumer_2007\">7<\/span><\/a> Og \u00e9g mun lei\u00f0a til \u00fe\u00edn S\u00edsera, hersh\u00f6f\u00f0ingja Jab\u00edns, me\u00f0 v\u00f6gnum s\u00ednum og herli\u00f0i a\u00f0 K\u00edsonl\u00e6k og \u00e9g mun gefa hann \u00fe\u00e9r \u00e1 vald.\u201c <a name=\"8\"><span class=\"versanumer_2007\">8<\/span><\/a> Barak sag\u00f0i vi\u00f0 hana: \u201e\u00c9g fer ef \u00fe\u00fa fer\u00f0 me\u00f0 m\u00e9r en viljir \u00fe\u00fa ekki fara me\u00f0 m\u00e9r mun \u00e9g hvergi fara.\u201c <a name=\"9\"><span class=\"versanumer_2007\">9<\/span><\/a> H\u00fan svara\u00f0i: \u201eV\u00edst mun \u00e9g fara me\u00f0 \u00fe\u00e9r \u00fe\u00f3tt \u00fe\u00fa munir enga s\u00e6md hlj\u00f3ta af \u00feessari f\u00f6r \u00feinni \u00fev\u00ed a\u00f0 Drottinn mun selja S\u00edsera \u00ed hendur konu.\u201c S\u00ed\u00f0an f\u00f3r Deb\u00f3ra af sta\u00f0 og h\u00e9lt me\u00f0 Barak til Kedes. <a name=\"10\"><span class=\"versanumer_2007\">10<\/span><\/a> \u00de\u00e1 kalla\u00f0i Barak saman Seb\u00falon og Naftal\u00ed \u00ed Kedes, t\u00edu \u00fe\u00fasund menn f\u00f3ru me\u00f0 honum og Deb\u00f3ra var honum samfer\u00f0a.<br \/> <a name=\"11\"><span class=\"versanumer_2007\">11<\/span><\/a> Heber Ken\u00edti haf\u00f0i skilist vi\u00f0 Ken\u00edtana, ni\u00f0ja H\u00f3babs, tengdaf\u00f6\u00f0ur M\u00f3se, og sl\u00f3 hann tj\u00f6ldum s\u00ednum allt a\u00f0 Elon Besaana\u00edm sem er hj\u00e1 Kedes.<br \/> <a name=\"12\"><span class=\"versanumer_2007\">12<\/span><\/a> S\u00edsera var sagt fr\u00e1 \u00fev\u00ed a\u00f0 Barak Ab\u00edn\u00f3amsson v\u00e6ri farinn upp \u00e1 Taborfjall. <a name=\"13\"><span class=\"versanumer_2007\">13<\/span><\/a> Dr\u00f3 S\u00edsera \u00fe\u00e1 saman alla vagna s\u00edna, n\u00edu hundru\u00f0 j\u00e1rnvagna, og allt \u00fea\u00f0 li\u00f0 sem me\u00f0 honum var, fr\u00e1 Har\u00f3set Hagoj\u00edm til K\u00edsonl\u00e6kjar. <a name=\"14\"><span class=\"versanumer_2007\">14<\/span><\/a> \u00de\u00e1 sag\u00f0i Deb\u00f3ra vi\u00f0 Barak: \u201eR\u00edstu upp \u00fev\u00ed a\u00f0 n\u00fa er s\u00e1 dagur kominn a\u00f0 Drottinn mun selja S\u00edsera \u00fe\u00e9r \u00ed hendur. Vissulega fer Drottinn fyrir \u00fe\u00e9r.\u201c F\u00f3r Barak \u00fe\u00e1 ofan af Taborfjalli og t\u00edu \u00fe\u00fasund menn fylgdu honum. <a name=\"15\"><span class=\"versanumer_2007\">15<\/span><\/a> Og Drottinn hrelldi S\u00edsera og alla vagna hans og allan her hans me\u00f0 sver\u00f0seggjum frammi fyrir Barak svo a\u00f0 S\u00edsera st\u00f6kk af vagni s\u00ednum og fl\u00fd\u00f0i \u00e1 hlaupum. <a name=\"16\"><span class=\"versanumer_2007\">16<\/span><\/a> En Barak elti vagnana og herinn allt til Har\u00f3set Hagoj\u00edm og allur her S\u00edsera f\u00e9ll fyrir sver\u00f0i. Enginn komst undan.<br \/> <a name=\"17\"><span class=\"versanumer_2007\">17<\/span><\/a> S\u00edsera fl\u00fd\u00f0i \u00e1 hlaupum til tjalds Jaelar, konu Hebers Ken\u00edta, \u00fev\u00ed a\u00f0 fri\u00f0ur var milli Jab\u00edns, konungs \u00ed Has\u00f3r, og \u00e6ttar Hebers Ken\u00edta. <a name=\"18\"><span class=\"versanumer_2007\">18<\/span><\/a> Jael gekk \u00fat til m\u00f3ts vi\u00f0 S\u00edsera og sag\u00f0i vi\u00f0 hann: \u201eGakktu inn, herra minn, gakktu inn til m\u00edn og vertu \u00f3hr\u00e6ddur.\u201c Og hann gekk inn til hennar \u00ed tjaldi\u00f0 og h\u00fan lag\u00f0i \u00e1brei\u00f0u yfir hann. <a name=\"19\"><span class=\"versanumer_2007\">19<\/span><\/a> \u00de\u00e1 sag\u00f0i hann vi\u00f0 hana: \u201eGef\u00f0u m\u00e9r vatnssopa a\u00f0 drekka \u00fev\u00ed a\u00f0 \u00e9g er \u00feyrstur.\u201c H\u00fan opna\u00f0i \u00fe\u00e1 mj\u00f3lkurbelg og gaf honum a\u00f0 drekka og breiddi s\u00ed\u00f0an ofan \u00e1 hann aftur. <a name=\"20\"><span class=\"versanumer_2007\">20<\/span><\/a> \u00de\u00e1 sag\u00f0i hann vi\u00f0 hana: \u201eStattu \u00ed tjalddyrunum. Ef einhver kemur og spyr \u00feig: Er nokkur h\u00e9r? \u00fe\u00e1 skaltu neita \u00fev\u00ed.\u201c <a name=\"21\"><span class=\"versanumer_2007\">21<\/span><\/a> Jael, kona Hebers, \u00fereif tjaldh\u00e6l og t\u00f3k hamar \u00ed h\u00f6nd s\u00e9r og gekk hlj\u00f3\u00f0lega inn til S\u00edsera sem fallinn var \u00ed fastasvefn \u00fev\u00ed a\u00f0 hann var \u00fereyttur. H\u00fan rak h\u00e6linn gegnum gagnauga hans svo a\u00f0 hann gekk \u00ed j\u00f6r\u00f0 ni\u00f0ur. Var\u00f0 \u00feetta hans bani. <a name=\"22\"><span class=\"versanumer_2007\">22<\/span><\/a> \u00cd sama bili kom Barak og var a\u00f0 elta S\u00edsera. Jael gekk \u00fe\u00e1 \u00fat \u00e1 m\u00f3ti honum og sag\u00f0i vi\u00f0 hann: \u201eKomdu hinga\u00f0, \u00e9g skal s\u00fdna \u00fe\u00e9r \u00feann sem \u00fe\u00fa leitar a\u00f0.\u201c Og hann gekk inn til hennar og l\u00e1 \u00fe\u00e1 S\u00edsera \u00fear dau\u00f0ur me\u00f0 h\u00e6linn gegnum gagnauga\u00f0.<br \/> <a name=\"23\"><span class=\"versanumer_2007\">23<\/span><\/a> \u00deannig sigra\u00f0i Gu\u00f0 \u00e1 \u00feeim degi Jab\u00edn, konung \u00ed Kanaan, fyrir \u00cdsraelsmenn.<br \/> <a name=\"24\"><span class=\"versanumer_2007\">24<\/span><\/a> Og h\u00f6nd \u00cdsraelsmanna hv\u00edldi \u00e6 \u00feyngra \u00e1 Jab\u00edn Kanverjakonungi uns \u00feeir a\u00f0 lokum ger\u00f0u \u00fat af vi\u00f0 hann.<\/p>\n","protected":false},"excerpt":{"rendered":"<p>Deb\u00f3ra og Barak 1 \u00deegar Eh\u00fa\u00f0 var d\u00e1inn ger\u00f0u \u00cdsraelsmenn enn a\u00f0 n\u00fdju \u00fea\u00f0 sem illt var \u00ed augum Drottins. 2 Og Drottinn seldi \u00fe\u00e1 \u00ed hendur Jab\u00edn, konungi \u00ed Kanaanslandi, sem haf\u00f0i a\u00f0setur \u00ed Has\u00f3r. Hersh\u00f6f\u00f0ingi hans h\u00e9t S\u00edsera og bj\u00f3 hann \u00ed Har\u00f3set Hagoj\u00edm. 3 \u00cdsraelsmenn hr\u00f3pu\u00f0u til Drottins \u00fev\u00ed a\u00f0 Jab\u00edn \u00e1tti n\u00edu hundru\u00f0 j\u00e1rnvagna og haf\u00f0i k\u00faga\u00f0 \u00cdsraelsmenn har\u00f0lega \u00ed tuttugu \u00e1r. 4 Kona h\u00e9t Deb\u00f3ra. H\u00fan var sp\u00e1ma\u00f0ur og eiginkona manns er h\u00e9t Lap\u00edd\u00f3t. H\u00fan var d\u00f3mari \u00ed \u00cdsrael \u00e1 \u00feessum t\u00edma. 5 H\u00fan sat undir Deb\u00f3rup\u00e1lma milli Rama og Betel \u00e1 Efra\u00edmsfj\u00f6llum og \u00cdsraelsmenn <a href=\"https:\/\/biblian.is\/biblian\/domarabokin-4-kafli\/\"> [&#8230;]<\/a><\/p>\n","protected":false},"author":1,"featured_media":0,"parent":0,"menu_order":0,"comment_status":"open","ping_status":"open","template":"bibliukaflar_NT.php","meta":{"footnotes":""},"class_list":["post-1832","page","type-page","status-publish","hentry"],"_links":{"self":[{"href":"https:\/\/biblian.is\/biblian\/wp-json\/wp\/v2\/pages\/1832","targetHints":{"allow":["GET"]}}],"collection":[{"href":"https:\/\/biblian.is\/biblian\/wp-json\/wp\/v2\/pages"}],"about":[{"href":"https:\/\/biblian.is\/biblian\/wp-json\/wp\/v2\/types\/page"}],"author":[{"embeddable":true,"href":"https:\/\/biblian.is\/biblian\/wp-json\/wp\/v2\/users\/1"}],"replies":[{"embeddable":true,"href":"https:\/\/biblian.is\/biblian\/wp-json\/wp\/v2\/comments?post=1832"}],"version-history":[{"count":0,"href":"https:\/\/biblian.is\/biblian\/wp-json\/wp\/v2\/pages\/1832\/revisions"}],"wp:attachment":[{"href":"https:\/\/biblian.is\/biblian\/wp-json\/wp\/v2\/media?parent=1832"}],"curies":[{"name":"wp","href":"https:\/\/api.w.org\/{rel}","templated":true}]}}