{"id":1831,"date":"2017-12-30T21:00:35","date_gmt":"2017-12-30T21:00:35","guid":{"rendered":"http:\/\/biblian.is\/biblian\/d%c2%97marab%c2%97kin-3-kafli\/"},"modified":"2024-07-03T13:13:08","modified_gmt":"2024-07-03T13:13:08","slug":"domarabokin-3-kafli","status":"publish","type":"page","link":"https:\/\/biblian.is\/biblian\/domarabokin-3-kafli\/","title":{"rendered":"D\u00f3marab\u00f3kin 3. kafli"},"content":{"rendered":"<p><a name=\"1\"><span class=\"versanumer_2007\">1<\/span><\/a> \u00deessar \u00fej\u00f3\u00f0ir l\u00e9t Drottinn vera kyrrar til \u00feess a\u00f0 reyna \u00cdsrael me\u00f0 \u00feeim, alla \u00fe\u00e1 er ekkert h\u00f6f\u00f0u haft a\u00f0 segja af \u00f6llum bard\u00f6gunum um Kanaan. <a name=\"2\"><span class=\"versanumer_2007\">2<\/span><\/a> \u00deetta ger\u00f0i hann einungis til \u00feess a\u00f0 komandi kynsl\u00f3\u00f0ir \u00cdsraelsmanna m\u00e6ttu kynnast herna\u00f0i, \u00fe\u00e6r sem ekki h\u00f6f\u00f0u kynnst honum fyrr. <a name=\"3\"><span class=\"versanumer_2007\">3<\/span><\/a> \u00deetta eru \u00fej\u00f3\u00f0irnar: Fimm h\u00f6f\u00f0ingjar Filistea, allir Kanverjar, S\u00eddonb\u00faar og Hev\u00edtar, sem bjuggu \u00e1 L\u00edbanonsfj\u00f6llum, fr\u00e1 fjallinu Baal Hermon allt \u00feanga\u00f0 er lei\u00f0 liggur til Hamat. <a name=\"4\"><span class=\"versanumer_2007\">4<\/span><\/a> \u00deeim var \u00feyrmt til \u00feess a\u00f0 reyna m\u00e6tti \u00cdsrael me\u00f0 \u00feeim svo a\u00f0 lj\u00f3st yr\u00f0i hvort \u00feeir vildu hl\u00fd\u00f0a bo\u00f0um Drottins sem hann haf\u00f0i gefi\u00f0 fe\u00f0rum \u00feeirra fyrir me\u00f0alg\u00f6ngu M\u00f3se. <a name=\"5\"><span class=\"versanumer_2007\">5<\/span><\/a> \u00deannig bjuggu \u00cdsraelsmenn me\u00f0al Kanverja, Het\u00edta, Amor\u00edta, Peres\u00edta, Hev\u00edta og Jeb\u00fas\u00edta. <a name=\"6\"><span class=\"versanumer_2007\">6<\/span><\/a> \u00deeir gengu a\u00f0 eiga d\u00e6tur \u00feeirra, giftu sonum \u00feeirra d\u00e6tur s\u00ednar og \u00fej\u00f3nu\u00f0u gu\u00f0um \u00feeirra.<\/p>\n<h2 class=\"millifyrirsogn_2007\">S\u00f6gur af d\u00f3murunum <\/h2>\n<h3 class=\"millifyrirsogn_2007\">Otn\u00edel<\/h3>\n<p><a name=\"7\"><span class=\"versanumer_2007\">7<\/span><\/a> \u00cdsraelsmenn ger\u00f0u \u00fea\u00f0 sem illt var \u00ed augum Drottins, gleymdu Drottni, Gu\u00f0i s\u00ednum, og \u00fej\u00f3nu\u00f0u b\u00e6\u00f0i Ba\u00f6lum og As\u00e9rum. <a name=\"8\"><span class=\"versanumer_2007\">8<\/span><\/a> \u00de\u00e1 upptendra\u00f0ist rei\u00f0i Drottins gegn \u00cdsrael svo a\u00f0 hann seldi \u00fe\u00e1 \u00ed hendur K\u00fasan R\u00edsjata\u00edm, konungi \u00ed Aram \u00ed Nor\u00f0ur-Mes\u00f3p\u00f3tam\u00edu, og \u00cdsraelsmenn \u00fej\u00f3nu\u00f0u K\u00fasan R\u00edsjata\u00edm \u00ed \u00e1tta \u00e1r. <a name=\"9\"><span class=\"versanumer_2007\">9<\/span><\/a> \u00de\u00e1 hr\u00f3pu\u00f0u \u00cdsraelsmenn til Drottins og Drottinn vakti upp hj\u00e1lparmann sem hj\u00e1lpa\u00f0i \u00cdsraelsm\u00f6nnum, Otn\u00edel Kenasson, yngri br\u00f3\u00f0ur Kalebs. <a name=\"10\"><span class=\"versanumer_2007\">10<\/span><\/a> Andi Drottins var yfir honum og hann var\u00f0 d\u00f3mari \u00ed \u00cdsrael.<span class=\"nedan_mal\" title=\" D\u00f3marar \u00feeir sem nefndir eru \u00ed D\u00f3marab\u00f3kinni eru \u00e6ttarh\u00f6f\u00f0ingjar sem Drottinn haf\u00f0i kalla\u00f0 til a\u00f0 bjarga \u00cdsrael \u00e1 ney\u00f0arstundu.\">[<\/span> Hann f\u00f3r \u00ed herna\u00f0, Drottinn gaf K\u00fasan R\u00edsjata\u00edm, konung \u00ed Aram, honum \u00e1 vald og hann reyndist K\u00fasan R\u00edsjata\u00edm voldugri. <a name=\"11\"><span class=\"versanumer_2007\">11<\/span><\/a> S\u00ed\u00f0an var fri\u00f0ur \u00ed landinu \u00ed fj\u00f6rut\u00edu \u00e1r. \u00de\u00e1 anda\u00f0ist Otn\u00edel Kenasson.<\/p>\n<h3 class=\"millifyrirsogn_2007\">Eh\u00fa\u00f0<\/h3>\n<p><a name=\"12\"><span class=\"versanumer_2007\">12<\/span><\/a> \u00cdsraelsmenn ger\u00f0u enn \u00fea\u00f0 sem illt var \u00ed augum Drottins. \u00de\u00e1 efldi Drottinn Egl\u00f3n, konung \u00ed M\u00f3ab, gegn \u00cdsrael af \u00fev\u00ed a\u00f0 \u00feeir ger\u00f0u \u00fea\u00f0 sem illt var \u00ed augum Drottins. <a name=\"13\"><span class=\"versanumer_2007\">13<\/span><\/a> Hann safna\u00f0i a\u00f0 s\u00e9r ni\u00f0jum Amm\u00f3ns og Amaleks, f\u00f3r \u00fev\u00ed n\u00e6st og vann sigur \u00e1 \u00cdsrael og \u00feeir n\u00e1\u00f0u p\u00e1lmaborginni \u00e1 sitt vald. <a name=\"14\"><span class=\"versanumer_2007\">14<\/span><\/a> \u00cdsraelsmenn \u00fej\u00f3nu\u00f0u Egl\u00f3n, konungi \u00ed M\u00f3ab, \u00ed \u00e1tj\u00e1n \u00e1r. <a name=\"15\"><span class=\"versanumer_2007\">15<\/span><\/a> \u00de\u00e1 hr\u00f3pu\u00f0u \u00cdsraelsmenn til Drottins og Drottinn vakti upp mann \u00feeim til hj\u00e1lpar, Eh\u00fa\u00f0, son Gera Benjam\u00ednsni\u00f0ja, en hann var \u00f6rvhentur. \u00cdsraelsmenn sendu hann me\u00f0 skatt \u00e1 fund Egl\u00f3ns, konungs \u00ed M\u00f3ab. <a name=\"16\"><span class=\"versanumer_2007\">16<\/span><\/a> Eh\u00fa\u00f0 haf\u00f0i gert s\u00e9r sver\u00f0 tv\u00edeggja\u00f0, alin a\u00f0 lengd. Hann gyrti sig \u00fev\u00ed innankl\u00e6\u00f0a \u00e1 h\u00e6gri hli\u00f0. <a name=\"17\"><span class=\"versanumer_2007\">17<\/span><\/a> F\u00f3r hann og f\u00e6r\u00f0i Egl\u00f3n M\u00f3abskonungi skattinn en Egl\u00f3n \u00feessi var mj\u00f6g digur ma\u00f0ur. <a name=\"18\"><span class=\"versanumer_2007\">18<\/span><\/a> \u00deegar hann haf\u00f0i reitt fram skattinn l\u00e9t hann \u00fe\u00e1 fara sem bori\u00f0 h\u00f6f\u00f0u skattinn. <a name=\"19\"><span class=\"versanumer_2007\">19<\/span><\/a> Sj\u00e1lfur sneri hann aftur hj\u00e1 steinstyttunum \u00ed Gilgal. Eh\u00fa\u00f0 sag\u00f0i vi\u00f0 konung: \u201e\u00c9g \u00e1 leynilegt erindi vi\u00f0 \u00feig, konungur.\u201c \u201eHafi\u00f0 hlj\u00f3tt,\u201c skipa\u00f0i konungur og allir gengu \u00fat sem hj\u00e1 honum st\u00f3\u00f0u. <a name=\"20\"><span class=\"versanumer_2007\">20<\/span><\/a> \u00de\u00e1 gekk Eh\u00fa\u00f0 til hans, \u00fear sem hann sat einn \u00ed svalanum \u00ed \u00feaksal s\u00ednum, og m\u00e6lti: \u201e\u00c9g ber \u00fe\u00e9r erindi fr\u00e1 Gu\u00f0i.\u201c Konungur reis \u00fe\u00e1 \u00far s\u00e6ti s\u00ednu. <a name=\"21\"><span class=\"versanumer_2007\">21<\/span><\/a> En Eh\u00fa\u00f0 greip til vinstri hendinni og \u00fereif sver\u00f0i\u00f0 \u00e1 h\u00e6gri hli\u00f0 s\u00e9r og lag\u00f0i \u00fev\u00ed \u00ed kvi\u00f0 honum. <a name=\"22\"><span class=\"versanumer_2007\">22<\/span><\/a> Gekk bla\u00f0i\u00f0 \u00e1 kaf og upp yfir hj\u00f6ltu svo a\u00f0 spiki\u00f0 huldi bla\u00f0i\u00f0 \u00fev\u00ed a\u00f0 ekki dr\u00f3 hann saxi\u00f0 \u00far kvi\u00f0i hans og saurinn vall \u00fat. <a name=\"23\"><span class=\"versanumer_2007\">23<\/span><\/a> S\u00ed\u00f0an gekk Eh\u00fa\u00f0 \u00fat um ver\u00f6ndina, loka\u00f0i dyrunum \u00e1 \u00feaksalnum \u00e1 eftir s\u00e9r og l\u00e6sti \u00feeim.<br \/> <a name=\"24\"><span class=\"versanumer_2007\">24<\/span><\/a> \u00deegar hann var farinn komu \u00fej\u00f3nar konungs, s\u00e1u a\u00f0 dyrnar \u00e1 \u00feaksalnum voru loka\u00f0ar og s\u00f6g\u00f0u: \u201eSj\u00e1lfsagt er hann a\u00f0 l\u00e9tta \u00e1 s\u00e9r<span class=\"nedan_mal\" title=\" Or\u00f0r\u00e9tt: \u2026 a\u00f0 hylja f\u00e6tur s\u00edna.\">[<\/span> inni \u00ed svala herberginu.\u201c <a name=\"25\"><span class=\"versanumer_2007\">25<\/span><\/a> Bi\u00f0u \u00feeir n\u00fa uns \u00feeir t\u00f3ku a\u00f0 blyg\u00f0ast s\u00edn og ekki lauk hann upp dyrunum a\u00f0 \u00feaksalnum. T\u00f3ku \u00feeir \u00fev\u00ed lykilinn og opnu\u00f0u og l\u00e1 \u00fe\u00e1 h\u00fasb\u00f3ndi \u00feeirra dau\u00f0ur \u00e1 g\u00f3lfinu.<br \/> <a name=\"26\"><span class=\"versanumer_2007\">26<\/span><\/a> En Eh\u00fa\u00f0 komst undan me\u00f0an \u00feeir t\u00f6f\u00f0ust. Hann var kominn fram hj\u00e1 steinstyttunum og sloppinn til Se\u00edra. <a name=\"27\"><span class=\"versanumer_2007\">27<\/span><\/a> \u00deegar hann var \u00feanga\u00f0 kominn l\u00e9t hann \u00feeyta l\u00fa\u00f0ur \u00e1 Efra\u00edmsfj\u00f6llum. F\u00f3ru \u00cdsraelsmenn \u00fe\u00e1 me\u00f0 honum ofan af h\u00e6\u00f0unum en hann f\u00f3r fyrir \u00feeim. <a name=\"28\"><span class=\"versanumer_2007\">28<\/span><\/a> Og hann sag\u00f0i vi\u00f0 \u00fe\u00e1: \u201eFylgi\u00f0 m\u00e9r \u00fev\u00ed a\u00f0 Drottinn hefur gefi\u00f0 \u00f3vini ykkar, M\u00f3ab\u00edtana, ykkur \u00e1 vald.\u201c F\u00f3ru \u00feeir \u00fe\u00e1 ni\u00f0ur \u00e1 eftir honum og n\u00e1\u00f0u \u00f6llum v\u00f6\u00f0um \u00e1 J\u00f3rdan yfir til M\u00f3ab og l\u00e9tu engan komast \u00fear yfir. <a name=\"29\"><span class=\"versanumer_2007\">29<\/span><\/a> \u00de\u00e1 felldu \u00feeir um t\u00edu \u00fe\u00fasund M\u00f3ab\u00edta. Voru \u00fea\u00f0 allt sterkir menn og hraustir en enginn komst undan.<br \/> <a name=\"30\"><span class=\"versanumer_2007\">30<\/span><\/a> \u00deannig ur\u00f0u M\u00f3ab\u00edtar \u00e1 \u00feeim degi a\u00f0 beygja sig undir vald \u00cdsraels. Var n\u00fa fri\u00f0ur \u00ed landinu \u00ed \u00e1ttat\u00edu \u00e1r.<\/p>\n<h3 class=\"millifyrirsogn_2007\">Samgar<\/h3>\n<p><a name=\"31\"><span class=\"versanumer_2007\">31<\/span><\/a> Eftir Eh\u00fa\u00f0 kom Samgar Anatsson. Hann felldi sex hundru\u00f0 manna af Filisteum me\u00f0 nautrekstrarstaf og frelsa\u00f0i hann einnig \u00cdsrael.<\/p>\n","protected":false},"excerpt":{"rendered":"<p>1 \u00deessar \u00fej\u00f3\u00f0ir l\u00e9t Drottinn vera kyrrar til \u00feess a\u00f0 reyna \u00cdsrael me\u00f0 \u00feeim, alla \u00fe\u00e1 er ekkert h\u00f6f\u00f0u haft a\u00f0 segja af \u00f6llum bard\u00f6gunum um Kanaan. 2 \u00deetta ger\u00f0i hann einungis til \u00feess a\u00f0 komandi kynsl\u00f3\u00f0ir \u00cdsraelsmanna m\u00e6ttu kynnast herna\u00f0i, \u00fe\u00e6r sem ekki h\u00f6f\u00f0u kynnst honum fyrr. 3 \u00deetta eru \u00fej\u00f3\u00f0irnar: Fimm h\u00f6f\u00f0ingjar Filistea, allir Kanverjar, S\u00eddonb\u00faar og Hev\u00edtar, sem bjuggu \u00e1 L\u00edbanonsfj\u00f6llum, fr\u00e1 fjallinu Baal Hermon allt \u00feanga\u00f0 er lei\u00f0 liggur til Hamat. 4 \u00deeim var \u00feyrmt til \u00feess a\u00f0 reyna m\u00e6tti \u00cdsrael me\u00f0 \u00feeim svo a\u00f0 lj\u00f3st yr\u00f0i hvort \u00feeir vildu hl\u00fd\u00f0a bo\u00f0um Drottins sem hann haf\u00f0i <a href=\"https:\/\/biblian.is\/biblian\/domarabokin-3-kafli\/\"> [&#8230;]<\/a><\/p>\n","protected":false},"author":1,"featured_media":0,"parent":0,"menu_order":0,"comment_status":"open","ping_status":"open","template":"bibliukaflar_NT.php","meta":{"footnotes":""},"class_list":["post-1831","page","type-page","status-publish","hentry"],"_links":{"self":[{"href":"https:\/\/biblian.is\/biblian\/wp-json\/wp\/v2\/pages\/1831","targetHints":{"allow":["GET"]}}],"collection":[{"href":"https:\/\/biblian.is\/biblian\/wp-json\/wp\/v2\/pages"}],"about":[{"href":"https:\/\/biblian.is\/biblian\/wp-json\/wp\/v2\/types\/page"}],"author":[{"embeddable":true,"href":"https:\/\/biblian.is\/biblian\/wp-json\/wp\/v2\/users\/1"}],"replies":[{"embeddable":true,"href":"https:\/\/biblian.is\/biblian\/wp-json\/wp\/v2\/comments?post=1831"}],"version-history":[{"count":0,"href":"https:\/\/biblian.is\/biblian\/wp-json\/wp\/v2\/pages\/1831\/revisions"}],"wp:attachment":[{"href":"https:\/\/biblian.is\/biblian\/wp-json\/wp\/v2\/media?parent=1831"}],"curies":[{"name":"wp","href":"https:\/\/api.w.org\/{rel}","templated":true}]}}