{"id":1830,"date":"2017-12-30T21:00:35","date_gmt":"2017-12-30T21:00:35","guid":{"rendered":"http:\/\/biblian.is\/biblian\/d%c2%97marab%c2%97kin-2-kafli\/"},"modified":"2024-07-03T13:13:07","modified_gmt":"2024-07-03T13:13:07","slug":"domarabokin-2-kafli","status":"publish","type":"page","link":"https:\/\/biblian.is\/biblian\/domarabokin-2-kafli\/","title":{"rendered":"D\u00f3marab\u00f3kin 2. kafli"},"content":{"rendered":"<h3 class=\"millifyrirsogn_2007\"> Engill Drottins bo\u00f0ar hegningu<\/h3>\n<p><a name=\"1\"><span class=\"versanumer_2007\">1<\/span><\/a> Engill Drottins kom fr\u00e1 Gilgal til B\u00f3k\u00edm og m\u00e6lti: \u201e\u00c9g leiddi ykkur \u00fat af Egyptalandi og f\u00e6r\u00f0i ykkur \u00ed \u00fea\u00f0 land sem \u00e9g s\u00f3r fe\u00f0rum ykkar og \u00e9g sag\u00f0i: \u00c9g mun aldrei rj\u00fafa s\u00e1ttm\u00e1la minn vi\u00f0 ykkur <a name=\"2\"><span class=\"versanumer_2007\">2<\/span><\/a> en \u00fei\u00f0 megi\u00f0 ekki gera s\u00e1ttm\u00e1la vi\u00f0 \u00edb\u00faa \u00feessa lands, heldur skulu\u00f0 \u00fei\u00f0 r\u00edfa ni\u00f0ur \u00f6lturu \u00feeirra. En \u00fei\u00f0 hafi\u00f0 ekki hl\u00fdtt r\u00f6dd minni. Hvers vegna hafi\u00f0 \u00fei\u00f0 gert \u00feetta?<br \/> <a name=\"3\"><span class=\"versanumer_2007\">3<\/span><\/a> \u00dev\u00ed segi \u00e9g einnig: \u00c9g mun ekki hrekja \u00fe\u00e1 burt undan ykkur. \u00deeir munu ver\u00f0a broddar \u00ed s\u00ed\u00f0um ykkar og gu\u00f0ir \u00feeirra ver\u00f0a ykkur a\u00f0 t\u00e1lsn\u00f6ru.\u201c<br \/> <a name=\"4\"><span class=\"versanumer_2007\">4<\/span><\/a> Er engill Drottins haf\u00f0i m\u00e6lt \u00feessi or\u00f0 til allra \u00cdsraelsmanna h\u00f3f f\u00f3lki\u00f0 upp r\u00f6dd s\u00edna og kveina\u00f0i. <a name=\"5\"><span class=\"versanumer_2007\">5<\/span><\/a> \u00deeir nefndu sta\u00f0 \u00feennan B\u00f3k\u00edm<span class=\"nedan_mal\" title=\" Or\u00f0aleikur me\u00f0 s\u00f6gnina \u201ea\u00f0 gr\u00e1ta\u201c (i\u00f0runarsi\u00f0ur), sbr. 1M\u00f3s 35.8.\">[<\/span> og f\u00e6r\u00f0u Drottni \u00fear f\u00f3rn.<\/p>\n<h3 class=\"millifyrirsogn_2007\">J\u00f3s\u00faa deyr<\/h3>\n<p><a name=\"6\"><span class=\"versanumer_2007\">6<\/span><\/a> S\u00ed\u00f0an l\u00e9t J\u00f3s\u00faa f\u00f3lki\u00f0 fr\u00e1 s\u00e9r fara og h\u00e9ldu \u00cdsraelsmenn \u00fe\u00e1 hver til s\u00edns \u00f3\u00f0als til \u00feess a\u00f0 taka landi\u00f0 til eignar. <a name=\"7\"><span class=\"versanumer_2007\">7<\/span><\/a> Og f\u00f3lki\u00f0 \u00fej\u00f3na\u00f0i Drottni me\u00f0an J\u00f3s\u00faa var \u00e1 l\u00edfi og me\u00f0an \u00f6ldungar \u00feeir, sem lif\u00f0u J\u00f3s\u00faa, voru \u00e1 l\u00edfi, \u00feeir sem s\u00e9\u00f0 h\u00f6f\u00f0u \u00f6ll st\u00f3rvirki Drottins sem hann vann fyrir \u00cdsrael. <a name=\"8\"><span class=\"versanumer_2007\">8<\/span><\/a> \u00de\u00e1 anda\u00f0ist J\u00f3s\u00faa N\u00fansson, \u00fej\u00f3nn Drottins, hundra\u00f0 og t\u00edu \u00e1ra. <a name=\"9\"><span class=\"versanumer_2007\">9<\/span><\/a> Hann var grafinn \u00ed eignarlandi s\u00ednu hj\u00e1 Timnat Heres \u00e1 Efra\u00edmsfj\u00f6llum, fyrir nor\u00f0an Gaasfjall. <a name=\"10\"><span class=\"versanumer_2007\">10<\/span><\/a> En \u00f6ll s\u00fa kynsl\u00f3\u00f0 safna\u00f0ist l\u00edka til fe\u00f0ra sinna og fram kom \u00f6nnur kynsl\u00f3\u00f0 eftir hana sem hvorki \u00feekkti Drottin n\u00e9 \u00feau verk er hann haf\u00f0i unni\u00f0 fyrir \u00cdsrael.<\/p>\n<h3 class=\"millifyrirsogn_2007\">\u00d3trygg\u00f0 \u00cdsraels<\/h3>\n<p><a name=\"11\"><span class=\"versanumer_2007\">11<\/span><\/a> \u00de\u00e1 ger\u00f0u \u00cdsraelsmenn \u00fea\u00f0 sem illt var \u00ed augum Drottins, \u00fej\u00f3nu\u00f0u Ba\u00f6lum <a name=\"12\"><span class=\"versanumer_2007\">12<\/span><\/a> og yfirg\u00e1fu Drottin, Gu\u00f0 fe\u00f0ra sinna, sem leitt haf\u00f0i \u00fe\u00e1 af Egyptalandi. \u00deeir eltu a\u00f0ra gu\u00f0i, af gu\u00f0um \u00fej\u00f3\u00f0a \u00feeirra er bjuggu umhverfis \u00fe\u00e1, og f\u00e9llu fram fyrir \u00feeim og egndu Drottin til rei\u00f0i. <a name=\"13\"><span class=\"versanumer_2007\">13<\/span><\/a> Og \u00feeir yfirg\u00e1fu Drottin og \u00fej\u00f3nu\u00f0u Baal og Ast\u00f6rtum. <a name=\"14\"><span class=\"versanumer_2007\">14<\/span><\/a> \u00de\u00e1 upptendra\u00f0ist rei\u00f0i Drottins gegn \u00cdsrael og hann gaf \u00fe\u00e1 \u00e1 vald r\u00e1nsm\u00f6nnum sem r\u00e6ndu \u00fe\u00e1. Hann seldi \u00fe\u00e1 \u00f3vinum \u00feeirra \u00ed hendur allt \u00ed kringum \u00fe\u00e1 svo a\u00f0 \u00feeir fengu eigi framar sta\u00f0ist fyrir \u00f3vinum s\u00ednum. <a name=\"15\"><span class=\"versanumer_2007\">15<\/span><\/a> Hvert sem \u00feeir f\u00f3ru var h\u00f6nd Drottins gegn \u00feeim til \u00f3hamingju eins og Drottinn haf\u00f0i sagt og eins og Drottinn haf\u00f0i svari\u00f0 \u00feeim. Komust \u00feeir \u00fe\u00e1 \u00ed miklar nau\u00f0ir.<br \/> <a name=\"16\"><span class=\"versanumer_2007\">16<\/span><\/a> En Drottinn vakti upp d\u00f3mara og \u00feeir frelsu\u00f0u \u00fe\u00e1 \u00far h\u00f6ndum \u00feeirra sem r\u00e6ndu \u00fe\u00e1. <a name=\"17\"><span class=\"versanumer_2007\">17<\/span><\/a> En \u00feeir hl\u00fdddu ekki heldur d\u00f3murum s\u00ednum en t\u00f3ku fram hj\u00e1 me\u00f0 \u00f6\u00f0rum gu\u00f0um og f\u00e9llu fram fyrir \u00feeim. \u00deeir viku br\u00e1tt af vegi fe\u00f0ra sinna sem hl\u00fdtt h\u00f6f\u00f0u bo\u00f0um Drottins og breyttu ekki eins og \u00feeir.<br \/> <a name=\"18\"><span class=\"versanumer_2007\">18<\/span><\/a> \u00deegar Drottinn vakti upp d\u00f3mara handa \u00feeim, \u00fe\u00e1 var Drottinn me\u00f0 d\u00f3maranum og frelsa\u00f0i \u00fe\u00e1 \u00far h\u00f6ndum \u00f3vina \u00feeirra \u00e1 me\u00f0an d\u00f3marinn var \u00e1 l\u00edfi \u00fev\u00ed a\u00f0 Drottinn kenndi \u00ed brj\u00f3sti um \u00fe\u00e1 er \u00feeir kveinu\u00f0u undan k\u00fagurum s\u00ednum og kv\u00f6lurum. <a name=\"19\"><span class=\"versanumer_2007\">19<\/span><\/a> En \u00feegar d\u00f3marinn anda\u00f0ist breyttu \u00feeir a\u00f0 n\u00fdju verr en fe\u00f0ur \u00feeirra me\u00f0 \u00fev\u00ed a\u00f0 elta a\u00f0ra gu\u00f0i til \u00feess a\u00f0 \u00fej\u00f3na \u00feeim og falla fram fyrir \u00feeim. \u00deeir l\u00e9tu hvorki af \u00feessum verkum s\u00ednum n\u00e9 \u00ferj\u00f3sku sinni.<br \/> <a name=\"20\"><span class=\"versanumer_2007\">20<\/span><\/a> \u00de\u00e1 upptendra\u00f0ist rei\u00f0i Drottins gegn \u00cdsrael og hann sag\u00f0i: \u201eAf \u00fev\u00ed a\u00f0 \u00feetta f\u00f3lk hefur rofi\u00f0 s\u00e1ttm\u00e1lann, sem \u00e9g ger\u00f0i vi\u00f0 fe\u00f0ur \u00feess, og ekki hl\u00fdtt r\u00f6dd minni <a name=\"21\"><span class=\"versanumer_2007\">21<\/span><\/a> mun \u00e9g ekki framar st\u00f6kkva burt undan \u00fev\u00ed nokkrum manni af \u00feeim \u00fej\u00f3\u00f0um sem J\u00f3s\u00faa skildi eftir er hann anda\u00f0ist. <a name=\"22\"><span class=\"versanumer_2007\">22<\/span><\/a> \u00c9g vil nota \u00fe\u00e6r til a\u00f0 reyna \u00cdsraelsmenn, hvort \u00feeir var\u00f0veita veg Drottins og ganga hann, eins og fe\u00f0ur \u00feeirra ger\u00f0u, e\u00f0a ekki.\u201c <a name=\"23\"><span class=\"versanumer_2007\">23<\/span><\/a> \u00deess vegna l\u00e9t Drottinn \u00fej\u00f3\u00f0ir \u00feessar vera kyrrar \u00e1n \u00feess a\u00f0 reka \u00fe\u00e6r strax burt og hann gaf \u00fe\u00e6r ekki \u00e1 vald J\u00f3s\u00faa.<\/p>\n","protected":false},"excerpt":{"rendered":"<p>Engill Drottins bo\u00f0ar hegningu 1 Engill Drottins kom fr\u00e1 Gilgal til B\u00f3k\u00edm og m\u00e6lti: \u201e\u00c9g leiddi ykkur \u00fat af Egyptalandi og f\u00e6r\u00f0i ykkur \u00ed \u00fea\u00f0 land sem \u00e9g s\u00f3r fe\u00f0rum ykkar og \u00e9g sag\u00f0i: \u00c9g mun aldrei rj\u00fafa s\u00e1ttm\u00e1la minn vi\u00f0 ykkur 2 en \u00fei\u00f0 megi\u00f0 ekki gera s\u00e1ttm\u00e1la vi\u00f0 \u00edb\u00faa \u00feessa lands, heldur skulu\u00f0 \u00fei\u00f0 r\u00edfa ni\u00f0ur \u00f6lturu \u00feeirra. En \u00fei\u00f0 hafi\u00f0 ekki hl\u00fdtt r\u00f6dd minni. Hvers vegna hafi\u00f0 \u00fei\u00f0 gert \u00feetta? 3 \u00dev\u00ed segi \u00e9g einnig: \u00c9g mun ekki hrekja \u00fe\u00e1 burt undan ykkur. \u00deeir munu ver\u00f0a broddar \u00ed s\u00ed\u00f0um ykkar og gu\u00f0ir \u00feeirra ver\u00f0a ykkur a\u00f0 t\u00e1lsn\u00f6ru.\u201c <a href=\"https:\/\/biblian.is\/biblian\/domarabokin-2-kafli\/\"> [&#8230;]<\/a><\/p>\n","protected":false},"author":1,"featured_media":0,"parent":0,"menu_order":0,"comment_status":"open","ping_status":"open","template":"bibliukaflar_NT.php","meta":{"footnotes":""},"class_list":["post-1830","page","type-page","status-publish","hentry"],"_links":{"self":[{"href":"https:\/\/biblian.is\/biblian\/wp-json\/wp\/v2\/pages\/1830","targetHints":{"allow":["GET"]}}],"collection":[{"href":"https:\/\/biblian.is\/biblian\/wp-json\/wp\/v2\/pages"}],"about":[{"href":"https:\/\/biblian.is\/biblian\/wp-json\/wp\/v2\/types\/page"}],"author":[{"embeddable":true,"href":"https:\/\/biblian.is\/biblian\/wp-json\/wp\/v2\/users\/1"}],"replies":[{"embeddable":true,"href":"https:\/\/biblian.is\/biblian\/wp-json\/wp\/v2\/comments?post=1830"}],"version-history":[{"count":0,"href":"https:\/\/biblian.is\/biblian\/wp-json\/wp\/v2\/pages\/1830\/revisions"}],"wp:attachment":[{"href":"https:\/\/biblian.is\/biblian\/wp-json\/wp\/v2\/media?parent=1830"}],"curies":[{"name":"wp","href":"https:\/\/api.w.org\/{rel}","templated":true}]}}