{"id":1829,"date":"2017-12-30T21:00:35","date_gmt":"2017-12-30T21:00:35","guid":{"rendered":"http:\/\/biblian.is\/biblian\/d%c2%97marab%c2%97kin-1-kafli\/"},"modified":"2024-07-03T13:13:05","modified_gmt":"2024-07-03T13:13:05","slug":"domarabokin-1-kafli","status":"publish","type":"page","link":"https:\/\/biblian.is\/biblian\/domarabokin-1-kafli\/","title":{"rendered":"D\u00f3marab\u00f3kin 1. kafli"},"content":{"rendered":"<h3 class=\"millifyrirsogn_2007\"> Af landn\u00e1mi Kanaans<\/h3>\n<p><a name=\"1\"><span class=\"versanumer_2007\">1<\/span><\/a> Eftir andl\u00e1t J\u00f3s\u00faa spur\u00f0u \u00cdsraelsmenn Drottin: \u201eHver okkar skal fara fyrstur gegn Kanverjum til \u00feess a\u00f0 berjast vi\u00f0 \u00fe\u00e1?\u201c <a name=\"2\"><span class=\"versanumer_2007\">2<\/span><\/a> Drottinn sag\u00f0i: \u201eJ\u00fada skal fara gegn \u00feeim. \u00c9g gef landi\u00f0 \u00ed hendur honum.\u201c <a name=\"3\"><span class=\"versanumer_2007\">3<\/span><\/a> J\u00fada sag\u00f0i vi\u00f0 S\u00edmeon, br\u00f3\u00f0ur sinn: \u201eKomdu me\u00f0 m\u00e9r \u00e1 landsv\u00e6\u00f0i mitt svo a\u00f0 vi\u00f0 getum b\u00e1\u00f0ir barist vi\u00f0 Kanverjana. \u00de\u00e1 skal \u00e9g l\u00edka fara me\u00f0 \u00fe\u00e9r \u00e1 \u00feitt landsv\u00e6\u00f0i.\u201c S\u00edmeon f\u00f3r \u00fe\u00e1 me\u00f0 honum. <a name=\"4\"><span class=\"versanumer_2007\">4<\/span><\/a> J\u00fada f\u00f3r og Drottinn gaf Kanverja og Peres\u00edta \u00ed hendur \u00feeirra og l\u00f6g\u00f0u \u00feeir \u00fe\u00e1 a\u00f0 velli \u00ed Besek, alls t\u00edu \u00fe\u00fasund menn. <a name=\"5\"><span class=\"versanumer_2007\">5<\/span><\/a> \u00deeir fundu Ad\u00f3n\u00ed Besek \u00ed Besek, b\u00f6r\u00f0ust vi\u00f0 hann og unnu sigur \u00e1 Kanverjum og Peres\u00edtum. <a name=\"6\"><span class=\"versanumer_2007\">6<\/span><\/a> En Ad\u00f3n\u00ed Besek fl\u00fd\u00f0i og veittu \u00feeir honum eftirf\u00f6r, t\u00f3ku hann h\u00f6ndum og hjuggu af honum \u00feumalfingurna og st\u00f3rut\u00e6rnar. <a name=\"7\"><span class=\"versanumer_2007\">7<\/span><\/a> \u00de\u00e1 m\u00e6lti Ad\u00f3n\u00ed Besek: \u201eAf sj\u00f6t\u00edu konungum voru h\u00f6ggnir \u00feumalfingur og st\u00f3rut\u00e6r og ur\u00f0u \u00feeir a\u00f0 t\u00edna upp mola vi\u00f0 bor\u00f0 mitt. Eins og \u00e9g hef gert, \u00feannig geldur Gu\u00f0 m\u00e9r.\u201c F\u00f3ru \u00feeir s\u00ed\u00f0an me\u00f0 hann til Jer\u00fasalem og \u00fear d\u00f3 hann.<br \/> <a name=\"8\"><span class=\"versanumer_2007\">8<\/span><\/a> Synir J\u00fada herju\u00f0u \u00e1 Jer\u00fasalem og unnu hana, felldu \u00edb\u00faana me\u00f0 sver\u00f0seggjum en l\u00f6g\u00f0u s\u00ed\u00f0an eld a\u00f0 borginni. <a name=\"9\"><span class=\"versanumer_2007\">9<\/span><\/a> S\u00ed\u00f0an h\u00e9ldu synir J\u00fada \u00fea\u00f0an til \u00feess a\u00f0 berjast vi\u00f0 Kanverjana sem bjuggu \u00e1 fj\u00f6llunum \u00ed Su\u00f0urlandinu og \u00e1 l\u00e1glendinu. <a name=\"10\"><span class=\"versanumer_2007\">10<\/span><\/a> J\u00fada f\u00f3r gegn Kanverjunum sem bjuggu \u00ed Hebron en Hebron h\u00e9t \u00e1\u00f0ur Kirjat Arba. \u00deeir unnu sigur \u00e1 Sesa\u00ed, Ah\u00edman og Talma\u00ed.<br \/> <a name=\"11\"><span class=\"versanumer_2007\">11<\/span><\/a> \u00dea\u00f0an h\u00e9ldu \u00feeir m\u00f3ti \u00edb\u00faum Deb\u00edr en Deb\u00edr h\u00e9t \u00e1\u00f0ur Kirjat Sefer. <a name=\"12\"><span class=\"versanumer_2007\">12<\/span><\/a> Kaleb sag\u00f0i: \u201eHverjum sem leggur Kirjat Sefer undir sig og vinnur hana gef \u00e9g Aksa, d\u00f3ttur m\u00edna, a\u00f0 konu.\u201c <a name=\"13\"><span class=\"versanumer_2007\">13<\/span><\/a> Otn\u00edel Kenasson, yngri br\u00f3\u00f0ir Kalebs, vann \u00fe\u00e1 borgina og hann gaf honum Aksa, d\u00f3ttur s\u00edna, a\u00f0 konu. <a name=\"14\"><span class=\"versanumer_2007\">14<\/span><\/a> \u00deegar h\u00fan \u00e1tti a\u00f0 halda heim me\u00f0 b\u00f3nda s\u00ednum hvatti h\u00fan hann til \u00feess a\u00f0 bei\u00f0ast lands af f\u00f6\u00f0ur hennar. Steig h\u00fan \u00fe\u00e1 ni\u00f0ur af asnanum. Kaleb spur\u00f0i hana: \u201eHva\u00f0 viltu?\u201c <a name=\"15\"><span class=\"versanumer_2007\">15<\/span><\/a> H\u00fan svara\u00f0i honum: \u201eGef\u00f0u m\u00e9r n\u00fa gj\u00f6f fyrst \u00fe\u00fa hefur gefi\u00f0 mig til Su\u00f0urlandsins. Gef\u00f0u m\u00e9r vatnsb\u00f3l.\u201c Gaf hann henni \u00fe\u00e1 efri lindirnar og ne\u00f0ri lindirnar.<br \/> <a name=\"16\"><span class=\"versanumer_2007\">16<\/span><\/a> Synir Ken\u00edtans, tengdaf\u00f6\u00f0ur M\u00f3se, h\u00f6f\u00f0u fari\u00f0 \u00far p\u00e1lmaborginni<span class=\"nedan_mal\" title=\" \u00de.e. Jer\u00edk\u00f3. \">[<\/span> me\u00f0 sonum J\u00fada upp \u00ed J\u00fadaey\u00f0im\u00f6rk sem er fyrir sunnan Arad og settust \u00feeir a\u00f0 me\u00f0al f\u00f3lksins. <a name=\"17\"><span class=\"versanumer_2007\">17<\/span><\/a> En J\u00fada f\u00f3r me\u00f0 S\u00edmeon, br\u00f3\u00f0ur s\u00ednum, og \u00feeir unnu sigur \u00e1 Kanverjunum sem bjuggu \u00ed Sefat og helgu\u00f0u hana banni. \u00deess vegna var borgin nefnd Horma.<span class=\"nedan_mal\" title=\" Or\u00f0aleikur um s\u00f6gnina \u201ea\u00f0 helga, helga banni\u201c, sj\u00e1 J\u00f3s 7.1.\">[<\/span> <a name=\"18\"><span class=\"versanumer_2007\">18<\/span><\/a> J\u00fada vann Gasa og landi\u00f0 umhverfis, Askalon og landi\u00f0 umhverfis og Ekron og landi\u00f0 umhverfis. <a name=\"19\"><span class=\"versanumer_2007\">19<\/span><\/a> Og Drottinn var me\u00f0 J\u00fada svo a\u00f0 \u00feeir n\u00e1\u00f0u undir sig fjalllendinu en \u00feeim t\u00f3kst ekki a\u00f0 hrekja burt \u00fe\u00e1 sem bjuggu \u00e1 sl\u00e9ttlendinu \u00fev\u00ed a\u00f0 \u00feeir h\u00f6f\u00f0u j\u00e1rnvagna. <a name=\"20\"><span class=\"versanumer_2007\">20<\/span><\/a> \u00deeir g\u00e1fu Kaleb Hebron eins og M\u00f3se haf\u00f0i bo\u00f0i\u00f0 og \u00feeir r\u00e1ku \u00fea\u00f0an \u00ferj\u00e1 syni Anaks. <a name=\"21\"><span class=\"versanumer_2007\">21<\/span><\/a> En Jeb\u00fas\u00edtana, sem bjuggu \u00ed Jer\u00fasalem, g\u00e1tu Benjam\u00ednsni\u00f0jar ekki reki\u00f0 burt. \u00dev\u00ed hafa Jeb\u00fas\u00edtar b\u00fai\u00f0 \u00ed Jer\u00fasalem \u00e1samt ni\u00f0jum Benjam\u00edns fram \u00e1 \u00feennan dag.<br \/> <a name=\"22\"><span class=\"versanumer_2007\">22<\/span><\/a> \u00c6ttmenn J\u00f3sefs f\u00f3ru l\u00edka upp til Betel og Drottinn var me\u00f0 \u00feeim. <a name=\"23\"><span class=\"versanumer_2007\">23<\/span><\/a> Og \u00e6ttmenn J\u00f3sefs l\u00e9tu nj\u00f3sna \u00ed Betel en borgin h\u00e9t \u00e1\u00f0ur L\u00fas. <a name=\"24\"><span class=\"versanumer_2007\">24<\/span><\/a> \u00de\u00e1 s\u00e1u nj\u00f3snararnir mann koma \u00fat \u00far borginni og s\u00f6g\u00f0u vi\u00f0 hann: \u201eS\u00fdndu okkur hvar komast m\u00e1 inn \u00ed borgina, \u00fe\u00e1 munum vi\u00f0 hl\u00edfa \u00fe\u00e9r.\u201c <a name=\"25\"><span class=\"versanumer_2007\">25<\/span><\/a> Hann s\u00fdndi \u00feeim hvar komast m\u00e6tti inn \u00ed borgina og \u00feeir t\u00f3ku hana herskildi en leyf\u00f0u manninum og \u00f6llu f\u00f3lki hans a\u00f0 fara. <a name=\"26\"><span class=\"versanumer_2007\">26<\/span><\/a> Ma\u00f0urinn f\u00f3r til lands Het\u00edta og reisti \u00fear borg og nefndi hana L\u00fas. \u00dea\u00f0 heitir h\u00fan enn \u00ed dag.<br \/> <a name=\"27\"><span class=\"versanumer_2007\">27<\/span><\/a> Manasse hrakti hvorki burt \u00edb\u00faana \u00ed Bet Sean og \u00feorpunum \u00ed grennd, \u00ed Taanak og \u00feorpunum \u00ed grennd, \u00edb\u00faana \u00ed D\u00f3r og \u00feorpunum \u00ed grennd, \u00edb\u00faana \u00ed Jibleam og \u00feorpunum \u00ed grennd n\u00e9 \u00edb\u00faana \u00ed Megidd\u00f3 og \u00feorpunum \u00ed grennd. \u00deannig h\u00f6f\u00f0u Kanverjar \u00e1fram b\u00fasta\u00f0 \u00e1 \u00fev\u00ed sv\u00e6\u00f0i. <a name=\"28\"><span class=\"versanumer_2007\">28<\/span><\/a> \u00deegar \u00cdsrael efldist ger\u00f0i hann Kanverja s\u00e9r vinnuskylda og rak \u00fe\u00e1 ekki me\u00f0 \u00f6llu burt.<br \/> <a name=\"29\"><span class=\"versanumer_2007\">29<\/span><\/a> Efra\u00edm rak Kanverjana sem bjuggu \u00ed Geser ekki burt. \u00deannig h\u00e9ldu Kanverjar \u00e1fram a\u00f0 b\u00faa me\u00f0al \u00feeirra \u00ed Geser.<br \/> <a name=\"30\"><span class=\"versanumer_2007\">30<\/span><\/a> Seb\u00falon rak hvorki burt \u00edb\u00faana \u00ed Kitr\u00f3n n\u00e9 Nahal\u00f3l. \u00deannig h\u00e9ldu Kanverjar \u00e1fram a\u00f0 b\u00faa me\u00f0al \u00feeirra og ur\u00f0u \u00feeim vinnuskyldir.<br \/> <a name=\"31\"><span class=\"versanumer_2007\">31<\/span><\/a> Asser rak hvorki burt \u00edb\u00faana \u00ed Akk\u00f3 n\u00e9 S\u00eddon og ekki heldur \u00ed Ahlab, Aks\u00edd, Helba, Af\u00edk og Reh\u00f3b. <a name=\"32\"><span class=\"versanumer_2007\">32<\/span><\/a> \u00deess vegna bjuggu Assersni\u00f0jar me\u00f0al Kanverjanna sem fyrir voru \u00ed landinu. \u00deeir r\u00e1ku \u00fe\u00e1 ekki burt.<br \/> <a name=\"33\"><span class=\"versanumer_2007\">33<\/span><\/a> Naftal\u00ed rak hvorki burt \u00edb\u00faana \u00ed Bet Semes n\u00e9 Bet Anat. \u00deess vegna bj\u00f3 hann me\u00f0al Kanverjanna sem fyrir voru \u00ed landinu en \u00edb\u00faarnir \u00ed Bet Semes og Bet Anat ur\u00f0u \u00feeim vinnuskyldir.<br \/> <a name=\"34\"><span class=\"versanumer_2007\">34<\/span><\/a> Amor\u00edtar \u00ferengdu ni\u00f0jum Dans upp \u00ed fj\u00f6llin og v\u00f6rnu\u00f0u \u00feeim a\u00f0 komast ni\u00f0ur \u00e1 sl\u00e9ttlendi\u00f0. <a name=\"35\"><span class=\"versanumer_2007\">35<\/span><\/a> \u00deannig h\u00f6f\u00f0u Amor\u00edtar \u00e1fram b\u00fasetu \u00ed Har Heres, \u00ed Ajalon og Saalb\u00edm en af \u00fev\u00ed a\u00f0 \u00e6tt J\u00f3sefs var \u00feeim voldugri ur\u00f0u \u00feeir vinnuskyldir. <a name=\"36\"><span class=\"versanumer_2007\">36<\/span><\/a> Landam\u00e6ri Amor\u00edta l\u00e1gu fr\u00e1 Spor\u00f0drekaskar\u00f0i, fr\u00e1 klettinum og \u00fear upp eftir.<\/p>\n","protected":false},"excerpt":{"rendered":"<p>Af landn\u00e1mi Kanaans 1 Eftir andl\u00e1t J\u00f3s\u00faa spur\u00f0u \u00cdsraelsmenn Drottin: \u201eHver okkar skal fara fyrstur gegn Kanverjum til \u00feess a\u00f0 berjast vi\u00f0 \u00fe\u00e1?\u201c 2 Drottinn sag\u00f0i: \u201eJ\u00fada skal fara gegn \u00feeim. \u00c9g gef landi\u00f0 \u00ed hendur honum.\u201c 3 J\u00fada sag\u00f0i vi\u00f0 S\u00edmeon, br\u00f3\u00f0ur sinn: \u201eKomdu me\u00f0 m\u00e9r \u00e1 landsv\u00e6\u00f0i mitt svo a\u00f0 vi\u00f0 getum b\u00e1\u00f0ir barist vi\u00f0 Kanverjana. \u00de\u00e1 skal \u00e9g l\u00edka fara me\u00f0 \u00fe\u00e9r \u00e1 \u00feitt landsv\u00e6\u00f0i.\u201c S\u00edmeon f\u00f3r \u00fe\u00e1 me\u00f0 honum. 4 J\u00fada f\u00f3r og Drottinn gaf Kanverja og Peres\u00edta \u00ed hendur \u00feeirra og l\u00f6g\u00f0u \u00feeir \u00fe\u00e1 a\u00f0 velli \u00ed Besek, alls t\u00edu \u00fe\u00fasund menn. 5 \u00deeir fundu <a href=\"https:\/\/biblian.is\/biblian\/domarabokin-1-kafli\/\"> [&#8230;]<\/a><\/p>\n","protected":false},"author":1,"featured_media":0,"parent":0,"menu_order":0,"comment_status":"open","ping_status":"open","template":"bibliukaflar_NT.php","meta":{"footnotes":""},"class_list":["post-1829","page","type-page","status-publish","hentry"],"_links":{"self":[{"href":"https:\/\/biblian.is\/biblian\/wp-json\/wp\/v2\/pages\/1829","targetHints":{"allow":["GET"]}}],"collection":[{"href":"https:\/\/biblian.is\/biblian\/wp-json\/wp\/v2\/pages"}],"about":[{"href":"https:\/\/biblian.is\/biblian\/wp-json\/wp\/v2\/types\/page"}],"author":[{"embeddable":true,"href":"https:\/\/biblian.is\/biblian\/wp-json\/wp\/v2\/users\/1"}],"replies":[{"embeddable":true,"href":"https:\/\/biblian.is\/biblian\/wp-json\/wp\/v2\/comments?post=1829"}],"version-history":[{"count":0,"href":"https:\/\/biblian.is\/biblian\/wp-json\/wp\/v2\/pages\/1829\/revisions"}],"wp:attachment":[{"href":"https:\/\/biblian.is\/biblian\/wp-json\/wp\/v2\/media?parent=1829"}],"curies":[{"name":"wp","href":"https:\/\/api.w.org\/{rel}","templated":true}]}}