{"id":1825,"date":"2017-12-30T21:00:35","date_gmt":"2017-12-30T21:00:35","guid":{"rendered":"http:\/\/biblian.is\/biblian\/j%c2%97s%c2%9cab%c2%97k-21-kafli\/"},"modified":"2024-06-27T02:39:12","modified_gmt":"2024-06-27T02:39:12","slug":"josuabok-21-kafli","status":"publish","type":"page","link":"https:\/\/biblian.is\/biblian\/josuabok-21-kafli\/","title":{"rendered":"J\u00f3s\u00faab\u00f3k 21. kafli"},"content":{"rendered":"<h3 class=\"millifyrirsogn_2007\"> Lev\u00edtaborgirnar<\/h3>\n<p><a name=\"1\"><span class=\"versanumer_2007\">1<\/span><\/a> \u00c6ttarh\u00f6f\u00f0ingjar Lev\u00edtanna f\u00f3ru til Eleasars prests, J\u00f3s\u00faa N\u00fanssonar og annarra h\u00f6f\u00f0ingja \u00e6ttb\u00e1lka \u00cdsraelsmanna. <a name=\"2\"><span class=\"versanumer_2007\">2<\/span><\/a> \u00deeir t\u00f6lu\u00f0u vi\u00f0 \u00fe\u00e1 \u00ed S\u00edl\u00f3 \u00ed Kanaanslandi og s\u00f6g\u00f0u: \u201eDrottinn bau\u00f0 fyrir munn M\u00f3se a\u00f0 f\u00e1 okkur borgir a\u00f0 b\u00faa \u00ed og haglendi \u00feeirra handa f\u00e9na\u00f0i okkar.\u201c <a name=\"3\"><span class=\"versanumer_2007\">3<\/span><\/a> \u00de\u00e1 l\u00e9tu \u00cdsraelsmenn Lev\u00edtunum borgirnar \u00ed t\u00e9 af erf\u00f0ahlutum s\u00ednum og haglendi \u00feeirra, eins og Drottinn haf\u00f0i bo\u00f0i\u00f0.<br \/> <a name=\"4\"><span class=\"versanumer_2007\">4<\/span><\/a> Vi\u00f0 hlutkesti kom upp hlutur \u00e6tta Kahat\u00edta. Hlutu Lev\u00edtarnir, sem voru ni\u00f0jar Arons prests, \u00ferett\u00e1n borgir fr\u00e1 \u00e6ttb\u00e1lkum J\u00fada, S\u00edmeons og Benjam\u00edns. <a name=\"5\"><span class=\"versanumer_2007\">5<\/span><\/a> A\u00f0rir Kahat\u00edtar fengu me\u00f0 hlutkesti t\u00edu borgir fr\u00e1 \u00e6ttum \u00ed \u00e6ttb\u00e1lkum Efra\u00edms, Dans og h\u00e1lfum \u00e6ttb\u00e1lki Manasse.<br \/> <a name=\"6\"><span class=\"versanumer_2007\">6<\/span><\/a> Ni\u00f0jar Gersons hlutu \u00ferett\u00e1n borgir me\u00f0 hlutkesti fr\u00e1 \u00e6ttum \u00ed \u00e6ttb\u00e1lkum \u00cdssakars, Assers, Naftal\u00ed og \u00feeim helmingi \u00e6ttb\u00e1lks Manasse sem bj\u00f3 \u00ed Basan.<br \/> <a name=\"7\"><span class=\"versanumer_2007\">7<\/span><\/a> \u00c6ttir ni\u00f0ja Merar\u00ed hlutu t\u00f3lf borgir, hver \u00e6tt fyrir sig, fr\u00e1 \u00e6ttb\u00e1lkum R\u00fabens, Ga\u00f0s og Seb\u00falons.<br \/> <a name=\"8\"><span class=\"versanumer_2007\">8<\/span><\/a> \u00cdsraelsmenn fengu Lev\u00edtunum \u00feessar borgir \u00e1samt haglendinu umhverfis \u00fe\u00e6r, eftir hlutkesti eins og Drottinn haf\u00f0i bo\u00f0i\u00f0 af munni M\u00f3se.<br \/> <a name=\"9\"><span class=\"versanumer_2007\">9<\/span><\/a> \u00de\u00e6r borgir \u00e6ttb\u00e1lka J\u00fada og S\u00edmeons sem nefndar eru h\u00e9r \u00e1 eftir voru fengnar \u00feeim ni\u00f0jum <a name=\"10\"><span class=\"versanumer_2007\">10<\/span><\/a> Arons sem voru af \u00e6tt Kahat\u00edta en \u00feeir voru ni\u00f0jar Lev\u00ed. \u00deeir fengu \u00feessar borgir af \u00fev\u00ed a\u00f0 hlutur \u00feeirra kom fyrstur upp.<br \/> <a name=\"11\"><span class=\"versanumer_2007\">11<\/span><\/a> \u00deeir fengu Kirjat Arba, sem fa\u00f0ir Anaks haf\u00f0i \u00e1tt, \u00fea\u00f0 er Hebron, \u00ed fjalllendi J\u00fada \u00e1samt haglendinu umhverfis hana. <a name=\"12\"><span class=\"versanumer_2007\">12<\/span><\/a> En Kaleb Jef\u00fanneson f\u00e9kk akurland borgarinnar til eignar og \u00feorpin sem heyr\u00f0u henni til.<br \/> <a name=\"13\"><span class=\"versanumer_2007\">13<\/span><\/a> Ni\u00f0jum Arons prests fengu \u00feeir Hebron, gri\u00f0aborg fyrir \u00fe\u00e1 sem h\u00f6f\u00f0u or\u00f0i\u00f0 manni a\u00f0 bana, og haglendi hennar. Er \u00fea\u00f0 gri\u00f0asta\u00f0ur fyrir v\u00edgseka. Enn fremur hlutu \u00feeir L\u00edbna og haglendi hennar, <a name=\"14\"><span class=\"versanumer_2007\">14<\/span><\/a> Jatt\u00edr og haglendi hennar, Estem\u00f3a og haglendi hennar, <a name=\"15\"><span class=\"versanumer_2007\">15<\/span><\/a> H\u00f3lon og haglendi hennar, Deb\u00edr og haglendi hennar, <a name=\"16\"><span class=\"versanumer_2007\">16<\/span><\/a> A\u00edn og haglendi hennar, J\u00fatta og haglendi hennar og Bet Semes og haglendi hennar, alls n\u00edu borgir fr\u00e1 \u00feessum tveimur \u00e6ttb\u00e1lkum.<br \/> <a name=\"17\"><span class=\"versanumer_2007\">17<\/span><\/a> Fr\u00e1 \u00e6ttb\u00e1lki Benjam\u00edns hlutu \u00feeir G\u00edbeon og haglendi hennar, Geba og haglendi hennar, <a name=\"18\"><span class=\"versanumer_2007\">18<\/span><\/a> Anat\u00f3t og haglendi hennar og Alm\u00f3n og haglendi hennar, alls fj\u00f3rar borgir.<br \/> <a name=\"19\"><span class=\"versanumer_2007\">19<\/span><\/a> Alls hlutu prestarnir, ni\u00f0jar Arons, \u00ferett\u00e1n borgir og haglendi \u00feeirra.<br \/> <a name=\"20\"><span class=\"versanumer_2007\">20<\/span><\/a> A\u00f0rar \u00e6ttir ni\u00f0ja Kahats, sem t\u00f6ldust til Lev\u00edta, fengu me\u00f0 hlutkesti borgir fr\u00e1 \u00e6ttb\u00e1lki Efra\u00edms. <a name=\"21\"><span class=\"versanumer_2007\">21<\/span><\/a> \u00de\u00e6r fengu gri\u00f0aborgir fyrir \u00fe\u00e1 sem h\u00f6f\u00f0u or\u00f0i\u00f0 manni a\u00f0 bana, S\u00edkem og haglendi hennar \u00ed Efra\u00edmsfj\u00f6llum og Geser og haglendi hennar, <a name=\"22\"><span class=\"versanumer_2007\">22<\/span><\/a> Kibsa\u00edm og haglendi hennar og Bet H\u00f3ron og haglendi hennar, alls fj\u00f3rar borgir.<br \/> <a name=\"23\"><span class=\"versanumer_2007\">23<\/span><\/a> Fr\u00e1 \u00e6ttb\u00e1lki Dans hlutu \u00feeir Elteke og haglendi hennar, Gibbet\u00f3n og haglendi hennar, <a name=\"24\"><span class=\"versanumer_2007\">24<\/span><\/a> Ajalon og haglendi hennar og Gat Rimmon og haglendi hennar, alls fj\u00f3rar borgir.<br \/> <a name=\"25\"><span class=\"versanumer_2007\">25<\/span><\/a> Fr\u00e1 h\u00e1lfum \u00e6ttb\u00e1lki Manasse hlutu \u00feeir Taanak og haglendi hennar og Gat Rimmon og haglendi hennar, tv\u00e6r borgir.<br \/> <a name=\"26\"><span class=\"versanumer_2007\">26<\/span><\/a> Alls voru borgir \u00e6tta annarra Kahatsni\u00f0ja t\u00edu, \u00e1samt haglendi \u00feeirra.<br \/> <a name=\"27\"><span class=\"versanumer_2007\">27<\/span><\/a> Ni\u00f0jar Gersons, sem voru af Lev\u00edta\u00e6ttum, hlutu gri\u00f0aborg fr\u00e1 h\u00e1lfum \u00e6ttb\u00e1lki Manasse fyrir \u00fe\u00e1 sem h\u00f6f\u00f0u or\u00f0i\u00f0 manni a\u00f0 bana. Var \u00fea\u00f0 G\u00f3lan \u00ed Basan og haglendi hennar. Einnig hlutu \u00feeir Beestera og haglendi hennar, \u00fe\u00e6r tv\u00e6r borgir.<br \/> <a name=\"28\"><span class=\"versanumer_2007\">28<\/span><\/a> Fr\u00e1 \u00e6ttb\u00e1lki \u00cdssakars hlutu \u00feeir Kisj\u00f3n og haglendi hennar, Daberat og haglendi hennar, <a name=\"29\"><span class=\"versanumer_2007\">29<\/span><\/a> Jarm\u00fat og haglendi hennar og En Gann\u00edm og haglendi hennar, alls fj\u00f3rar borgir.<br \/> <a name=\"30\"><span class=\"versanumer_2007\">30<\/span><\/a> Fr\u00e1 \u00e6ttb\u00e1lki Assers hlutu \u00feeir M\u00edseal og haglendi hennar, Abd\u00f3n og haglendi hennar, <a name=\"31\"><span class=\"versanumer_2007\">31<\/span><\/a> Helkat og haglendi hennar og Reh\u00f3b og haglendi hennar, alls fj\u00f3rar borgir.<br \/> <a name=\"32\"><span class=\"versanumer_2007\">32<\/span><\/a> Fr\u00e1 \u00e6ttb\u00e1lki Naftal\u00ed hlutu \u00feeir gri\u00f0aborg fyrir \u00fe\u00e1 sem h\u00f6f\u00f0u or\u00f0i\u00f0 manni a\u00f0 bana, Kedes \u00ed Gal\u00edleu og haglendi hennar, einnig Hamm\u00f3t D\u00f3r og haglendi hennar og Kartan og haglendi hennar, alls \u00ferj\u00e1r borgir.<br \/> <a name=\"33\"><span class=\"versanumer_2007\">33<\/span><\/a> Alls voru borgir Gerson\u00edta, hverrar \u00e6ttar um sig, \u00ferett\u00e1n \u00e1samt haglendi \u00feeirra.<br \/> <a name=\"34\"><span class=\"versanumer_2007\">34<\/span><\/a> \u00c6ttir ni\u00f0ja Merar\u00ed, \u00feeirra Lev\u00edta sem \u00f3taldir eru, fengu \u00feessar borgir fr\u00e1 \u00e6ttb\u00e1lki Seb\u00falons: Jokneam og haglendi hennar, Karta og haglendi hennar, <a name=\"35\"><span class=\"versanumer_2007\">35<\/span><\/a> Dimna og haglendi hennar og Nahalal og haglendi hennar, alls fj\u00f3rar borgir.<br \/> <a name=\"36\"><span class=\"versanumer_2007\">36<\/span><\/a> Fr\u00e1 \u00e6ttb\u00e1lki R\u00fabens hlutu \u00fe\u00e6r Beser og haglendi hennar, Jahsa og haglendi hennar, <a name=\"37\"><span class=\"versanumer_2007\">37<\/span><\/a> Kedem\u00f3t og haglendi hennar og Mefaat og haglendi hennar, alls fj\u00f3rar borgir.<br \/> <a name=\"38\"><span class=\"versanumer_2007\">38<\/span><\/a> Fr\u00e1 \u00e6ttb\u00e1lki Ga\u00f0s hlutu \u00fe\u00e6r gri\u00f0aborg fyrir \u00fe\u00e1 sem h\u00f6f\u00f0u or\u00f0i\u00f0 manni a\u00f0 bana, Ram\u00f3t \u00ed G\u00edlea\u00f0 og haglendi hennar, Mahana\u00edm og haglendi hennar, <a name=\"39\"><span class=\"versanumer_2007\">39<\/span><\/a> Hesbon og haglendi hennar og Jaser og haglendi hennar, alls fj\u00f3rar borgir.<br \/> <a name=\"40\"><span class=\"versanumer_2007\">40<\/span><\/a> Alls voru \u00fe\u00e6r borgir t\u00f3lf sem me\u00f0 hlutkesti f\u00e9llu \u00feeim Lev\u00edta\u00e6ttum \u00ed hlut sem enn voru eftir me\u00f0al ni\u00f0ja Merar\u00ed, hverri \u00e6tt fyrir sig.<br \/> <a name=\"41\"><span class=\"versanumer_2007\">41<\/span><\/a> Allar borgir Lev\u00edta og haglendi \u00feeirra voru dreif\u00f0ar um eignarl\u00f6nd \u00cdsraelsmanna, fj\u00f6rut\u00edu og \u00e1tta talsins. <a name=\"42\"><span class=\"versanumer_2007\">42<\/span><\/a> Hverri \u00feessara borga heyr\u00f0i haglendi\u00f0 umhverfis. \u00deannig h\u00e1tta\u00f0i til um allar \u00feessar borgir.<\/p>\n<h3 class=\"millifyrirsogn_2007\">Uppfylling fyrirheitanna<\/h3>\n<p><a name=\"43\"><span class=\"versanumer_2007\">43<\/span><\/a> Drottinn gaf \u00cdsrael allt \u00fea\u00f0 land sem hann haf\u00f0i heiti\u00f0 a\u00f0 gefa fe\u00f0rum \u00feeirra. \u00deeir t\u00f3ku \u00fea\u00f0 til eignar og settust \u00fear a\u00f0. <a name=\"44\"><span class=\"versanumer_2007\">44<\/span><\/a> Drottinn veitti \u00feeim fri\u00f0 allt umhverfis eins og hann haf\u00f0i heiti\u00f0 fe\u00f0rum \u00feeirra. Enginn fjandmanna \u00feeirra gat veitt \u00feeim vi\u00f0n\u00e1m \u00fev\u00ed a\u00f0 Drottinn seldi alla \u00f3vini \u00feeim \u00ed hendur. <a name=\"45\"><span class=\"versanumer_2007\">45<\/span><\/a> Ekkert br\u00e1st af \u00f6llum \u00feeim fyrirheitum sem Drottinn haf\u00f0i veitt samf\u00e9lagi \u00cdsraelsmanna. \u00deau r\u00e6ttust \u00f6ll.<\/p>\n","protected":false},"excerpt":{"rendered":"<p>Lev\u00edtaborgirnar 1 \u00c6ttarh\u00f6f\u00f0ingjar Lev\u00edtanna f\u00f3ru til Eleasars prests, J\u00f3s\u00faa N\u00fanssonar og annarra h\u00f6f\u00f0ingja \u00e6ttb\u00e1lka \u00cdsraelsmanna. 2 \u00deeir t\u00f6lu\u00f0u vi\u00f0 \u00fe\u00e1 \u00ed S\u00edl\u00f3 \u00ed Kanaanslandi og s\u00f6g\u00f0u: \u201eDrottinn bau\u00f0 fyrir munn M\u00f3se a\u00f0 f\u00e1 okkur borgir a\u00f0 b\u00faa \u00ed og haglendi \u00feeirra handa f\u00e9na\u00f0i okkar.\u201c 3 \u00de\u00e1 l\u00e9tu \u00cdsraelsmenn Lev\u00edtunum borgirnar \u00ed t\u00e9 af erf\u00f0ahlutum s\u00ednum og haglendi \u00feeirra, eins og Drottinn haf\u00f0i bo\u00f0i\u00f0. 4 Vi\u00f0 hlutkesti kom upp hlutur \u00e6tta Kahat\u00edta. Hlutu Lev\u00edtarnir, sem voru ni\u00f0jar Arons prests, \u00ferett\u00e1n borgir fr\u00e1 \u00e6ttb\u00e1lkum J\u00fada, S\u00edmeons og Benjam\u00edns. 5 A\u00f0rir Kahat\u00edtar fengu me\u00f0 hlutkesti t\u00edu borgir fr\u00e1 \u00e6ttum \u00ed \u00e6ttb\u00e1lkum Efra\u00edms, Dans <a href=\"https:\/\/biblian.is\/biblian\/josuabok-21-kafli\/\"> [&#8230;]<\/a><\/p>\n","protected":false},"author":1,"featured_media":0,"parent":0,"menu_order":0,"comment_status":"open","ping_status":"open","template":"bibliukaflar_NT.php","meta":{"footnotes":""},"class_list":["post-1825","page","type-page","status-publish","hentry"],"_links":{"self":[{"href":"https:\/\/biblian.is\/biblian\/wp-json\/wp\/v2\/pages\/1825","targetHints":{"allow":["GET"]}}],"collection":[{"href":"https:\/\/biblian.is\/biblian\/wp-json\/wp\/v2\/pages"}],"about":[{"href":"https:\/\/biblian.is\/biblian\/wp-json\/wp\/v2\/types\/page"}],"author":[{"embeddable":true,"href":"https:\/\/biblian.is\/biblian\/wp-json\/wp\/v2\/users\/1"}],"replies":[{"embeddable":true,"href":"https:\/\/biblian.is\/biblian\/wp-json\/wp\/v2\/comments?post=1825"}],"version-history":[{"count":0,"href":"https:\/\/biblian.is\/biblian\/wp-json\/wp\/v2\/pages\/1825\/revisions"}],"wp:attachment":[{"href":"https:\/\/biblian.is\/biblian\/wp-json\/wp\/v2\/media?parent=1825"}],"curies":[{"name":"wp","href":"https:\/\/api.w.org\/{rel}","templated":true}]}}