{"id":1824,"date":"2017-12-30T21:00:35","date_gmt":"2017-12-30T21:00:35","guid":{"rendered":"http:\/\/biblian.is\/biblian\/j%c2%97s%c2%9cab%c2%97k-20-kafli\/"},"modified":"2024-06-27T02:39:12","modified_gmt":"2024-06-27T02:39:12","slug":"josuabok-20-kafli","status":"publish","type":"page","link":"https:\/\/biblian.is\/biblian\/josuabok-20-kafli\/","title":{"rendered":"J\u00f3s\u00faab\u00f3k 20. kafli"},"content":{"rendered":"<h3 class=\"millifyrirsogn_2007\"> Gri\u00f0aborgirnar<\/h3>\n<p><a name=\"1\"><span class=\"versanumer_2007\">1<\/span><\/a> Drottinn tala\u00f0i til J\u00f3s\u00faa:<br \/> <a name=\"2\"><span class=\"versanumer_2007\">2<\/span><\/a> \u201eSeg\u00f0u \u00cdsraelsm\u00f6nnum a\u00f0 velja gri\u00f0asta\u00f0i eins og \u00e9g gaf fyrirm\u00e6li um af munni M\u00f3se <a name=\"3\"><span class=\"versanumer_2007\">3<\/span><\/a> svo a\u00f0 s\u00e1 sem af vang\u00e1 e\u00f0a \u00f3viljandi hefur or\u00f0i\u00f0 manni a\u00f0 bana geti fl\u00fai\u00f0 \u00feanga\u00f0 og \u00fear veitist ykkur gri\u00f0 fyrir \u00feeim sem \u00e1 bl\u00f3\u00f0s a\u00f0 hefna. <a name=\"4\"><span class=\"versanumer_2007\">4<\/span><\/a> N\u00fa fl\u00fdr ma\u00f0ur til einhverrar af \u00feessum borgum. Skal hann \u00fe\u00e1 taka s\u00e9r st\u00f6\u00f0u vi\u00f0 inngang borgarhli\u00f0sins og leggja m\u00e1l sitt fyrir \u00f6ldunga borgarinnar. \u00deeir skulu taka vi\u00f0 honum inn \u00ed borgina og f\u00e1 honum b\u00fasta\u00f0 svo a\u00f0 hann geti sest a\u00f0 hj\u00e1 \u00feeim. <a name=\"5\"><span class=\"versanumer_2007\">5<\/span><\/a> Ef s\u00e1 sem bl\u00f3\u00f0s \u00e1 a\u00f0 hefna veitir honum eftirf\u00f6r skal ekki framselja honum banamanninn, enda hafi hann ekki \u00e1\u00f0ur bori\u00f0 haturshug til \u00feess sem veginn var. <a name=\"6\"><span class=\"versanumer_2007\">6<\/span><\/a> Hann skal vera um kyrrt \u00ed borginni \u00fear til hann hefur komi\u00f0 fyrir d\u00f3mst\u00f3l safna\u00f0arins. \u00dearna skal hann b\u00faa \u00fear til s\u00e1 sem \u00fe\u00e1 er \u00e6\u00f0sti prestur er l\u00e1tinn. \u00de\u00e1 getur banama\u00f0urinn sn\u00fai\u00f0 aftur til fj\u00f6lskyldu sinnar og borgarinnar sem hann fl\u00fd\u00f0i fr\u00e1.\u201c<br \/> <a name=\"7\"><span class=\"versanumer_2007\">7<\/span><\/a> \u00de\u00e1 t\u00f3ku \u00feeir Kedes \u00ed Gal\u00edl \u00ed fjalllendi Naftal\u00ed fr\u00e1, einnig S\u00edkem \u00ed fjalllendi Efra\u00edms og Kirjat Arba, \u00fea\u00f0 er Hebron, \u00ed fjalllendi J\u00fada. <a name=\"8\"><span class=\"versanumer_2007\">8<\/span><\/a> Handan vi\u00f0 J\u00f3rdan, austan Jer\u00edk\u00f3, v\u00f6ldu \u00feeir Beser \u00ed au\u00f0ninni \u00e1 sl\u00e9ttunni fr\u00e1 \u00e6ttb\u00e1lki R\u00fabens, Ram\u00f3t \u00ed G\u00edlea\u00f0 fr\u00e1 \u00e6ttb\u00e1lki Ga\u00f0s og G\u00f3lan \u00ed Basan fr\u00e1 \u00e6ttb\u00e1lki Manasse.<br \/> <a name=\"9\"><span class=\"versanumer_2007\">9<\/span><\/a> \u00deessar borgir voru gri\u00f0aborgir sem \u00e6tla\u00f0ar voru \u00f6llum \u00cdsraelsm\u00f6nnum og a\u00f0komum\u00f6nnum sem bjuggu \u00feeirra \u00e1 me\u00f0al. Hver s\u00e1 sem bana\u00f0i manni \u00f3viljandi gat fl\u00fai\u00f0 \u00feanga\u00f0 svo hann \u00feyrfti ekki a\u00f0 falla fyrir hendi \u00feess sem \u00e1tti bl\u00f3\u00f0s a\u00f0 hefna fyrr en hann hef\u00f0i sta\u00f0i\u00f0 fyrir m\u00e1li s\u00ednu frammi fyrir s\u00f6fnu\u00f0inum.<\/p>\n","protected":false},"excerpt":{"rendered":"<p>Gri\u00f0aborgirnar 1 Drottinn tala\u00f0i til J\u00f3s\u00faa: 2 \u201eSeg\u00f0u \u00cdsraelsm\u00f6nnum a\u00f0 velja gri\u00f0asta\u00f0i eins og \u00e9g gaf fyrirm\u00e6li um af munni M\u00f3se 3 svo a\u00f0 s\u00e1 sem af vang\u00e1 e\u00f0a \u00f3viljandi hefur or\u00f0i\u00f0 manni a\u00f0 bana geti fl\u00fai\u00f0 \u00feanga\u00f0 og \u00fear veitist ykkur gri\u00f0 fyrir \u00feeim sem \u00e1 bl\u00f3\u00f0s a\u00f0 hefna. 4 N\u00fa fl\u00fdr ma\u00f0ur til einhverrar af \u00feessum borgum. Skal hann \u00fe\u00e1 taka s\u00e9r st\u00f6\u00f0u vi\u00f0 inngang borgarhli\u00f0sins og leggja m\u00e1l sitt fyrir \u00f6ldunga borgarinnar. \u00deeir skulu taka vi\u00f0 honum inn \u00ed borgina og f\u00e1 honum b\u00fasta\u00f0 svo a\u00f0 hann geti sest a\u00f0 hj\u00e1 \u00feeim. 5 Ef s\u00e1 sem bl\u00f3\u00f0s <a href=\"https:\/\/biblian.is\/biblian\/josuabok-20-kafli\/\"> [&#8230;]<\/a><\/p>\n","protected":false},"author":1,"featured_media":0,"parent":0,"menu_order":0,"comment_status":"open","ping_status":"open","template":"bibliukaflar_NT.php","meta":{"footnotes":""},"class_list":["post-1824","page","type-page","status-publish","hentry"],"_links":{"self":[{"href":"https:\/\/biblian.is\/biblian\/wp-json\/wp\/v2\/pages\/1824","targetHints":{"allow":["GET"]}}],"collection":[{"href":"https:\/\/biblian.is\/biblian\/wp-json\/wp\/v2\/pages"}],"about":[{"href":"https:\/\/biblian.is\/biblian\/wp-json\/wp\/v2\/types\/page"}],"author":[{"embeddable":true,"href":"https:\/\/biblian.is\/biblian\/wp-json\/wp\/v2\/users\/1"}],"replies":[{"embeddable":true,"href":"https:\/\/biblian.is\/biblian\/wp-json\/wp\/v2\/comments?post=1824"}],"version-history":[{"count":0,"href":"https:\/\/biblian.is\/biblian\/wp-json\/wp\/v2\/pages\/1824\/revisions"}],"wp:attachment":[{"href":"https:\/\/biblian.is\/biblian\/wp-json\/wp\/v2\/media?parent=1824"}],"curies":[{"name":"wp","href":"https:\/\/api.w.org\/{rel}","templated":true}]}}