{"id":1823,"date":"2017-12-30T21:00:35","date_gmt":"2017-12-30T21:00:35","guid":{"rendered":"http:\/\/biblian.is\/biblian\/j%c2%97s%c2%9cab%c2%97k-19-kafli\/"},"modified":"2024-06-27T02:39:12","modified_gmt":"2024-06-27T02:39:12","slug":"josuabok-19-kafli","status":"publish","type":"page","link":"https:\/\/biblian.is\/biblian\/josuabok-19-kafli\/","title":{"rendered":"J\u00f3s\u00faab\u00f3k 19. kafli"},"content":{"rendered":"<h3 class=\"millifyrirsogn_2007\"> Land S\u00edmeons<\/h3>\n<p><a name=\"1\"><span class=\"versanumer_2007\">1<\/span><\/a> Annar hluturinn sem upp kom var hlutur ni\u00f0ja S\u00edmeons, hverrar \u00e6ttar fyrir sig. Erf\u00f0aland hans var mitt \u00ed erf\u00f0alandi ni\u00f0ja J\u00fada.<br \/> <a name=\"2\"><span class=\"versanumer_2007\">2<\/span><\/a> \u00deeir hlutu a\u00f0 erf\u00f0alandi Beerseba, Seba, M\u00f3lada, <a name=\"3\"><span class=\"versanumer_2007\">3<\/span><\/a> Hasar S\u00faal, Baala, Esem, <a name=\"4\"><span class=\"versanumer_2007\">4<\/span><\/a> Elt\u00f3la\u00f0, Bet\u00fal, Horma, <a name=\"5\"><span class=\"versanumer_2007\">5<\/span><\/a> Siklag, Bet Markab\u00f3t, Hasar S\u00fasa, <a name=\"6\"><span class=\"versanumer_2007\">6<\/span><\/a> Bet Leba\u00f3t og Sar\u00fahen, alls \u00ferett\u00e1n borgir og \u00feorpin sem heyr\u00f0u \u00feeim til.<br \/> <a name=\"7\"><span class=\"versanumer_2007\">7<\/span><\/a> Enn fremur A\u00edn, Rimmon, Eter og Asan, fj\u00f3rar borgir og \u00feorpin sem heyr\u00f0u \u00feeim til. <a name=\"8\"><span class=\"versanumer_2007\">8<\/span><\/a> Enn fremur \u00f6ll \u00feorpin umhverfis \u00feessar borgir allt til Baalat Beer og Rama \u00ed Su\u00f0urlandinu.<br \/>\u00deetta var erf\u00f0aland \u00e6ttb\u00e1lks S\u00edmeonsni\u00f0ja, hverrar \u00e6ttar fyrir sig.<br \/> <a name=\"9\"><span class=\"versanumer_2007\">9<\/span><\/a> Erf\u00f0aland ni\u00f0ja S\u00edmeons var hluti af landsv\u00e6\u00f0i J\u00fadamanna \u00fev\u00ed a\u00f0 land J\u00fadamanna var of st\u00f3rt fyrir \u00fe\u00e1. \u00deess vegna hlutu ni\u00f0jar S\u00edmeons erf\u00f0ahlut mitt \u00ed erf\u00f0alandi J\u00fadamanna.<\/p>\n<h3 class=\"millifyrirsogn_2007\">Land Seb\u00falons<\/h3>\n<p><a name=\"10\"><span class=\"versanumer_2007\">10<\/span><\/a> \u00deri\u00f0ji hluturinn sem upp kom var hlutur ni\u00f0ja Seb\u00falons, hverrar \u00e6ttar fyrir sig, og n\u00e1\u00f0i erf\u00f0ahlutur \u00feeirra allt til Sar\u00edd.<br \/> <a name=\"11\"><span class=\"versanumer_2007\">11<\/span><\/a> Landam\u00e6ri \u00feeirra l\u00e1gu \u00ed vestur, upp til Marala, \u00fea\u00f0an r\u00e9tt vi\u00f0 Dabbeset og alveg a\u00f0 l\u00e6kjargilinu gegnt Jokneam. <a name=\"12\"><span class=\"versanumer_2007\">12<\/span><\/a> Fr\u00e1 Sar\u00edd l\u00e1gu \u00feau \u00ed sveig \u00ed austur \u00ed \u00e1tt a\u00f0 Kisl\u00f3t Tabor, \u00fea\u00f0an beint til Daberat og upp til Jaf\u00eda. <a name=\"13\"><span class=\"versanumer_2007\">13<\/span><\/a> \u00dea\u00f0an l\u00e1gu \u00feau enn \u00ed austur\u00e1tt til Gat Hefer, Et Kas\u00edn, \u00e1fram til Rimmon og sveig\u00f0u s\u00ed\u00f0an til Nea. <a name=\"14\"><span class=\"versanumer_2007\">14<\/span><\/a> \u00dea\u00f0an beyg\u00f0u \u00feau til nor\u00f0urs \u00ed \u00e1tt a\u00f0 Hannat\u00f3n og endu\u00f0u \u00ed Jifta-El-dalnum. <a name=\"15\"><span class=\"versanumer_2007\">15<\/span><\/a> A\u00f0 auki fengu \u00feeir Katat, Nahalal, Simron, Jidala og Betlehem, alls t\u00f3lf borgir og \u00feorpin sem heyr\u00f0u \u00feeim til.<br \/> <a name=\"16\"><span class=\"versanumer_2007\">16<\/span><\/a> \u00deetta var erf\u00f0aland Seb\u00falonsni\u00f0ja, hverrar \u00e6ttar fyrir sig, borgirnar og \u00feorpin sem heyr\u00f0u \u00feeim til.<\/p>\n<h3 class=\"millifyrirsogn_2007\">Land \u00cdssakars<\/h3>\n<p><a name=\"17\"><span class=\"versanumer_2007\">17<\/span><\/a> Fj\u00f3r\u00f0i hluturinn sem upp kom var hlutur ni\u00f0ja \u00cdssakars, hverrar \u00e6ttar fyrir sig.<br \/> <a name=\"18\"><span class=\"versanumer_2007\">18<\/span><\/a> Landsv\u00e6\u00f0i \u00feeirra n\u00e1\u00f0i a\u00f0 Jesreel og yfir Kes\u00fall\u00f3t, S\u00fanem, <a name=\"19\"><span class=\"versanumer_2007\">19<\/span><\/a> Hafara\u00edm, S\u00edon, Anaharat, <a name=\"20\"><span class=\"versanumer_2007\">20<\/span><\/a> Rabb\u00edt, Kisjon, Ebes, <a name=\"21\"><span class=\"versanumer_2007\">21<\/span><\/a> Remet, En Gann\u00edm, En Hadda og Bet Passes. <a name=\"22\"><span class=\"versanumer_2007\">22<\/span><\/a> Landam\u00e6rin l\u00e1gu r\u00e9tt vi\u00f0 Tabor, Sahas\u00edma og Bet Semes og alla lei\u00f0 a\u00f0 J\u00f3rdan, alls sext\u00e1n borgir og \u00feorpin sem heyr\u00f0u \u00feeim til.<br \/> <a name=\"23\"><span class=\"versanumer_2007\">23<\/span><\/a> \u00deessar borgir og \u00feorpin sem heyr\u00f0u \u00feeim til voru erf\u00f0ahlutur \u00e6ttb\u00e1lks ni\u00f0ja \u00cdssakars, hverrar \u00e6ttar fyrir sig.<\/p>\n<h3 class=\"millifyrirsogn_2007\">Land Assers<\/h3>\n<p><a name=\"24\"><span class=\"versanumer_2007\">24<\/span><\/a> Fimmti hluturinn sem upp kom var hlutur \u00e6ttb\u00e1lks Assersni\u00f0ja, hverrar \u00e6ttar fyrir sig.<br \/> <a name=\"25\"><span class=\"versanumer_2007\">25<\/span><\/a> Land \u00feeirra n\u00e1\u00f0i yfir Helkat, Hal\u00ed, Beten, Aksaf, <a name=\"26\"><span class=\"versanumer_2007\">26<\/span><\/a> Allammelek, Amead og M\u00edseal. A\u00f0 vestanver\u00f0u l\u00e1gu landam\u00e6rin a\u00f0 Karmel og S\u00edh\u00f3r Libnat. <a name=\"27\"><span class=\"versanumer_2007\">27<\/span><\/a> \u00dea\u00f0an sneru \u00feau til austurs \u00ed \u00e1tt a\u00f0 Bet Dag\u00f3n og n\u00e1\u00f0u til Seb\u00falons og Jifta-El-dalsins \u00ed nor\u00f0ri, Bet Emek og Neg\u00edel. \u00dea\u00f0an l\u00e1gu \u00feau nor\u00f0ur til Kab\u00fal, <a name=\"28\"><span class=\"versanumer_2007\">28<\/span><\/a> Abdon, Reh\u00f3b, Hammon og Kana og allt til S\u00eddonar hinnar miklu. <a name=\"29\"><span class=\"versanumer_2007\">29<\/span><\/a> \u00dev\u00ed n\u00e6st beyg\u00f0u landam\u00e6rin aftur til Rama og hinnar v\u00edggirtu borgar T\u00fdrusar og \u00fea\u00f0an til H\u00f3sa og n\u00e1\u00f0u alla lei\u00f0 til sj\u00e1var. Auk \u00feess Aks\u00edb, <a name=\"30\"><span class=\"versanumer_2007\">30<\/span><\/a> Umma, Afek, Reh\u00f3b, alls tuttugu og tv\u00e6r borgir og \u00feorpin sem heyr\u00f0u \u00feeim til.<br \/> <a name=\"31\"><span class=\"versanumer_2007\">31<\/span><\/a> \u00deessar borgir og \u00feorpin sem heyr\u00f0u \u00feeim til voru erf\u00f0aland \u00e6ttb\u00e1lka Assersni\u00f0ja hverrar \u00e6ttar fyrir sig.<\/p>\n<h3 class=\"millifyrirsogn_2007\">Land Naftal\u00ed<\/h3>\n<p><a name=\"32\"><span class=\"versanumer_2007\">32<\/span><\/a> Sj\u00f6tti hluturinn sem upp kom var hlutur \u00e6ttb\u00e1lks ni\u00f0ja Naftal\u00ed, hverrar \u00e6ttar fyrir sig.<br \/> <a name=\"33\"><span class=\"versanumer_2007\">33<\/span><\/a> Landam\u00e6ri \u00feeirra l\u00e1gu fr\u00e1 Helef, fr\u00e1 eikinni vi\u00f0 Saanann\u00edm, Adam\u00ed Nekeb og Jabneel og \u00fev\u00ed n\u00e6st til Lakk\u00fam og loks a\u00f0 J\u00f3rdan. <a name=\"34\"><span class=\"versanumer_2007\">34<\/span><\/a> \u00dea\u00f0an beyg\u00f0u landam\u00e6rin til vesturs til Asn\u00f3t Tabor og s\u00ed\u00f0an til H\u00fakk\u00f3k og n\u00e1\u00f0u til Seb\u00falons \u00ed su\u00f0ri, Assers \u00ed vestri og J\u00fada og J\u00f3rdanar \u00ed austri.<br \/> <a name=\"35\"><span class=\"versanumer_2007\">35<\/span><\/a> V\u00edggirtu borgirnar voru Sidd\u00edm, Ser, Hammat, Rakkat, Kinneret, <a name=\"36\"><span class=\"versanumer_2007\">36<\/span><\/a> Adama, Rama, Has\u00f3r, <a name=\"37\"><span class=\"versanumer_2007\">37<\/span><\/a> Kedes, Edre\u00ed, En Has\u00f3r, <a name=\"38\"><span class=\"versanumer_2007\">38<\/span><\/a> Jir\u00f3n, Migdal El, Horem, Bet Anat og Bet Semes, alls n\u00edtj\u00e1n borgir og \u00feorpin sem heyr\u00f0u \u00feeim til. <a name=\"39\"><span class=\"versanumer_2007\">39<\/span><\/a> \u00deessar borgir og \u00feorpin sem \u00feeim heyr\u00f0u til voru erf\u00f0ahlutur \u00e6tta Naftal\u00edni\u00f0ja, hverrar \u00e6ttar um sig.<\/p>\n<h3 class=\"millifyrirsogn_2007\">Land Dans<\/h3>\n<p><a name=\"40\"><span class=\"versanumer_2007\">40<\/span><\/a> Sj\u00f6undi hluturinn sem upp kom var hlutur \u00e6ttb\u00e1lks ni\u00f0ja Dans, hverrar \u00e6ttar fyrir sig. <a name=\"41\"><span class=\"versanumer_2007\">41<\/span><\/a> Landi\u00f0 sem var erf\u00f0ahlutur \u00feeirra var Sorea, Esta\u00f3l, \u00cdr-Semes, <a name=\"42\"><span class=\"versanumer_2007\">42<\/span><\/a> Saalabb\u00edn, Ajalon, Jitla, <a name=\"43\"><span class=\"versanumer_2007\">43<\/span><\/a> El\u00f3n, Timnat, Ekron, <a name=\"44\"><span class=\"versanumer_2007\">44<\/span><\/a> Elteke, Gibbet\u00f3n, Baalat, <a name=\"45\"><span class=\"versanumer_2007\">45<\/span><\/a> Jeh\u00fad, Bene Berak, Gat Rimmon, <a name=\"46\"><span class=\"versanumer_2007\">46<\/span><\/a> og \u00ed vestri Me-Jark\u00f3n og Rakkon \u00e1samt landinu gegnt Jaf\u00f3.<br \/> <a name=\"47\"><span class=\"versanumer_2007\">47<\/span><\/a> En of \u00fer\u00f6ngt reyndist um ni\u00f0ja Dans \u00e1 landsv\u00e6\u00f0i \u00feeirra. \u00de\u00e1 h\u00e9ldu \u00feeir upp eftir, r\u00e9\u00f0ust \u00e1 Lesem, unnu borgina, hjuggu \u00edb\u00faana me\u00f0 sver\u00f0i og sl\u00f3gu eign sinni \u00e1 borgina. \u00deeir settust \u00fear a\u00f0 og nefndu Lesem Dan eftir \u00e6ttf\u00f6\u00f0ur s\u00ednum.<br \/> <a name=\"48\"><span class=\"versanumer_2007\">48<\/span><\/a> \u00deessar borgir og \u00feorpin sem heyr\u00f0u \u00feeim til voru erf\u00f0ahlutur \u00e6tta ni\u00f0ja Dans, hverrar \u00e6ttar um sig.<\/p>\n<h3 class=\"millifyrirsogn_2007\">Eftirm\u00e1li<\/h3>\n<p><a name=\"49\"><span class=\"versanumer_2007\">49<\/span><\/a> \u00deannig luku \u00cdsraelsmenn vi\u00f0 a\u00f0 skipta landinu \u00ed sv\u00e6\u00f0i. \u00cdsraelsmenn fengu J\u00f3s\u00faa N\u00fanssyni einnig erf\u00f0ahlut. <a name=\"50\"><span class=\"versanumer_2007\">50<\/span><\/a> A\u00f0 bo\u00f0i Drottins fengu \u00feeir honum borgina sem hann ba\u00f0 um, Timnat Sera \u00ed Efra\u00edmsfj\u00f6llum. Hann endurreisti borgina og settist \u00fear a\u00f0.<br \/> <a name=\"51\"><span class=\"versanumer_2007\">51<\/span><\/a> \u00deetta voru erf\u00f0ahlutirnir sem Eleasar prestur, J\u00f3s\u00faa N\u00fansson og \u00e6ttarh\u00f6f\u00f0ingjar \u00cdsraels fengu \u00e6ttb\u00e1lkum ni\u00f0ja \u00cdsraels me\u00f0 hlutkesti frammi fyrir augliti Drottins \u00ed S\u00edl\u00f3 vi\u00f0 innganginn \u00ed opinberunartjaldi\u00f0. \u00dear me\u00f0 luku \u00feeir vi\u00f0 a\u00f0 skipta landinu.<\/p>\n","protected":false},"excerpt":{"rendered":"<p>Land S\u00edmeons 1 Annar hluturinn sem upp kom var hlutur ni\u00f0ja S\u00edmeons, hverrar \u00e6ttar fyrir sig. Erf\u00f0aland hans var mitt \u00ed erf\u00f0alandi ni\u00f0ja J\u00fada. 2 \u00deeir hlutu a\u00f0 erf\u00f0alandi Beerseba, Seba, M\u00f3lada, 3 Hasar S\u00faal, Baala, Esem, 4 Elt\u00f3la\u00f0, Bet\u00fal, Horma, 5 Siklag, Bet Markab\u00f3t, Hasar S\u00fasa, 6 Bet Leba\u00f3t og Sar\u00fahen, alls \u00ferett\u00e1n borgir og \u00feorpin sem heyr\u00f0u \u00feeim til. 7 Enn fremur A\u00edn, Rimmon, Eter og Asan, fj\u00f3rar borgir og \u00feorpin sem heyr\u00f0u \u00feeim til. 8 Enn fremur \u00f6ll \u00feorpin umhverfis \u00feessar borgir allt til Baalat Beer og Rama \u00ed Su\u00f0urlandinu.\u00deetta var erf\u00f0aland \u00e6ttb\u00e1lks S\u00edmeonsni\u00f0ja, hverrar \u00e6ttar fyrir <a href=\"https:\/\/biblian.is\/biblian\/josuabok-19-kafli\/\"> [&#8230;]<\/a><\/p>\n","protected":false},"author":1,"featured_media":0,"parent":0,"menu_order":0,"comment_status":"open","ping_status":"open","template":"bibliukaflar_NT.php","meta":{"footnotes":""},"class_list":["post-1823","page","type-page","status-publish","hentry"],"_links":{"self":[{"href":"https:\/\/biblian.is\/biblian\/wp-json\/wp\/v2\/pages\/1823","targetHints":{"allow":["GET"]}}],"collection":[{"href":"https:\/\/biblian.is\/biblian\/wp-json\/wp\/v2\/pages"}],"about":[{"href":"https:\/\/biblian.is\/biblian\/wp-json\/wp\/v2\/types\/page"}],"author":[{"embeddable":true,"href":"https:\/\/biblian.is\/biblian\/wp-json\/wp\/v2\/users\/1"}],"replies":[{"embeddable":true,"href":"https:\/\/biblian.is\/biblian\/wp-json\/wp\/v2\/comments?post=1823"}],"version-history":[{"count":0,"href":"https:\/\/biblian.is\/biblian\/wp-json\/wp\/v2\/pages\/1823\/revisions"}],"wp:attachment":[{"href":"https:\/\/biblian.is\/biblian\/wp-json\/wp\/v2\/media?parent=1823"}],"curies":[{"name":"wp","href":"https:\/\/api.w.org\/{rel}","templated":true}]}}